{"id":4176,"date":"2016-09-22T22:24:23","date_gmt":"2016-09-22T22:24:23","guid":{"rendered":"https:\/\/www.briskmanandbriskman.com\/?page_id=4176"},"modified":"2026-03-10T21:34:38","modified_gmt":"2026-03-10T21:34:38","slug":"abogados-de-lesiones-de-chicago-cerca-del-hospital-adventista-bolingbrook","status":"publish","type":"page","link":"https:\/\/www.briskmanandbriskman.com\/es\/hospitals\/chicago-injury-lawyers-near-adventist-bolingbrook-hospital\/","title":{"rendered":"Chicago Abogados de Lesiones Cerca de Adventist Bolingbrook Hospital"},"content":{"rendered":"<p><strong>Le visitaremos en el hospital si no puede venir a vernos.<\/strong><\/p>\n\n\n\n<p>\u00bfUsted o un ser querido est\u00e1 recibiendo tratamiento m\u00e9dico en el Adventist Bolingbrook Hospital? Es posible que usted o un ser querido hayan sufrido lesiones en un accidente automovil\u00edstico o en un accidente por resbal\u00f3n y ca\u00edda. O su hijo puede haber sufrido una lesi\u00f3n en el parto. Tal vez se lesion\u00f3 durante una cirug\u00eda o procedimiento debido a la negligencia de un m\u00e9dico u otro profesional de la salud.<\/p>\n\n\n\n<p>Antes de hablar con un representante de la compa\u00f1\u00eda de seguros, llame al Briskman Briskman &amp; Greenberg. Recibir\u00e1 una consulta gratuita y no tendr\u00e1 que realizar ning\u00fan pago a menos que tenga \u00e9xito en su demanda.<\/p>\n\n\n\n<p><strong>Ubicaci\u00f3n<\/strong><br>Adventist Bolingbrook Hospital is located at 500 Remington Blvd., Bolingbrook, IL 60440, which is 30.79 miles from our office at 205 W Randolph St. Suite 925, Chicago,\u00a0IL\u00a060606.<\/p>\n\n\n\n<p><strong>El historial de seguridad del Adventist Bolingbrook Hospital en lo que respecta a la calidad cl\u00ednica:<\/strong><br><em>Registros proporcionados por Healthgrades.com<\/em><\/p>\n\n\n\n<p><strong>Apendicectom\u00eda - Calificaci\u00f3n de 5 estrellas, lo que significa mejor de lo esperado.<\/strong>&nbsp;El porcentaje real de complicaciones es de 3,05%, inferior a la tasa prevista de 7,51%. Estos porcentajes se basan en 131 casos.<\/p>\n\n\n\n<p>Media nacional:&nbsp;<strong>Calificaci\u00f3n de 3 estrellas, es decir, como se esperaba.<\/strong>&nbsp;El porcentaje real de complicaciones es de 7,85%, superior al porcentaje previsto de 7,78%. Estos porcentajes se basan en 203 casos.<\/p>\n\n\n\n<p><strong>Cirug\u00edas colorrectales - Calificaci\u00f3n de 3 estrellas.<\/strong>&nbsp;La tasa real de mortalidad intrahospitalaria es de 6,25%, superior a la tasa prevista de 4,05%.<\/p>\n\n\n\n<p>La tasa de mortalidad a los 30 d\u00edas tambi\u00e9n tiene una calificaci\u00f3n de 3 estrellas. La tasa de mortalidad real a los 30 d\u00edas es de 6,25%, inferior a la tasa prevista de 6,43%. Estos porcentajes se basan en 48 casos.<\/p>\n\n\n\n<p><strong>Cirug\u00eda de extirpaci\u00f3n de la ves\u00edcula biliar - Puntuaci\u00f3n de 3 estrellas.<\/strong>&nbsp;El porcentaje real de complicaciones es de 26,87%, inferior al previsto de 21,30%. Estos porcentajes se basan en 67 casos.<\/p>\n\n\n\n<p>Media nacional: Calificaci\u00f3n de 3 estrellas. El porcentaje real de complicaciones es de 21,56%, que es superior a la tasa prevista de 21,45%. Estos porcentajes se basan en 119 casos.<\/p>\n\n\n\n<p><strong>Insuficiencia card\u00edaca - calificaci\u00f3n de 3 estrellas. La tasa real de mortalidad intrahospitalaria es de 1,02%, inferior a la tasa prevista de 2,12%.<\/strong><\/p>\n\n\n\n<p>La tasa de mortalidad en 30 d\u00edas tambi\u00e9n tiene una calificaci\u00f3n de 3 estrellas. La tasa de mortalidad real a los 30 d\u00edas es de 5,44%, inferior a la tasa prevista de 7,12%. Estos porcentajes se basan en 294 casos.<\/p>\n\n\n\n<p><strong>Pneumonia \u2014 3-star rating.&nbsp;The actual mortality rate in-hospital is 2.75%, which is less than the predicted rate of 4.09%.<\/strong><\/p>\n\n\n\n<p>La tasa de mortalidad a los 30 d\u00edas tambi\u00e9n tiene una calificaci\u00f3n de 3 estrellas. La tasa de mortalidad real a los 30 d\u00edas es de 5,96%, inferior a la tasa prevista de 8,34%. Estos porcentajes se basan en 218 casos.<\/p>\n\n\n\n<p><strong>Insuficiencia respiratoria: calificaci\u00f3n de 1 estrella, lo que significa que es peor de lo esperado.<\/strong>&nbsp;La tasa real de mortalidad intrahospitalaria es de 21,79%, superior a la tasa prevista de 16,52%.<\/p>\n\n\n\n<p>La tasa de mortalidad real a los 30 d\u00edas es de 29,79%, superior a la tasa prevista de 22,02%. Estos porcentajes se basan en 78 casos.<\/p>\n\n\n\n<p><strong>Stroke \u2014 3-star rating.&nbsp;The actual mortality rate in-hospital is 4.21%, which is greater than the predicted rate of 4.18%.<\/strong><\/p>\n\n\n\n<p>La tasa de mortalidad a los 30 d\u00edas tambi\u00e9n tiene una calificaci\u00f3n de 3 estrellas. La tasa real de mortalidad intrahospitalaria es de 6,32%, inferior a la tasa prevista de 9,12%. Estos porcentajes se basan en 95 casos.<\/p>\n\n\n\n<h3 class=\"wp-block-heading\">Otros hospitales de la zona Chicago<\/h3>\n\n\n<ul class=\"list-pages-shortcode sibling-pages\"><li class=\"page_item page-item-3742\"><a href=\"https:\/\/www.briskmanandbriskman.com\/es\/hospitals\/chicago-injury-attorneys-near-northwestern-memorial-hospital\/\">Chicago Abogados de lesiones cerca de Northwestern Memorial Hospital<\/a><\/li>\n<li class=\"page_item page-item-4176\"><a href=\"https:\/\/www.briskmanandbriskman.com\/es\/hospitals\/chicago-injury-lawyers-near-adventist-bolingbrook-hospital\/\">Chicago Abogados de Lesiones Cerca de Adventist Bolingbrook Hospital<\/a><\/li>\n<li class=\"page_item page-item-4271\"><a href=\"https:\/\/www.briskmanandbriskman.com\/es\/hospitals\/chicago-injury-lawyers-near-advocate-illinois-masonic-medical-center\/\">Chicago Abogados de lesiones cerca de Advocate Illinois Masonic Medical Center<\/a><\/li>\n<li class=\"page_item page-item-4260\"><a href=\"https:\/\/www.briskmanandbriskman.com\/es\/hospitals\/chicago-injury-lawyers-near-advocate-lutheran-general-hospital\/\">Chicago Abogados de Lesiones cerca de Advocate Lutheran General Hospital<\/a><\/li>\n<li class=\"page_item page-item-4270\"><a href=\"https:\/\/www.briskmanandbriskman.com\/es\/hospitals\/chicago-injury-lawyers-near-advocate-trinity-hospital\/\">Chicago Abogados de lesiones cerca de Advocate Trinity Hospital<\/a><\/li>\n<li class=\"page_item page-item-4184\"><a href=\"https:\/\/www.briskmanandbriskman.com\/es\/hospitals\/chicago-injury-lawyers-near-holy-cross-hospital\/\">Chicago Abogados de lesiones cerca del Hospital de la Santa Cruz<\/a><\/li>\n<li class=\"page_item page-item-4188\"><a href=\"https:\/\/www.briskmanandbriskman.com\/es\/hospitals\/chicago-injury-lawyers-near-jackson-park-hospital\/\">Chicago Abogados de lesiones cerca del Hospital Jackson Park<\/a><\/li>\n<li class=\"page_item page-item-4255\"><a href=\"https:\/\/www.briskmanandbriskman.com\/es\/hospitals\/chicago-injury-lawyers-near-john-h-stroger-jr-hospital\/\">Chicago Abogados de lesiones cerca de John H. Stroger, Jr. Hospital<\/a><\/li>\n<li class=\"page_item page-item-4267\"><a href=\"https:\/\/www.briskmanandbriskman.com\/es\/hospitals\/chicago-injury-lawyers-near-presence-sts-mary-and-elizabeth-medical-center-saint-elizabeth-campus\/\">Chicago Abogados de lesiones cerca de Presence Sts. Mary and Elizabeth Medical Center, Saint Elizabeth Campus<\/a><\/li>\n<li class=\"page_item page-item-3736\"><a href=\"https:\/\/www.briskmanandbriskman.com\/es\/hospitals\/chicago-injury-lawyers-near-rush-university-medical-center\/\">Chicago Abogados de lesiones cerca de Rush University Medical Center<\/a><\/li>\n<li class=\"page_item page-item-3732\"><a href=\"https:\/\/www.briskmanandbriskman.com\/es\/hospitals\/chicago-injury-lawyers-near-the-university-of-chicago-medical-center\/\">Chicago Abogados de lesiones cerca del Centro M\u00e9dico de la Universidad de Chicago<\/a><\/li>\n<\/ul>","protected":false},"excerpt":{"rendered":"<p>Le visitaremos en el hospital si no puede venir a vernos. \u00bfEst\u00e1 usted o un ser querido recibiendo tratamiento m\u00e9dico en el Adventist Bolingbrook Hospital? Es posible que usted o un ser querido se haya lesionado en un accidente automovil\u00edstico o haya sufrido lesiones en un accidente por resbal\u00f3n y ca\u00edda. O su...<\/p>","protected":false},"author":1,"featured_media":10906,"parent":4168,"menu_order":0,"comment_status":"closed","ping_status":"closed","template":"","meta":{"_acf_changed":false,"footnotes":""},"class_list":["post-4176","page","type-page","status-publish","has-post-thumbnail","hentry"],"acf":[],"_links":{"self":[{"href":"https:\/\/www.briskmanandbriskman.com\/es\/wp-json\/wp\/v2\/pages\/4176","targetHints":{"allow":["GET"]}}],"collection":[{"href":"https:\/\/www.briskmanandbriskman.com\/es\/wp-json\/wp\/v2\/pages"}],"about":[{"href":"https:\/\/www.briskmanandbriskman.com\/es\/wp-json\/wp\/v2\/types\/page"}],"author":[{"embeddable":true,"href":"https:\/\/www.briskmanandbriskman.com\/es\/wp-json\/wp\/v2\/users\/1"}],"replies":[{"embeddable":true,"href":"https:\/\/www.briskmanandbriskman.com\/es\/wp-json\/wp\/v2\/comments?post=4176"}],"version-history":[{"count":5,"href":"https:\/\/www.briskmanandbriskman.com\/es\/wp-json\/wp\/v2\/pages\/4176\/revisions"}],"predecessor-version":[{"id":14094,"href":"https:\/\/www.briskmanandbriskman.com\/es\/wp-json\/wp\/v2\/pages\/4176\/revisions\/14094"}],"up":[{"embeddable":true,"href":"https:\/\/www.briskmanandbriskman.com\/es\/wp-json\/wp\/v2\/pages\/4168"}],"wp:featuredmedia":[{"embeddable":true,"href":"https:\/\/www.briskmanandbriskman.com\/es\/wp-json\/wp\/v2\/media\/10906"}],"wp:attachment":[{"href":"https:\/\/www.briskmanandbriskman.com\/es\/wp-json\/wp\/v2\/media?parent=4176"}],"curies":[{"name":"wp","href":"https:\/\/api.w.org\/{rel}","templated":true}]}}