{"id":4098,"date":"2016-05-19T20:59:19","date_gmt":"2016-05-19T20:59:19","guid":{"rendered":"https:\/\/www.briskmanandbriskman.com\/?page_id=4098"},"modified":"2024-03-19T06:16:51","modified_gmt":"2024-03-19T06:16:51","slug":"la-sorprendente-verdad-sobre-los-accidentes-de-construccion-en-illinois","status":"publish","type":"page","link":"https:\/\/www.briskmanandbriskman.com\/es\/information-centers\/workers-compensation-center\/the-surprising-truth-about-illinois-construction-accidents\/","title":{"rendered":"La sorprendente verdad sobre los accidentes de la construcci\u00f3n Illinois"},"content":{"rendered":"<p><a href=\"https:\/\/www.briskmanandbriskman.com\/es\/centros-de-informacion\/centro-de-compensacion-de-trabajadores\/\">Volver a la p\u00e1gina principal del Centro de Indemnizaci\u00f3n por Accidentes Laborales<\/a><\/p>\n\n\n\n<p>La mayor\u00eda de la gente es consciente de que el trabajo en la construcci\u00f3n conlleva peligros inherentes, ya que los trabajadores suelen realizar sus tareas a alturas traicioneras y cerca de maquinaria pesada y l\u00edneas el\u00e9ctricas. Sin embargo, lo que mucha gente no sabe es que muchos de los accidentes de la construcci\u00f3n se deben a que los empresarios no cumplen las normas de seguridad en el lugar de trabajo. Mientras que algunos pueden asumir que simplemente tenemos que aceptar una alta tasa de accidentes en la construcci\u00f3n, de hecho la mayor\u00eda de los accidentes en la construcci\u00f3n ocurren en el lugar de trabajo. <a href=\"https:\/\/www.briskmanandbriskman.com\/es\/areas-de-practica\/accidentes-en-la-construccion\/\">lesiones en obras de construcci\u00f3n<\/a> y las muertes son evitables.<\/p>\n\n\n\n<p>En\u00a0<a href=\"https:\/\/www.briskmanandbriskman.com\/es\/estudio-sobre-la-indemnizacion-de-los-trabajadores\/\">En Illinois se producen 100.000 accidentes laborales<\/a>\u00a0cada a\u00f1o. Seg\u00fan la Oficina de Estad\u00edsticas Laborales de EE.UU., Illinois registr\u00f3 112.500 lesiones y enfermedades no mortales en el sector privado en 2022. De ellas, 73.500 causaron bajas laborales o requirieron un traslado o restricci\u00f3n de puesto de trabajo. Estos casos de lesiones graves se denominan casos DART. El 70% de los incidentes notificados en Illinois son casos DART, ligeramente por encima de la media nacional del 67%.<\/p>\n\n\n\n<p>Los sectores de la construcci\u00f3n y el transporte suelen registrar el mayor n\u00famero de accidentes laborales con resultado de muerte. En 2022, el 37,7% de las muertes en el lugar de trabajo se debieron a incidentes relacionados con el transporte. Otras causas principales fueron los accidentes por resbalones y ca\u00eddas, los golpes con objetos o equipos y la exposici\u00f3n a sustancias qu\u00edmicas t\u00f3xicas.<\/p>\n\n\n\n<p>La elevada tasa de lesiones y muertes en el sector de la construcci\u00f3n se debe en parte a que los empresarios no cumplen las normas de seguridad. Por ejemplo, en 2015, la Administraci\u00f3n de Seguridad y Salud en el Trabajo (OSHA) del Departamento de Trabajo de Estados Unidos impuso multas de casi $2 millones a dos empresas de construcci\u00f3n y a un gerente por exponer deliberadamente a los trabajadores al amianto. A los trabajadores, contratados para retirar baldosas, aislantes y otros materiales que conten\u00edan amianto de una escuela en renovaci\u00f3n, no se les inform\u00f3 de que estaban expuestos al amianto ni se les proporcion\u00f3 el equipo de protecci\u00f3n adecuado. Adem\u00e1s, seg\u00fan la OSHA, se dijo a los trabajadores que ser\u00edan despedidos si hablaban con los investigadores.<\/p>\n\n\n\n<p>El trabajo en la construcci\u00f3n tiene peligros inherentes, pero \u00e9sa es una raz\u00f3n m\u00e1s para que los empresarios deban cumplir normas de seguridad estrictas. Los trabajadores que se lesionan o enferman en el trabajo merecen una indemnizaci\u00f3n. Los trabajadores que hayan sufrido una lesi\u00f3n laboral deben consultar a un abogado. <a href=\"https:\/\/www.briskmanandbriskman.com\/es\/areas-de-practica\/indemnizacion-por-accidente-laboral\/\">Illinois abogado laboralista<\/a> para conocer mejor sus derechos.<\/p>\n\n\n\n<h3 class=\"wp-block-heading\">Otra informaci\u00f3n sobre indemnizaci\u00f3n por accidentes laborales<\/h3>\n\n\n<ul class=\"list-pages-shortcode sibling-pages\"><li class=\"page_item page-item-1349\"><a href=\"https:\/\/www.briskmanandbriskman.com\/es\/information-centers\/workers-compensation-center\/can-i-pursue-a-workers-compensation-claim-against-my-employer\/\">\u00bfPuedo reclamar una indemnizaci\u00f3n a mi empresa?<\/a><\/li>\n<li class=\"page_item page-item-2338\"><a href=\"https:\/\/www.briskmanandbriskman.com\/es\/information-centers\/workers-compensation-center\/distracted-driving-must-be-considered-a-workplace-concern\/\">La conducci\u00f3n distra\u00edda debe considerarse un problema laboral<\/a><\/li>\n<li class=\"page_item page-item-2695\"><a href=\"https:\/\/www.briskmanandbriskman.com\/es\/information-centers\/workers-compensation-center\/six-things-you-should-know-about-workers-compensation-in-illinois\/\">Seis cosas que debe saber sobre la indemnizaci\u00f3n de los trabajadores en Illinois<\/a><\/li>\n<li class=\"page_item page-item-4098\"><a href=\"https:\/\/www.briskmanandbriskman.com\/es\/information-centers\/workers-compensation-center\/the-surprising-truth-about-illinois-construction-accidents\/\">La sorprendente verdad sobre los accidentes de la construcci\u00f3n Illinois<\/a><\/li>\n<li class=\"page_item page-item-1358\"><a href=\"https:\/\/www.briskmanandbriskman.com\/es\/information-centers\/workers-compensation-center\/first-steps\/\">\u00bfCu\u00e1les son los primeros pasos importantes tras una lesi\u00f3n o enfermedad laboral?<\/a><\/li>\n<li class=\"page_item page-item-1354\"><a href=\"https:\/\/www.briskmanandbriskman.com\/es\/information-centers\/workers-compensation-center\/what-types-of-injuries-are-covered-by-workers-compensation\/\">\u00bfQu\u00e9 tipos de lesiones cubre la indemnizaci\u00f3n por accidente laboral?<\/a><\/li>\n<li class=\"page_item page-item-1362\"><a href=\"https:\/\/www.briskmanandbriskman.com\/es\/information-centers\/workers-compensation-center\/what-workers-compensation-benefits-can-i-receive\/\">\u00bfQu\u00e9 prestaciones de indemnizaci\u00f3n por accidente de trabajo puedo recibir?<\/a><\/li>\n<\/ul>","protected":false},"excerpt":{"rendered":"<p>Volver al Centro de Compensaci\u00f3n de Trabajadores Principal La mayor\u00eda de la gente es consciente de que el trabajo de construcci\u00f3n tiene peligros inherentes, con los trabajadores a menudo realizan su trabajo en alturas traicioneras y alrededor de maquinaria pesada y l\u00edneas el\u00e9ctricas. Sin embargo, lo que muchas personas no se dan cuenta es que muchos accidentes de construcci\u00f3n Illinois son el resultado de los empleadores no...<\/p>","protected":false},"author":1,"featured_media":11110,"parent":929,"menu_order":0,"comment_status":"closed","ping_status":"closed","template":"","meta":{"_acf_changed":false,"footnotes":""},"class_list":["post-4098","page","type-page","status-publish","has-post-thumbnail","hentry"],"acf":[],"_links":{"self":[{"href":"https:\/\/www.briskmanandbriskman.com\/es\/wp-json\/wp\/v2\/pages\/4098","targetHints":{"allow":["GET"]}}],"collection":[{"href":"https:\/\/www.briskmanandbriskman.com\/es\/wp-json\/wp\/v2\/pages"}],"about":[{"href":"https:\/\/www.briskmanandbriskman.com\/es\/wp-json\/wp\/v2\/types\/page"}],"author":[{"embeddable":true,"href":"https:\/\/www.briskmanandbriskman.com\/es\/wp-json\/wp\/v2\/users\/1"}],"replies":[{"embeddable":true,"href":"https:\/\/www.briskmanandbriskman.com\/es\/wp-json\/wp\/v2\/comments?post=4098"}],"version-history":[{"count":2,"href":"https:\/\/www.briskmanandbriskman.com\/es\/wp-json\/wp\/v2\/pages\/4098\/revisions"}],"predecessor-version":[{"id":11973,"href":"https:\/\/www.briskmanandbriskman.com\/es\/wp-json\/wp\/v2\/pages\/4098\/revisions\/11973"}],"up":[{"embeddable":true,"href":"https:\/\/www.briskmanandbriskman.com\/es\/wp-json\/wp\/v2\/pages\/929"}],"wp:featuredmedia":[{"embeddable":true,"href":"https:\/\/www.briskmanandbriskman.com\/es\/wp-json\/wp\/v2\/media\/11110"}],"wp:attachment":[{"href":"https:\/\/www.briskmanandbriskman.com\/es\/wp-json\/wp\/v2\/media?parent=4098"}],"curies":[{"name":"wp","href":"https:\/\/api.w.org\/{rel}","templated":true}]}}