{"id":3742,"date":"2015-09-15T00:05:34","date_gmt":"2015-09-15T00:05:34","guid":{"rendered":"https:\/\/www.briskmanandbriskman.com\/?page_id=3742"},"modified":"2025-08-07T18:19:05","modified_gmt":"2025-08-07T18:19:05","slug":"abogados-de-lesiones-de-chicago-cerca-de-northwestern-memorial-hospital","status":"publish","type":"page","link":"https:\/\/www.briskmanandbriskman.com\/es\/hospitals\/chicago-injury-attorneys-near-northwestern-memorial-hospital\/","title":{"rendered":"Chicago Abogados de lesiones cerca de Northwestern Memorial Hospital"},"content":{"rendered":"<p><strong>Le visitaremos en el hospital si no puede venir a vernos.<\/strong><\/p>\n\n\n\n<p>\u00bfEst\u00e1 usted o alguien cercano a usted recibiendo tratamiento m\u00e9dico en el Northwestern Memorial Hospital? Es posible que haya sufrido un <a title=\"Abogados de da\u00f1os personales en Chicago\" href=\"https:\/\/www.briskmanandbriskman.com\/es\/\">da\u00f1os personales<\/a> en un <a title=\"Accidentes de tr\u00e1fico en Chicago\" href=\"https:\/\/www.briskmanandbriskman.com\/es\/areas-de-practica\/abogados-de-accidentes-de-camiones-en-chicago-2\/\">accidente de tr\u00e1fico<\/a>o puede haberse lesionado en un accidente por resbal\u00f3n y ca\u00edda. O puede haber sufrido una lesi\u00f3n debido a la negligencia de un m\u00e9dico u otro profesional sanitario.<\/p>\n\n\n\n<p>Antes de comunicarse con un representante de la compa\u00f1\u00eda de seguros, llame al Briskman Briskman &amp; Greenberg. Usted recibir\u00e1 una consulta gratuita, y no se requiere ning\u00fan pago a menos que usted gana su demanda.<\/p>\n\n\n\n<h3 class=\"wp-block-heading\">Ubicaci\u00f3n<\/h3>\n\n\n\n<p>Northwestern Memorial Hospital est\u00e1 situado en 251 E Huron St, Chicago, IL 60611, que es .92 millas de nuestra oficina en 205 W Randolph St. Suite 925, Chicago, IL 60606.<\/p>\n\n\n\n<h3 class=\"wp-block-heading\">Historial de seguridad del Northwestern Memorial Hospital en relaci\u00f3n con la calidad cl\u00ednica:<\/h3>\n\n\n\n<p>Registros proporcionados por <a href=\"https:\/\/www.healthgrades.com\/hospital\/northwestern-memorial-hospital-f957a8\" target=\"_blank\" rel=\"noopener\">Healthgrades.com<\/a><\/p>\n\n\n\n<p><strong>1. Reparaci\u00f3n de aneurisma de aorta abdominal - 3 estrellas,<\/strong> lo que significa seg\u00fan lo previsto. El porcentaje real de complicaciones es de 21,98%, que es inferior a la tasa prevista de 24,93%. Estos porcentajes se basan en 91 casos.<br>Media nacional: Calificaci\u00f3n de 3 estrellas. El porcentaje real de complicaciones es de 17,55%, que es ligeramente superior a la tasa prevista de 17,50%. Estos porcentajes se basan en 76 casos.<\/p>\n\n\n\n<p><strong>2. Cirug\u00eda de espalda y cuello (sin fusi\u00f3n vertebral) - calificaci\u00f3n de 3 estrellas.<\/strong> El porcentaje real de complicaciones es de 9,15%, superior al porcentaje previsto de 7,52%. Estos porcentajes se basan en 328 casos.<br>Media nacional: Calificaci\u00f3n de 3 estrellas. El porcentaje real de complicaciones es de 7,64%, que es casi igual al porcentaje previsto de 7,67%. Estos porcentajes se basan en 133 casos.<\/p>\n\n\n\n<p><strong>3. Cirug\u00eda de la car\u00f3tida - 3 estrellas.<\/strong> El porcentaje real de complicaciones es de 10,67%, superior al porcentaje previsto de 9,15%. Estos porcentajes se basan en 150 casos.<br>Media nacional: Calificaci\u00f3n de 3 estrellas. El porcentaje real de complicaciones es de 8,69%, inferior al porcentaje previsto de 8,75%. Estos porcentajes se basan en 141 casos.<\/p>\n\n\n\n<p><strong>4. Ataque al coraz\u00f3n - 5 estrellas,<\/strong> lo que significa mejor de lo esperado. La tasa real de mortalidad intrahospitalaria es de 3,16%, inferior a la tasa prevista de 6,13%. La tasa de mortalidad real a los 30 d\u00edas es de 4,75%, es decir, algo m\u00e1s de la mitad de la tasa prevista de 8,70%. Estos porcentajes se basan en 316 casos.<\/p>\n\n\n\n<p><strong>5. Procedimientos de marcapasos - Clasificaci\u00f3n de 1 estrella,<\/strong> lo que significa peor de lo esperado. El porcentaje real de complicaciones es de 19,88%, inferior al porcentaje previsto de 13,93%. Estos porcentajes se basan en 171 casos.<br>Media nacional: Calificaci\u00f3n de 3 estrellas. El porcentaje real de complicaciones es de 11,86%, que es el mismo que el porcentaje previsto de 11,86%. Estos porcentajes se basan en 169 casos.<\/p>\n\n\n\n<p><strong>6. Sepsis - 5 estrellas.<\/strong> La tasa real de mortalidad intrahospitalaria es de 19,61%, inferior a la tasa prevista de 24,05%. La tasa de mortalidad real a los 30 d\u00edas es de 22,99%, inferior a la tasa prevista de 29,59%. Estos porcentajes se basan en 709 casos.<\/p>\n\n\n\n<p><strong>7. Cirug\u00eda valvular - 3 estrellas.<\/strong> La tasa real de mortalidad intrahospitalaria es de 3,61%, inferior a la tasa prevista de 3,81%. La tasa de mortalidad real a los 30 d\u00edas es de 4,38%, inferior a la tasa prevista de 4,76%. Estos porcentajes se basan en 776 casos.<\/p>\n\n\n\n<h3 class=\"wp-block-heading\">Llevamos casos de negligencia m\u00e9dica en hospitales de todo Illinois:<\/h3>\n\n\n<ul class=\"list-pages-shortcode sibling-pages\"><li class=\"page_item page-item-3742\"><a href=\"https:\/\/www.briskmanandbriskman.com\/es\/hospitals\/chicago-injury-attorneys-near-northwestern-memorial-hospital\/\">Chicago Abogados de lesiones cerca de Northwestern Memorial Hospital<\/a><\/li>\n<li class=\"page_item page-item-4176\"><a href=\"https:\/\/www.briskmanandbriskman.com\/es\/hospitals\/chicago-injury-lawyers-near-adventist-bolingbrook-hospital\/\">Chicago Abogados de Lesiones Cerca de Adventist Bolingbrook Hospital<\/a><\/li>\n<li class=\"page_item page-item-4271\"><a href=\"https:\/\/www.briskmanandbriskman.com\/es\/hospitals\/chicago-injury-lawyers-near-advocate-illinois-masonic-medical-center\/\">Chicago Abogados de lesiones cerca de Advocate Illinois Masonic Medical Center<\/a><\/li>\n<li class=\"page_item page-item-4260\"><a href=\"https:\/\/www.briskmanandbriskman.com\/es\/hospitals\/chicago-injury-lawyers-near-advocate-lutheran-general-hospital\/\">Chicago Abogados de Lesiones cerca de Advocate Lutheran General Hospital<\/a><\/li>\n<li class=\"page_item page-item-4270\"><a href=\"https:\/\/www.briskmanandbriskman.com\/es\/hospitals\/chicago-injury-lawyers-near-advocate-trinity-hospital\/\">Chicago Abogados de lesiones cerca de Advocate Trinity Hospital<\/a><\/li>\n<li class=\"page_item page-item-4184\"><a href=\"https:\/\/www.briskmanandbriskman.com\/es\/hospitals\/chicago-injury-lawyers-near-holy-cross-hospital\/\">Chicago Abogados de lesiones cerca del Hospital de la Santa Cruz<\/a><\/li>\n<li class=\"page_item page-item-4188\"><a href=\"https:\/\/www.briskmanandbriskman.com\/es\/hospitals\/chicago-injury-lawyers-near-jackson-park-hospital\/\">Chicago Abogados de lesiones cerca del Hospital Jackson Park<\/a><\/li>\n<li class=\"page_item page-item-4255\"><a href=\"https:\/\/www.briskmanandbriskman.com\/es\/hospitals\/chicago-injury-lawyers-near-john-h-stroger-jr-hospital\/\">Chicago Abogados de lesiones cerca de John H. Stroger, Jr. Hospital<\/a><\/li>\n<li class=\"page_item page-item-4267\"><a href=\"https:\/\/www.briskmanandbriskman.com\/es\/hospitals\/chicago-injury-lawyers-near-presence-sts-mary-and-elizabeth-medical-center-saint-elizabeth-campus\/\">Chicago Abogados de lesiones cerca de Presence Sts. Mary and Elizabeth Medical Center, Saint Elizabeth Campus<\/a><\/li>\n<li class=\"page_item page-item-3736\"><a href=\"https:\/\/www.briskmanandbriskman.com\/es\/hospitals\/chicago-injury-lawyers-near-rush-university-medical-center\/\">Chicago Abogados de lesiones cerca de Rush University Medical Center<\/a><\/li>\n<li class=\"page_item page-item-3732\"><a href=\"https:\/\/www.briskmanandbriskman.com\/es\/hospitals\/chicago-injury-lawyers-near-the-university-of-chicago-medical-center\/\">Chicago Abogados de lesiones cerca del Centro M\u00e9dico de la Universidad de Chicago<\/a><\/li>\n<\/ul>","protected":false},"excerpt":{"rendered":"<p>Le visitaremos en el hospital si no puede venir a vernos. \u00bfEst\u00e1 usted o alguien cercano a usted recibiendo actualmente tratamiento m\u00e9dico en el Northwestern Memorial Hospital? Es posible que haya sufrido lesiones personales en un accidente automovil\u00edstico o que se haya lesionado en un accidente por resbal\u00f3n y ca\u00edda. O puede que haya...<\/p>","protected":false},"author":1,"featured_media":10907,"parent":4168,"menu_order":0,"comment_status":"closed","ping_status":"closed","template":"","meta":{"_acf_changed":false,"footnotes":""},"class_list":["post-3742","page","type-page","status-publish","has-post-thumbnail","hentry"],"acf":[],"_links":{"self":[{"href":"https:\/\/www.briskmanandbriskman.com\/es\/wp-json\/wp\/v2\/pages\/3742","targetHints":{"allow":["GET"]}}],"collection":[{"href":"https:\/\/www.briskmanandbriskman.com\/es\/wp-json\/wp\/v2\/pages"}],"about":[{"href":"https:\/\/www.briskmanandbriskman.com\/es\/wp-json\/wp\/v2\/types\/page"}],"author":[{"embeddable":true,"href":"https:\/\/www.briskmanandbriskman.com\/es\/wp-json\/wp\/v2\/users\/1"}],"replies":[{"embeddable":true,"href":"https:\/\/www.briskmanandbriskman.com\/es\/wp-json\/wp\/v2\/comments?post=3742"}],"version-history":[{"count":4,"href":"https:\/\/www.briskmanandbriskman.com\/es\/wp-json\/wp\/v2\/pages\/3742\/revisions"}],"predecessor-version":[{"id":15123,"href":"https:\/\/www.briskmanandbriskman.com\/es\/wp-json\/wp\/v2\/pages\/3742\/revisions\/15123"}],"up":[{"embeddable":true,"href":"https:\/\/www.briskmanandbriskman.com\/es\/wp-json\/wp\/v2\/pages\/4168"}],"wp:featuredmedia":[{"embeddable":true,"href":"https:\/\/www.briskmanandbriskman.com\/es\/wp-json\/wp\/v2\/media\/10907"}],"wp:attachment":[{"href":"https:\/\/www.briskmanandbriskman.com\/es\/wp-json\/wp\/v2\/media?parent=3742"}],"curies":[{"name":"wp","href":"https:\/\/api.w.org\/{rel}","templated":true}]}}