{"id":3736,"date":"2015-09-14T23:57:37","date_gmt":"2015-09-14T23:57:37","guid":{"rendered":"https:\/\/www.briskmanandbriskman.com\/?page_id=3736"},"modified":"2025-08-07T18:18:50","modified_gmt":"2025-08-07T18:18:50","slug":"abogados-de-lesiones-en-chicago-cerca-de-rush-university-medical-center","status":"publish","type":"page","link":"https:\/\/www.briskmanandbriskman.com\/es\/hospitals\/chicago-injury-lawyers-near-rush-university-medical-center\/","title":{"rendered":"Chicago Abogados de lesiones cerca de Rush University Medical Center"},"content":{"rendered":"<p><strong>Le visitaremos en el hospital si no puede venir a vernos.<\/strong><\/p>\n\n\n\n<p>\u00bfEst\u00e1 usted o un ser querido recibiendo atenci\u00f3n m\u00e9dica en el Centro M\u00e9dico de la Universidad Rush? Es posible que haya sufrido un <a title=\"Herido en un accidente de coche Chicago\" href=\"https:\/\/www.briskmanandbriskman.com\/es\/areas-de-practica\/abogados-de-accidentes-de-camiones-en-chicago-2\/\">lesiones por accidente de tr\u00e1fico<\/a>accidente de cami\u00f3n o motocicleta, o puede haber resultado herido en un accidente por resbal\u00f3n y ca\u00edda. O puede haber sido v\u00edctima de una pr\u00e1ctica m\u00e9dica.<\/p>\n\n\n\n<p>Antes de hablar con un representante de la compa\u00f1\u00eda de seguros, llame al Briskman Briskman &amp; Greenberg. Usted tiene derecho a una consulta gratuita, y si usted decide que lo represente, usted no tendr\u00e1 que pagar una cuota a menos que prevalezca en su demanda.<\/p>\n\n\n\n<h3 class=\"wp-block-heading\">Ubicaci\u00f3n<\/h3>\n\n\n\n<p>Rush University Medical Center se encuentra en 1653 W Congress Parkway, Chicago, IL 60612, que es 1,91 millas de nuestra oficina en 205 W Randolph St. Suite 925, Chicago, IL 60606.<\/p>\n\n\n\n<h3 class=\"wp-block-heading\">Historial de seguridad del Centro M\u00e9dico de la Universidad Rush<\/h3>\n\n\n\n<p>Registros proporcionados por <a href=\"https:\/\/www.healthgrades.com\/hospital\/rush-university-medical-center-f0b529\" target=\"_blank\" rel=\"noopener\">Healthgrades.com<\/a><\/p>\n\n\n\n<p>1. Corte accidental, pinchazo, perforaci\u00f3n o hemorragia durante la atenci\u00f3n m\u00e9dica - <strong>como se esperaba<\/strong><\/p>\n\n\n\n<p>2. Infecci\u00f3n del torrente sangu\u00edneo despu\u00e9s de la cirug\u00eda - <strong>como se esperaba<\/strong><\/p>\n\n\n\n<p>3. Desglose del lugar de la incisi\u00f3n abdominal - <strong>como se esperaba<\/strong><\/p>\n\n\n\n<p>4. Colapso pulmonar debido a un procedimiento o cirug\u00eda en o alrededor del pecho - <strong>peor de lo esperado<\/strong><\/p>\n\n\n\n<p>5. Fractura de cadera tras cirug\u00eda - <strong>como se esperaba<br><\/strong><br>6. Insuficiencia respiratoria tras cirug\u00eda - <strong>mejor de lo esperado<\/strong><\/p>\n\n\n\n<p>7. Objetos extra\u00f1os dejados en el cuerpo durante la cirug\u00eda o procedimiento - <strong>1 acontecimiento<\/strong><\/p>\n\n\n\n<h3 class=\"wp-block-heading\">Llevamos casos de negligencia m\u00e9dica en hospitales de todo Illinois:<\/h3>\n\n\n<ul class=\"list-pages-shortcode sibling-pages\"><li class=\"page_item page-item-3742\"><a href=\"https:\/\/www.briskmanandbriskman.com\/es\/hospitals\/chicago-injury-attorneys-near-northwestern-memorial-hospital\/\">Chicago Abogados de lesiones cerca de Northwestern Memorial Hospital<\/a><\/li>\n<li class=\"page_item page-item-4176\"><a href=\"https:\/\/www.briskmanandbriskman.com\/es\/hospitals\/chicago-injury-lawyers-near-adventist-bolingbrook-hospital\/\">Chicago Abogados de Lesiones Cerca de Adventist Bolingbrook Hospital<\/a><\/li>\n<li class=\"page_item page-item-4271\"><a href=\"https:\/\/www.briskmanandbriskman.com\/es\/hospitals\/chicago-injury-lawyers-near-advocate-illinois-masonic-medical-center\/\">Chicago Abogados de lesiones cerca de Advocate Illinois Masonic Medical Center<\/a><\/li>\n<li class=\"page_item page-item-4260\"><a href=\"https:\/\/www.briskmanandbriskman.com\/es\/hospitals\/chicago-injury-lawyers-near-advocate-lutheran-general-hospital\/\">Chicago Abogados de Lesiones cerca de Advocate Lutheran General Hospital<\/a><\/li>\n<li class=\"page_item page-item-4270\"><a href=\"https:\/\/www.briskmanandbriskman.com\/es\/hospitals\/chicago-injury-lawyers-near-advocate-trinity-hospital\/\">Chicago Abogados de lesiones cerca de Advocate Trinity Hospital<\/a><\/li>\n<li class=\"page_item page-item-4184\"><a href=\"https:\/\/www.briskmanandbriskman.com\/es\/hospitals\/chicago-injury-lawyers-near-holy-cross-hospital\/\">Chicago Abogados de lesiones cerca del Hospital de la Santa Cruz<\/a><\/li>\n<li class=\"page_item page-item-4188\"><a href=\"https:\/\/www.briskmanandbriskman.com\/es\/hospitals\/chicago-injury-lawyers-near-jackson-park-hospital\/\">Chicago Abogados de lesiones cerca del Hospital Jackson Park<\/a><\/li>\n<li class=\"page_item page-item-4255\"><a href=\"https:\/\/www.briskmanandbriskman.com\/es\/hospitals\/chicago-injury-lawyers-near-john-h-stroger-jr-hospital\/\">Chicago Abogados de lesiones cerca de John H. Stroger, Jr. Hospital<\/a><\/li>\n<li class=\"page_item page-item-4267\"><a href=\"https:\/\/www.briskmanandbriskman.com\/es\/hospitals\/chicago-injury-lawyers-near-presence-sts-mary-and-elizabeth-medical-center-saint-elizabeth-campus\/\">Chicago Abogados de lesiones cerca de Presence Sts. Mary and Elizabeth Medical Center, Saint Elizabeth Campus<\/a><\/li>\n<li class=\"page_item page-item-3736\"><a href=\"https:\/\/www.briskmanandbriskman.com\/es\/hospitals\/chicago-injury-lawyers-near-rush-university-medical-center\/\">Chicago Abogados de lesiones cerca de Rush University Medical Center<\/a><\/li>\n<li class=\"page_item page-item-3732\"><a href=\"https:\/\/www.briskmanandbriskman.com\/es\/hospitals\/chicago-injury-lawyers-near-the-university-of-chicago-medical-center\/\">Chicago Abogados de lesiones cerca del Centro M\u00e9dico de la Universidad de Chicago<\/a><\/li>\n<\/ul>","protected":false},"excerpt":{"rendered":"<p>Le visitaremos en el hospital si no puede venir a vernos. \u00bfEst\u00e1 usted o un ser querido recibiendo atenci\u00f3n m\u00e9dica en el Centro M\u00e9dico de la Universidad Rush? Usted puede haber sufrido una lesi\u00f3n debido a un accidente de coche, cami\u00f3n o accidente de motocicleta, o puede haber sido herido en un resbal\u00f3n y...<\/p>","protected":false},"author":1,"featured_media":10929,"parent":4168,"menu_order":0,"comment_status":"closed","ping_status":"closed","template":"","meta":{"_acf_changed":false,"footnotes":""},"class_list":["post-3736","page","type-page","status-publish","has-post-thumbnail","hentry"],"acf":[],"_links":{"self":[{"href":"https:\/\/www.briskmanandbriskman.com\/es\/wp-json\/wp\/v2\/pages\/3736","targetHints":{"allow":["GET"]}}],"collection":[{"href":"https:\/\/www.briskmanandbriskman.com\/es\/wp-json\/wp\/v2\/pages"}],"about":[{"href":"https:\/\/www.briskmanandbriskman.com\/es\/wp-json\/wp\/v2\/types\/page"}],"author":[{"embeddable":true,"href":"https:\/\/www.briskmanandbriskman.com\/es\/wp-json\/wp\/v2\/users\/1"}],"replies":[{"embeddable":true,"href":"https:\/\/www.briskmanandbriskman.com\/es\/wp-json\/wp\/v2\/comments?post=3736"}],"version-history":[{"count":3,"href":"https:\/\/www.briskmanandbriskman.com\/es\/wp-json\/wp\/v2\/pages\/3736\/revisions"}],"predecessor-version":[{"id":15122,"href":"https:\/\/www.briskmanandbriskman.com\/es\/wp-json\/wp\/v2\/pages\/3736\/revisions\/15122"}],"up":[{"embeddable":true,"href":"https:\/\/www.briskmanandbriskman.com\/es\/wp-json\/wp\/v2\/pages\/4168"}],"wp:featuredmedia":[{"embeddable":true,"href":"https:\/\/www.briskmanandbriskman.com\/es\/wp-json\/wp\/v2\/media\/10929"}],"wp:attachment":[{"href":"https:\/\/www.briskmanandbriskman.com\/es\/wp-json\/wp\/v2\/media?parent=3736"}],"curies":[{"name":"wp","href":"https:\/\/api.w.org\/{rel}","templated":true}]}}