{"id":3647,"date":"2015-07-01T18:15:25","date_gmt":"2015-07-01T18:15:25","guid":{"rendered":"https:\/\/www.briskmanandbriskman.com\/?page_id=3647"},"modified":"2024-03-15T02:17:27","modified_gmt":"2024-03-15T02:17:27","slug":"como-proteger-a-sus-seres-queridos-de-los-malos-tratos-y-la-negligencia-en-residencias-de-ancianos","status":"publish","type":"page","link":"https:\/\/www.briskmanandbriskman.com\/es\/information-centers\/personal-injury\/how-to-keep-your-loved-ones-safe-from-nursing-home-abuse-and-neglect\/","title":{"rendered":"C\u00f3mo proteger a sus seres queridos de los malos tratos y el abandono en residencias de ancianos"},"content":{"rendered":"<p><a href=\"https:\/\/www.briskmanandbriskman.com\/es\/centros-de-informacion\/danos-personales\/\">Volver a la p\u00e1gina principal del Centro de lesiones personales<\/a><\/p>\n\n\n\n<p>Cuando se conf\u00eda el cuidado de un ser querido a otra persona, nadie quiere creer que pueda estar en peligro. Sin embargo, los malos tratos y la negligencia en residencias de ancianos son m\u00e1s frecuentes de lo que mucha gente cree. Seg\u00fan un reciente informe del Congreso, en el 30% de las residencias de ancianos de Estados Unidos se maltrata a los ancianos.<\/p>\n\n\n\n<p>Las autoridades han propuesto reformas en las residencias de ancianos, como requisitos de informaci\u00f3n m\u00e1s estrictos, l\u00edmites m\u00ednimos de dotaci\u00f3n de personal, mayor financiaci\u00f3n para las inspecciones y aumento de las multas por infracciones de salud y seguridad. Mientras tanto, los familiares deben tomar medidas para proteger a sus seres queridos.<\/p>\n\n\n\n<p>En primer lugar, la investigaci\u00f3n es importante. La mejor fuente nacional de informaci\u00f3n objetiva sobre residencias de ancianos es la funci\u00f3n Nursing Home Compare del sitio web Medicare.gov, donde las residencias de ancianos se clasifican en categor\u00edas como dotaci\u00f3n de personal, inspecciones sanitarias y medidas de calidad. Los estados tambi\u00e9n pueden disponer de su propia informaci\u00f3n sobre inspecciones.<\/p>\n\n\n\n<p>Los familiares deben visitar la residencia para echar un vistazo y hacer preguntas tanto antes de que un ser querido se mude como durante su estancia. No deben dudar en hacer preguntas y visitas sin previo aviso, y deben prestar atenci\u00f3n a aspectos como la dotaci\u00f3n de personal y la limpieza.<\/p>\n\n\n\n<p>Los familiares tambi\u00e9n deben vigilar a sus seres queridos para detectar cualquier signo de maltrato o negligencia, como cambios de humor o comportamiento, lesiones inexplicables, falta de higiene o cambios de peso. La vigilancia del cuidado de los seres queridos les protege directamente, y pone sobre aviso al personal del centro de que un defensor est\u00e1 supervisando sus cuidados.<\/p>\n\n\n\n<p>Los familiares pueden desear interponer una demanda si un ser querido ha sufrido malos tratos o negligencia. Esto responsabiliza a los malhechores y les permite obtener una indemnizaci\u00f3n por los da\u00f1os sufridos.<\/p>\n\n\n\n<h3 class=\"wp-block-heading\">Otros art\u00edculos sobre da\u00f1os personales<\/h3>\n\n\n<ul class=\"list-pages-shortcode sibling-pages\"><li class=\"page_item page-item-2348\"><a href=\"https:\/\/www.briskmanandbriskman.com\/es\/information-centers\/personal-injury\/can-i-fire-my-personal-injury-attorney\/\">\u00bfPuedo despedir a mi abogado de lesiones personales?<\/a><\/li>\n<li class=\"page_item page-item-1029\"><a href=\"https:\/\/www.briskmanandbriskman.com\/es\/information-centers\/personal-injury\/common-types-of-personal-injury-cases\/\">Tipos comunes de casos de lesiones personales en Chicago<\/a><\/li>\n<li class=\"page_item page-item-2351\"><a href=\"https:\/\/www.briskmanandbriskman.com\/es\/information-centers\/personal-injury\/do-i-have-to-pay-to-receive-a-consultation-about-my-personal-injury-case\/\">\u00bfTengo que pagar para recibir una consulta sobre mi caso de lesiones personales?<\/a><\/li>\n<li class=\"page_item page-item-1034\"><a href=\"https:\/\/www.briskmanandbriskman.com\/es\/information-centers\/personal-injury\/how-do-i-know-if-i-have-a-personal-injury-case\/\">\u00bfC\u00f3mo s\u00e9 si tengo una demanda por lesiones personales?<\/a><\/li>\n<li class=\"page_item page-item-697\"><a href=\"https:\/\/www.briskmanandbriskman.com\/es\/information-centers\/personal-injury\/how-much-is-my-case-worth\/\">\u00bfCu\u00e1nto vale mi caso de lesiones personales?<\/a><\/li>\n<li class=\"page_item page-item-694\"><a href=\"https:\/\/www.briskmanandbriskman.com\/es\/information-centers\/personal-injury\/how-long-will-my-case-last\/\">\u00bfDe cu\u00e1nto tiempo dispongo para presentar una demanda por lesiones personales en Chicago?<\/a><\/li>\n<li class=\"page_item page-item-3647\"><a href=\"https:\/\/www.briskmanandbriskman.com\/es\/information-centers\/personal-injury\/how-to-keep-your-loved-ones-safe-from-nursing-home-abuse-and-neglect\/\">C\u00f3mo proteger a sus seres queridos de los malos tratos y el abandono en residencias de ancianos<\/a><\/li>\n<li class=\"page_item page-item-1069\"><a href=\"https:\/\/www.briskmanandbriskman.com\/es\/information-centers\/personal-injury\/lawsuit-process\/\">\u00bfQu\u00e9 ocurre durante una demanda por lesiones personales?<\/a><\/li>\n<li class=\"page_item page-item-2355\"><a href=\"https:\/\/www.briskmanandbriskman.com\/es\/information-centers\/personal-injury\/what-is-a-contingency-fee\/\">\u00bfQu\u00e9 son los honorarios condicionales?<\/a><\/li>\n<li class=\"page_item page-item-2291\"><a href=\"https:\/\/www.briskmanandbriskman.com\/es\/information-centers\/personal-injury\/what-is-negligence\/\">\u00bfQu\u00e9 es la negligencia?<\/a><\/li>\n<li class=\"page_item page-item-2287\"><a href=\"https:\/\/www.briskmanandbriskman.com\/es\/information-centers\/personal-injury\/what-is-a-personal-injury\/\">\u00bfQu\u00e9 son los da\u00f1os personales?<\/a><\/li>\n<li class=\"page_item page-item-2542\"><a href=\"https:\/\/www.briskmanandbriskman.com\/es\/information-centers\/personal-injury\/what-you-should-know-about-traumatic-brain-injury\/\">Lo que debe saber sobre el da\u00f1o cerebral traum\u00e1tico<\/a><\/li>\n<\/ul>","protected":false},"excerpt":{"rendered":"<p>Volver al Centro de Lesiones Personales Principal Cuando se conf\u00eda el cuidado de los seres queridos a otra persona, nadie quiere creer que puedan estar en peligro. Sin embargo, el abuso y la negligencia en los hogares de ancianos es m\u00e1s frecuente de lo que mucha gente piensa. Seg\u00fan un reciente informe del Congreso, los ancianos son abusados en el 30 por ciento de los hogares de ancianos ...<\/p>","protected":false},"author":1,"featured_media":11469,"parent":924,"menu_order":0,"comment_status":"closed","ping_status":"closed","template":"","meta":{"_acf_changed":false,"footnotes":""},"class_list":["post-3647","page","type-page","status-publish","has-post-thumbnail","hentry"],"acf":[],"_links":{"self":[{"href":"https:\/\/www.briskmanandbriskman.com\/es\/wp-json\/wp\/v2\/pages\/3647","targetHints":{"allow":["GET"]}}],"collection":[{"href":"https:\/\/www.briskmanandbriskman.com\/es\/wp-json\/wp\/v2\/pages"}],"about":[{"href":"https:\/\/www.briskmanandbriskman.com\/es\/wp-json\/wp\/v2\/types\/page"}],"author":[{"embeddable":true,"href":"https:\/\/www.briskmanandbriskman.com\/es\/wp-json\/wp\/v2\/users\/1"}],"replies":[{"embeddable":true,"href":"https:\/\/www.briskmanandbriskman.com\/es\/wp-json\/wp\/v2\/comments?post=3647"}],"version-history":[{"count":3,"href":"https:\/\/www.briskmanandbriskman.com\/es\/wp-json\/wp\/v2\/pages\/3647\/revisions"}],"predecessor-version":[{"id":11881,"href":"https:\/\/www.briskmanandbriskman.com\/es\/wp-json\/wp\/v2\/pages\/3647\/revisions\/11881"}],"up":[{"embeddable":true,"href":"https:\/\/www.briskmanandbriskman.com\/es\/wp-json\/wp\/v2\/pages\/924"}],"wp:featuredmedia":[{"embeddable":true,"href":"https:\/\/www.briskmanandbriskman.com\/es\/wp-json\/wp\/v2\/media\/11469"}],"wp:attachment":[{"href":"https:\/\/www.briskmanandbriskman.com\/es\/wp-json\/wp\/v2\/media?parent=3647"}],"curies":[{"name":"wp","href":"https:\/\/api.w.org\/{rel}","templated":true}]}}