{"id":3644,"date":"2015-07-01T18:06:22","date_gmt":"2015-07-01T18:06:22","guid":{"rendered":"https:\/\/www.briskmanandbriskman.com\/?page_id=3644"},"modified":"2024-03-18T19:06:36","modified_gmt":"2024-03-18T19:06:36","slug":"datos-sobre-las-demandas-por-homicidio-culposo","status":"publish","type":"page","link":"https:\/\/www.briskmanandbriskman.com\/es\/information-centers\/wrongful-death-center\/facts-about-wrongful-death-lawsuits\/","title":{"rendered":"Datos sobre las demandas por homicidio culposo"},"content":{"rendered":"<p>Cuando la muerte de una persona es causada por la negligencia de otra, un representante de la herencia de la persona o los miembros supervivientes de la familia pueden presentar una demanda por homicidio culposo contra la persona o entidad que caus\u00f3 la muerte de la persona. Las demandas por homicidio culposo suelen presentarse por fallecimientos causados por accidentes de tr\u00e1fico, negligencia m\u00e9dica y accidentes laborales o relacionados con la construcci\u00f3n.<\/p>\n\n\n\n<p>En Illinois, existen dos tipos posibles de reclamaciones por homicidio culposo. En primer lugar, en virtud de la Ley de Supervivencia Illinois, cualquier reclamaci\u00f3n que la persona fallecida pudiera haber tenido contra la persona o entidad negligente puede continuar. En segundo lugar, en virtud de la Ley de Homicidio Culposo Illinois, los familiares de la persona fallecida pueden presentar una reclamaci\u00f3n para recuperar los da\u00f1os sufridos como consecuencia del homicidio culposo. Normalmente, las reclamaciones en virtud de ambas leyes se consolidan en una sola demanda.<\/p>\n\n\n\n<p>Las reclamaciones en virtud de la Ley de Supervivencia Illinois pueden ser presentadas por el representante personal de la sucesi\u00f3n de la persona fallecida. La Ley de Supervivencia no crea una causa de acci\u00f3n separada, sino que preserva cualquier causa de acci\u00f3n que la persona fallecida pudiera haber tenido contra la parte negligente en el momento de su muerte. El representante personal es quien toma las decisiones en muchos aspectos del caso, y el patrimonio ser\u00e1 el destinatario de cualquier indemnizaci\u00f3n. Los da\u00f1os y perjuicios pueden incluir el dolor y el sufrimiento previos al fallecimiento, los gastos m\u00e9dicos, la p\u00e9rdida de salarios y los da\u00f1os materiales.<\/p>\n\n\n\n<p>Las reclamaciones al amparo de la Ley de Muerte Injusta Illinois tienen por objeto compensar a los familiares supervivientes por las p\u00e9rdidas que han sufrido como consecuencia de la muerte de su ser querido. Los c\u00f3nyuges y los parientes m\u00e1s pr\u00f3ximos pueden recibir una indemnizaci\u00f3n pecuniaria en virtud de este tipo de reclamaci\u00f3n. Aunque diferentes o m\u00faltiples familiares pueden tener derechos en una reclamaci\u00f3n en virtud de la Ley de Muerte Injusta, estas reclamaciones suelen presentarse junto con una reclamaci\u00f3n en virtud de la Ley de Supervivencia Illinois, por lo que el representante personal de la sucesi\u00f3n de la persona fallecida suele tramitar ambas reclamaciones.<\/p>\n\n\n\n<p>Las demandas por homicidio culposo pueden ser complejas, y hay muchos requisitos legales y plazos que se aplican. Cualquier persona que ha perdido a un ser querido como resultado de la negligencia de otro debe consultar con un abogado con experiencia en muerte injusta tan pronto como sea posible.<\/p>","protected":false},"excerpt":{"rendered":"<p>Cuando la muerte de una persona se debe a la negligencia de otra, un representante de su patrimonio o los familiares supervivientes pueden presentar una demanda por homicidio culposo contra la persona o entidad que caus\u00f3 la muerte. Las demandas por homicidio culposo suelen interponerse por muertes causadas por accidentes de tr\u00e1fico, negligencia m\u00e9dica y accidentes...<\/p>","protected":false},"author":1,"featured_media":11031,"parent":926,"menu_order":0,"comment_status":"closed","ping_status":"closed","template":"","meta":{"_acf_changed":false,"footnotes":""},"class_list":["post-3644","page","type-page","status-publish","has-post-thumbnail","hentry"],"acf":[],"_links":{"self":[{"href":"https:\/\/www.briskmanandbriskman.com\/es\/wp-json\/wp\/v2\/pages\/3644","targetHints":{"allow":["GET"]}}],"collection":[{"href":"https:\/\/www.briskmanandbriskman.com\/es\/wp-json\/wp\/v2\/pages"}],"about":[{"href":"https:\/\/www.briskmanandbriskman.com\/es\/wp-json\/wp\/v2\/types\/page"}],"author":[{"embeddable":true,"href":"https:\/\/www.briskmanandbriskman.com\/es\/wp-json\/wp\/v2\/users\/1"}],"replies":[{"embeddable":true,"href":"https:\/\/www.briskmanandbriskman.com\/es\/wp-json\/wp\/v2\/comments?post=3644"}],"version-history":[{"count":2,"href":"https:\/\/www.briskmanandbriskman.com\/es\/wp-json\/wp\/v2\/pages\/3644\/revisions"}],"predecessor-version":[{"id":11926,"href":"https:\/\/www.briskmanandbriskman.com\/es\/wp-json\/wp\/v2\/pages\/3644\/revisions\/11926"}],"up":[{"embeddable":true,"href":"https:\/\/www.briskmanandbriskman.com\/es\/wp-json\/wp\/v2\/pages\/926"}],"wp:featuredmedia":[{"embeddable":true,"href":"https:\/\/www.briskmanandbriskman.com\/es\/wp-json\/wp\/v2\/media\/11031"}],"wp:attachment":[{"href":"https:\/\/www.briskmanandbriskman.com\/es\/wp-json\/wp\/v2\/media?parent=3644"}],"curies":[{"name":"wp","href":"https:\/\/api.w.org\/{rel}","templated":true}]}}