{"id":3272,"date":"2015-03-27T00:13:30","date_gmt":"2015-03-27T00:13:30","guid":{"rendered":"http:\/\/adviadev.com\/briskman\/dev\/?page_id=3272"},"modified":"2015-03-27T00:13:30","modified_gmt":"2015-03-27T00:13:30","slug":"la-garantia-briskman","status":"publish","type":"page","link":"https:\/\/www.briskmanandbriskman.com\/es\/the-briskman-guarantee\/","title":{"rendered":"Garant\u00eda Briskman"},"content":{"rendered":"<p><strong>1. Recibir\u00e1 una consulta gratuita con un abogado experimentado. <\/strong><br \/>\nUsted tiene derecho a una consulta gratuita durante la cual podr\u00e1 evaluar al abogado que llevar\u00e1 su caso. Prometemos que nunca le cobraremos por consultar con nosotros, y damos la bienvenida a un di\u00e1logo abierto con cualquiera de nuestros abogados experimentados.<\/p>\n<p><strong>2. No utilizamos filtros de llamadas. Usted hablar\u00e1 con un abogado.<\/strong><br \/>\nEn Briskman Briskman &amp; Greenberg establecemos relaciones personales. Su caso ser\u00e1 revisado por un abogado con experiencia, a menudo uno de los directores de la empresa. Escucharemos atentamente su situaci\u00f3n y responderemos a todas sus preguntas.<\/p>\n<p><strong>3. Nunca tendr\u00e1 que pagar honorarios a menos que su caso prospere.<\/strong><br \/>\nManejamos todos los casos sobre una base de contingencia, lo que significa que usted no deber\u00e1 ning\u00fan honorario a menos que hagamos una recuperaci\u00f3n financiera para usted. Prometemos que s\u00f3lo aceptaremos el pago si tenemos \u00e9xito en la obtenci\u00f3n de una indemnizaci\u00f3n para usted o su familia.<\/p>\n<p><strong>4. Te trataremos con cortes\u00eda y respeto. Estamos de su parte.<\/strong><br \/>\nHemos ampliado nuestro equipo a lo largo de los a\u00f1os, pero seguimos siendo una empresa familiar. Cuando nos elija para llevar su caso, no le trataremos simplemente como a un cliente. Le trataremos como parte de la familia, proporcion\u00e1ndole el nivel de atenci\u00f3n que merece un miembro de la familia.<\/p>\n<p><strong>5. Le mantendremos informado de todas las novedades importantes que se produzcan en su caso.<\/strong><br \/>\nUsted tiene derecho a que se respondan todas sus preguntas y a conocer siempre el estado de su caso. Un abogado con experiencia se encargar\u00e1 de todos los aspectos importantes de su caso, y nuestra dedicaci\u00f3n a responder a todas sus preguntas le dar\u00e1 tranquilidad.<\/p>\n<p><strong>6. Le responderemos r\u00e1pidamente a sus llamadas y correos electr\u00f3nicos.<\/strong><br \/>\nResolveremos r\u00e1pidamente cualquier problema que experimente y respetaremos su tiempo respondiendo r\u00e1pidamente a sus consultas.<\/p>","protected":false},"excerpt":{"rendered":"<p>1. Recibir\u00e1 una consulta gratuita con un abogado experimentado. Usted tiene derecho a una consulta gratuita durante la cual podr\u00e1 evaluar al abogado que llevar\u00e1 su caso. Prometemos que nunca le cobraremos por consultar con nosotros, y damos la bienvenida a un di\u00e1logo abierto con cualquiera de nuestros abogados experimentados....<\/p>","protected":false},"author":1,"featured_media":0,"parent":0,"menu_order":0,"comment_status":"closed","ping_status":"closed","template":"","meta":{"_acf_changed":false,"footnotes":""},"class_list":["post-3272","page","type-page","status-publish","hentry"],"acf":[],"_links":{"self":[{"href":"https:\/\/www.briskmanandbriskman.com\/es\/wp-json\/wp\/v2\/pages\/3272","targetHints":{"allow":["GET"]}}],"collection":[{"href":"https:\/\/www.briskmanandbriskman.com\/es\/wp-json\/wp\/v2\/pages"}],"about":[{"href":"https:\/\/www.briskmanandbriskman.com\/es\/wp-json\/wp\/v2\/types\/page"}],"author":[{"embeddable":true,"href":"https:\/\/www.briskmanandbriskman.com\/es\/wp-json\/wp\/v2\/users\/1"}],"replies":[{"embeddable":true,"href":"https:\/\/www.briskmanandbriskman.com\/es\/wp-json\/wp\/v2\/comments?post=3272"}],"version-history":[{"count":0,"href":"https:\/\/www.briskmanandbriskman.com\/es\/wp-json\/wp\/v2\/pages\/3272\/revisions"}],"wp:attachment":[{"href":"https:\/\/www.briskmanandbriskman.com\/es\/wp-json\/wp\/v2\/media?parent=3272"}],"curies":[{"name":"wp","href":"https:\/\/api.w.org\/{rel}","templated":true}]}}