{"id":28,"date":"2023-09-13T22:57:30","date_gmt":"2023-09-13T22:57:30","guid":{"rendered":"https:\/\/bbg.mystagingwebsite.com\/?page_id=28"},"modified":"2024-02-29T00:33:22","modified_gmt":"2024-02-29T00:33:22","slug":"nuestra-empresa","status":"publish","type":"page","link":"https:\/\/www.briskmanandbriskman.com\/es\/our-firm\/","title":{"rendered":"Qui\u00e9nes somos"},"content":{"rendered":"<h3 class=\"wp-block-heading\">C\u00f3mo le ayudamos<\/h3>\n\n\n\n<p><strong>Somos m\u00e1s que un bufete... somos una familia<\/strong><br>Servimos a clientes en Chicago, Joliet, Waukegan y en todo el condado de Cook, Lake County y el condado de Will.<\/p>\n\n\n\n<blockquote class=\"wp-block-quote is-layout-flow wp-block-quote-is-layout-flow\">\n<p>Los hermanos Robert y Arnold Briskman empezaron a ejercer la abogac\u00eda en 1968 y 1972, respectivamente. Desde el principio, se dedicaron a ayudar a la gente en Chicago y m\u00e1s all\u00e1 de obtener una compensaci\u00f3n justa en lesiones personales y reclamaciones de indemnizaci\u00f3n de los trabajadores.<\/p>\n<\/blockquote>\n\n\n\n<p>En 1987, Robert y Arnold formaron Briskman &amp; Briskman. El lema de la Firma - \"Estamos de su lado\" - describe la misi\u00f3n de Robert y Arnold como abogados, una misi\u00f3n que ha sido adoptada por todos los abogados de la Firma. En Briskman Briskman &amp; Greenberg, construimos relaciones uno-a-uno con la gente, proporcionando una fuerte representaci\u00f3n dedicada a obtener resultados.<\/p>\n\n\n\n<h3 class=\"wp-block-heading\">Hacer lo correcto por las personas correctas<\/h3>\n\n\n\n<p>Aunque Arnold Briskman falleci\u00f3 en 2008, Robert y el resto del equipo siguen dedicados a mantener los ideales que \u00e9l defend\u00eda. Nos dedicamos a defender a los desvalidos y a enfrentarnos a las grandes empresas y compa\u00f1\u00edas de seguros. Nos dedicamos a hacer lo correcto por nuestros clientes.<\/p>\n\n\n\n<blockquote class=\"wp-block-quote is-layout-flow wp-block-quote-is-layout-flow\">\n<p><strong>Siempre representamos a particulares.<\/strong>&nbsp;Nunca representamos a grandes empresas o compa\u00f1\u00edas de seguros. Estamos de su lado.<\/p>\n<\/blockquote>\n\n\n\n<h3 class=\"wp-block-heading\">Sin honorarios a menos que tengamos \u00e9xito<\/h3>\n\n\n\n<p>Todos los casos de lesiones personales y compensaci\u00f3n de trabajadores - incluyendo la responsabilidad de locales, responsabilidad por productos defectuosos y accidentes automovil\u00edsticos - se manejan sobre una base de contingencia, lo que significa que s\u00f3lo aceptaremos el pago si tenemos \u00e9xito en la obtenci\u00f3n de una indemnizaci\u00f3n.<\/p>\n\n\n\n<h2 class=\"wp-block-heading\">P\u00f3ngase en contacto con un abogado de lesiones personales Chicago ahora para consultas gratuitas - Llamadas contestadas 24\/7 - Se habla espa\u00f1ol<\/h2>\n\n\n\n<p>Nuestro bufete de abogados est\u00e1 disponible para servir a la gente en Chicago, a lo largo de Illinois, y Wisconsin. Para programar una consulta gratuita sobre su caso, ll\u00e1menos gratis al 877-595-HURT (4878) o&nbsp;<a href=\"https:\/\/www.briskmanandbriskman.com\/es\/abogados-de-accidentes-de-camiones-en-chicago-2\/\">env\u00edenos un correo electr\u00f3nico<\/a>.<\/p>","protected":false},"excerpt":{"rendered":"<p>C\u00f3mo le ayudamos Somos m\u00e1s que un bufete de abogados... Somos una familiaServimos a clientes en Chicago, Joliet, Waukegan y en todo el condado de Cook, Lake County y el condado de Will. Los hermanos Robert y Arnold Briskman comenzaron a ejercer la abogac\u00eda en 1968 y 1972, respectivamente. Desde el principio, se dedicaron a ayudar a la gente en Chicago y...<\/p>","protected":false},"author":1,"featured_media":10897,"parent":0,"menu_order":0,"comment_status":"closed","ping_status":"closed","template":"","meta":{"_acf_changed":false,"footnotes":""},"class_list":["post-28","page","type-page","status-publish","has-post-thumbnail","hentry"],"acf":[],"_links":{"self":[{"href":"https:\/\/www.briskmanandbriskman.com\/es\/wp-json\/wp\/v2\/pages\/28","targetHints":{"allow":["GET"]}}],"collection":[{"href":"https:\/\/www.briskmanandbriskman.com\/es\/wp-json\/wp\/v2\/pages"}],"about":[{"href":"https:\/\/www.briskmanandbriskman.com\/es\/wp-json\/wp\/v2\/types\/page"}],"author":[{"embeddable":true,"href":"https:\/\/www.briskmanandbriskman.com\/es\/wp-json\/wp\/v2\/users\/1"}],"replies":[{"embeddable":true,"href":"https:\/\/www.briskmanandbriskman.com\/es\/wp-json\/wp\/v2\/comments?post=28"}],"version-history":[{"count":1,"href":"https:\/\/www.briskmanandbriskman.com\/es\/wp-json\/wp\/v2\/pages\/28\/revisions"}],"predecessor-version":[{"id":10899,"href":"https:\/\/www.briskmanandbriskman.com\/es\/wp-json\/wp\/v2\/pages\/28\/revisions\/10899"}],"wp:featuredmedia":[{"embeddable":true,"href":"https:\/\/www.briskmanandbriskman.com\/es\/wp-json\/wp\/v2\/media\/10897"}],"wp:attachment":[{"href":"https:\/\/www.briskmanandbriskman.com\/es\/wp-json\/wp\/v2\/media?parent=28"}],"curies":[{"name":"wp","href":"https:\/\/api.w.org\/{rel}","templated":true}]}}