{"id":276,"date":"2023-11-06T23:38:52","date_gmt":"2023-11-06T23:38:52","guid":{"rendered":"https:\/\/bbg.mystagingwebsite.com\/?page_id=276"},"modified":"2025-07-18T18:08:01","modified_gmt":"2025-07-18T18:08:01","slug":"descargo-de-responsabilidad","status":"publish","type":"page","link":"https:\/\/www.briskmanandbriskman.com\/es\/disclaimer\/","title":{"rendered":"Descargo de responsabilidad"},"content":{"rendered":"<p>La informaci\u00f3n obtenida en este sitio no constituye, ni pretende constituir, asesoramiento jur\u00eddico. Debe consultar a un abogado para que le asesore sobre su situaci\u00f3n particular. Le invitamos a ponerse en contacto con nosotros y agradecemos sus llamadas, cartas y correo electr\u00f3nico. El hecho de ponerse en contacto con nosotros no crea una relaci\u00f3n abogado-cliente. Por favor, no nos env\u00ede ninguna informaci\u00f3n confidencial hasta que se haya establecido una relaci\u00f3n abogado-cliente.<\/p>\n\n\n\n<p>The phrase \u201cTop\u2011Rated\u201d used on this website reflects objective recognition received by Briskman Briskman &amp; Greenberg Personal Injury &amp; Car Accident Lawyers and its attorneys. Paul A. Greenberg is a top-rated car accident and personal injury lawyer who was selected to <strong>Super Lawyers<\/strong> in 2010\u20132012 and 2022\u20132025. Gavin M. Pearlman has been recognized by <em>Attorney at Law Magazine<\/em> as a top\u2011rated car accident lawyer. The firm has earned over 120 five\u2011star reviews on Google. These accolades are factual and not intended to suggest a comparison with other attorneys or imply any guarantee of results.<\/p>","protected":false},"excerpt":{"rendered":"<p>La informaci\u00f3n obtenida en este sitio no constituye, ni pretende constituir, asesoramiento jur\u00eddico. Debe consultar a un abogado para que le asesore sobre su situaci\u00f3n particular. Le invitamos a ponerse en contacto con nosotros y agradecemos sus llamadas, cartas y correo electr\u00f3nico. El hecho de ponerse en contacto con nosotros no crea una relaci\u00f3n abogado-cliente. Por favor, no env\u00ede...<\/p>","protected":false},"author":1,"featured_media":0,"parent":0,"menu_order":0,"comment_status":"closed","ping_status":"closed","template":"","meta":{"_acf_changed":false,"footnotes":""},"class_list":["post-276","page","type-page","status-publish","hentry"],"acf":[],"_links":{"self":[{"href":"https:\/\/www.briskmanandbriskman.com\/es\/wp-json\/wp\/v2\/pages\/276","targetHints":{"allow":["GET"]}}],"collection":[{"href":"https:\/\/www.briskmanandbriskman.com\/es\/wp-json\/wp\/v2\/pages"}],"about":[{"href":"https:\/\/www.briskmanandbriskman.com\/es\/wp-json\/wp\/v2\/types\/page"}],"author":[{"embeddable":true,"href":"https:\/\/www.briskmanandbriskman.com\/es\/wp-json\/wp\/v2\/users\/1"}],"replies":[{"embeddable":true,"href":"https:\/\/www.briskmanandbriskman.com\/es\/wp-json\/wp\/v2\/comments?post=276"}],"version-history":[{"count":3,"href":"https:\/\/www.briskmanandbriskman.com\/es\/wp-json\/wp\/v2\/pages\/276\/revisions"}],"predecessor-version":[{"id":14988,"href":"https:\/\/www.briskmanandbriskman.com\/es\/wp-json\/wp\/v2\/pages\/276\/revisions\/14988"}],"wp:attachment":[{"href":"https:\/\/www.briskmanandbriskman.com\/es\/wp-json\/wp\/v2\/media?parent=276"}],"curies":[{"name":"wp","href":"https:\/\/api.w.org\/{rel}","templated":true}]}}