{"id":2692,"date":"2015-02-16T22:39:21","date_gmt":"2015-02-16T22:39:21","guid":{"rendered":"https:\/\/www.briskmanandbriskman.com\/?page_id=2692"},"modified":"2024-04-13T21:12:15","modified_gmt":"2024-04-13T21:12:15","slug":"puedo-ser-indemnizado-si-he-tenido-parte-de-culpa-en-mi-accidente-de-trafico","status":"publish","type":"page","link":"https:\/\/www.briskmanandbriskman.com\/es\/information-centers\/car-accidents\/can-i-get-compensated-if-i-was-partly-at-fault-for-my-car-accident\/","title":{"rendered":"\u00bfPuedo ser indemnizado si he tenido parte de culpa en mi accidente de tr\u00e1fico?"},"content":{"rendered":"<p><a href=\"https:\/\/www.briskmanandbriskman.com\/es\/centros-de-informacion\/accidentes-de-trafico\/\">Volver a la p\u00e1gina principal del Centro de accidentes de tr\u00e1fico<\/a><\/p>\n\n\n\n<p>Todav\u00eda puede tener un caso, siempre que no haya tenido m\u00e1s del 50% de culpa.<\/p>\n\n\n\n<p>A menudo, la negligencia de dos conductores diferentes contribuye a las causas de un accidente. En virtud de la ley Illinois, una persona lesionada en una situaci\u00f3n de este tipo todav\u00eda puede recuperar una indemnizaci\u00f3n a trav\u00e9s de una demanda por lesiones personales, siempre y cuando no tenga m\u00e1s del 50 por ciento de culpa. Sin embargo, la indemnizaci\u00f3n de la persona lesionada se reducir\u00e1 en el porcentaje de culpa.<\/p>\n\n\n\n<p>Por ejemplo, si un jurado considera que el conductor A tuvo el 80% de la culpa de un accidente y el conductor B el 20%, el conductor B podr\u00eda obtener una indemnizaci\u00f3n a trav\u00e9s de una demanda. Sin embargo, si se determina que los da\u00f1os ascienden a $100.000, el conductor B s\u00f3lo recuperar\u00eda $80.000.<\/p>\n\n\n\n<p>El grado de culpa puede ser dif\u00edcil de determinar, ya que pueden intervenir varios factores. Ll\u00e1menos para una consulta gratuita o para determinar si tiene un caso.<\/p>\n\n\n\n<h3 class=\"wp-block-heading\">Otros art\u00edculos sobre da\u00f1os personales<\/h3>\n\n\n<ul class=\"list-pages-shortcode sibling-pages\"><li class=\"page_item page-item-2692\"><a href=\"https:\/\/www.briskmanandbriskman.com\/es\/information-centers\/car-accidents\/can-i-get-compensated-if-i-was-partly-at-fault-for-my-car-accident\/\">\u00bfPuedo ser indemnizado si he tenido parte de culpa en mi accidente de tr\u00e1fico?<\/a><\/li>\n<li class=\"page_item page-item-2690\"><a href=\"https:\/\/www.briskmanandbriskman.com\/es\/information-centers\/car-accidents\/can-i-sue-a-bar-if-injured-by-a-drunk-driver\/\">\u00bfPuedo demandar a un bar si me hiere un conductor ebrio?<\/a><\/li>\n<li class=\"page_item page-item-1188\"><a href=\"https:\/\/www.briskmanandbriskman.com\/es\/information-centers\/car-accidents\/common-types-of-car-accident-lawsuits\/\">Tipos habituales de demandas por accidentes de tr\u00e1fico<\/a><\/li>\n<li class=\"page_item page-item-2697\"><a href=\"https:\/\/www.briskmanandbriskman.com\/es\/information-centers\/car-accidents\/five-things-you-need-to-know-about-drowsy-driving\/\">Cinco cosas que debe saber sobre la somnolencia al volante<\/a><\/li>\n<li class=\"page_item page-item-1197\"><a href=\"https:\/\/www.briskmanandbriskman.com\/es\/information-centers\/car-accidents\/how-do-i-know-if-i-have-an-auto-accident-lawsuit\/\">\u00bfC\u00f3mo s\u00e9 si tengo una demanda por accidente de tr\u00e1fico?<\/a><\/li>\n<li class=\"page_item page-item-1202\"><a href=\"https:\/\/www.briskmanandbriskman.com\/es\/information-centers\/car-accidents\/how-much-time-do-i-have-to-file-a-motor-vehicle-accident-claim\/\">\u00bfDe cu\u00e1nto tiempo dispongo para presentar una demanda por accidente de tr\u00e1fico?<\/a><\/li>\n<li class=\"page_item page-item-3565\"><a href=\"https:\/\/www.briskmanandbriskman.com\/es\/information-centers\/car-accidents\/these-are-as-dangerous-for-drivers-as-drunk-driving\/\">Son tan peligrosos para los conductores como conducir ebrio<\/a><\/li>\n<\/ul>\n\n\n\n<h3 class=\"wp-block-heading\">Abogados de accidentes de coche est\u00e1n disponibles a trav\u00e9s de Illinois<\/h3>\n\n\n\n<ul class=\"wp-block-list\">\n<li><a href=\"https:\/\/www.briskmanandbriskman.com\/es\/areas-de-practica\/abogados-de-accidentes-de-camiones-en-chicago-2\/\">Chicago Abogado de accidente de coche<\/a><\/li>\n\n\n\n<li><a href=\"https:\/\/www.briskmanandbriskman.com\/es\/lugares\/gurnee\/abogados-de-accidentes-de-coche\/\">Gurnee Abogados de accidentes de coche<\/a><\/li>\n\n\n\n<li><a href=\"https:\/\/www.briskmanandbriskman.com\/es\/lugares\/joliet\/joliet-abogado-de-accidente-de-coche\/\">Joliet Abogado de accidente de coche<\/a>\n<ul class=\"wp-block-list\">\n<li><a href=\"https:\/\/www.briskmanandbriskman.com\/es\/lugares\/joliet\/joliet-abogado-de-accidente-de-coche\/abogados-de-accidentes-mortales\/\">Joliet Abogados de accidentes mortales<\/a><\/li>\n\n\n\n<li><a href=\"https:\/\/www.briskmanandbriskman.com\/es\/lugares\/joliet\/joliet-abogado-de-accidente-de-coche\/abogados-de-accidentes-traseros\/\">Joliet Abogados de accidentes por alcance<\/a><\/li>\n\n\n\n<li><a href=\"https:\/\/www.briskmanandbriskman.com\/es\/lugares\/joliet\/joliet-abogado-de-accidente-de-coche\/texting-while-driving-accident-lawyers\/\">Joliet Mensajes de texto mientras se conduce Abogados de accidentes<\/a><\/li>\n<\/ul>\n<\/li>\n\n\n\n<li><a href=\"https:\/\/www.briskmanandbriskman.com\/es\/lugares\/condado-del-lago\/abogados-de-accidentes-de-coche-2\/\">Lake County Abogados de accidentes de coche<\/a><\/li>\n\n\n\n<li><a href=\"https:\/\/www.briskmanandbriskman.com\/es\/lugares\/mundelein\/abogados-de-accidentes-de-coche\/\">Mundelein Abogados de accidentes de coche<\/a><\/li>\n\n\n\n<li><a href=\"https:\/\/www.briskmanandbriskman.com\/es\/lugares\/norte-de-chicago\/abogados-de-accidentes-de-coche-2\/\">North Chicago Abogados de accidentes de tr\u00e1fico<\/a><\/li>\n\n\n\n<li><a href=\"https:\/\/www.briskmanandbriskman.com\/es\/lugares\/oaklawn\/abogado-de-accidente-de-coche\/\">Oak Lawn Abogados de accidentes de tr\u00e1fico<\/a><\/li>\n\n\n\n<li><a href=\"https:\/\/www.briskmanandbriskman.com\/es\/lugares\/orlandpark\/abogado-de-accidente-de-coche\/\">Orland Park Abogados de accidentes de tr\u00e1fico<\/a><\/li>\n\n\n\n<li><a href=\"https:\/\/www.briskmanandbriskman.com\/es\/lugares\/waukegan\/abogados-de-accidentes-de-coche\/\">Waukegan Abogados de accidentes de tr\u00e1fico<\/a><\/li>\n\n\n\n<li><a href=\"https:\/\/www.briskmanandbriskman.com\/es\/lugares\/ruedas\/abogado-de-accidente-de-coche-2\/\">Wheeling Abogado de accidente de coche<\/a>\n<ul class=\"wp-block-list\">\n<li><a href=\"https:\/\/www.briskmanandbriskman.com\/es\/lugares\/ruedas\/abogado-de-accidente-de-coche-2\/accidente-de-coche-mortal-abogado\/\">Wheeling Abogado de accidente de coche mortal<\/a><\/li>\n\n\n\n<li><a href=\"https:\/\/www.briskmanandbriskman.com\/es\/lugares\/ruedas\/abogado-de-accidente-de-coche-2\/abogado-de-colisiones-frontales\/\">Wheeling Abogado de Colisi\u00f3n Frontal<\/a><\/li>\n\n\n\n<li><a href=\"https:\/\/www.briskmanandbriskman.com\/es\/lugares\/ruedas\/abogado-de-accidente-de-coche-2\/lesiones-graves-en-accidentes-de-coche-en-wheeling\/\">Wheeling Abogado de Lesiones Graves por Accidente de Coche<\/a><\/li>\n<\/ul>\n<\/li>\n<\/ul>","protected":false},"excerpt":{"rendered":"<p>Volver al Centro de Accidentes de Coche Principal Usted todav\u00eda puede tener un caso, siempre y cuando usted no era m\u00e1s del 50 por ciento de culpa. A menudo, la negligencia de dos conductores diferentes contribuye a las causas de un accidente. En virtud de la ley Illinois, una persona lesionada en una situaci\u00f3n de este tipo todav\u00eda puede recuperar una indemnizaci\u00f3n a trav\u00e9s de una demanda por lesiones personales,...<\/p>","protected":false},"author":1,"featured_media":11467,"parent":925,"menu_order":0,"comment_status":"closed","ping_status":"open","template":"","meta":{"_acf_changed":false,"footnotes":""},"class_list":["post-2692","page","type-page","status-publish","has-post-thumbnail","hentry"],"acf":[],"_links":{"self":[{"href":"https:\/\/www.briskmanandbriskman.com\/es\/wp-json\/wp\/v2\/pages\/2692","targetHints":{"allow":["GET"]}}],"collection":[{"href":"https:\/\/www.briskmanandbriskman.com\/es\/wp-json\/wp\/v2\/pages"}],"about":[{"href":"https:\/\/www.briskmanandbriskman.com\/es\/wp-json\/wp\/v2\/types\/page"}],"author":[{"embeddable":true,"href":"https:\/\/www.briskmanandbriskman.com\/es\/wp-json\/wp\/v2\/users\/1"}],"replies":[{"embeddable":true,"href":"https:\/\/www.briskmanandbriskman.com\/es\/wp-json\/wp\/v2\/comments?post=2692"}],"version-history":[{"count":3,"href":"https:\/\/www.briskmanandbriskman.com\/es\/wp-json\/wp\/v2\/pages\/2692\/revisions"}],"predecessor-version":[{"id":12867,"href":"https:\/\/www.briskmanandbriskman.com\/es\/wp-json\/wp\/v2\/pages\/2692\/revisions\/12867"}],"up":[{"embeddable":true,"href":"https:\/\/www.briskmanandbriskman.com\/es\/wp-json\/wp\/v2\/pages\/925"}],"wp:featuredmedia":[{"embeddable":true,"href":"https:\/\/www.briskmanandbriskman.com\/es\/wp-json\/wp\/v2\/media\/11467"}],"wp:attachment":[{"href":"https:\/\/www.briskmanandbriskman.com\/es\/wp-json\/wp\/v2\/media?parent=2692"}],"curies":[{"name":"wp","href":"https:\/\/api.w.org\/{rel}","templated":true}]}}