{"id":2390,"date":"2014-07-24T20:52:49","date_gmt":"2014-07-24T20:52:49","guid":{"rendered":"https:\/\/www.briskmanandbriskman.com\/?page_id=2390"},"modified":"2024-03-19T05:56:29","modified_gmt":"2024-03-19T05:56:29","slug":"tipos-mas-comunes-de-lesiones-en-el-parto","status":"publish","type":"page","link":"https:\/\/www.briskmanandbriskman.com\/es\/information-centers\/medical-malpractice-center\/most-common-types-of-birth-injuries\/","title":{"rendered":"Tipos m\u00e1s comunes de lesiones en el parto"},"content":{"rendered":"<p><a href=\"https:\/\/www.briskmanandbriskman.com\/es\/centros-de-informacion\/centro-de-negligencias-medicas\/\">Volver a la p\u00e1gina principal del Centro de negligencias m\u00e9dicas<\/a><\/p>\n\n\n\n<p>Cuando un ni\u00f1o sufre una lesi\u00f3n durante el proceso de parto, las consecuencias pueden ser graves. Algunos tipos de lesiones en el parto pueden dar lugar a afecciones m\u00e9dicas que persisten durante toda la vida de la persona y que requieren tratamientos, terapias y equipos costosos. Cuando una lesi\u00f3n en el parto es causada por negligencia m\u00e9dica, los padres necesitan poder obtener una indemnizaci\u00f3n por el da\u00f1o que ellos y su hijo han sufrido. La indemnizaci\u00f3n suele ser necesaria para proporcionar al ni\u00f1o los recursos necesarios. Los m\u00e9dicos y otros profesionales de la medicina pueden tener las mejores intenciones, pero si un error m\u00e9dico es la causa de una lesi\u00f3n en el parto, una demanda es el recurso adecuado. Para ello existe el seguro de negligencia m\u00e9dica.<\/p>\n\n\n\n<p>Las siguientes son lesiones de nacimiento comunes que pueden resultar de negligencia m\u00e9dica:<\/p>\n\n\n\n<p><strong>Par\u00e1lisis cerebral<\/strong> se refiere a distintos tipos de lesiones cerebrales que pueden producirse durante el proceso de parto. Un ni\u00f1o que sufre par\u00e1lisis cerebral puede tener problemas de control muscular, limitaci\u00f3n de movimientos, dificultades de aprendizaje o problemas de visi\u00f3n, audici\u00f3n o habla.<\/p>\n\n\n\n<p><strong>Par\u00e1lisis de Erb<\/strong> se produce cuando el hombro del beb\u00e9 queda atrapado detr\u00e1s del hueso p\u00fablico de la madre durante el parto, lo que provoca graves lesiones nerviosas. La afecci\u00f3n puede ser temporal, pero en algunos casos puede provocar entumecimiento permanente o incluso par\u00e1lisis.<\/p>\n\n\n\n<p><strong>Sufrimiento fetal<\/strong> o hipoxia se produce cuando el feto no recibe suficiente ox\u00edgeno, a veces debido a complicaciones con el cord\u00f3n umbilical. El personal m\u00e9dico debe vigilar atentamente la frecuencia cardiaca del feto y estar preparado para administrar m\u00e1s ox\u00edgeno a la madre o practicar una ces\u00e1rea de urgencia.<\/p>\n\n\n\n<p><strong>Kernicterus<\/strong> es un tipo de da\u00f1o cerebral que puede derivarse de una ictericia grave. La ictericia se produce cuando los niveles de bilirrubina, producida por el h\u00edgado, son demasiado altos. Los beb\u00e9s con ictericia grave pueden tener dificultades para mantenerse despiertos y parecer faltos de tono muscular, seguido de arqueamiento de la cabeza y la espalda. Cuando aparecen los s\u00edntomas, el personal m\u00e9dico debe actuar con rapidez para administrar el tratamiento adecuado y evitar lesiones mayores.<\/p>\n\n\n\n<p><strong>Lesiones del plexo braquial<\/strong> implican da\u00f1os en un conjunto de nervios que sirven a los brazos y las manos. Suele producirse cuando hay un problema en la salida del beb\u00e9 por el hombro, lo que se conoce como distocia de hombros. Esta lesi\u00f3n puede provocar dolor, hematomas e hinchaz\u00f3n, y puede causar da\u00f1os permanentes en los nervios.<\/p>\n\n\n\n<p>Si su hijo sufri\u00f3 una lesi\u00f3n en el parto que usted cree que puede ser consecuencia de una negligencia m\u00e9dica, p\u00f3ngase en contacto con Briskman Briskman &amp; Greenberg para obtener m\u00e1s informaci\u00f3n sobre sus derechos.<\/p>\n\n\n\n<h3 class=\"wp-block-heading\">Otros art\u00edculos sobre negligencia m\u00e9dica<\/h3>\n\n\n<ul class=\"list-pages-shortcode sibling-pages\"><li class=\"page_item page-item-2289\"><a href=\"https:\/\/www.briskmanandbriskman.com\/es\/information-centers\/medical-malpractice-center\/do-i-have-a-medical-malpractice-case\/\">\u00bfTengo un caso de negligencia m\u00e9dica?<\/a><\/li>\n<li class=\"page_item page-item-3668\"><a href=\"https:\/\/www.briskmanandbriskman.com\/es\/information-centers\/medical-malpractice-center\/medication-errors-are-more-common-than-you-may-think\/\">Los errores de medicaci\u00f3n son m\u00e1s frecuentes de lo que cree<\/a><\/li>\n<li class=\"page_item page-item-2390\"><a href=\"https:\/\/www.briskmanandbriskman.com\/es\/information-centers\/medical-malpractice-center\/most-common-types-of-birth-injuries\/\">Tipos m\u00e1s comunes de lesiones en el parto<\/a><\/li>\n<li class=\"page_item page-item-10283\"><a href=\"https:\/\/www.briskmanandbriskman.com\/es\/information-centers\/medical-malpractice-center\/what-happens-during-a-medical-malpractice-lawsuit-in-illinois\/\">\u00bfQu\u00e9 sucede durante una demanda por negligencia m\u00e9dica en Illinois?<\/a><\/li>\n<\/ul>","protected":false},"excerpt":{"rendered":"<p>Volver a la p\u00e1gina principal del Centro de Negligencias M\u00e9dicas Cuando un ni\u00f1o sufre una lesi\u00f3n durante el proceso de parto, las consecuencias pueden ser graves. Algunos tipos de lesiones en el parto pueden provocar afecciones m\u00e9dicas que persisten durante toda la vida de la persona y que requieren tratamientos, terapias y equipos costosos. Cuando una lesi\u00f3n en el parto est\u00e1 causada por una negligencia m\u00e9dica, los padres...<\/p>","protected":false},"author":1,"featured_media":11030,"parent":927,"menu_order":0,"comment_status":"closed","ping_status":"closed","template":"","meta":{"_acf_changed":false,"footnotes":""},"class_list":["post-2390","page","type-page","status-publish","has-post-thumbnail","hentry"],"acf":[],"_links":{"self":[{"href":"https:\/\/www.briskmanandbriskman.com\/es\/wp-json\/wp\/v2\/pages\/2390","targetHints":{"allow":["GET"]}}],"collection":[{"href":"https:\/\/www.briskmanandbriskman.com\/es\/wp-json\/wp\/v2\/pages"}],"about":[{"href":"https:\/\/www.briskmanandbriskman.com\/es\/wp-json\/wp\/v2\/types\/page"}],"author":[{"embeddable":true,"href":"https:\/\/www.briskmanandbriskman.com\/es\/wp-json\/wp\/v2\/users\/1"}],"replies":[{"embeddable":true,"href":"https:\/\/www.briskmanandbriskman.com\/es\/wp-json\/wp\/v2\/comments?post=2390"}],"version-history":[{"count":2,"href":"https:\/\/www.briskmanandbriskman.com\/es\/wp-json\/wp\/v2\/pages\/2390\/revisions"}],"predecessor-version":[{"id":11958,"href":"https:\/\/www.briskmanandbriskman.com\/es\/wp-json\/wp\/v2\/pages\/2390\/revisions\/11958"}],"up":[{"embeddable":true,"href":"https:\/\/www.briskmanandbriskman.com\/es\/wp-json\/wp\/v2\/pages\/927"}],"wp:featuredmedia":[{"embeddable":true,"href":"https:\/\/www.briskmanandbriskman.com\/es\/wp-json\/wp\/v2\/media\/11030"}],"wp:attachment":[{"href":"https:\/\/www.briskmanandbriskman.com\/es\/wp-json\/wp\/v2\/media?parent=2390"}],"curies":[{"name":"wp","href":"https:\/\/api.w.org\/{rel}","templated":true}]}}