{"id":2351,"date":"2014-06-19T00:09:31","date_gmt":"2014-06-19T00:09:31","guid":{"rendered":"https:\/\/www.briskmanandbriskman.com\/?page_id=2351"},"modified":"2024-03-15T02:00:37","modified_gmt":"2024-03-15T02:00:37","slug":"tengo-que-pagar-para-recibir-una-consulta-sobre-mi-caso-de-lesiones-personales","status":"publish","type":"page","link":"https:\/\/www.briskmanandbriskman.com\/es\/information-centers\/personal-injury\/do-i-have-to-pay-to-receive-a-consultation-about-my-personal-injury-case\/","title":{"rendered":"\u00bfTengo que pagar para recibir una consulta sobre mi caso de lesiones personales?"},"content":{"rendered":"<p><a href=\"https:\/\/www.briskmanandbriskman.com\/es\/centros-de-informacion\/danos-personales\/\">Volver a la p\u00e1gina principal del Centro de lesiones personales<\/a><\/p>\n\n\n\n<p>No. En <a href=\"https:\/\/www.briskmanandbriskman.com\/es\/\">Briskman Briskman &amp; Greenberg<\/a>No s\u00f3lo recibir\u00e1 una consulta gratuita, sino que no pagar\u00e1 nada a menos que ganemos su caso.<\/p>\n\n\n\n<p>Desconf\u00ede de los abogados que le piden honorarios por adelantado. La mayor\u00eda de los bufetes de abogados de lesiones personales operan sobre una base de honorarios de contingencia, y usted no debe esperar a pagar nada de su bolsillo para un abogado para revisar su caso. <\/p>\n\n\n\n<p>Todos nuestros <a href=\"https:\/\/www.briskmanandbriskman.com\/es\/\">da\u00f1os personales<\/a> y <a href=\"https:\/\/www.briskmanandbriskman.com\/es\/areas-de-practica\/indemnizacion-por-accidente-laboral\/\">casos de indemnizaci\u00f3n por accidente laboral<\/a> se tramitan sobre la base de honorarios condicionales. Esto significa que adelantamos todos los costes del litigio y asumimos todo el riesgo. En virtud de nuestros acuerdos de honorarios condicionales, si obtenemos un acuerdo favorable, una indemnizaci\u00f3n o un veredicto (tras el juicio o de otro modo), se nos reembolsan los costes adelantados y recibimos un porcentaje de la recuperaci\u00f3n.<\/p>\n\n\n\n<p>Si se ha lesionado por culpa de otro o en relaci\u00f3n con su trabajo, llame al Briskman Briskman &amp; Greenberg. Incluso ahora, usted puede estar pregunt\u00e1ndose si usted tiene un caso. Esa pregunta tan importante la responde mejor un abogado experimentado, y eso es exactamente lo que abordaremos durante su consulta. Nos tomaremos el tiempo necesario para conocer los hechos de su situaci\u00f3n e informarle de sus derechos, incluida la posibilidad de obtener una indemnizaci\u00f3n por sus lesiones a trav\u00e9s de una demanda. <a href=\"https:\/\/www.briskmanandbriskman.com\/es\/abogados-de-accidentes-de-camiones-en-chicago-2\/\">P\u00f3ngase en contacto con nosotros<\/a> para empezar. Y recuerde que explorar sus opciones con nosotros es gratis.<\/p>\n\n\n\n<h3 class=\"wp-block-heading\">Otros art\u00edculos sobre da\u00f1os personales<\/h3>\n\n\n<ul class=\"list-pages-shortcode sibling-pages\"><li class=\"page_item page-item-2348\"><a href=\"https:\/\/www.briskmanandbriskman.com\/es\/information-centers\/personal-injury\/can-i-fire-my-personal-injury-attorney\/\">\u00bfPuedo despedir a mi abogado de lesiones personales?<\/a><\/li>\n<li class=\"page_item page-item-1029\"><a href=\"https:\/\/www.briskmanandbriskman.com\/es\/information-centers\/personal-injury\/common-types-of-personal-injury-cases\/\">Tipos comunes de casos de lesiones personales en Chicago<\/a><\/li>\n<li class=\"page_item page-item-2351\"><a href=\"https:\/\/www.briskmanandbriskman.com\/es\/information-centers\/personal-injury\/do-i-have-to-pay-to-receive-a-consultation-about-my-personal-injury-case\/\">\u00bfTengo que pagar para recibir una consulta sobre mi caso de lesiones personales?<\/a><\/li>\n<li class=\"page_item page-item-1034\"><a href=\"https:\/\/www.briskmanandbriskman.com\/es\/information-centers\/personal-injury\/how-do-i-know-if-i-have-a-personal-injury-case\/\">\u00bfC\u00f3mo s\u00e9 si tengo una demanda por lesiones personales?<\/a><\/li>\n<li class=\"page_item page-item-697\"><a href=\"https:\/\/www.briskmanandbriskman.com\/es\/information-centers\/personal-injury\/how-much-is-my-case-worth\/\">\u00bfCu\u00e1nto vale mi caso de lesiones personales?<\/a><\/li>\n<li class=\"page_item page-item-694\"><a href=\"https:\/\/www.briskmanandbriskman.com\/es\/information-centers\/personal-injury\/how-long-will-my-case-last\/\">\u00bfDe cu\u00e1nto tiempo dispongo para presentar una demanda por lesiones personales en Chicago?<\/a><\/li>\n<li class=\"page_item page-item-3647\"><a href=\"https:\/\/www.briskmanandbriskman.com\/es\/information-centers\/personal-injury\/how-to-keep-your-loved-ones-safe-from-nursing-home-abuse-and-neglect\/\">C\u00f3mo proteger a sus seres queridos de los malos tratos y el abandono en residencias de ancianos<\/a><\/li>\n<li class=\"page_item page-item-1069\"><a href=\"https:\/\/www.briskmanandbriskman.com\/es\/information-centers\/personal-injury\/lawsuit-process\/\">\u00bfQu\u00e9 ocurre durante una demanda por lesiones personales?<\/a><\/li>\n<li class=\"page_item page-item-2355\"><a href=\"https:\/\/www.briskmanandbriskman.com\/es\/information-centers\/personal-injury\/what-is-a-contingency-fee\/\">\u00bfQu\u00e9 son los honorarios condicionales?<\/a><\/li>\n<li class=\"page_item page-item-2291\"><a href=\"https:\/\/www.briskmanandbriskman.com\/es\/information-centers\/personal-injury\/what-is-negligence\/\">\u00bfQu\u00e9 es la negligencia?<\/a><\/li>\n<li class=\"page_item page-item-2287\"><a href=\"https:\/\/www.briskmanandbriskman.com\/es\/information-centers\/personal-injury\/what-is-a-personal-injury\/\">\u00bfQu\u00e9 son los da\u00f1os personales?<\/a><\/li>\n<li class=\"page_item page-item-2542\"><a href=\"https:\/\/www.briskmanandbriskman.com\/es\/information-centers\/personal-injury\/what-you-should-know-about-traumatic-brain-injury\/\">Lo que debe saber sobre el da\u00f1o cerebral traum\u00e1tico<\/a><\/li>\n<\/ul>","protected":false},"excerpt":{"rendered":"<p>En Briskman Briskman &amp; Greenberg, no s\u00f3lo recibir\u00e1 una consulta gratuita, sino que no pagar\u00e1 nada a menos que ganemos su caso. Desconf\u00ede de los abogados de lesiones que le piden honorarios por adelantado. La mayor\u00eda de los bufetes de abogados de lesiones personales operan sobre una base de honorarios de contingencia, y usted no debe...<\/p>","protected":false},"author":1,"featured_media":0,"parent":924,"menu_order":0,"comment_status":"closed","ping_status":"open","template":"","meta":{"_acf_changed":false,"footnotes":""},"class_list":["post-2351","page","type-page","status-publish","hentry"],"acf":[],"_links":{"self":[{"href":"https:\/\/www.briskmanandbriskman.com\/es\/wp-json\/wp\/v2\/pages\/2351","targetHints":{"allow":["GET"]}}],"collection":[{"href":"https:\/\/www.briskmanandbriskman.com\/es\/wp-json\/wp\/v2\/pages"}],"about":[{"href":"https:\/\/www.briskmanandbriskman.com\/es\/wp-json\/wp\/v2\/types\/page"}],"author":[{"embeddable":true,"href":"https:\/\/www.briskmanandbriskman.com\/es\/wp-json\/wp\/v2\/users\/1"}],"replies":[{"embeddable":true,"href":"https:\/\/www.briskmanandbriskman.com\/es\/wp-json\/wp\/v2\/comments?post=2351"}],"version-history":[{"count":1,"href":"https:\/\/www.briskmanandbriskman.com\/es\/wp-json\/wp\/v2\/pages\/2351\/revisions"}],"predecessor-version":[{"id":11873,"href":"https:\/\/www.briskmanandbriskman.com\/es\/wp-json\/wp\/v2\/pages\/2351\/revisions\/11873"}],"up":[{"embeddable":true,"href":"https:\/\/www.briskmanandbriskman.com\/es\/wp-json\/wp\/v2\/pages\/924"}],"wp:attachment":[{"href":"https:\/\/www.briskmanandbriskman.com\/es\/wp-json\/wp\/v2\/media?parent=2351"}],"curies":[{"name":"wp","href":"https:\/\/api.w.org\/{rel}","templated":true}]}}