{"id":2348,"date":"2014-06-19T00:06:45","date_gmt":"2014-06-19T00:06:45","guid":{"rendered":"https:\/\/www.briskmanandbriskman.com\/?page_id=2348"},"modified":"2024-03-15T20:15:10","modified_gmt":"2024-03-15T20:15:10","slug":"puedo-despedir-a-mi-abogado-de-lesiones-personales","status":"publish","type":"page","link":"https:\/\/www.briskmanandbriskman.com\/es\/information-centers\/personal-injury\/can-i-fire-my-personal-injury-attorney\/","title":{"rendered":"\u00bfPuedo despedir a mi abogado de lesiones personales?"},"content":{"rendered":"<p><a href=\"https:\/\/www.briskmanandbriskman.com\/es\/centros-de-informacion\/danos-personales\/\">Volver a la p\u00e1gina principal del Centro de lesiones personales<\/a><\/p>\n\n\n\n<p>En circunstancias ideales, usted y su abogado cumplir\u00e1n sus obligaciones mutuas durante todo el per\u00edodo de representaci\u00f3n. Sin embargo, como en cualquier relaci\u00f3n, a veces surgen disputas y problemas. Usted tiene derecho a despedir a su abogado, y es f\u00e1cil hacerlo.<\/p>\n\n\n\n<p>Si existe una disputa entre usted y su abogado, y si los intentos de resolverla no han sido fruct\u00edferos, es posible que pueda obtener mejores resultados con otro abogado. Si cree que sus intereses pueden estar mejor atendidos por un nuevo abogado, <a href=\"https:\/\/www.briskmanandbriskman.com\/es\/abogados-de-accidentes-de-camiones-en-chicago-2\/\">p\u00f3ngase en contacto con<\/a> Briskman Briskman &amp; Greenberg. Evaluaremos con imparcialidad si cambiar de abogado le conviene y, en caso afirmativo, haremos todo lo posible para que la transici\u00f3n sea f\u00e1cil.<\/p>\n\n\n\n<p>Si decide contratar <a href=\"https:\/\/www.briskmanandbriskman.com\/es\/\">Briskman Briskman &amp; Greenberg<\/a>le guiaremos a trav\u00e9s del proceso de cambio de representaci\u00f3n. Por supuesto, firmar\u00e1 un acuerdo escrito de representaci\u00f3n con su nuevo abogado. Nos aseguraremos de que su antiguo abogado sea notificado de que ha sido dado de baja y no debe realizar m\u00e1s trabajo en su caso. Obtendremos los expedientes de su antiguo abogado.<\/p>\n\n\n\n<p>Usted puede tener derecho al reembolso de los honorarios pagados por adelantado y a\u00fan no devengados por el abogado, y su abogado anterior puede tener derecho a una indemnizaci\u00f3n por los gastos adelantados, as\u00ed como a una parte de los honorarios cuando se obtenga un acuerdo o una indemnizaci\u00f3n. Cuando consulte con nosotros, hablaremos de las consecuencias financieras de cambiar de representaci\u00f3n. Sin embargo, la contrataci\u00f3n de un nuevo abogado no le costar\u00e1 m\u00e1s dinero del que acord\u00f3 pagar en un principio.<\/p>\n\n\n\n<p>El tribunal y el abogado de la parte contraria tambi\u00e9n ser\u00e1n informados del cambio para que las notificaciones y la correspondencia puedan dirigirse al lugar adecuado. Dependiendo de lo avanzado que est\u00e9 el caso y de los plazos que se aproximen, es posible que su nuevo abogado desee solicitar un aplazamiento para disponer de m\u00e1s tiempo para preparar su caso.<\/p>\n\n\n\n<h3 class=\"wp-block-heading\">Otros art\u00edculos sobre da\u00f1os personales<\/h3>\n\n\n<ul class=\"list-pages-shortcode sibling-pages\"><li class=\"page_item page-item-2348\"><a href=\"https:\/\/www.briskmanandbriskman.com\/es\/information-centers\/personal-injury\/can-i-fire-my-personal-injury-attorney\/\">\u00bfPuedo despedir a mi abogado de lesiones personales?<\/a><\/li>\n<li class=\"page_item page-item-1029\"><a href=\"https:\/\/www.briskmanandbriskman.com\/es\/information-centers\/personal-injury\/common-types-of-personal-injury-cases\/\">Tipos comunes de casos de lesiones personales en Chicago<\/a><\/li>\n<li class=\"page_item page-item-2351\"><a href=\"https:\/\/www.briskmanandbriskman.com\/es\/information-centers\/personal-injury\/do-i-have-to-pay-to-receive-a-consultation-about-my-personal-injury-case\/\">\u00bfTengo que pagar para recibir una consulta sobre mi caso de lesiones personales?<\/a><\/li>\n<li class=\"page_item page-item-1034\"><a href=\"https:\/\/www.briskmanandbriskman.com\/es\/information-centers\/personal-injury\/how-do-i-know-if-i-have-a-personal-injury-case\/\">\u00bfC\u00f3mo s\u00e9 si tengo una demanda por lesiones personales?<\/a><\/li>\n<li class=\"page_item page-item-697\"><a href=\"https:\/\/www.briskmanandbriskman.com\/es\/information-centers\/personal-injury\/how-much-is-my-case-worth\/\">\u00bfCu\u00e1nto vale mi caso de lesiones personales?<\/a><\/li>\n<li class=\"page_item page-item-694\"><a href=\"https:\/\/www.briskmanandbriskman.com\/es\/information-centers\/personal-injury\/how-long-will-my-case-last\/\">\u00bfDe cu\u00e1nto tiempo dispongo para presentar una demanda por lesiones personales en Chicago?<\/a><\/li>\n<li class=\"page_item page-item-3647\"><a href=\"https:\/\/www.briskmanandbriskman.com\/es\/information-centers\/personal-injury\/how-to-keep-your-loved-ones-safe-from-nursing-home-abuse-and-neglect\/\">C\u00f3mo proteger a sus seres queridos de los malos tratos y el abandono en residencias de ancianos<\/a><\/li>\n<li class=\"page_item page-item-1069\"><a href=\"https:\/\/www.briskmanandbriskman.com\/es\/information-centers\/personal-injury\/lawsuit-process\/\">\u00bfQu\u00e9 ocurre durante una demanda por lesiones personales?<\/a><\/li>\n<li class=\"page_item page-item-2355\"><a href=\"https:\/\/www.briskmanandbriskman.com\/es\/information-centers\/personal-injury\/what-is-a-contingency-fee\/\">\u00bfQu\u00e9 son los honorarios condicionales?<\/a><\/li>\n<li class=\"page_item page-item-2291\"><a href=\"https:\/\/www.briskmanandbriskman.com\/es\/information-centers\/personal-injury\/what-is-negligence\/\">\u00bfQu\u00e9 es la negligencia?<\/a><\/li>\n<li class=\"page_item page-item-2287\"><a href=\"https:\/\/www.briskmanandbriskman.com\/es\/information-centers\/personal-injury\/what-is-a-personal-injury\/\">\u00bfQu\u00e9 son los da\u00f1os personales?<\/a><\/li>\n<li class=\"page_item page-item-2542\"><a href=\"https:\/\/www.briskmanandbriskman.com\/es\/information-centers\/personal-injury\/what-you-should-know-about-traumatic-brain-injury\/\">Lo que debe saber sobre el da\u00f1o cerebral traum\u00e1tico<\/a><\/li>\n<\/ul>","protected":false},"excerpt":{"rendered":"<p>Return to Personal Injury Center Main En circunstancias ideales, usted y su abogado cumplir\u00e1n sus obligaciones mutuas durante todo el per\u00edodo de representaci\u00f3n. Sin embargo, como en cualquier relaci\u00f3n, a veces surgen disputas y problemas. Usted tiene derecho a despedir a su abogado, y es f\u00e1cil hacerlo. Si hay una disputa entre...<\/p>","protected":false},"author":1,"featured_media":11470,"parent":924,"menu_order":0,"comment_status":"closed","ping_status":"open","template":"","meta":{"_acf_changed":false,"footnotes":""},"class_list":["post-2348","page","type-page","status-publish","has-post-thumbnail","hentry"],"acf":[],"_links":{"self":[{"href":"https:\/\/www.briskmanandbriskman.com\/es\/wp-json\/wp\/v2\/pages\/2348","targetHints":{"allow":["GET"]}}],"collection":[{"href":"https:\/\/www.briskmanandbriskman.com\/es\/wp-json\/wp\/v2\/pages"}],"about":[{"href":"https:\/\/www.briskmanandbriskman.com\/es\/wp-json\/wp\/v2\/types\/page"}],"author":[{"embeddable":true,"href":"https:\/\/www.briskmanandbriskman.com\/es\/wp-json\/wp\/v2\/users\/1"}],"replies":[{"embeddable":true,"href":"https:\/\/www.briskmanandbriskman.com\/es\/wp-json\/wp\/v2\/comments?post=2348"}],"version-history":[{"count":2,"href":"https:\/\/www.briskmanandbriskman.com\/es\/wp-json\/wp\/v2\/pages\/2348\/revisions"}],"predecessor-version":[{"id":11904,"href":"https:\/\/www.briskmanandbriskman.com\/es\/wp-json\/wp\/v2\/pages\/2348\/revisions\/11904"}],"up":[{"embeddable":true,"href":"https:\/\/www.briskmanandbriskman.com\/es\/wp-json\/wp\/v2\/pages\/924"}],"wp:featuredmedia":[{"embeddable":true,"href":"https:\/\/www.briskmanandbriskman.com\/es\/wp-json\/wp\/v2\/media\/11470"}],"wp:attachment":[{"href":"https:\/\/www.briskmanandbriskman.com\/es\/wp-json\/wp\/v2\/media?parent=2348"}],"curies":[{"name":"wp","href":"https:\/\/api.w.org\/{rel}","templated":true}]}}