{"id":2291,"date":"2014-05-21T00:45:58","date_gmt":"2014-05-21T00:45:58","guid":{"rendered":"https:\/\/www.briskmanandbriskman.com\/?page_id=2291"},"modified":"2024-03-15T20:19:41","modified_gmt":"2024-03-15T20:19:41","slug":"que-es-la-negligencia","status":"publish","type":"page","link":"https:\/\/www.briskmanandbriskman.com\/es\/information-centers\/personal-injury\/what-is-negligence\/","title":{"rendered":"\u00bfQu\u00e9 es la negligencia?"},"content":{"rendered":"<p><a href=\"https:\/\/www.briskmanandbriskman.com\/es\/centros-de-informacion\/danos-personales\/\">Volver a la p\u00e1gina principal del Centro de lesiones personales<\/a><\/p>\n\n\n\n<p>La negligencia es una causa de acci\u00f3n -o una parte del conjunto de hechos que hacen procedente una demanda- en pr\u00e1cticamente todos los <a href=\"https:\/\/www.briskmanandbriskman.com\/es\/\">da\u00f1os personales<\/a> casos. La negligencia se produce cuando una parte incumple su deber y causa da\u00f1os a otra.<\/p>\n\n\n\n<p>A menudo, ese \"deber\" es simplemente el deber de ejercer una diligencia razonable. Si alguien conduce sin cuidado, por ejemplo, enviando un mensaje de texto al volante, esa persona no est\u00e1 ejerciendo un cuidado razonable. Si el conductor negligente causa un <a href=\"https:\/\/www.briskmanandbriskman.com\/es\/areas-de-practica\/abogados-de-accidentes-de-camiones-en-chicago-2\/\">accidente de tr\u00e1fico<\/a>El conductor o su compa\u00f1\u00eda de seguros pueden ser responsables de las lesiones causadas.<\/p>\n\n\n\n<p>Las entidades (como las empresas) tambi\u00e9n pueden ser responsables por negligencia. Por ejemplo, una empresa puede no mantener su propiedad en condiciones de seguridad, y por ello alguien se lesiona en una ca\u00edda u otro accidente. Adem\u00e1s, una empresa es responsable subsidiaria de la negligencia de sus empleados si dicha negligencia se comete en el \u00e1mbito de su empleo. Una empresa tambi\u00e9n es culpable si impone una carga excesiva a sus empleados. <a href=\"https:\/\/www.briskmanandbriskman.com\/es\/areas-de-practica\/chicago-product-liability-attorney\/\">producto peligroso y defectuoso<\/a> en la corriente del comercio.<\/p>\n\n\n\n<p>Si el comportamiento negligente del demandado caus\u00f3 lesiones al demandante, entonces el demandado es responsable de los da\u00f1os y perjuicios. Se pueden conceder indemnizaciones monetarias por, entre otras cosas, los gastos m\u00e9dicos del demandante, los salarios perdidos, el dolor y el sufrimiento, la p\u00e9rdida de la vida normal, las costas judiciales y los honorarios del abogado.<\/p>\n\n\n\n<p>En muchas situaciones, ambas partes pueden haber actuado con negligencia, pero una de ellas tiene m\u00e1s culpa que la otra. Los accidentes de tr\u00e1fico suelen implicar este tipo de circunstancias. Para que un demandante gane un juicio y se le conceda una indemnizaci\u00f3n por da\u00f1os y perjuicios en el estado de Illinois, la parte de culpa del demandante debe ser del 50% o menos. La indemnizaci\u00f3n por da\u00f1os y perjuicios se reducir\u00e1 en funci\u00f3n del porcentaje de culpa del demandante.<\/p>\n\n\n\n<p>Seg\u00fan la ley Illinois, cuando m\u00e1s de un demandado causa da\u00f1os a un demandante, cada uno de ellos es responsable solidario del importe total de los gastos m\u00e9dicos del demandante. Cada demandado es responsable solidario de los da\u00f1os si tiene un 25% o m\u00e1s de culpa; los demandados que tienen menos del 25% de culpa s\u00f3lo son responsables en funci\u00f3n de su porcentaje de culpa.<\/p>\n\n\n\n<p>Si ha sufrido lesiones y cree que son consecuencia de la negligencia de otra persona, <a href=\"https:\/\/www.briskmanandbriskman.com\/es\/abogados-de-accidentes-de-camiones-en-chicago-2\/\">contacto Briskman Briskman &amp; Greenberg<\/a> para hablar de su caso.<\/p>\n\n\n\n<h3 class=\"wp-block-heading\">Otros art\u00edculos sobre da\u00f1os personales<\/h3>\n\n\n<ul class=\"list-pages-shortcode sibling-pages\"><li class=\"page_item page-item-2348\"><a href=\"https:\/\/www.briskmanandbriskman.com\/es\/information-centers\/personal-injury\/can-i-fire-my-personal-injury-attorney\/\">\u00bfPuedo despedir a mi abogado de lesiones personales?<\/a><\/li>\n<li class=\"page_item page-item-1029\"><a href=\"https:\/\/www.briskmanandbriskman.com\/es\/information-centers\/personal-injury\/common-types-of-personal-injury-cases\/\">Tipos comunes de casos de lesiones personales en Chicago<\/a><\/li>\n<li class=\"page_item page-item-2351\"><a href=\"https:\/\/www.briskmanandbriskman.com\/es\/information-centers\/personal-injury\/do-i-have-to-pay-to-receive-a-consultation-about-my-personal-injury-case\/\">\u00bfTengo que pagar para recibir una consulta sobre mi caso de lesiones personales?<\/a><\/li>\n<li class=\"page_item page-item-1034\"><a href=\"https:\/\/www.briskmanandbriskman.com\/es\/information-centers\/personal-injury\/how-do-i-know-if-i-have-a-personal-injury-case\/\">\u00bfC\u00f3mo s\u00e9 si tengo una demanda por lesiones personales?<\/a><\/li>\n<li class=\"page_item page-item-697\"><a href=\"https:\/\/www.briskmanandbriskman.com\/es\/information-centers\/personal-injury\/how-much-is-my-case-worth\/\">\u00bfCu\u00e1nto vale mi caso de lesiones personales?<\/a><\/li>\n<li class=\"page_item page-item-694\"><a href=\"https:\/\/www.briskmanandbriskman.com\/es\/information-centers\/personal-injury\/how-long-will-my-case-last\/\">\u00bfDe cu\u00e1nto tiempo dispongo para presentar una demanda por lesiones personales en Chicago?<\/a><\/li>\n<li class=\"page_item page-item-3647\"><a href=\"https:\/\/www.briskmanandbriskman.com\/es\/information-centers\/personal-injury\/how-to-keep-your-loved-ones-safe-from-nursing-home-abuse-and-neglect\/\">C\u00f3mo proteger a sus seres queridos de los malos tratos y el abandono en residencias de ancianos<\/a><\/li>\n<li class=\"page_item page-item-1069\"><a href=\"https:\/\/www.briskmanandbriskman.com\/es\/information-centers\/personal-injury\/lawsuit-process\/\">\u00bfQu\u00e9 ocurre durante una demanda por lesiones personales?<\/a><\/li>\n<li class=\"page_item page-item-2355\"><a href=\"https:\/\/www.briskmanandbriskman.com\/es\/information-centers\/personal-injury\/what-is-a-contingency-fee\/\">\u00bfQu\u00e9 son los honorarios condicionales?<\/a><\/li>\n<li class=\"page_item page-item-2291\"><a href=\"https:\/\/www.briskmanandbriskman.com\/es\/information-centers\/personal-injury\/what-is-negligence\/\">\u00bfQu\u00e9 es la negligencia?<\/a><\/li>\n<li class=\"page_item page-item-2287\"><a href=\"https:\/\/www.briskmanandbriskman.com\/es\/information-centers\/personal-injury\/what-is-a-personal-injury\/\">\u00bfQu\u00e9 son los da\u00f1os personales?<\/a><\/li>\n<li class=\"page_item page-item-2542\"><a href=\"https:\/\/www.briskmanandbriskman.com\/es\/information-centers\/personal-injury\/what-you-should-know-about-traumatic-brain-injury\/\">Lo que debe saber sobre el da\u00f1o cerebral traum\u00e1tico<\/a><\/li>\n<\/ul>","protected":false},"excerpt":{"rendered":"<p>Volver a la p\u00e1gina principal del Centro de lesiones personales La negligencia es una causa de acci\u00f3n -o una parte del conjunto de hechos que hacen procedente una demanda- en pr\u00e1cticamente todos los casos de lesiones personales. La negligencia se produce cuando una parte incumple su deber y causa da\u00f1o a otra. A menudo, ese \"deber\" es simplemente el deber de ejercer...<\/p>","protected":false},"author":1,"featured_media":11027,"parent":924,"menu_order":0,"comment_status":"closed","ping_status":"open","template":"","meta":{"_acf_changed":false,"footnotes":""},"class_list":["post-2291","page","type-page","status-publish","has-post-thumbnail","hentry"],"acf":[],"_links":{"self":[{"href":"https:\/\/www.briskmanandbriskman.com\/es\/wp-json\/wp\/v2\/pages\/2291","targetHints":{"allow":["GET"]}}],"collection":[{"href":"https:\/\/www.briskmanandbriskman.com\/es\/wp-json\/wp\/v2\/pages"}],"about":[{"href":"https:\/\/www.briskmanandbriskman.com\/es\/wp-json\/wp\/v2\/types\/page"}],"author":[{"embeddable":true,"href":"https:\/\/www.briskmanandbriskman.com\/es\/wp-json\/wp\/v2\/users\/1"}],"replies":[{"embeddable":true,"href":"https:\/\/www.briskmanandbriskman.com\/es\/wp-json\/wp\/v2\/comments?post=2291"}],"version-history":[{"count":1,"href":"https:\/\/www.briskmanandbriskman.com\/es\/wp-json\/wp\/v2\/pages\/2291\/revisions"}],"predecessor-version":[{"id":11885,"href":"https:\/\/www.briskmanandbriskman.com\/es\/wp-json\/wp\/v2\/pages\/2291\/revisions\/11885"}],"up":[{"embeddable":true,"href":"https:\/\/www.briskmanandbriskman.com\/es\/wp-json\/wp\/v2\/pages\/924"}],"wp:featuredmedia":[{"embeddable":true,"href":"https:\/\/www.briskmanandbriskman.com\/es\/wp-json\/wp\/v2\/media\/11027"}],"wp:attachment":[{"href":"https:\/\/www.briskmanandbriskman.com\/es\/wp-json\/wp\/v2\/media?parent=2291"}],"curies":[{"name":"wp","href":"https:\/\/api.w.org\/{rel}","templated":true}]}}