{"id":2289,"date":"2014-05-21T00:45:25","date_gmt":"2014-05-21T00:45:25","guid":{"rendered":"https:\/\/www.briskmanandbriskman.com\/?page_id=2289"},"modified":"2024-03-19T05:52:18","modified_gmt":"2024-03-19T05:52:18","slug":"tengo-un-caso-de-negligencia-medica","status":"publish","type":"page","link":"https:\/\/www.briskmanandbriskman.com\/es\/information-centers\/medical-malpractice-center\/do-i-have-a-medical-malpractice-case\/","title":{"rendered":"\u00bfTengo un caso de negligencia m\u00e9dica?"},"content":{"rendered":"<p><a href=\"https:\/\/www.briskmanandbriskman.com\/es\/centros-de-informacion\/centro-de-negligencias-medicas\/\">Volver a la p\u00e1gina principal del Centro de negligencias m\u00e9dicas<\/a><\/p>\n\n\n\n<p><a href=\"https:\/\/www.briskmanandbriskman.com\/es\/areas-de-practica\/negligencia-medica\/\">Negligencia m\u00e9dica<\/a>La negligencia profesional, un tipo de negligencia profesional, se produce cuando un m\u00e9dico, enfermero u otro profesional de la medicina infringe las normas adecuadas de atenci\u00f3n al dispensar tratamiento, con el consiguiente perjuicio para el paciente. Algunos ejemplos son los diagn\u00f3sticos err\u00f3neos, los retrasos injustificados en el tratamiento y los errores en la prescripci\u00f3n de medicamentos. Un proveedor puede no diagnosticar una enfermedad, realizar un procedimiento equivocado o realizarlo incorrectamente. Esta no es una lista exhaustiva, y la negligencia m\u00e9dica puede adoptar muchas formas.<\/p>\n\n\n\n<p>Es importante comprender que un mal resultado m\u00e9dico no significa necesariamente que se haya producido una negligencia. El personal m\u00e9dico tiene un deber para con sus pacientes y debe proporcionarles un alto nivel de atenci\u00f3n. En funci\u00f3n de las circunstancias particulares de cada caso, ese nivel de atenci\u00f3n se determina comparando la conducta del profesional m\u00e9dico con la conducta de profesionales m\u00e9dicos en situaci\u00f3n similar. Antes incluso de presentar una demanda, un experto m\u00e9dico, que ejerza en el mismo campo que el profesional m\u00e9dico demandado, debe certificar que la demanda tiene fundamento.<\/p>\n\n\n\n<p>En la mayor\u00eda de los casos, la violaci\u00f3n de la norma de atenci\u00f3n se presenta al jurado a trav\u00e9s de un testimonio m\u00e9dico experto. Los peritos deben ser licenciados y tener experiencia en el mismo campo que el demandado. En algunos casos, la negligencia puede ser tan obvia que no se requiere un testigo experto, pero esto es muy inusual. La negligencia profesional puede probarse mediante el interrogatorio del demandado. El demandante tambi\u00e9n puede presentar pruebas del uso adecuado de un medicamento, como demuestran las instrucciones del fabricante o las normas de autorizaci\u00f3n y acreditaci\u00f3n de un hospital. En algunos casos, el demandante s\u00f3lo necesita demostrar que la lesi\u00f3n se produjo bajo el cuidado del demandado y que la lesi\u00f3n no se habr\u00eda producido si el demandado hubiera ejercido un cuidado razonable.<\/p>\n\n\n\n<p>Si cree que puede tener un caso de negligencia m\u00e9dica, es importante que <a href=\"https:\/\/www.briskmanandbriskman.com\/es\/abogados-de-accidentes-de-camiones-en-chicago-2\/\">consulte con un abogado<\/a> que tenga conocimientos y experiencia en la materia. La negligencia m\u00e9dica es un campo del derecho con muchos aspectos altamente t\u00e9cnicos. El coste de litigar estos casos suele ser bastante alto, y las empresas de defensa trabajan duro para defender a sus clientes. Su abogado debe tener las habilidades y los recursos necesarios para llevar su caso hasta el mejor resultado posible para usted. Al igual que con todas las demandas por lesiones, los estatutos de limitaciones pueden aplicarse a su caso, por lo que es importante dar prioridad a una consulta con un abogado tan pronto como sea posible.<\/p>\n\n\n\n<h3 class=\"wp-block-heading\">Otros art\u00edculos sobre negligencia m\u00e9dica<\/h3>\n\n\n<ul class=\"list-pages-shortcode sibling-pages\"><li class=\"page_item page-item-2289\"><a href=\"https:\/\/www.briskmanandbriskman.com\/es\/information-centers\/medical-malpractice-center\/do-i-have-a-medical-malpractice-case\/\">\u00bfTengo un caso de negligencia m\u00e9dica?<\/a><\/li>\n<li class=\"page_item page-item-3668\"><a href=\"https:\/\/www.briskmanandbriskman.com\/es\/information-centers\/medical-malpractice-center\/medication-errors-are-more-common-than-you-may-think\/\">Los errores de medicaci\u00f3n son m\u00e1s frecuentes de lo que cree<\/a><\/li>\n<li class=\"page_item page-item-2390\"><a href=\"https:\/\/www.briskmanandbriskman.com\/es\/information-centers\/medical-malpractice-center\/most-common-types-of-birth-injuries\/\">Tipos m\u00e1s comunes de lesiones en el parto<\/a><\/li>\n<li class=\"page_item page-item-10283\"><a href=\"https:\/\/www.briskmanandbriskman.com\/es\/information-centers\/medical-malpractice-center\/what-happens-during-a-medical-malpractice-lawsuit-in-illinois\/\">\u00bfQu\u00e9 sucede durante una demanda por negligencia m\u00e9dica en Illinois?<\/a><\/li>\n<\/ul>","protected":false},"excerpt":{"rendered":"<p>Volver a la p\u00e1gina principal del Centro de Negligencias M\u00e9dicas Las negligencias m\u00e9dicas, un tipo de negligencia profesional, se producen cuando un m\u00e9dico, enfermero u otro proveedor de servicios m\u00e9dicos infringe las normas de atenci\u00f3n adecuadas al proporcionar tratamiento, lo que provoca da\u00f1os a un paciente. Algunos ejemplos son los diagn\u00f3sticos err\u00f3neos, los retrasos injustificados en el tratamiento y los errores en la prescripci\u00f3n de medicamentos. Un proveedor puede...<\/p>","protected":false},"author":1,"featured_media":0,"parent":927,"menu_order":0,"comment_status":"closed","ping_status":"open","template":"","meta":{"_acf_changed":false,"footnotes":""},"class_list":["post-2289","page","type-page","status-publish","hentry"],"acf":[],"_links":{"self":[{"href":"https:\/\/www.briskmanandbriskman.com\/es\/wp-json\/wp\/v2\/pages\/2289","targetHints":{"allow":["GET"]}}],"collection":[{"href":"https:\/\/www.briskmanandbriskman.com\/es\/wp-json\/wp\/v2\/pages"}],"about":[{"href":"https:\/\/www.briskmanandbriskman.com\/es\/wp-json\/wp\/v2\/types\/page"}],"author":[{"embeddable":true,"href":"https:\/\/www.briskmanandbriskman.com\/es\/wp-json\/wp\/v2\/users\/1"}],"replies":[{"embeddable":true,"href":"https:\/\/www.briskmanandbriskman.com\/es\/wp-json\/wp\/v2\/comments?post=2289"}],"version-history":[{"count":2,"href":"https:\/\/www.briskmanandbriskman.com\/es\/wp-json\/wp\/v2\/pages\/2289\/revisions"}],"predecessor-version":[{"id":11955,"href":"https:\/\/www.briskmanandbriskman.com\/es\/wp-json\/wp\/v2\/pages\/2289\/revisions\/11955"}],"up":[{"embeddable":true,"href":"https:\/\/www.briskmanandbriskman.com\/es\/wp-json\/wp\/v2\/pages\/927"}],"wp:attachment":[{"href":"https:\/\/www.briskmanandbriskman.com\/es\/wp-json\/wp\/v2\/media?parent=2289"}],"curies":[{"name":"wp","href":"https:\/\/api.w.org\/{rel}","templated":true}]}}