{"id":13786,"date":"2024-12-14T00:37:16","date_gmt":"2024-12-14T00:37:16","guid":{"rendered":"https:\/\/www.briskmanandbriskman.com\/?page_id=13786"},"modified":"2026-03-12T21:27:21","modified_gmt":"2026-03-12T21:27:21","slug":"abogados-de-accidentes-de-camiones","status":"publish","type":"page","link":"https:\/\/www.briskmanandbriskman.com\/es\/locations\/gurnee\/truck-accident-attorneys\/","title":{"rendered":"Gurnee Abogados de accidentes de camiones"},"content":{"rendered":"<h2 class=\"wp-block-heading\"><em>Gurnee Los abogados de accidentes de camiones luchan por los lesionados y sus familias<\/em><\/h2>\n\n\n\n<p><a href=\"https:\/\/www.briskmanandbriskman.com\/es\/areas-de-practica\/abogados-de-accidentes-de-camiones-en-chicago-2\/\">Colisiones de camiones<\/a> son acontecimientos que cambian la vida. Una colisi\u00f3n puede afectar permanentemente a su salud y poner patas arriba su planificaci\u00f3n financiera. Lo que empez\u00f3 como un d\u00eda normal acab\u00f3 con miedo, dolor e incertidumbre.<\/p>\n\n\n\n<p>En <a href=\"https:\/\/www.briskmanandbriskman.com\/es\/\">Briskman, Briskman Y Greenberg<\/a>Nuestros abogados de accidentes de camiones Gurnee tienen d\u00e9cadas de experiencia representando a v\u00edctimas de accidentes de camiones lesionados por la negligencia de los conductores de camiones, empresas de transporte por carretera, u otros en la carretera. <a href=\"https:\/\/www.briskmanandbriskman.com\/es\/nuestros-abogados\/\">Nuestros abogados<\/a> luchar para ganar la compensaci\u00f3n completa y justa que cada cliente merece. Como un bufete de abogados de propiedad familiar, tratamos a cada cliente con la compasi\u00f3n y la empat\u00eda que las familias merecen. Trabajamos incansablemente para lograr resultados exitosos en cada caso que manejamos.<\/p>\n\n\n\n<h3 class=\"wp-block-heading\">\u00bfCu\u00e1les son las causas de los accidentes de camiones Gurnee?<\/h3>\n\n\n\n<p>Seg\u00fan el Departamento de Transporte de Illinois (IDOT), hubo 11,178 colisiones que involucraron camiones grandes en Illinois en 2021. Estas incluyeron 103 colisiones mortales y 1.817 colisiones que causaron lesiones.&nbsp;<\/p>\n\n\n\n<p>Aunque los camioneros sufrieron graves lesiones y muertes, <a href=\"https:\/\/www.briskmanandbriskman.com\/es\/lugares\/gurnee\/abogados-de-accidentes-de-coche\/\">ocupantes de otros veh\u00edculos<\/a> ten\u00edan m\u00e1s probabilidades de resultar heridos o morir en estas colisiones. Las colisiones de camiones tambi\u00e9n causan una alta proporci\u00f3n de lesiones graves: mientras que solo el 3% de todas las colisiones que causaron lesiones implicaron a camiones grandes en 2021, el 14,6% de todas las lesiones graves se produjeron en colisiones de camiones.<\/p>\n\n\n\n<p>En 2021, <a href=\"https:\/\/www.briskmanandbriskman.com\/es\/lugares\/condado-del-lago\/abogados-de-accidentes-de-coche-2\/\">Lake County<\/a> se produjeron 11.174 accidentes de tr\u00e1fico, 36 de ellos mortales y 2.764 con heridos. En 308 accidentes, las personas sufrieron lesiones graves. Estas cifras incluyen los accidentes de camiones en Gurnee y las comunidades circundantes Lake County en 2021.&nbsp;&nbsp;<\/p>\n\n\n\n<p>Las causas comunes de los accidentes de camiones Gurnee incluyen:<\/p>\n\n\n\n<ul class=\"wp-block-list\">\n<li>Falta de atenci\u00f3n del conductor, distracci\u00f3n, somnolencia, descuido o intoxicaci\u00f3n,<\/li>\n\n\n\n<li>Mantenimiento negligente de un cami\u00f3n o de su equipo de seguridad,<\/li>\n\n\n\n<li>Carga incorrectamente cargada o asegurada,<\/li>\n\n\n\n<li>Defectos ocultos en equipos o piezas de camiones,&nbsp;<\/li>\n\n\n\n<li>Conducci\u00f3n negligente o descuidada de otros conductores que rodean al cami\u00f3n,<\/li>\n\n\n\n<li>Conducci\u00f3n inadecuada en condiciones meteorol\u00f3gicas adversas, zonas de trabajo y otras \u00e1reas que requieren m\u00e1s cuidado al manejar un veh\u00edculo.&nbsp;<\/li>\n<\/ul>\n\n\n\n<p>Otras causas tambi\u00e9n pueden desencadenar un accidente de cami\u00f3n. En muchos casos, una persona lesionada no podr\u00eda haber previsto o evitado la colisi\u00f3n.&nbsp;<\/p>\n\n\n\n<h3 class=\"wp-block-heading\">Identificar la culpa en un accidente de cami\u00f3n Gurnee<\/h3>\n\n\n\n<p>Illinois se basa en un sistema basado en la culpa para determinar las indemnizaciones por accidente de cami\u00f3n. Una persona lesionada debe demostrar que otra persona tiene la culpa de sus lesiones. Demostrar la culpa permite a la persona lesionada para presentar una reclamaci\u00f3n contra la p\u00f3liza de seguro de la parte culpable.&nbsp;<\/p>\n\n\n\n<p>La Administraci\u00f3n Nacional de Seguridad del Tr\u00e1fico en Carreteras (NHTSA) estima que un tercio de todas las colisiones de veh\u00edculos en todo el pa\u00eds implican alg\u00fan tipo de error del conductor. Algunos accidentes de cami\u00f3n pueden deberse a errores de otros conductores.&nbsp;<\/p>\n\n\n\n<p>Cuando esto ocurre, el perjudicado puede reclamar una indemnizaci\u00f3n. Sin embargo, sus da\u00f1os totales ser\u00e1n reducidos por el porcentaje de culpa asignado a la persona lesionada. Usted no puede recuperar los da\u00f1os si se le asigna m\u00e1s del 50 por ciento de la culpa del accidente.&nbsp;<\/p>\n\n\n\n<p>He aqu\u00ed un ejemplo. En un accidente de cami\u00f3n, un conductor herido sufre $100.000 en da\u00f1os totales. Un jurado considera que el conductor tuvo un 20% de culpa en el accidente y el camionero un 80%. El conductor lesionado puede recibir $80.000 en concepto de da\u00f1os y perjuicios: los $100.000 originales menos $20.000, es decir, el 20%.&nbsp;<\/p>\n\n\n\n<p>Determinar la culpa en un accidente de cami\u00f3n puede ser un reto. A <a href=\"https:\/\/www.briskmanandbriskman.com\/es\/nuestros-abogados\/paul-a-greenberg\/\">abogado experto en accidentes de cami\u00f3n Gurnee<\/a> puede ayudarle a desenvolverse en este complejo \u00e1mbito del Derecho.&nbsp;<\/p>\n\n\n\n<h3 class=\"wp-block-heading\">Da\u00f1os y perjuicios que puede reclamar un abogado en una demanda por accidente de cami\u00f3n Gurnee<\/h3>\n\n\n\n<p>En una demanda por accidente de cami\u00f3n se suelen reclamar dos categor\u00edas de da\u00f1os: econ\u00f3micos y no econ\u00f3micos.&nbsp;<\/p>\n\n\n\n<p>Los da\u00f1os econ\u00f3micos se centran en las p\u00e9rdidas a las que se puede asignar una cifra concreta. Entre ellas se incluyen las facturas m\u00e9dicas pasadas y futuras, los da\u00f1os materiales y los salarios perdidos si sus lesiones le impiden trabajar.&nbsp;<\/p>\n\n\n\n<p>Los da\u00f1os no econ\u00f3micos se centran en p\u00e9rdidas que son m\u00e1s dif\u00edciles de cuantificar, pero que son reales. Entre ellos se incluyen la angustia emocional, el dolor y el sufrimiento, y la p\u00e9rdida de actividades de las que sol\u00eda disfrutar.&nbsp;<\/p>\n\n\n\n<p>Cuando una empresa de transporte o un conductor cometen una falta imprudente o intencionada, un tribunal Illinois puede considerar la posibilidad de conceder da\u00f1os punitivos. Los da\u00f1os punitivos env\u00edan un mensaje de que el comportamiento de la otra parte es intolerable en una sociedad civilizada. Un abogado puede ayudarle a determinar si en su caso puede concederse una indemnizaci\u00f3n punitiva.&nbsp;<\/p>\n\n\n\n<h3 class=\"wp-block-heading\">Tipos comunes de lesiones por accidente de cami\u00f3n Gurnee<\/h3>\n\n\n\n<p>Truck crashes can cause a wide range of injuries. While some minor injuries heal completely, many moderate and severe injuries leave lingering or permanent problems with pain, mobility, or scarring. Some <a href=\"https:\/\/www.briskmanandbriskman.com\/es\/lugares\/gurnee\/abogado-de-muerte-por-negligencia\/\">injuries are so severe they cause death<\/a>.\u00a0<\/p>\n\n\n\n<p>Las lesiones comunes en accidentes de cami\u00f3n incluyen:<\/p>\n\n\n\n<ul class=\"wp-block-list\">\n<li><a href=\"https:\/\/www.briskmanandbriskman.com\/es\/areas-de-practica\/abogados-de-chicago-especializados-en-lesiones-cerebrales\/\">Lesiones cerebrales<\/a>incluyendo <a href=\"https:\/\/www.briskmanandbriskman.com\/es\/centros-de-informacion\/danos-personales\/lo-que-debe-saber-sobre-el-traumatismo-craneoencefalico\/\">lesiones cerebrales traum\u00e1ticas (TBI)<\/a><\/li>\n\n\n\n<li>Lesiones medulares como latigazo cervical, hernia o da\u00f1os en la m\u00e9dula espinal<\/li>\n\n\n\n<li>Huesos rotos<\/li>\n\n\n\n<li>Laceraciones&nbsp;<\/li>\n\n\n\n<li>Da\u00f1os en tejidos blandos, nervios y \u00f3rganos<\/li>\n\n\n\n<li>Quemaduras<\/li>\n\n\n\n<li>Hemorragia interna<\/li>\n<\/ul>\n\n\n\n<p>Tambi\u00e9n pueden producirse lesiones psicol\u00f3gicas, como el trastorno de estr\u00e9s postraum\u00e1tico (TEPT) tras un accidente de tr\u00e1fico. Estas lesiones tambi\u00e9n son reales y requieren un tratamiento adecuado. Una indemnizaci\u00f3n completa y justa tendr\u00e1 en cuenta tanto su salud mental y emocional como su estado f\u00edsico.&nbsp;<\/p>\n\n\n\n<h3 class=\"wp-block-heading\">Primeros pasos cruciales tras un accidente de cami\u00f3n Gurnee<\/h3>\n\n\n\n<p>Despu\u00e9s de un accidente de cami\u00f3n, es importante actuar con rapidez para proteger tanto su seguridad como sus derechos legales. Siga estos pasos lo mejor que pueda.&nbsp;<\/p>\n\n\n\n<ul class=\"wp-block-list\">\n<li><strong>Busca ayuda. <\/strong>Llama al 911 para solicitar asistencia m\u00e9dica. Llama a la polic\u00eda para informar del accidente y aseg\u00farate de que la escena queda documentada. Obt\u00e9n una copia del informe policial si no la tienes.&nbsp;<\/li>\n\n\n\n<li><strong>Obtenga tratamiento m\u00e9dico inmediatamente. <\/strong>En caso de urgencia, es posible que te lleven a un servicio de urgencias. Si no recibiste tratamiento inmediatamente despu\u00e9s del accidente, acude al m\u00e9dico lo antes posible. Guarda copias de las notas del m\u00e9dico, facturas y dem\u00e1s documentaci\u00f3n relacionada con tu tratamiento.&nbsp;<\/li>\n\n\n\n<li><strong>Documenta el accidente. <\/strong>Haz fotos, dibuja un diagrama, graba un v\u00eddeo o toma notas de voz sobre lo que has vivido. Pide ayuda a los transe\u00fantes y obt\u00e9n su informaci\u00f3n de contacto.&nbsp;<\/li>\n\n\n\n<li><strong>P\u00f3ngase en contacto con su compa\u00f1\u00eda de seguros <\/strong>y notif\u00edqueles el accidente. Cuando lo hagas, habla s\u00f3lo de los hechos: qu\u00e9 pas\u00f3, d\u00f3nde y cu\u00e1ndo, y lo que dijo tu m\u00e9dico sobre tus lesiones. Habla con un abogado antes de hacer una declaraci\u00f3n oficial o grabada.<\/li>\n\n\n\n<li><strong>Conserve copias de toda la documentaci\u00f3n. <\/strong>Guarda copias de las facturas m\u00e9dicas, talones de pago, facturas de la gr\u00faa y cualquier otra factura, recibo u otra documentaci\u00f3n relacionada con tu accidente o tus lesiones. Guarde estos documentos juntos en un lugar seguro. Considere la posibilidad de hacer copias tanto en papel como digitales. Esta informaci\u00f3n puede ayudarle a demostrar el alcance total de su necesidad de indemnizaci\u00f3n.&nbsp;&nbsp;<\/li>\n<\/ul>\n\n\n\n<p>Si no pudo tomar una o varias de estas medidas inmediatamente despu\u00e9s de un accidente, <a href=\"https:\/\/www.briskmanandbriskman.com\/es\/abogados-de-accidentes-de-camiones-en-chicago-2\/\">contacte con un abogado experto en accidentes de cami\u00f3n Gurnee<\/a>. Su abogado puede ayudarle a obtener la informaci\u00f3n necesaria.&nbsp;<\/p>\n\n\n\n<h3 class=\"wp-block-heading\">C\u00f3mo manejar las compa\u00f1\u00edas de seguros despu\u00e9s de un accidente de cami\u00f3n Gurnee<\/h3>\n\n\n\n<p>Despu\u00e9s de un accidente de cami\u00f3n Gurnee, es posible que tenga que hablar con una compa\u00f1\u00eda de seguros para presentar una reclamaci\u00f3n. Si lo hace, at\u00e9ngase a los hechos del accidente. Hable de la hora, la fecha y el lugar, c\u00f3mo chocaron los veh\u00edculos y cu\u00e1l fue el diagn\u00f3stico que le dio el m\u00e9dico.&nbsp;<\/p>\n\n\n\n<p>No admitas la culpa. Aunque pienses que t\u00fa causaste el accidente, puede haber hechos de los que a\u00fan no dispongas que demuestren lo contrario. No aceptes una declaraci\u00f3n grabada, ya que en el futuro pueden aparecer m\u00e1s datos que cambien tu descripci\u00f3n del accidente o de tus lesiones.&nbsp;<\/p>\n\n\n\n<p>Saber qu\u00e9 decir y c\u00f3mo decirlo puede ser complejo, sobre todo si no tiene mucha experiencia con reclamaciones de seguros. Recuerda que las aseguradoras intentar\u00e1n utilizar lo que digas para reducir la cantidad que tienen que pagar.&nbsp;<\/p>\n\n\n\n<p>Tratar con las aseguradoras tras un accidente de cami\u00f3n puede ser especialmente dif\u00edcil. En un accidente de cami\u00f3n, distintas compa\u00f1\u00edas de seguros pueden cubrir al conductor, a la empresa de transporte y a la empresa que carg\u00f3 o sujet\u00f3 la carga. A\u00f1adir las compa\u00f1\u00edas de seguros a la mezcla hace que un caso sea m\u00e1s complejo. Las aseguradoras pueden retrasar su reclamaci\u00f3n mientras intentan pasarse la responsabilidad de sus facturas unas a otras.&nbsp;<\/p>\n\n\n\n<p>Un abogado especializado en accidentes de cami\u00f3n Gurnee puede ayudarle a comunicarse eficazmente con las compa\u00f1\u00edas de seguros. Su abogado se encargar\u00e1 de las negociaciones con el seguro para que usted pueda centrarse en la curaci\u00f3n de sus lesiones. Si una compa\u00f1\u00eda de seguros se niega a darle un acuerdo que pueda aceptar, un abogado con experiencia puede llevar su caso a juicio para luchar por la compensaci\u00f3n total y justa que se merece.&nbsp;<\/p>\n\n\n\n<h3 class=\"wp-block-heading\">Plazos para reclamar por accidente de cami\u00f3n Gurnee<\/h3>\n\n\n\n<p>La \"ley de prescripci\u00f3n\" del Illinois establece un plazo estricto para la presentaci\u00f3n de solicitudes. <a href=\"https:\/\/www.briskmanandbriskman.com\/es\/lugares\/gurnee\/abogados-de-danos-personales\/\">demandas por lesiones personales<\/a> despu\u00e9s de un accidente de cami\u00f3n. En el Illinois, una persona lesionada en una colisi\u00f3n de camiones tiene dos a\u00f1os a partir de la fecha del accidente para presentar una reclamaci\u00f3n por lesiones. Si la reclamaci\u00f3n no se presenta en el plazo de dos a\u00f1os, no se puede presentar ante los tribunales - y la persona lesionada pierde una importante oportunidad de recibir una indemnizaci\u00f3n.<\/p>\n\n\n\n<p>Existen algunas excepciones al l\u00edmite de dos a\u00f1os, pero son estrechas. Hable con un abogado con experiencia en accidentes de camiones Gurnee tan pronto como sea posible. Un abogado se asegurar\u00e1 de que su reclamaci\u00f3n se presente a tiempo. Si el l\u00edmite de dos a\u00f1os ya ha pasado, un abogado puede ayudarle a entender sus opciones restantes para la compensaci\u00f3n.&nbsp;<\/p>\n\n\n\n<h2 class=\"wp-block-heading\">P\u00f3ngase en contacto hoy mismo con Briskman, Briskman y Greenberg<\/h2>\n\n\n\n<p>Si ha sufrido lesiones en un accidente de cami\u00f3n debido a la negligencia de otra persona, p\u00f3ngase en contacto con el <a href=\"https:\/\/www.briskmanandbriskman.com\/es\/areas-de-practica\/abogados-de-accidentes-de-camiones-en-chicago-2\/\">abogados expertos en accidentes de cami\u00f3n Gurnee en Briskman Briskman &amp; Greenberg<\/a> hoy para una consulta gratuita y confidencial. Estamos disponibles para responder a sus preguntas y explorar sus opciones para recuperar la compensaci\u00f3n despu\u00e9s de un accidente grave.<\/p>","protected":false},"excerpt":{"rendered":"<p>Gurnee Los abogados de accidentes de camiones luchan por las personas lesionadas y sus familias Las colisiones de camiones son eventos que cambian la vida. Una colisi\u00f3n puede afectar permanentemente su salud y poner patas arriba su planificaci\u00f3n financiera. Lo que empez\u00f3 como un d\u00eda normal termin\u00f3 con miedo, dolor e incertidumbre. En Briskman, Briskman &amp; Greenberg, nuestros abogados de accidentes de cami\u00f3n Gurnee tienen d\u00e9cadas de experiencia representando...<\/p>","protected":false},"author":1,"featured_media":0,"parent":7224,"menu_order":0,"comment_status":"closed","ping_status":"closed","template":"","meta":{"_acf_changed":false,"footnotes":""},"class_list":["post-13786","page","type-page","status-publish","hentry"],"acf":[],"_links":{"self":[{"href":"https:\/\/www.briskmanandbriskman.com\/es\/wp-json\/wp\/v2\/pages\/13786","targetHints":{"allow":["GET"]}}],"collection":[{"href":"https:\/\/www.briskmanandbriskman.com\/es\/wp-json\/wp\/v2\/pages"}],"about":[{"href":"https:\/\/www.briskmanandbriskman.com\/es\/wp-json\/wp\/v2\/types\/page"}],"author":[{"embeddable":true,"href":"https:\/\/www.briskmanandbriskman.com\/es\/wp-json\/wp\/v2\/users\/1"}],"replies":[{"embeddable":true,"href":"https:\/\/www.briskmanandbriskman.com\/es\/wp-json\/wp\/v2\/comments?post=13786"}],"version-history":[{"count":4,"href":"https:\/\/www.briskmanandbriskman.com\/es\/wp-json\/wp\/v2\/pages\/13786\/revisions"}],"predecessor-version":[{"id":17969,"href":"https:\/\/www.briskmanandbriskman.com\/es\/wp-json\/wp\/v2\/pages\/13786\/revisions\/17969"}],"up":[{"embeddable":true,"href":"https:\/\/www.briskmanandbriskman.com\/es\/wp-json\/wp\/v2\/pages\/7224"}],"wp:attachment":[{"href":"https:\/\/www.briskmanandbriskman.com\/es\/wp-json\/wp\/v2\/media?parent=13786"}],"curies":[{"name":"wp","href":"https:\/\/api.w.org\/{rel}","templated":true}]}}