{"id":13778,"date":"2024-12-14T00:22:27","date_gmt":"2024-12-14T00:22:27","guid":{"rendered":"https:\/\/www.briskmanandbriskman.com\/?page_id=13778"},"modified":"2026-03-12T21:25:43","modified_gmt":"2026-03-12T21:25:43","slug":"abogados-de-mordeduras-de-perro","status":"publish","type":"page","link":"https:\/\/www.briskmanandbriskman.com\/es\/locations\/gurnee\/dog-bite-lawyers\/","title":{"rendered":"Gurnee Abogados de mordeduras de perro"},"content":{"rendered":"<h2 class=\"wp-block-heading\"><em>Los abogados expertos en mordeduras de perro Gurnee est\u00e1n de su lado en cada paso del camino<\/em><\/h2>\n\n\n\n<p>Puede que los perros sean \"el mejor amigo del hombre\", pero tambi\u00e9n son animales que han sido criados durante siglos con ciertos instintos, incluido el de morder si se sienten amenazados o atacados. Cualquier perro puede morder, y <a href=\"https:\/\/www.briskmanandbriskman.com\/es\/areas-de-practica\/abogado-de-mordedura-de-perro-chicago\/\">cualquier mordedura de perro puede causar lesiones graves<\/a>.&nbsp;<\/p>\n\n\n\n<p>Illinois es uno de los estados con m\u00e1s demandas por mordeduras de perro. Si usted ha sido herido por una mordedura de perro en Gurnee, hable con un <a href=\"https:\/\/www.briskmanandbriskman.com\/es\/lugares\/gurnee\/abogados-de-danos-personales\/\">abogado con experiencia en mordeduras de perro en Gurney<\/a> hoy. El equipo de <a href=\"https:\/\/www.briskmanandbriskman.com\/es\/\">Briskman, Briskman Y Greenberg<\/a> puede ayudar.&nbsp;<\/p>\n\n\n\n<h3 class=\"wp-block-heading\">\u00bfQu\u00e9 frecuencia tienen las demandas por mordedura de perro Gurnee?<\/h3>\n\n\n\n<p>En Illinois, las reclamaciones por mordeduras de perro son comunes. Un estudio de State Farm descubri\u00f3 que en 2022, Illinois ocup\u00f3 el s\u00e9ptimo lugar en EE. UU. en reclamaciones por mordeduras de perro. En ese a\u00f1o, se presentaron 729 demandas por mordeduras de perro, lo que supuso $49 millones en indemnizaciones pagadas por el seguro.&nbsp;<\/p>\n\n\n\n<p>Illinois tambi\u00e9n ocupa el s\u00e9ptimo lugar en la clasificaci\u00f3n del Servicio Postal de Estados Unidos (USPS) por <a href=\"https:\/\/www.briskmanandbriskman.com\/es\/areas-de-practica\/abogado-de-mordedura-de-perro-chicago\/usps-abogados-de-mordeduras-de-perro\/\">lesiones por mordedura de perro a trabajadores de correos<\/a>. En 2021, Chicago ocup\u00f3 el octavo lugar entre las ciudades de EE.UU. por el n\u00famero de ataques de mordeduras de perro. Las mordeduras de perro tambi\u00e9n son frecuentes en comunidades vinculadas a Chicago, incluidas Gurnee y otras en <a href=\"https:\/\/www.briskmanandbriskman.com\/es\/lugares\/condado-del-lago\/abogado-de-mordedura-de-perro-2\/\">Lake County<\/a>. Illinois sigue registrando altos \u00edndices de lesiones por mordedura de perro a pesar de tener uno de los \u00edndices m\u00e1s bajos de propiedad de perros de EE.UU. S\u00f3lo alrededor del 31% de los hogares Illinois tienen un perro, seg\u00fan la Asociaci\u00f3n M\u00e9dica Veterinaria Americana.&nbsp;<\/p>\n\n\n\n<p>Cualquier perro puede morder, y cualquier ser humano puede ser mordido. Sin embargo, los ni\u00f1os peque\u00f1os son estad\u00edsticamente m\u00e1s propensos a sufrir mordeduras de perro. Aproximadamente el 27% de todas las lesiones por mordedura de perro se producen en ni\u00f1os de 9 a\u00f1os o menos. Aproximadamente el 57% de los que mueren por ataques de perro tienen 16 a\u00f1os o menos. <a href=\"https:\/\/www.briskmanandbriskman.com\/es\/areas-de-practica\/abogado-de-mordedura-de-perro-chicago\/chicago-nino-mordedura-de-perro-abogado\/\">Los ni\u00f1os tambi\u00e9n tienen m\u00e1s probabilidades de sufrir lesiones graves<\/a>El 80% de las mordeduras graves de perro en ni\u00f1os se producen en la cabeza, el cuello o la cara.&nbsp;<\/p>\n\n\n\n<h3 class=\"wp-block-heading\">Determinaci\u00f3n de la culpa en un caso de mordedura de perro Gurnee<\/h3>\n\n\n\n<p>Illinois se adhiere a un <a href=\"https:\/\/www.briskmanandbriskman.com\/es\/centros-de-informacion\/centro-de-mordeduras-de-perro\/que-es-la-responsabilidad-objetiva-en-un-caso-de-mordedura-de-perro\/\">\"norma de \"responsabilidad objetiva<\/a> para las demandas por mordedura de perro. Esta norma hace responsable al due\u00f1o de un perro siempre que \u00e9ste cause da\u00f1os a otra persona, aunque el perro nunca antes haya actuado de forma agresiva. El propietario es responsable siempre que la v\u00edctima est\u00e9 \"comport\u00e1ndose pac\u00edficamente en cualquier lugar donde pueda estar legalmente\", seg\u00fan la ley de mordeduras de perro del Illinois.&nbsp;<\/p>\n\n\n\n<p>En la pr\u00e1ctica, esto significa que el propietario de un perro puede incurrir en falta por no adoptar las medidas ordinarias para sujetarlo o proteger a otras personas, entre otras:<\/p>\n\n\n\n<ul class=\"wp-block-list\">\n<li>Llevar al perro con correa,<\/li>\n\n\n\n<li>Instalar vallas adecuadas, cierres de puertas y otros elementos para mantener al perro en su casa o patio, o<\/li>\n\n\n\n<li>Colocar se\u00f1ales de advertencia para alertar a los transe\u00fantes de la presencia de un perro.&nbsp;<\/li>\n<\/ul>\n\n\n\n<p>Los lesionados por mordeduras de perro en el Gurnee deben aportar \"hechos plausibles\" que demuestren que el due\u00f1o incumpli\u00f3 su responsabilidad de sujetar al perro o advertir a los dem\u00e1s sobre \u00e9l. En <a href=\"https:\/\/www.briskmanandbriskman.com\/es\/areas-de-practica\/abogado-de-mordedura-de-perro-chicago\/como-ser-un-dueno-responsable\/\">\"propietario\" puede ser cualquier persona responsable del perro<\/a>Por ejemplo, si el perro se lo queda un amigo o lo deja vagar por su jard\u00edn.&nbsp;<\/p>\n\n\n\n<h3 class=\"wp-block-heading\">\u00bfDe cu\u00e1nto tiempo dispongo para presentar una demanda por mordedura de perro Gurnee?<\/h3>\n\n\n\n<figure class=\"wp-block-image size-large\"><a href=\"https:\/\/www.briskmanandbriskman.com\/es\/infografia\/guide-to-the-dog-bite-lawsuit-process\/\"><img loading=\"lazy\" decoding=\"async\" width=\"1024\" height=\"743\" src=\"https:\/\/www.briskmanandbriskman.com\/wp-content\/uploads\/2025\/09\/Guide-to-the-Dog-Bite-Lawsuit-Process-Infographic-Thumbnail-1024x743.jpg\" alt=\"Guide to the Dog Bite Lawsuit Process Infographic Thumbnail\" class=\"wp-image-15316\" title=\"\" srcset=\"https:\/\/www.briskmanandbriskman.com\/wp-content\/uploads\/2025\/09\/Guide-to-the-Dog-Bite-Lawsuit-Process-Infographic-Thumbnail-1024x743.jpg 1024w, https:\/\/www.briskmanandbriskman.com\/wp-content\/uploads\/2025\/09\/Guide-to-the-Dog-Bite-Lawsuit-Process-Infographic-Thumbnail-300x218.jpg 300w, https:\/\/www.briskmanandbriskman.com\/wp-content\/uploads\/2025\/09\/Guide-to-the-Dog-Bite-Lawsuit-Process-Infographic-Thumbnail-768x557.jpg 768w, https:\/\/www.briskmanandbriskman.com\/wp-content\/uploads\/2025\/09\/Guide-to-the-Dog-Bite-Lawsuit-Process-Infographic-Thumbnail-18x12.jpg 18w, https:\/\/www.briskmanandbriskman.com\/wp-content\/uploads\/2025\/09\/Guide-to-the-Dog-Bite-Lawsuit-Process-Infographic-Thumbnail-150x109.jpg 150w, https:\/\/www.briskmanandbriskman.com\/wp-content\/uploads\/2025\/09\/Guide-to-the-Dog-Bite-Lawsuit-Process-Infographic-Thumbnail.jpg 1200w\" sizes=\"auto, (max-width: 1024px) 100vw, 1024px\" \/><\/a><\/figure>\n\n\n\n<p>En Illinois, <a href=\"https:\/\/www.briskmanandbriskman.com\/es\/lugares\/gurnee\/abogados-de-danos-personales\/\">reclamaciones por da\u00f1os personales<\/a> normalmente debe presentarse en el plazo de dos a\u00f1os a partir de la fecha de la lesi\u00f3n. Esta norma se llama \"prescripci\u00f3n\". El plazo que establece es estricto.&nbsp;<\/p>\n\n\n\n<p>Si no se presenta una demanda por mordedura de perro en el plazo de dos a\u00f1os a partir de la fecha de la lesi\u00f3n, la persona lesionada pierde la oportunidad de presentar su demanda ante un tribunal. Esto significa que la persona lesionada no puede ir a juicio para probar la culpa o los da\u00f1os. Tambi\u00e9n significa que la persona lesionada pierde la oportunidad de utilizar la promesa de una demanda como palanca en las negociaciones de un acuerdo con el due\u00f1o del perro o la compa\u00f1\u00eda de seguros.&nbsp;<\/p>\n\n\n\n<p>Existen algunas excepciones a la regla de los dos a\u00f1os, pero s\u00f3lo se aplican en contadas circunstancias. <a href=\"https:\/\/www.briskmanandbriskman.com\/es\/abogados-de-accidentes-de-camiones-en-chicago-2\/\">Hable con un abogado experto en mordeduras de perro Gurnee<\/a> lo antes posible.&nbsp;<\/p>\n\n\n\n<h3 class=\"wp-block-heading\">Lesiones comunes en un caso de mordedura de perro Gurnee<\/h3>\n\n\n\n<p>Dog bites are rarely <a href=\"https:\/\/www.briskmanandbriskman.com\/es\/lugares\/gurnee\/abogado-de-muerte-por-negligencia\/\">fatal<\/a>, but they frequently cause permanent scarring and damage. <a href=\"https:\/\/www.briskmanandbriskman.com\/es\/areas-de-practica\/abogado-de-mordedura-de-perro-chicago\/lesiones-comunes-por-mordeduras-de-perro\/\">Lesiones comunes causadas por mordeduras de perro<\/a> incluyen:<\/p>\n\n\n\n<ul class=\"wp-block-list\">\n<li>Laceraciones y heridas punzantes,<\/li>\n\n\n\n<li>Da\u00f1os en la piel, los m\u00fasculos y los nervios,<\/li>\n\n\n\n<li>Infecciones, que pueden llegar a ser peligrosas, y<\/li>\n\n\n\n<li>Cicatrices y desfiguraci\u00f3n.&nbsp;<\/li>\n<\/ul>\n\n\n\n<p>Tambi\u00e9n son frecuentes las lesiones psicol\u00f3gicas, como s\u00edntomas de estr\u00e9s postraum\u00e1tico o un miedo persistente a los perros. Los ni\u00f1os son especialmente propensos a desarrollar un fuerte miedo a los perros <a href=\"https:\/\/www.briskmanandbriskman.com\/es\/areas-de-practica\/abogado-de-mordedura-de-perro-chicago\/que-hacer-tras-una-mordedura-de-perro\/\">tras el ataque de un perro<\/a>.&nbsp;<\/p>\n\n\n\n<p>En algunas situaciones, un perro no muerde a una persona. La persona resulta herida de otra forma. Por ejemplo, puede ser ara\u00f1ada por las garras del perro. Una persona tirada al suelo por un perro tambi\u00e9n puede sufrir lesiones.&nbsp;<\/p>\n\n\n\n<p>Estas lesiones tambi\u00e9n pueden indemnizarse en una demanda por mordedura o ataque de perro. Para otras lesiones relacionadas con perros se aplican las mismas normas que para las mordeduras de perro. Hable con un abogado experto en lesiones por ataque de perro Gurnee para obtener m\u00e1s informaci\u00f3n.&nbsp;<\/p>\n\n\n\n<h3 class=\"wp-block-heading\">Da\u00f1os y perjuicios en una demanda por mordedura de perro Gurnee<\/h3>\n\n\n\n<p>La mayor\u00eda de las demandas por lesiones personales persiguen dos categor\u00edas de da\u00f1os: Da\u00f1os econ\u00f3micos y no econ\u00f3micos. Las demandas por mordedura de perro suelen buscar ambas categor\u00edas de da\u00f1os.&nbsp;<\/p>\n\n\n\n<p>Entre los ejemplos de indemnizaci\u00f3n por da\u00f1os y perjuicios en una demanda por mordedura de perro Gurnee se incluyen:<\/p>\n\n\n\n<ul class=\"wp-block-list\">\n<li><strong>Facturas m\u00e9dicas. <\/strong>Los costes de <a href=\"https:\/\/www.briskmanandbriskman.com\/es\/2023\/07\/por-que-las-facturas-medicas-tras-una-mordedura-de-perro-pueden-ser-tan-costosas\/\">tratamiento m\u00e9dico tras una mordedura de perro<\/a> suelen incluirse en una reclamaci\u00f3n de da\u00f1os por mordedura de perro. Su reclamaci\u00f3n tambi\u00e9n puede incluir los costes de cualquier atenci\u00f3n m\u00e9dica futura que pueda necesitar, como asesoramiento para tratar los s\u00edntomas de estr\u00e9s postraum\u00e1tico, cirug\u00edas adicionales o medicamentos para tratar el dolor nervioso causado por una mordedura de perro.&nbsp;<\/li>\n\n\n\n<li><strong>Salarios perdidos. <\/strong>Si una mordedura de perro le impidi\u00f3 ir a trabajar, puede solicitar una indemnizaci\u00f3n por los salarios que perdi\u00f3 mientras se recuperaba de la lesi\u00f3n.&nbsp;<\/li>\n\n\n\n<li><strong>Da\u00f1os materiales. <\/strong>En algunos casos, el ataque de un perro provoca da\u00f1os materiales. Si esto ocurre, puedes solicitar una indemnizaci\u00f3n por los da\u00f1os materiales en una reclamaci\u00f3n por mordedura de perro Gurnee.&nbsp;<\/li>\n<\/ul>\n\n\n\n<p>Estos son ejemplos de da\u00f1os \"econ\u00f3micos\": p\u00e9rdidas f\u00e1ciles de cuantificar con recibos, facturas y otros documentos que demuestren exactamente cu\u00e1nto dinero gast\u00f3 o perdi\u00f3 como consecuencia de la mordedura de perro.&nbsp;<\/p>\n\n\n\n<p>Los da\u00f1os \"no econ\u00f3micos\" le compensan por p\u00e9rdidas que no son tan f\u00e1ciles de cuantificar. Las p\u00e9rdidas no econ\u00f3micas comunes en una demanda por mordedura de perro Gurnee incluyen:<\/p>\n\n\n\n<ul class=\"wp-block-list\">\n<li><strong>Dolor y sufrimiento. <\/strong>Las mordeduras de perro pueden ser extremadamente dolorosas. Estos da\u00f1os le compensan por el dolor y el sufrimiento que ya ha padecido. La indemnizaci\u00f3n por el dolor y el sufrimiento que sufrir\u00e1 en el futuro tambi\u00e9n puede formar parte de esta reclamaci\u00f3n.&nbsp;<\/li>\n\n\n\n<li><strong>Angustia psicol\u00f3gica. <\/strong>El estr\u00e9s postraum\u00e1tico, la ansiedad y la depresi\u00f3n, y el miedo a los perros son comunes despu\u00e9s de un ataque de perro. Estos da\u00f1os ayudan a compensarle por la p\u00e9rdida de la confianza y la tranquilidad que ten\u00eda antes de que se produjera la mordedura de perro.<\/li>\n\n\n\n<li><strong>P\u00e9rdida de disfrute de las actividades. <\/strong>Si sus lesiones le impiden realizar actividades o aficiones de las que antes disfrutaba, estas indemnizaciones pretenden compensarle por esa p\u00e9rdida.&nbsp;<\/li>\n\n\n\n<li><strong>Cicatrices y desfiguraci\u00f3n. <\/strong><a href=\"https:\/\/www.briskmanandbriskman.com\/es\/areas-de-practica\/abogado-de-mordedura-de-perro-chicago\/tipos-de-cicatrices-de-mordeduras-de-perro\/\">Las mordeduras de perro pueden dejar cicatrices importantes<\/a>. La indemnizaci\u00f3n por la angustia emocional y la dificultad para hacer frente a las reacciones de otras personas a sus cicatrices es una forma de indemnizaci\u00f3n no econ\u00f3mica a menudo disponible en una demanda por mordedura de perro.<\/li>\n<\/ul>\n\n\n\n<p>Otras p\u00e9rdidas tambi\u00e9n pueden ser compensadas por una demanda por mordedura de perro. Un abogado con experiencia en lesiones por mordedura de perro Gurnee puede ayudarle a evaluar el alcance total de sus p\u00e9rdidas y luchar por la indemnizaci\u00f3n que se merece.&nbsp;<\/p>\n\n\n\n<h3 class=\"wp-block-heading\">Por qu\u00e9 debe contratar a un abogado con experiencia en mordeduras de perro<\/h3>\n\n\n\n<p>Navegar por <a href=\"https:\/\/www.briskmanandbriskman.com\/es\/areas-de-practica\/abogado-de-mordedura-de-perro-chicago\/leyes-sobre-mordeduras-de-perro\/\">Illinois' leyes sobre mordeduras de perro<\/a> puede ser complejo. Es a\u00fan m\u00e1s dif\u00edcil cuando ya se ha sufrido una lesi\u00f3n grave. Muchos residentes del Illinois tienen poca experiencia con los tribunales y no saben por d\u00f3nde empezar a buscar la indemnizaci\u00f3n que necesitan.&nbsp;<\/p>\n\n\n\n<p>Cuando <a href=\"https:\/\/www.briskmanandbriskman.com\/es\/la-garantia-briskman\/\">trabajar con un abogado experto en mordeduras de perro Gurnee<\/a>...ganas un aliado que puede..:<\/p>\n\n\n\n<ul class=\"wp-block-list\">\n<li><strong>Ofrecerle una evaluaci\u00f3n honesta de su caso. <\/strong>Las compa\u00f1\u00edas de seguros suelen minimizar los da\u00f1os porque intentan proteger sus propios resultados. El due\u00f1o de un perro intentar\u00e1 restar importancia a los da\u00f1os sufridos o alegar que usted tuvo la culpa porque quiere protegerse a s\u00ed mismo y a su mascota. Su abogado est\u00e1 de su lado y puede darle una opini\u00f3n sincera sobre las posibilidades y dificultades a las que se enfrenta.&nbsp;<\/li>\n\n\n\n<li><strong>Igualar las condiciones. <\/strong>Los seguros son un negocio con \u00e1nimo de lucro. Esto significa que las compa\u00f1\u00edas de seguros intentan pagar lo menos posible. Son expertos en utilizar su conocimiento de la ley Illinois para inclinar los hechos a su favor. Un abogado puede nivelar el campo de juego, asegur\u00e1ndose de que su lado es plena y equitativamente escuchado.<\/li>\n<\/ul>\n\n\n\n<p><strong>Construya un caso s\u00f3lido para obtener una indemnizaci\u00f3n completa y justa. <\/strong>Investigar el ataque, negociar con las compa\u00f1\u00edas de seguros y proteger sus derechos legales son tareas dif\u00edciles cuando usted tambi\u00e9n est\u00e1 lesionado. Su abogado puede hacer frente a estas tareas para usted, centr\u00e1ndose en una imagen completa de los hechos que conduce a un acuerdo completo, justo o veredicto por sus p\u00e9rdidas.&nbsp;<\/p>\n\n\n\n<p>La ley de prescripci\u00f3n de dos a\u00f1os le da poco tiempo para empezar a perseguir su caso. Hable con un abogado experimentado lo antes posible para iniciar el proceso.&nbsp;<\/p>\n\n\n\n<h2 class=\"wp-block-heading\">P\u00f3ngase en contacto con los abogados con experiencia en lesiones por mordedura de perro Gurnee, Briskman y Greenberg<\/h2>\n\n\n\n<p>En <a href=\"https:\/\/www.briskmanandbriskman.com\/es\/areas-de-practica\/abogado-de-mordedura-de-perro-chicago\/\">abogados especializados en mordeduras de perro Gurnee en Briskman Briskman &amp; Greenberg<\/a> Entendemos que es dif\u00edcil conseguir una indemnizaci\u00f3n por mordedura de perro. Usted est\u00e1 luchando para recuperarse de una lesi\u00f3n grave, a menudo aterradora. Tratar con las compa\u00f1\u00edas de seguros y pensar en demandas puede parecer demasiado.&nbsp;<\/p>\n\n\n\n<p>Sin embargo, usted merece una indemnizaci\u00f3n. Por eso <a href=\"https:\/\/www.briskmanandbriskman.com\/es\/consulta-gratuita\/\">Briskman Briskman &amp; Greenberg ofrece consultas gratuitas<\/a> para los heridos por mordedura de perro en Gurnee. Tomamos casos de mordedura de perro en una base de contingencia, lo que significa que s\u00f3lo nos paga si no recuperamos compensaci\u00f3n para usted.&nbsp;<\/p>\n\n\n\n<p>Para saber m\u00e1s, <a href=\"https:\/\/www.briskmanandbriskman.com\/es\/abogados-de-accidentes-de-camiones-en-chicago-2\/\">contacte con nosotros<\/a> para programar una consulta gratuita y confidencial con <a href=\"https:\/\/www.briskmanandbriskman.com\/es\/nuestros-abogados\/\">uno de nuestros abogados expertos en mordeduras de perro Gurnee<\/a>.<\/p>","protected":false},"excerpt":{"rendered":"<p>Abogados con experiencia en mordeduras de perro Gurnee est\u00e1n de su lado en cada paso del camino Los perros pueden ser \"el mejor amigo del hombre\", pero tambi\u00e9n son animales que han sido criados durante siglos con ciertos instintos - incluyendo el instinto de morder si se sienten amenazados o atacados. Cualquier perro puede morder, y cualquier mordedura de perro puede causar...<\/p>","protected":false},"author":1,"featured_media":0,"parent":7224,"menu_order":0,"comment_status":"closed","ping_status":"closed","template":"","meta":{"_acf_changed":false,"footnotes":""},"class_list":["post-13778","page","type-page","status-publish","hentry"],"acf":[],"_links":{"self":[{"href":"https:\/\/www.briskmanandbriskman.com\/es\/wp-json\/wp\/v2\/pages\/13778","targetHints":{"allow":["GET"]}}],"collection":[{"href":"https:\/\/www.briskmanandbriskman.com\/es\/wp-json\/wp\/v2\/pages"}],"about":[{"href":"https:\/\/www.briskmanandbriskman.com\/es\/wp-json\/wp\/v2\/types\/page"}],"author":[{"embeddable":true,"href":"https:\/\/www.briskmanandbriskman.com\/es\/wp-json\/wp\/v2\/users\/1"}],"replies":[{"embeddable":true,"href":"https:\/\/www.briskmanandbriskman.com\/es\/wp-json\/wp\/v2\/comments?post=13778"}],"version-history":[{"count":8,"href":"https:\/\/www.briskmanandbriskman.com\/es\/wp-json\/wp\/v2\/pages\/13778\/revisions"}],"predecessor-version":[{"id":17963,"href":"https:\/\/www.briskmanandbriskman.com\/es\/wp-json\/wp\/v2\/pages\/13778\/revisions\/17963"}],"up":[{"embeddable":true,"href":"https:\/\/www.briskmanandbriskman.com\/es\/wp-json\/wp\/v2\/pages\/7224"}],"wp:attachment":[{"href":"https:\/\/www.briskmanandbriskman.com\/es\/wp-json\/wp\/v2\/media?parent=13778"}],"curies":[{"name":"wp","href":"https:\/\/api.w.org\/{rel}","templated":true}]}}