{"id":13684,"date":"2024-10-11T22:44:44","date_gmt":"2024-10-11T22:44:44","guid":{"rendered":"https:\/\/www.briskmanandbriskman.com\/?page_id=13684"},"modified":"2024-10-11T22:44:48","modified_gmt":"2024-10-11T22:44:48","slug":"abogados-de-accidentes-de-camiones","status":"publish","type":"page","link":"https:\/\/www.briskmanandbriskman.com\/es\/locations\/champaign-personal-injury-attorneys\/truck-accident-attorneys\/","title":{"rendered":"Champaign Abogados de accidentes de camiones"},"content":{"rendered":"<p>Cuando usted est\u00e1 conduciendo en las carreteras de Illinois, especialmente alrededor de Champaign, compartir la carretera con grandes camiones es inevitable. Mientras que la mayor\u00eda de los conductores de camiones son h\u00e1biles y cautelosos, el gran tama\u00f1o y peso de estos veh\u00edculos puede conducir a accidentes devastadores cuando las cosas van mal. Si usted o un ser querido ha sido <a href=\"https:\/\/www.briskmanandbriskman.com\/es\/areas-de-practica\/abogados-de-accidentes-de-camiones-en-chicago-2\/\">herido en accidente de cami\u00f3n<\/a>es fundamental que conozca sus derechos legales. En <a href=\"https:\/\/www.briskmanandbriskman.com\/es\/\">Briskman Briskman &amp; Greenberg<\/a>Nuestros abogados con experiencia en accidentes de camiones en Champaign est\u00e1n aqu\u00ed para ayudarle a navegar por el complejo panorama legal y luchar por la compensaci\u00f3n que se merece.<\/p>\n\n\n\n<h3 class=\"wp-block-heading\">La comprensi\u00f3n de los accidentes de camiones en Champaign<\/h3>\n\n\n\n<p>Los accidentes de camiones no son s\u00f3lo incidentes de tr\u00e1fico comunes; implican din\u00e1micas intrincadas y desaf\u00edos legales \u00fanicos. En Champaign, los accidentes de camiones pueden ser el resultado de varios factores, incluyendo la fatiga del conductor, conducci\u00f3n negligente, carga mal cargada, fallos mec\u00e1nicos y condiciones peligrosas de la carretera.<\/p>\n\n\n\n<p>Illinois tuvo 11,922 accidentes de camiones que involucraron tractores con remolque en 2022, lo que representa el 4 por ciento de todos los accidentes en el estado. Seg\u00fan el Departamento de Transporte de Illinois (IDOT), Champaign tuvo alrededor de 54 accidentes de cami\u00f3n ese a\u00f1o.<\/p>\n\n\n\n<p>\u00bfSe ha preguntado alguna vez por qu\u00e9 los accidentes de cami\u00f3n suelen causar lesiones m\u00e1s graves que los accidentes de coche? Los accidentes de camiones son peligrosos principalmente debido al tama\u00f1o de los camiones, que pueden pesar hasta 80,000 libras cuando est\u00e1n completamente cargados. En 2022, el IDOT descubri\u00f3 que 76 ocupantes de tractocamiones sufrieron lesiones en comparaci\u00f3n con 256 ocupantes de otros veh\u00edculos durante las colisiones.<\/p>\n\n\n\n<h3 class=\"wp-block-heading\">\u00bfQu\u00e9 causa los accidentes de camiones en Champaign?<\/h3>\n\n\n\n<p>Cada siniestro de accidente de cami\u00f3n es diferente. Sin embargo, algunas causas se denuncian con m\u00e1s frecuencia que otras. La negligencia de las empresas de transporte irresponsables o conductores de camiones distra\u00eddos es a menudo un factor en los accidentes de camiones que causan lesiones.<\/p>\n\n\n\n<ul class=\"wp-block-list\">\n<li><strong>Conducci\u00f3n fatigada:<\/strong> Los camioneros suelen trabajar muchas horas para cumplir plazos ajustados, <a href=\"https:\/\/www.briskmanandbriskman.com\/es\/2023\/04\/como-la-fatiga-del-conductor-puede-causar-accidentes-de-camiones-chicago\/\">que conduce al agotamiento<\/a>. La fatiga puede ralentizar los tiempos de reacci\u00f3n, alterar el juicio e incluso hacer que los conductores se queden dormidos al volante, lo que aumenta el riesgo de accidentes.<\/li>\n\n\n\n<li><strong>Conducci\u00f3n distra\u00edda:<\/strong> Ajustar el GPS, comer mientras se conduce o utilizar un smartphone desv\u00eda la atenci\u00f3n de la carretera. Incluso un <a href=\"https:\/\/www.briskmanandbriskman.com\/es\/2011\/11\/los-accidentes-de-camion-pueden-producirse-en-cuestion-de-segundos-por-distracciones-al-volante\/\">una distracci\u00f3n moment\u00e1nea puede provocar un accidente grave<\/a> al conducir un cami\u00f3n grande.<\/li>\n\n\n\n<li><strong>Conductores inexpertos o mal formados:<\/strong> Manejar un cami\u00f3n grande requiere habilidades y conocimientos especializados. Los conductores que carecen de la formaci\u00f3n o la experiencia adecuadas son m\u00e1s propensos a cometer errores, como giros inadecuados, calcular mal las distancias de frenado o corregir en exceso en situaciones de emergencia.<\/li>\n\n\n\n<li><strong>Puntos ciegos:<\/strong> Los camiones tienen grandes \u00e1ngulos muertos. Cuando otros veh\u00edculos circulan por esas zonas, los conductores de camiones pueden no verlos y provocar colisiones accidentales al cambiar de carril o girar.<\/li>\n\n\n\n<li><strong>Carga inadecuada:<\/strong> Los camiones deben cargarse correctamente para evitar que la carga se desplace durante el tr\u00e1nsito. Si la carga est\u00e1 desequilibrada o supera los l\u00edmites de peso, el cami\u00f3n puede ser m\u00e1s dif\u00edcil de controlar, lo que aumenta la probabilidad de accidentes por vuelco o plegamiento.<\/li>\n\n\n\n<li><strong>Aver\u00edas mec\u00e1nicas:<\/strong> Un mal mantenimiento de los camiones, como frenos defectuosos, neum\u00e1ticos desgastados o sistemas de direcci\u00f3n que no funcionan correctamente, puede provocar accidentes. Las empresas de transporte por carretera son responsables de garantizar el mantenimiento adecuado de sus veh\u00edculos.<\/li>\n<\/ul>\n\n\n\n<h3 class=\"wp-block-heading\">Lesiones por accidente de cami\u00f3n<\/h3>\n\n\n\n<p>Los accidentes de cami\u00f3n pueden provocar lesiones catastr\u00f3ficas, como da\u00f1os en la m\u00e9dula espinal, <a href=\"https:\/\/www.briskmanandbriskman.com\/es\/areas-de-practica\/abogados-de-chicago-especializados-en-lesiones-cerebrales\/\">lesiones cerebrales traum\u00e1ticas<\/a> e incluso mortales. Junto con lesiones dolorosas, es probable que resulten en cargas financieras significativas debido a los gastos m\u00e9dicos, p\u00e9rdida de ingresos y costos de rehabilitaci\u00f3n. Por eso es esencial contar con un abogado especializado en accidentes de cami\u00f3n en Champaign que entienda los retos espec\u00edficos que conlleva y pueda ofrecerle la representaci\u00f3n legal que necesita.<\/p>\n\n\n\n<p>Los accidentes de tractor-remolque representan el 3,1% de todos los accidentes de tr\u00e1fico. <a href=\"https:\/\/www.briskmanandbriskman.com\/es\/areas-de-practica\/abogados-de-accidentes-de-camiones-en-chicago-2\/\">accidentes con heridos en Illinois<\/a>. Adem\u00e1s, el 13,6% de todas las lesiones en este tipo de accidentes son lesiones A. Las lesiones A son <a href=\"https:\/\/www.briskmanandbriskman.com\/es\/2024\/06\/descifrar-chicago-accidentes-de-coche-capacitante-vs-lesiones-incapacitantes\/\">lesiones incapacitantes<\/a> que impiden a la v\u00edctima de un accidente realizar con normalidad sus actividades cotidianas, como caminar o conducir. Algunos ejemplos son las lesiones abdominales, las fracturas de miembros, las lesiones tor\u00e1cicas, las lesiones craneales o las laceraciones graves.<\/p>\n\n\n\n<h3 class=\"wp-block-heading\">La indemnizaci\u00f3n que merece<\/h3>\n\n\n\n<p>Los accidentes de cami\u00f3n pueden tener consecuencias que cambian la vida, y la presentaci\u00f3n de un <a href=\"https:\/\/www.briskmanandbriskman.com\/es\/lugares\/champaign-abogados-de-lesiones-personales\/\">reclamaci\u00f3n por da\u00f1os personales<\/a> puede ayudarle a obtener una indemnizaci\u00f3n. La indemnizaci\u00f3n por accidente de cami\u00f3n puede cubrir diversos da\u00f1os, como gastos m\u00e9dicos, lucro cesante y dolor y sufrimiento. Pero, \u00bfc\u00f3mo calcular con precisi\u00f3n estos da\u00f1os?<\/p>\n\n\n\n<p><a href=\"https:\/\/www.briskmanandbriskman.com\/es\/por-que-contratar-a-un-abogado\/\">Nuestros abogados expertos en accidentes de cami\u00f3n en Champaign<\/a> trabajan en estrecha colaboraci\u00f3n con profesionales de la medicina, expertos financieros y planificadores de atenci\u00f3n vitalicia para evaluar plenamente el alcance de sus lesiones y p\u00e9rdidas. Nos esforzamos por garantizar que todos los aspectos de su sufrimiento, tanto econ\u00f3micos como no econ\u00f3micos, se tengan en cuenta en la indemnizaci\u00f3n que reciba.<\/p>\n\n\n\n<p>Por otra parte, si el accidente de cami\u00f3n result\u00f3 en la muerte injusta de un ser querido, estamos aqu\u00ed para apoyarle en la b\u00fasqueda de un <a href=\"https:\/\/www.briskmanandbriskman.com\/es\/areas-de-practica\/muerte-por-negligencia\/\">reclamaci\u00f3n por muerte injusta<\/a> para buscar justicia en nombre de su familia. De 2021 a 2022, Illinois vio un aumento del 31,4 por ciento en las muertes resultantes de accidentes de tractores con remolque.<\/p>\n\n\n\n<h3 class=\"wp-block-heading\">Consideraciones clave en casos de accidentes de cami\u00f3n<\/h3>\n\n\n\n<p>La responsabilidad por accidente de cami\u00f3n es a menudo compleja y puede implicar a m\u00faltiples partes, incluido el conductor del cami\u00f3n, la empresa de transporte o incluso el fabricante del veh\u00edculo. Determinar la responsabilidad requiere una investigaci\u00f3n exhaustiva y la comprensi\u00f3n de las regulaciones estatales y federales que rigen la industria del transporte por carretera.<\/p>\n\n\n\n<p>Nuestros abogados de accidentes de cami\u00f3n en Champaign destacan en la disecci\u00f3n de las complejidades de estos casos y en la identificaci\u00f3n de las partes negligentes. Briskman Briskman &amp; Greenberg analiza meticulosamente los informes de accidentes, revisa los registros de los conductores de camiones y colabora con expertos en reconstrucci\u00f3n de accidentes. Adem\u00e1s, examinamos el cumplimiento de las normas de seguridad por parte de la empresa de camiones, que puede ser un factor importante para determinar la culpa. Con un escrutinio tan exhaustivo, nuestro objetivo es establecer un caso claro y convincente que asegure la compensaci\u00f3n a la que usted tiene derecho.<\/p>\n\n\n\n<h3 class=\"wp-block-heading\">Pasos a seguir despu\u00e9s de un accidente de cami\u00f3n Champaign<\/h3>\n\n\n\n<p>En el desafortunado caso de un accidente de cami\u00f3n, sabiendo los pasos correctos a tomar puede afectar significativamente su capacidad para recuperar los da\u00f1os. Aqu\u00ed hay algunas acciones cr\u00edticas a considerar inmediatamente despu\u00e9s de un accidente de cami\u00f3n en Champaign:<\/p>\n\n\n\n<ol class=\"wp-block-list\">\n<li>En primer lugar, aseg\u00farate de que todos los implicados en el accidente de cami\u00f3n est\u00e1n a salvo y llama a los servicios de emergencia. Comprueba si hay heridos.<\/li>\n\n\n\n<li>Informa del accidente a la polic\u00eda. Un informe policial proporciona un relato oficial del accidente de cami\u00f3n, que puede ser \u00fatil para las reclamaciones al seguro y los procedimientos judiciales. Sea educado, pero evite hablar de la culpa en el lugar del accidente. Las declaraciones realizadas inmediatamente despu\u00e9s del accidente pueden ser utilizadas en su contra m\u00e1s adelante.<\/li>\n\n\n\n<li>Documenta el lugar del accidente haciendo fotos con tu tel\u00e9fono, por ejemplo del estado de la carretera, las marcas de derrape y los da\u00f1os del veh\u00edculo.<\/li>\n\n\n\n<li>Re\u00fana los datos de contacto de los testigos, que pueden ser muy valiosos para construir su caso. Obt\u00e9n tambi\u00e9n los datos de contacto, seguro y veh\u00edculo del conductor del cami\u00f3n y de cualquier otra parte implicada.<\/li>\n\n\n\n<li>Aseg\u00farate de buscar atenci\u00f3n m\u00e9dica, aunque las lesiones parezcan leves en un principio. La adrenalina puede enmascarar el dolor inmediatamente despu\u00e9s de un accidente.<\/li>\n\n\n\n<li>Tras abordar los problemas de seguridad m\u00e1s acuciantes, <a href=\"https:\/\/www.briskmanandbriskman.com\/es\/abogados-de-accidentes-de-camiones-en-chicago-2\/\">ponerse en contacto con un abogado de accidente de cami\u00f3n Champaign<\/a> lo antes posible. Un asesoramiento jur\u00eddico temprano puede evitar errores costosos y ayudar a preservar pruebas cruciales. En Briskman Briskman &amp; Greenberg, nos dedicamos a proporcionar asistencia r\u00e1pida y profesional para guiarle a trav\u00e9s de este dif\u00edcil momento.<\/li>\n<\/ol>\n\n\n\n<h3 class=\"wp-block-heading\">Champaign Accidente de Cami\u00f3n Preguntas Frecuentes<\/h3>\n\n\n\n<h4 class=\"wp-block-heading\">\u00bfQu\u00e9 debo hacer si el perito de la compa\u00f1\u00eda de camiones se pone en contacto conmigo?<\/h4>\n\n\n\n<p>Si el perito de la compa\u00f1\u00eda de camiones se pone en contacto contigo, s\u00e9 prudente. Su objetivo es minimizar la cantidad que tienen que pagar, y podr\u00edan utilizar sus declaraciones en su contra. Le aconsejamos no proporcionar declaraciones grabadas o firmar cualquier documento sin consultar a su abogado de accidente de cami\u00f3n Champaign primero.<\/p>\n\n\n\n<h4 class=\"wp-block-heading\">\u00bfCu\u00e1l es el plazo para presentar una demanda por accidente de cami\u00f3n en Illinois?<\/h4>\n\n\n\n<p>En Illinois, el estatuto de limitaciones para reclamaciones de accidentes de camiones es t\u00edpicamente dos a\u00f1os desde la fecha del accidente. Sin embargo, las circunstancias espec\u00edficas pueden alterar este plazo, por lo que es esencial consultar con un abogado de accidente de cami\u00f3n Champaign con prontitud para asegurar que sus derechos est\u00e1n protegidos.<\/p>\n\n\n\n<h4 class=\"wp-block-heading\">\u00bfY si tengo parte de culpa en el accidente de cami\u00f3n?<\/h4>\n\n\n\n<p>En el Illinois se aplica una norma de negligencia comparativa modificada, lo que significa que a\u00fan puede optar a una indemnizaci\u00f3n si tiene menos del 50% de la culpa del accidente. Sus da\u00f1os, sin embargo, pueden ser reducidos de acuerdo a su porcentaje de culpa. Nuestros abogados expertos analizar\u00e1n los detalles de su caso para minimizar cualquier culpa atribuida a usted, maximizando su recuperaci\u00f3n potencial.<\/p>\n\n\n\n<h3 class=\"wp-block-heading\">Por qu\u00e9 usted necesita un abogado de accidente de cami\u00f3n Champaign<\/h3>\n\n\n\n<p>Navegar por las secuelas de un accidente de cami\u00f3n puede ser abrumador, especialmente cuando se trata de compa\u00f1\u00edas de seguros y empresas de transporte por carretera. \u00bfSab\u00eda usted que las compa\u00f1\u00edas de camiones a menudo tienen equipos de abogados que trabajan para proteger sus intereses? Aqu\u00ed es donde tener un abogado experimentado en accidentes de camiones en Champaign a su lado hace toda la diferencia.<\/p>\n\n\n\n<p><a href=\"https:\/\/www.briskmanandbriskman.com\/es\/nuestros-abogados\/\">Nuestro equipo en Briskman Briskman &amp; Greenberg<\/a> est\u00e1 bien versado en las leyes de tr\u00e1fico Illinois y las regulaciones federales de camiones. Estamos comprometidos a investigar el accidente a fondo, la recopilaci\u00f3n de pruebas y la construcci\u00f3n de un caso s\u00f3lido en su nombre. La atenci\u00f3n personal es nuestra prioridad, y nos aseguramos de que usted est\u00e1 informado y c\u00f3modo con cada paso del proceso. Ya sea negociando un acuerdo justo o llevando su caso a los tribunales, estamos firmes en la b\u00fasqueda de justicia para nuestros clientes.<\/p>\n\n\n\n<h2 class=\"wp-block-heading\">P\u00f3ngase en contacto con los abogados de accidentes de camiones Champaign en Briskman Briskman &amp; Greenberg Hoy<\/h2>\n\n\n\n<p>Si usted ha estado involucrado en un accidente de cami\u00f3n, tener representaci\u00f3n legal con experiencia es crucial para asegurarse de que recibe la compensaci\u00f3n que se merece. El <a href=\"https:\/\/www.briskmanandbriskman.com\/es\/nuestros-abogados\/\">equipo cualificado de Briskman Briskman &amp; Greenberg<\/a> se dedica a abogar por las v\u00edctimas de accidentes de camiones en Champaign, ofreciendo una atenci\u00f3n personalizada y un compromiso para lograr los mejores resultados posibles para sus clientes.<\/p>\n\n\n\n<p>No se enfrente solo a las complejidades de su caso. <a href=\"https:\/\/www.briskmanandbriskman.com\/es\/abogados-de-accidentes-de-camiones-en-chicago-2\/\">Contacto Briskman Briskman &amp; Greenberg<\/a> hoy para programar una consulta gratuita. No hay honorarios a menos que ganemos su caso.<\/p>","protected":false},"excerpt":{"rendered":"<p>Cuando usted est\u00e1 conduciendo en las carreteras de Illinois, especialmente alrededor de Champaign, compartir la carretera con grandes camiones es inevitable. Mientras que la mayor\u00eda de los conductores de camiones son h\u00e1biles y cautelosos, el gran tama\u00f1o y peso de estos veh\u00edculos puede conducir a accidentes devastadores cuando las cosas van mal. Si usted o un ser querido ha sido herido en...<\/p>","protected":false},"author":1,"featured_media":0,"parent":13103,"menu_order":0,"comment_status":"closed","ping_status":"closed","template":"","meta":{"_acf_changed":false,"footnotes":""},"class_list":["post-13684","page","type-page","status-publish","hentry"],"acf":[],"_links":{"self":[{"href":"https:\/\/www.briskmanandbriskman.com\/es\/wp-json\/wp\/v2\/pages\/13684","targetHints":{"allow":["GET"]}}],"collection":[{"href":"https:\/\/www.briskmanandbriskman.com\/es\/wp-json\/wp\/v2\/pages"}],"about":[{"href":"https:\/\/www.briskmanandbriskman.com\/es\/wp-json\/wp\/v2\/types\/page"}],"author":[{"embeddable":true,"href":"https:\/\/www.briskmanandbriskman.com\/es\/wp-json\/wp\/v2\/users\/1"}],"replies":[{"embeddable":true,"href":"https:\/\/www.briskmanandbriskman.com\/es\/wp-json\/wp\/v2\/comments?post=13684"}],"version-history":[{"count":4,"href":"https:\/\/www.briskmanandbriskman.com\/es\/wp-json\/wp\/v2\/pages\/13684\/revisions"}],"predecessor-version":[{"id":13688,"href":"https:\/\/www.briskmanandbriskman.com\/es\/wp-json\/wp\/v2\/pages\/13684\/revisions\/13688"}],"up":[{"embeddable":true,"href":"https:\/\/www.briskmanandbriskman.com\/es\/wp-json\/wp\/v2\/pages\/13103"}],"wp:attachment":[{"href":"https:\/\/www.briskmanandbriskman.com\/es\/wp-json\/wp\/v2\/media?parent=13684"}],"curies":[{"name":"wp","href":"https:\/\/api.w.org\/{rel}","templated":true}]}}