{"id":13656,"date":"2024-10-02T19:15:50","date_gmt":"2024-10-02T19:15:50","guid":{"rendered":"https:\/\/www.briskmanandbriskman.com\/?page_id=13656"},"modified":"2024-10-02T19:15:54","modified_gmt":"2024-10-02T19:15:54","slug":"abogados-de-accidentes-de-coche","status":"publish","type":"page","link":"https:\/\/www.briskmanandbriskman.com\/es\/locations\/champaign-personal-injury-attorneys\/car-accident-lawyers\/","title":{"rendered":"Champaign Abogados de Accidentes de Coche"},"content":{"rendered":"<p><a href=\"https:\/\/www.briskmanandbriskman.com\/es\/areas-de-practica\/abogados-de-accidentes-de-camiones-en-chicago-2\/\">Accidentes de tr\u00e1fico<\/a> devastan a muchos en el Condado de Champaign, y sus consecuencias pueden cambiar vidas instant\u00e1neamente. Si usted ha sufrido lesiones, perdido a un ser querido, o se enfrentan a facturas m\u00e9dicas cada vez mayor, las secuelas de un accidente de coche a menudo se siente abrumadora. Conocer las <a href=\"https:\/\/www.briskmanandbriskman.com\/es\/areas-de-practica\/abogados-de-accidentes-de-camiones-en-chicago-2\/razones-criticas-vs-causas-de-los-accidentes-de-coche-chicago\/\">causas m\u00e1s comunes de accidentes de coche en Champaign<\/a> y los pasos legales necesarios para proteger sus derechos es esencial para seguir adelante. No ceder el paso, el uso inadecuado del carril y hacer caso omiso de las se\u00f1ales de tr\u00e1fico con frecuencia contribuyen a accidentes graves. Solo en 2023, el condado de Champaign experiment\u00f3 2,997 choques, con 17 muertes y 138 lesiones graves. Entender estos patrones puede ayudarle a tomar medidas legales despu\u00e9s de un accidente.<\/p>\n\n\n\n<p>En <a href=\"https:\/\/www.briskmanandbriskman.com\/es\/\">Briskman Briskman &amp; Greenberg (BB&amp;G)<\/a>Estamos comprometidos a proporcionar una representaci\u00f3n legal compasiva y eficaz para <a href=\"https:\/\/www.briskmanandbriskman.com\/es\/lugares\/champaign-abogados-de-lesiones-personales\/\">v\u00edctimas de accidentes de coche en Champaign<\/a>. Si usted est\u00e1 buscando compensaci\u00f3n por gastos m\u00e9dicos, salarios perdidos, o el dolor y el sufrimiento, nuestro equipo est\u00e1 aqu\u00ed para guiarlo a trav\u00e9s del proceso con cuidado y dedicaci\u00f3n. Entendemos lo dif\u00edcil que este momento puede ser para usted y su familia, y estamos aqu\u00ed para ayudarle en cada paso del camino. <a href=\"https:\/\/www.briskmanandbriskman.com\/es\/abogados-de-accidentes-de-camiones-en-chicago-2\/\">P\u00f3ngase en contacto con nosotros<\/a> para una consulta gratuita, y perm\u00edtanos poner nuestra amplia experiencia a su servicio.<\/p>\n\n\n\n<h3 class=\"wp-block-heading\">Tipos comunes de accidentes de coche en el Condado de Champaign<\/h3>\n\n\n\n<p>Los accidentes de coche en Champaign ocurren por varias razones, pero ciertos choques ocurren con m\u00e1s frecuencia que otros. Conocer los tipos de accidentes m\u00e1s comunes puede ayudarle a entender su situaci\u00f3n y las posibles acciones legales disponibles. De acuerdo con el Tablero de Tr\u00e1fico del Condado de Champaign, los principales tipos de accidentes incluyen giros, colisiones frontales y traseras, colisiones en \u00e1ngulo y accidentes con objetos fijos. Estos accidentes pueden causar desde da\u00f1os menores al veh\u00edculo hasta lesiones graves, dependiendo de las circunstancias.<\/p>\n\n\n\n<ul class=\"wp-block-list\">\n<li><strong>Accidentes de giro<\/strong>. Los accidentes de giro son especialmente frecuentes y suelen ocurrir cuando un conductor no cede el paso al girar a la izquierda o a la derecha. Estas colisiones pueden provocar choques laterales o \"T-bone\", que tienen m\u00e1s probabilidades de causar lesiones graves.<\/li>\n\n\n\n<li><strong>Colisiones fronto-traseras<\/strong>. Estos accidentes se encuentran entre los m\u00e1s frecuentes en Champaign y suelen ocurrir cuando un conductor no mantiene una distancia de seguridad. Pueden producirse lesiones graves, especialmente si el impacto provoca una reacci\u00f3n en cadena con varios veh\u00edculos.<\/li>\n\n\n\n<li><strong>Choques en \u00e1ngulo y con objetos fijos<\/strong>. Las colisiones en \u00e1ngulo y aquellas en las que un veh\u00edculo choca contra un objeto fijo, como un \u00e1rbol o un poste, tambi\u00e9n constituyen una parte importante de los accidentes en la zona. Estas colisiones pueden ser especialmente peligrosas y provocar lesiones graves y v\u00edctimas mortales.<\/li>\n<\/ul>\n\n\n\n<p>La comprensi\u00f3n de estos tipos comunes de accidentes puede ayudar a usted ya su abogado a construir un caso m\u00e1s fuerte. Si usted ha estado involucrado en cualquiera de estos accidentes, usted debe <a href=\"https:\/\/www.briskmanandbriskman.com\/es\/abogados-de-accidentes-de-camiones-en-chicago-2\/\">consulte a un abogado<\/a> para explorar sus opciones legales y buscar la compensaci\u00f3n que merece.<\/p>\n\n\n\n<h3 class=\"wp-block-heading\">Principales causas de accidentes de tr\u00e1fico en Champaign<\/h3>\n\n\n\n<p>Mientras que los tipos de accidentes de coche son importantes de reconocer, es igualmente cr\u00edtico entender las causas comunes detr\u00e1s de estos incidentes. Las principales causas de accidentes de coche en el condado de Champaign incluyen no ceder el derecho de paso, haciendo caso omiso de las se\u00f1ales de tr\u00e1fico, y el uso inadecuado del carril. Estos comportamientos negligentes al volante ponen en peligro innumerables vidas cada d\u00eda. En 2023, 85% de los accidentes en Champaign ocurrieron en tiempo despejado, lo que sugiere que muchos accidentes son el resultado de un error del conductor en lugar de condiciones clim\u00e1ticas adversas.<\/p>\n\n\n\n<ul class=\"wp-block-list\">\n<li><strong>No ceder el paso<\/strong>. Una de las causas m\u00e1s comunes de accidentes en Champaign es <a href=\"https:\/\/www.briskmanandbriskman.com\/es\/areas-de-practica\/abogados-de-accidentes-de-camiones-en-chicago-2\/abogados-de-accidentes-por-no-ceder-el-paso-en-illinois\/\">no ceder el paso<\/a> el derecho de paso, lo que a menudo provoca peligrosas colisiones en T o colisiones laterales. Estos accidentes suelen producirse en las intersecciones cuando un conductor ignora una se\u00f1al de stop o un sem\u00e1foro.<\/li>\n\n\n\n<li><strong>Uso inadecuado del carril<\/strong>. Los cambios de carril inadecuados suelen provocar colisiones laterales o en \u00e1ngulo, ya sea por <a href=\"https:\/\/www.briskmanandbriskman.com\/es\/areas-de-practica\/abogados-de-accidentes-de-camiones-en-chicago-2\/abogados-de-accidentes-por-conduccion-distraida-en-chicago\/\">distracciones<\/a> o conducci\u00f3n temeraria. En 2023, muchos accidentes en Champaign involucraron el uso inadecuado del carril, enfatizando la necesidad de una mayor precauci\u00f3n al cambiar de carril o al incorporarse.<\/li>\n\n\n\n<li><strong>No respetar las se\u00f1ales de tr\u00e1fico<\/strong>. Ignorar los sem\u00e1foros y las se\u00f1ales de stop es otra de las principales causas de accidentes graves en Champaign. Los conductores que se saltan los sem\u00e1foros en rojo o no se detienen en las intersecciones suponen un peligro importante para los dem\u00e1s en la carretera.<\/li>\n<\/ul>\n\n\n\n<p>Si ha sufrido lesiones en un accidente de tr\u00e1fico causado por la negligencia de otro conductor, el <a href=\"https:\/\/www.briskmanandbriskman.com\/es\/nuestros-abogados\/\">abogados experimentados de BB&amp;G<\/a> puede ayudarle a exigir cuentas a la parte responsable. Vamos a trabajar con diligencia para investigar la causa de su accidente, reunir pruebas, y perseguir la m\u00e1xima indemnizaci\u00f3n disponible bajo la ley Illinois.<\/p>\n\n\n\n<h3 class=\"wp-block-heading\">Entender el proceso legal despu\u00e9s de un accidente de coche Champaign<\/h3>\n\n\n\n<p><a href=\"https:\/\/www.briskmanandbriskman.com\/es\/areas-de-practica\/abogados-de-accidentes-de-camiones-en-chicago-2\/que-hacer-tras-un-accidente-de-trafico\/\">Tras un accidente de tr\u00e1fico<\/a>El proceso legal puede resultar abrumador, pero comprender los pasos que hay que dar puede ayudar a aliviar parte del estr\u00e9s. Sus acciones en los d\u00edas y semanas siguientes a un accidente son cruciales para construir un caso fuerte para la compensaci\u00f3n. Trabajar con un abogado cualificado puede asegurarle que est\u00e1 tomando las medidas necesarias para proteger sus derechos.<\/p>\n\n\n\n<h4 class=\"wp-block-heading\">Presentar una reclamaci\u00f3n al seguro<\/h4>\n\n\n\n<p>El primer paso tras un accidente de tr\u00e1fico suele ser presentar una reclamaci\u00f3n a tu compa\u00f1\u00eda de seguros o a la del otro conductor. Este proceso implica presentar un informe policial, historiales m\u00e9dicos y pruebas del lugar del accidente, como fotos o declaraciones de testigos. En algunos casos, <a href=\"https:\/\/www.briskmanandbriskman.com\/es\/areas-de-practica\/abogados-de-accidentes-de-camiones-en-chicago-2\/faq\/debo-aceptar-la-oferta-de-la-compania-de-seguros-tras-un-accidente-de-trafico\/\">las compa\u00f1\u00edas de seguros pueden intentar llegar a un acuerdo r\u00e1pidamente por una cantidad inferior<\/a>pero es esencial tomarse su tiempo en el proceso y comprender plenamente el alcance de sus lesiones o da\u00f1os materiales.<\/p>\n\n\n\n<h4 class=\"wp-block-heading\">Investigaci\u00f3n del accidente<\/h4>\n\n\n\n<p>En BB&amp;G, investigaremos a fondo su accidente para determinar qui\u00e9n tuvo la culpa. Esto puede implicar la revisi\u00f3n del informe del accidente, entrevistando a testigos, y el examen de las pruebas f\u00edsicas de la escena. Nuestro equipo tiene los recursos y la experiencia para construir un caso convincente en su nombre.<\/p>\n\n\n\n<h4 class=\"wp-block-heading\">Perseguir la compensaci\u00f3n<\/h4>\n\n\n\n<p>Una vez identificada la parte responsable, su abogado trabajar\u00e1 para <a href=\"https:\/\/www.briskmanandbriskman.com\/es\/areas-de-practica\/abogados-de-accidentes-de-camiones-en-chicago-2\/faq\/que-tipos-de-danos-puede-reclamar-una-persona\/\">garantizar una compensaci\u00f3n justa<\/a> por sus lesiones y p\u00e9rdidas. Esto puede incluir gastos m\u00e9dicos, salarios perdidos, dolor y sufrimiento, e incluso una indemnizaci\u00f3n por incapacidad a largo plazo, si procede. Mientras que la mayor\u00eda de los casos se resuelven fuera de los tribunales, BB&amp;G est\u00e1 totalmente preparado para llevar su caso a juicio si es necesario para asegurar que usted reciba la compensaci\u00f3n que se merece.<\/p>\n\n\n\n<p>Comprender el proceso legal es clave para proteger sus derechos tras un accidente de tr\u00e1fico. Un equipo legal especializado puede guiarle a trav\u00e9s de los retos de las reclamaciones de seguros y <a href=\"https:\/\/www.briskmanandbriskman.com\/es\/areas-de-practica\/abogados-de-accidentes-de-camiones-en-chicago-2\/proceso-de-demanda-por-accidente-de-trafico\/\">demandas por lesiones personales<\/a>La protecci\u00f3n de los datos personales es una de las principales preocupaciones de las empresas, y garantiza que las compa\u00f1\u00edas de seguros o las partes negligentes no se aprovechen de usted.<\/p>\n\n\n\n<h3 class=\"wp-block-heading\">Tipos de lesiones que puede obtener despu\u00e9s de un accidente de coche Champaign<\/h3>\n\n\n\n<p>Los accidentes automovil\u00edsticos en el condado de Champaign pueden resultar en una amplia gama de lesiones, desde raspones y moretones menores hasta discapacidades que alteran la vida o muertes. En 2023, hubo 138 lesiones graves y 17 muertes reportadas en el condado, lo que subraya la gravedad de estos incidentes. Entre las lesiones m\u00e1s comunes figuran las fracturas \u00f3seas, <a href=\"https:\/\/www.briskmanandbriskman.com\/es\/areas-de-practica\/abogados-de-chicago-especializados-en-lesiones-cerebrales\/\">lesiones cerebrales traum\u00e1ticas<\/a>y lesiones medulares, que pueden tener repercusiones f\u00edsicas y emocionales duraderas.<\/p>\n\n\n\n<h4 class=\"wp-block-heading\">Lesiones graves<\/h4>\n\n\n\n<p>Lesiones graves, como <a href=\"https:\/\/www.briskmanandbriskman.com\/es\/areas-de-practica\/abogados-de-accidentes-de-camiones-en-chicago-2\/illinois-accidente-de-coche-trauma-abogado\/\">traumatismo craneoencef\u00e1lico o lesiones internas<\/a>a menudo requieren un amplio tratamiento m\u00e9dico y rehabilitaci\u00f3n. Estas lesiones pueden afectar a su capacidad para trabajar, cuidar de s\u00ed mismo, o disfrutar de su vida diaria. En BB&amp;G, entendemos los desaf\u00edos que vienen con lesiones severas y lucharemos por una compensaci\u00f3n que refleje el alcance total de sus necesidades m\u00e9dicas y la p\u00e9rdida de calidad de vida.<\/p>\n\n\n\n<h4 class=\"wp-block-heading\">Accidentes mortales<\/h4>\n\n\n\n<p><a href=\"https:\/\/www.briskmanandbriskman.com\/es\/areas-de-practica\/abogados-de-accidentes-de-camiones-en-chicago-2\/abogados-de-accidentes-de-coche-mortales-en-chicago\/\">Perder a un ser querido en un accidente de tr\u00e1fico<\/a> es una tragedia que ninguna familia deber\u00eda tener que soportar. Si su familia est\u00e1 de luto por la p\u00e9rdida de un ser querido debido a la negligencia de otro conductor, BB&amp;G puede ayudarle a perseguir un <a href=\"https:\/\/www.briskmanandbriskman.com\/es\/areas-de-practica\/muerte-por-negligencia\/\">reclamaci\u00f3n por muerte injusta<\/a>. Esta acci\u00f3n legal puede compensar los gastos funerarios, la p\u00e9rdida de ingresos y el sufrimiento emocional causado por la p\u00e9rdida repentina de un familiar.<\/p>\n\n\n\n<p>En BB&amp;G, sabemos lo devastadoras que pueden ser las lesiones por accidente de coche, y estamos aqu\u00ed para apoyarle en cada paso de su recuperaci\u00f3n. Ya sea que est\u00e9 enfrentando atenci\u00f3n m\u00e9dica a largo plazo o la p\u00e9rdida de un ser querido, estamos comprometidos a ayudarle a buscar justicia y obtener la compensaci\u00f3n financiera que se merece.<\/p>\n\n\n\n<h2 class=\"wp-block-heading\">C\u00f3mo Briskman Briskman &amp; Greenberg puede ayudarle despu\u00e9s de un accidente de coche Champaign<\/h2>\n\n\n\n<p>Recuperarse de un accidente de tr\u00e1fico es un proceso dif\u00edcil, pero no tiene por qu\u00e9 afrontarlo solo. En <a href=\"https:\/\/www.briskmanandbriskman.com\/es\/nuestros-abogados\/\">abogados de BB&amp;G<\/a> est\u00e1n aqu\u00ed para ayudarle en cada paso del camino. Con d\u00e9cadas de experiencia representando a v\u00edctimas de accidentes automovil\u00edsticos, tenemos un historial probado de asegurar acuerdos y veredictos justos para nuestros clientes.<\/p>\n\n\n\n<p>En <a href=\"https:\/\/www.briskmanandbriskman.com\/es\/\">BB&amp;G<\/a>Con el fin de ayudar a nuestros clientes a recuperarse, adoptamos un enfoque compasivo para cada caso, entendiendo que su recuperaci\u00f3n es algo m\u00e1s que una compensaci\u00f3n financiera, se trata de reconstruir su vida. Nos encargaremos de todos los detalles legales para que usted pueda centrarse en curarse y volver a su rutina. Nuestro equipo trabajar\u00e1 incansablemente para asegurar que usted reciba la m\u00e1xima compensaci\u00f3n por sus lesiones, salarios perdidos, dolor y sufrimiento. Si usted ha sido <a href=\"https:\/\/www.briskmanandbriskman.com\/es\/areas-de-practica\/abogados-de-accidentes-de-camiones-en-chicago-2\/\">herido en un accidente de coche en Champaign<\/a>P\u00f3ngase en contacto con Briskman Briskman &amp; Greenberg hoy para una consulta gratuita. Estamos listos para luchar por sus derechos y ayudarle a seguir adelante despu\u00e9s de este momento dif\u00edcil. Usted no tiene que pasar por esto solo-perm\u00edtanos guiarle a trav\u00e9s del proceso legal y trabajar hacia un futuro mejor. Para obtener m\u00e1s informaci\u00f3n acerca de la <a href=\"https:\/\/www.briskmanandbriskman.com\/es\/areas-de-practica\/\">servicios que ofrecemos<\/a> y para programar una consulta gratuita hoy mismo, llame al Briskman Briskman &amp; Greenberg al <a href=\"tel:+18775954878\">(877) 595-4878<\/a>Tambi\u00e9n puede ponerse en contacto con nosotros a trav\u00e9s de <a href=\"https:\/\/www.briskmanandbriskman.com\/es\/abogados-de-accidentes-de-camiones-en-chicago-2\/\">formulario de contacto seguro en l\u00ednea<\/a>.<\/p>","protected":false},"excerpt":{"rendered":"<p>Los accidentes de coche devastan a muchos en el Condado de Champaign, y sus consecuencias pueden cambiar vidas instant\u00e1neamente. Si usted ha sufrido lesiones, perdido a un ser querido, o se enfrentan a las facturas m\u00e9dicas de montaje, las secuelas de un accidente de coche a menudo se siente abrumadora. Conocer las causas m\u00e1s comunes de accidentes de coche en Champaign y los pasos legales necesarios para proteger su...<\/p>","protected":false},"author":1,"featured_media":0,"parent":13103,"menu_order":0,"comment_status":"closed","ping_status":"closed","template":"","meta":{"_acf_changed":false,"footnotes":""},"class_list":["post-13656","page","type-page","status-publish","hentry"],"acf":[],"_links":{"self":[{"href":"https:\/\/www.briskmanandbriskman.com\/es\/wp-json\/wp\/v2\/pages\/13656","targetHints":{"allow":["GET"]}}],"collection":[{"href":"https:\/\/www.briskmanandbriskman.com\/es\/wp-json\/wp\/v2\/pages"}],"about":[{"href":"https:\/\/www.briskmanandbriskman.com\/es\/wp-json\/wp\/v2\/types\/page"}],"author":[{"embeddable":true,"href":"https:\/\/www.briskmanandbriskman.com\/es\/wp-json\/wp\/v2\/users\/1"}],"replies":[{"embeddable":true,"href":"https:\/\/www.briskmanandbriskman.com\/es\/wp-json\/wp\/v2\/comments?post=13656"}],"version-history":[{"count":3,"href":"https:\/\/www.briskmanandbriskman.com\/es\/wp-json\/wp\/v2\/pages\/13656\/revisions"}],"predecessor-version":[{"id":13659,"href":"https:\/\/www.briskmanandbriskman.com\/es\/wp-json\/wp\/v2\/pages\/13656\/revisions\/13659"}],"up":[{"embeddable":true,"href":"https:\/\/www.briskmanandbriskman.com\/es\/wp-json\/wp\/v2\/pages\/13103"}],"wp:attachment":[{"href":"https:\/\/www.briskmanandbriskman.com\/es\/wp-json\/wp\/v2\/media?parent=13656"}],"curies":[{"name":"wp","href":"https:\/\/api.w.org\/{rel}","templated":true}]}}