{"id":1358,"date":"2012-03-14T18:08:32","date_gmt":"2012-03-14T18:08:32","guid":{"rendered":"https:\/\/www.briskmanandbriskman.com\/?page_id=1358"},"modified":"2024-03-19T06:10:26","modified_gmt":"2024-03-19T06:10:26","slug":"primeros-pasos","status":"publish","type":"page","link":"https:\/\/www.briskmanandbriskman.com\/es\/information-centers\/workers-compensation-center\/first-steps\/","title":{"rendered":"\u00bfCu\u00e1les son los primeros pasos importantes tras una lesi\u00f3n o enfermedad laboral?"},"content":{"rendered":"<p><a href=\"https:\/\/www.briskmanandbriskman.com\/es\/centros-de-informacion\/centro-de-compensacion-de-trabajadores\/\">Volver a la p\u00e1gina principal del Centro de Indemnizaci\u00f3n por Accidentes Laborales<\/a><\/p>\n\n\n\n<p><strong>\u00c9stos son los primeros pasos que debe dar cuando se lesiona o enferma en el trabajo: <\/strong><\/p>\n\n\n\n<p><strong>1. Informa inmediatamente a tu empresa de la lesi\u00f3n sufrida en el lugar de trabajo.<\/strong> Intente preparar un informe escrito y consiga una copia para sus archivos.<\/p>\n\n\n\n<p><strong>2. Rellenar un formulario de reclamaci\u00f3n por lesi\u00f3n o enfermedad.<\/strong> El empresario debe pedirle que rellene un formulario de reclamaci\u00f3n independientemente de si ya ha informado (oralmente o por escrito) del accidente. Le conviene presentar un formulario completo lo antes posible despu\u00e9s de haberse lesionado. Informar r\u00e1pidamente de su asunto le ayuda a obtener antes las prestaciones de compensaci\u00f3n por accidente de trabajo. Aseg\u00farese de rellenar el formulario a conciencia, sea espec\u00edfico y obtenga una copia.<\/p>\n\n\n\n<p><strong>3. Busque ayuda m\u00e9dica.<\/strong> En muchas ocasiones, la empresa designa a un m\u00e9dico para las reclamaciones laborales. Sin embargo, seg\u00fan la ley Illinois, usted tiene derecho a acudir a un m\u00e9dico de su elecci\u00f3n. Pida cita y reciba tratamiento con prontitud. De lo contrario, aumentan las posibilidades de que le denieguen la solicitud. Haga todo lo posible por seguir los consejos del m\u00e9dico. Aseg\u00farate de decirle al m\u00e9dico que la lesi\u00f3n o enfermedad se debi\u00f3 a un incidente laboral y expl\u00edcale exactamente c\u00f3mo ocurri\u00f3. Si el m\u00e9dico no cree que puedas volver al trabajo debido a tu lesi\u00f3n, aseg\u00farate de pedir una \"baja laboral\".<\/p>\n\n\n\n<p><strong>4. Obtenga una consulta legal gratuita con un abogado cualificado en compensaci\u00f3n de trabajadores.<\/strong> Una reuni\u00f3n inicial le ayudar\u00e1 a obtener respuestas a sus preguntas espec\u00edficas sobre indemnizaci\u00f3n por accidentes de trabajo. <a href=\"https:\/\/www.briskmanandbriskman.com\/es\/areas-de-practica\/indemnizacion-por-accidente-laboral\/\">Abogados especialistas en accidentes laborales<\/a> son expertos en perseguir todos los beneficios que un trabajador puede recibir para mejorar su salud y bienestar. Son su mejor herramienta para determinar si tiene una reclamaci\u00f3n indemnizable, proteger sus derechos, ayudarle a obtener el tratamiento m\u00e9dico adecuado y conseguir la compensaci\u00f3n que se merece por su reclamaci\u00f3n de indemnizaci\u00f3n laboral. Los abogados de indemnizaci\u00f3n laboral tambi\u00e9n est\u00e1n al tanto de las \u00faltimas leyes y reglamentos para ayudarle a navegar por las complejidades de este tipo de reclamaciones. Tambi\u00e9n son expertos en determinar si usted tiene una demanda por lesiones personales contra alguien que no sea su empleador.<\/p>\n\n\n\n<p>Haga clic en los siguientes enlaces para obtener m\u00e1s informaci\u00f3n sobre las reclamaciones de indemnizaci\u00f3n de los trabajadores, obtener respuestas a las preguntas m\u00e1s frecuentes y obtener otra valiosa informaci\u00f3n sobre la indemnizaci\u00f3n de los trabajadores.<\/p>\n\n\n\n<h3 class=\"wp-block-heading\">Otros art\u00edculos sobre indemnizaci\u00f3n por accidentes laborales<\/h3>\n\n\n<ul class=\"list-pages-shortcode sibling-pages\"><li class=\"page_item page-item-1349\"><a href=\"https:\/\/www.briskmanandbriskman.com\/es\/information-centers\/workers-compensation-center\/can-i-pursue-a-workers-compensation-claim-against-my-employer\/\">\u00bfPuedo reclamar una indemnizaci\u00f3n a mi empresa?<\/a><\/li>\n<li class=\"page_item page-item-2338\"><a href=\"https:\/\/www.briskmanandbriskman.com\/es\/information-centers\/workers-compensation-center\/distracted-driving-must-be-considered-a-workplace-concern\/\">La conducci\u00f3n distra\u00edda debe considerarse un problema laboral<\/a><\/li>\n<li class=\"page_item page-item-2695\"><a href=\"https:\/\/www.briskmanandbriskman.com\/es\/information-centers\/workers-compensation-center\/six-things-you-should-know-about-workers-compensation-in-illinois\/\">Seis cosas que debe saber sobre la indemnizaci\u00f3n de los trabajadores en Illinois<\/a><\/li>\n<li class=\"page_item page-item-4098\"><a href=\"https:\/\/www.briskmanandbriskman.com\/es\/information-centers\/workers-compensation-center\/the-surprising-truth-about-illinois-construction-accidents\/\">La sorprendente verdad sobre los accidentes de la construcci\u00f3n Illinois<\/a><\/li>\n<li class=\"page_item page-item-1358\"><a href=\"https:\/\/www.briskmanandbriskman.com\/es\/information-centers\/workers-compensation-center\/first-steps\/\">\u00bfCu\u00e1les son los primeros pasos importantes tras una lesi\u00f3n o enfermedad laboral?<\/a><\/li>\n<li class=\"page_item page-item-1354\"><a href=\"https:\/\/www.briskmanandbriskman.com\/es\/information-centers\/workers-compensation-center\/what-types-of-injuries-are-covered-by-workers-compensation\/\">\u00bfQu\u00e9 tipos de lesiones cubre la indemnizaci\u00f3n por accidente laboral?<\/a><\/li>\n<li class=\"page_item page-item-1362\"><a href=\"https:\/\/www.briskmanandbriskman.com\/es\/information-centers\/workers-compensation-center\/what-workers-compensation-benefits-can-i-receive\/\">\u00bfQu\u00e9 prestaciones de indemnizaci\u00f3n por accidente de trabajo puedo recibir?<\/a><\/li>\n<\/ul>","protected":false},"excerpt":{"rendered":"<p>Volver al Centro de Indemnizaci\u00f3n por Accidentes de Trabajo Principal Estos son los primeros pasos que debe dar cuando se lesiona o enferma en el trabajo: 1. Informe inmediatamente a su empresa de la lesi\u00f3n sufrida en el lugar de trabajo. Intente preparar un informe escrito y obtenga una copia del mismo para sus archivos. 2. Rellene una reclamaci\u00f3n por lesi\u00f3n o enfermedad...<\/p>","protected":false},"author":1,"featured_media":11117,"parent":929,"menu_order":0,"comment_status":"closed","ping_status":"open","template":"","meta":{"_acf_changed":false,"footnotes":""},"class_list":["post-1358","page","type-page","status-publish","has-post-thumbnail","hentry"],"acf":[],"_links":{"self":[{"href":"https:\/\/www.briskmanandbriskman.com\/es\/wp-json\/wp\/v2\/pages\/1358","targetHints":{"allow":["GET"]}}],"collection":[{"href":"https:\/\/www.briskmanandbriskman.com\/es\/wp-json\/wp\/v2\/pages"}],"about":[{"href":"https:\/\/www.briskmanandbriskman.com\/es\/wp-json\/wp\/v2\/types\/page"}],"author":[{"embeddable":true,"href":"https:\/\/www.briskmanandbriskman.com\/es\/wp-json\/wp\/v2\/users\/1"}],"replies":[{"embeddable":true,"href":"https:\/\/www.briskmanandbriskman.com\/es\/wp-json\/wp\/v2\/comments?post=1358"}],"version-history":[{"count":1,"href":"https:\/\/www.briskmanandbriskman.com\/es\/wp-json\/wp\/v2\/pages\/1358\/revisions"}],"predecessor-version":[{"id":11967,"href":"https:\/\/www.briskmanandbriskman.com\/es\/wp-json\/wp\/v2\/pages\/1358\/revisions\/11967"}],"up":[{"embeddable":true,"href":"https:\/\/www.briskmanandbriskman.com\/es\/wp-json\/wp\/v2\/pages\/929"}],"wp:featuredmedia":[{"embeddable":true,"href":"https:\/\/www.briskmanandbriskman.com\/es\/wp-json\/wp\/v2\/media\/11117"}],"wp:attachment":[{"href":"https:\/\/www.briskmanandbriskman.com\/es\/wp-json\/wp\/v2\/media?parent=1358"}],"curies":[{"name":"wp","href":"https:\/\/api.w.org\/{rel}","templated":true}]}}