{"id":13401,"date":"2024-08-05T21:04:32","date_gmt":"2024-08-05T21:04:32","guid":{"rendered":"https:\/\/www.briskmanandbriskman.com\/?page_id=13401"},"modified":"2024-08-05T21:04:34","modified_gmt":"2024-08-05T21:04:34","slug":"abogados-de-accidentes-de-la-construccion","status":"publish","type":"page","link":"https:\/\/www.briskmanandbriskman.com\/es\/locations\/north-chicago\/construction-accident-attorneys\/","title":{"rendered":"North Chicago Abogados de accidentes de la construcci\u00f3n"},"content":{"rendered":"<p>Cada d\u00eda cientos de trabajadores de North Chicago se dirigen a sus diversas obras para trabajar. Cada d\u00eda existe el riesgo de que alguien tenga un <a href=\"https:\/\/www.briskmanandbriskman.com\/es\/areas-de-practica\/indemnizacion-por-accidente-laboral\/\">accidente laboral<\/a>como los lugares de trabajo en la construcci\u00f3n son peligrosos. Nadie sabe lo que puede ocurrir un d\u00eda cualquiera.\u00a0<\/p>\n\n\n\n<p>Puede producirse un incidente causado por negligencia, la aver\u00eda inesperada de una pieza crucial del equipo, que alguien no siga los protocolos de seguridad establecidos o que alguien cometa un error al hacer su trabajo.&nbsp;<\/p>\n\n\n\n<p>Las personas que trabajan en una obra de construcci\u00f3n pueden tener dos opciones para obtener una indemnizaci\u00f3n legal por sus lesiones a trav\u00e9s de <a href=\"https:\/\/www.briskmanandbriskman.com\/es\/lugares\/norte-de-chicago\/abogados-laboralistas\/\">indemnizaci\u00f3n por accidente laboral<\/a> y\/o presentar una <a href=\"https:\/\/www.briskmanandbriskman.com\/es\/lugares\/norte-de-chicago\/abogados-de-danos-personales\/\">demanda por lesiones personales<\/a>. Depende de las circunstancias del accidente, qui\u00e9n estuvo implicado, c\u00f3mo ocurri\u00f3 y cu\u00e1l fue el resultado.\u00a0<\/p>\n\n\n\n<p>Esto es algo que el <a href=\"https:\/\/www.briskmanandbriskman.com\/es\/areas-de-practica\/accidentes-en-la-construccion\/\">North Chicago abogados de accidentes de construcci\u00f3n en Briskman, Briskman &amp; Greenberg<\/a> evaluar a fondo, explicar y ayudar a un trabajador lesionado a comprender sus derechos y opciones legales.\u00a0<\/p>\n\n\n\n<h3 class=\"wp-block-heading\">Accidentes en la construcci\u00f3n en North Chicago<\/h3>\n\n\n\n<p>North Chicago es un lugar bullicioso con m\u00faltiples megaproyectos de construcci\u00f3n en marcha pr\u00e1cticamente todo el a\u00f1o. Varios grandes proyectos comenzaron en 2020 y, aunque algunos est\u00e1n casi terminados, muchos otros pueden tardar d\u00e9cadas en completarse.<\/p>\n\n\n\n<p>Algunos de los principales proyectos en marcha ahora y en un futuro previsible son, entre otros:<\/p>\n\n\n\n<ul class=\"wp-block-list\">\n<li>Proyecto Western\/Belmont\/Clyburn<\/li>\n\n\n\n<li>Abran paso a las personas<\/li>\n\n\n\n<li>Conexi\u00f3n del puente inferior Addison con el sendero North Riverfront Trail<\/li>\n\n\n\n<li>Sendero Bloomingdale<\/li>\n\n\n\n<li>Autob\u00fas de tr\u00e1nsito r\u00e1pido Central Loop<\/li>\n\n\n\n<li>Plan Director de la Estaci\u00f3n Urbana<\/li>\n\n\n\n<li>Chicago Paseo fluvial<\/li>\n\n\n\n<li>Paso elevado del Navy Pier<\/li>\n\n\n\n<li>Cruce Damen\/Elston\/Fullerton<\/li>\n\n\n\n<li>Proyecto de estaci\u00f3n elevada Washington\/Wabash Loop<\/li>\n\n\n\n<li>Proyecto Loop Link<\/li>\n\n\n\n<li>Reconstrucci\u00f3n de Grand Avenue<\/li>\n<\/ul>\n\n\n\n<p>Otros proyectos est\u00e1n en marcha e incluyen nuevos edificios, mejoras en parques locales, mejora de carreteras y reparaciones del Departamento de Obras P\u00fablicas. Con la variedad y el n\u00famero de proyectos de construcci\u00f3n que comienzan, est\u00e1n en marcha y contin\u00faan, es muy probable que se produzcan accidentes de construcci\u00f3n North Chicago.&nbsp;<\/p>\n\n\n\n<p>En 2022, seg\u00fan la Oficina de Estad\u00edsticas Laborales de EE.UU. (BLS), se produjeron 112.500 lesiones y enfermedades laborales no mortales en Illinois. Los sectores laborales con el mayor \u00edndice de lesiones y enfermedades fueron el comercio, el transporte, los servicios p\u00fablicos y la educaci\u00f3n y los servicios sanitarios, que representaron el 62% de las enfermedades y lesiones. Para m\u00e1s informaci\u00f3n sobre lesiones no mortales en el lugar de trabajo en Illinois para 2022, visite AQU\u00cd.\u00a0<\/p>\n\n\n\n<p>En 2022 murieron 177 trabajadores en Illinois, 27 de ellos en el sector de la construcci\u00f3n. Catorce de esas muertes fueron consecuencia de un <a href=\"https:\/\/www.briskmanandbriskman.com\/es\/areas-de-practica\/indemnizacion-por-accidente-laboral\/resbalon-y-caida-en-el-trabajo\/\">resbalones, tropiezos y ca\u00eddas<\/a>. De los 177 fallecidos, 23 lo fueron por resbalones, tropiezos y ca\u00eddas, 30 por exposici\u00f3n a sustancias o entornos nocivos y 75 por incidentes de transporte.<\/p>\n\n\n\n<h3 class=\"wp-block-heading\">Lesiones comunes en accidentes de la construcci\u00f3n North Chicago<\/h3>\n\n\n\n<p>Las lesiones m\u00e1s comunes en los accidentes de la construcci\u00f3n North Chicago pueden ser las siguientes:<\/p>\n\n\n\n<ul class=\"wp-block-list\">\n<li>Lesiones en la cabeza<\/li>\n\n\n\n<li>Fracturas<\/li>\n\n\n\n<li>Quemaduras<\/li>\n\n\n\n<li>Lesiones por aplastamiento<\/li>\n\n\n\n<li>Lesiones medulares<\/li>\n\n\n\n<li>Lesiones oculares<\/li>\n\n\n\n<li>Laceraciones<\/li>\n\n\n\n<li>Recortes<\/li>\n\n\n\n<li>Lesiones de espalda<\/li>\n\n\n\n<li>P\u00e9rdida auditiva<\/li>\n\n\n\n<li>Lesiones de rodilla y tobillo<\/li>\n\n\n\n<li>Problemas respiratorios<\/li>\n\n\n\n<li>Lesiones de tejidos blandos<\/li>\n\n\n\n<li>Amputaciones<\/li>\n<\/ul>\n\n\n\n<p>Si ha sufrido lesiones en un accidente de construcci\u00f3n North Chicago, busque atenci\u00f3n m\u00e9dica inmediatamente. No espere. <a href=\"https:\/\/www.briskmanandbriskman.com\/es\/abogados-de-accidentes-de-camiones-en-chicago-2\/\">Ac\u00e9rquese y consulte<\/a> con un abogado altamente experimentado en accidentes de construcci\u00f3n North Chicago, Briskman &amp; Greenberg. Protegemos sus derechos legales y nos aseguramos de que recupere la compensaci\u00f3n que necesita y merece.<\/p>\n\n\n\n<h3 class=\"wp-block-heading\">Tipos comunes de accidentes de construcci\u00f3n en North Chicago<\/h3>\n\n\n\n<p>Los accidentes de construcci\u00f3n comunes que pueden ocurrir en North Chicago incluyen, pero no se limitan a:<\/p>\n\n\n\n<ul class=\"wp-block-list\">\n<li>Descargas el\u00e9ctricas, quemaduras o electrocuci\u00f3n. La electrocuci\u00f3n es uno de los cuatro grandes peligros de la OSHA. Los mayores peligros en los lugares de trabajo son el contacto con cables a\u00e9reos con corriente, el cableado defectuoso, el uso inadecuado de alargadores y el contacto con equipos o herramientas el\u00e9ctricas da\u00f1ados.\u00a0<\/li>\n\n\n\n<li>Los trabajadores atropellados por objetos que caen, veh\u00edculos o maquinaria pesada se denominan accidentes por atropello. Los atropellos son una de las principales causas de muerte en la construcci\u00f3n.<\/li>\n\n\n\n<li>Ca\u00eddas desde superficies elevadas, escaleras, tejados o andamios. El 62% de los trabajadores de la construcci\u00f3n est\u00e1n expuestos a alturas. A escala nacional, en 2021, la Administraci\u00f3n de Seguridad y Salud en el Trabajo (OSHA) cit\u00f3 las ca\u00eddas como la infracci\u00f3n m\u00e1s frecuente en el lugar de trabajo. La infracci\u00f3n m\u00e1s com\u00fan fue no proporcionar a los trabajadores una protecci\u00f3n contra ca\u00eddas adecuada.<\/li>\n\n\n\n<li>Los incendios y\/o explosiones afectaron a materiales inflamables.<\/li>\n\n\n\n<li>El mal funcionamiento de los equipos, su uso inadecuado o la falta de formaci\u00f3n pueden provocar accidentes con gr\u00faas, herramientas el\u00e9ctricas, carretillas elevadoras y otra maquinaria in situ.<\/li>\n\n\n\n<li>Quedar atrapado en espacios confinados, zanjas o maquinaria puede provocar lesiones por aplastamiento y\/o la muerte, lo que se conoce como accidentes por atrapamiento. Este es otro peligro de los Cuatro Grandes de la OSHA. A nivel nacional, en 2021 se produjeron 143 muertes como consecuencia de que un trabajador quedara atrapado entre objetos en el trabajo.<\/li>\n\n\n\n<li>Los resbalones, tropiezos y ca\u00eddas son los segundos accidentes m\u00e1s comunes en la construcci\u00f3n. M\u00e1s del 31% de todas las muertes de trabajadores de la construcci\u00f3n en 2020 en todo el pa\u00eds se atribuyeron a resbalones, tropiezos o ca\u00eddas.<\/li>\n<\/ul>\n\n\n\n<h2 class=\"wp-block-heading\">P\u00f3ngase en contacto con un abogado de accidentes de construcci\u00f3n North Chicago<\/h2>\n\n\n\n<p><a href=\"https:\/\/www.briskmanandbriskman.com\/es\/nuestros-abogados\/\">Nuestro equipo jur\u00eddico<\/a> est\u00e1 disponible para representarle en su demanda por accidente de construcci\u00f3n North Chicago.\u00a0<a href=\"https:\/\/www.briskmanandbriskman.com\/es\/\">Briskman Briskman &amp; Greenberg es un bufete de abogados de renombre<\/a>\u00a0con d\u00e9cadas de experiencia ayudando a las v\u00edctimas de accidentes de la construcci\u00f3n a obtener una indemnizaci\u00f3n justa.<\/p>\n\n\n\n<p>El tiempo es esencial para obtener una indemnizaci\u00f3n completa y justa tras un accidente en la construcci\u00f3n. Tienes dos a\u00f1os para presentar una reclamaci\u00f3n.<\/p>\n\n\n\n<p>Cuando usted conf\u00eda su caso a Briskman, Briskman &amp; Greenberg, recibe un alto nivel de atenci\u00f3n personal y la determinaci\u00f3n de conseguirle la indemnizaci\u00f3n que se merece. La cantidad que usted recupere debe cubrir todas sus facturas m\u00e9dicas, salarios perdidos y otros costos asociados con sus lesiones por accidente de construcci\u00f3n.<\/p>","protected":false},"excerpt":{"rendered":"<p>Cada d\u00eda cientos de trabajadores de North Chicago se dirigen a sus distintas obras para trabajar. Cada d\u00eda existe el riesgo de que alguien sufra un accidente en la obra, ya que los lugares de trabajo en la construcci\u00f3n son peligrosos. Nadie sabe lo que puede ocurrir un d\u00eda cualquiera.  Puede producirse un incidente por negligencia, un imprevisto...<\/p>","protected":false},"author":1,"featured_media":0,"parent":7887,"menu_order":0,"comment_status":"closed","ping_status":"closed","template":"","meta":{"_acf_changed":false,"footnotes":""},"class_list":["post-13401","page","type-page","status-publish","hentry"],"acf":[],"_links":{"self":[{"href":"https:\/\/www.briskmanandbriskman.com\/es\/wp-json\/wp\/v2\/pages\/13401","targetHints":{"allow":["GET"]}}],"collection":[{"href":"https:\/\/www.briskmanandbriskman.com\/es\/wp-json\/wp\/v2\/pages"}],"about":[{"href":"https:\/\/www.briskmanandbriskman.com\/es\/wp-json\/wp\/v2\/types\/page"}],"author":[{"embeddable":true,"href":"https:\/\/www.briskmanandbriskman.com\/es\/wp-json\/wp\/v2\/users\/1"}],"replies":[{"embeddable":true,"href":"https:\/\/www.briskmanandbriskman.com\/es\/wp-json\/wp\/v2\/comments?post=13401"}],"version-history":[{"count":2,"href":"https:\/\/www.briskmanandbriskman.com\/es\/wp-json\/wp\/v2\/pages\/13401\/revisions"}],"predecessor-version":[{"id":13403,"href":"https:\/\/www.briskmanandbriskman.com\/es\/wp-json\/wp\/v2\/pages\/13401\/revisions\/13403"}],"up":[{"embeddable":true,"href":"https:\/\/www.briskmanandbriskman.com\/es\/wp-json\/wp\/v2\/pages\/7887"}],"wp:attachment":[{"href":"https:\/\/www.briskmanandbriskman.com\/es\/wp-json\/wp\/v2\/media?parent=13401"}],"curies":[{"name":"wp","href":"https:\/\/api.w.org\/{rel}","templated":true}]}}