{"id":13394,"date":"2024-08-05T00:01:05","date_gmt":"2024-08-05T00:01:05","guid":{"rendered":"https:\/\/www.briskmanandbriskman.com\/?page_id=13394"},"modified":"2025-03-01T00:18:19","modified_gmt":"2025-03-01T00:18:19","slug":"abogados-de-accidentes-traseros","status":"publish","type":"page","link":"https:\/\/www.briskmanandbriskman.com\/es\/locations\/waukegan\/car-accident-lawyers\/rear-end-accident-attorneys\/","title":{"rendered":"Waukegan Abogados de accidentes por alcance"},"content":{"rendered":"<p>Tras un accidente por alcance en Waukegan, la importancia de una <a href=\"https:\/\/www.briskmanandbriskman.com\/es\/\">abogado experto en lesiones personales<\/a> no se puede exagerar. Estos accidentes pueden provocar lesiones graves, facturas m\u00e9dicas, p\u00e9rdida de salarios y traumas emocionales. Navegar por las complejidades legales de estos casos requiere un defensor legal dedicado que puede proteger sus derechos y luchar por la compensaci\u00f3n que se merece.<\/p>\n\n\n\n<p>En <a href=\"https:\/\/www.briskmanandbriskman.com\/es\/lugares\/waukegan\/abogados-de-lesiones-personales\/\">Waukegan abogados de lesiones personales en Briskman Briskman &amp; Greenberg<\/a> tienen una amplia experiencia en la gesti\u00f3n <a href=\"https:\/\/www.briskmanandbriskman.com\/es\/lugares\/joliet\/joliet-abogado-de-accidente-de-coche\/abogados-de-accidentes-traseros\/\">casos de accidentes por alcance<\/a> y estamos comprometidos a servir a la comunidad local. Entendemos los desaf\u00edos \u00fanicos a los que se enfrenta y estamos aqu\u00ed para proporcionar orientaci\u00f3n experta durante todo el proceso legal. Ya sea estableciendo la responsabilidad, negociando con las compa\u00f1\u00edas de seguros, o represent\u00e1ndole en los tribunales, <a href=\"https:\/\/www.briskmanandbriskman.com\/es\/nuestros-abogados\/\">nuestro equipo<\/a> tiene el conocimiento y la experiencia para buscar el mejor resultado posible para su caso. <a href=\"https:\/\/www.briskmanandbriskman.com\/es\/abogados-de-accidentes-de-camiones-en-chicago-2\/\">P\u00f3ngase en contacto con<\/a> los abogados del accidente trasero del Waukegan en BB&amp;G en <a href=\"tel:1-877-595-4878\">(877) 595-4878<\/a> para programar una consulta con un abogado de accidentes en nuestro equipo.<\/p>\n\n\n\n<h3 class=\"wp-block-heading\">La tasa de accidentes en Illinois&nbsp;<\/h3>\n\n\n\n<p>Una proyecci\u00f3n estad\u00edstica de la National Highway Traffic Safety Administration (NHTSA) para el primer semestre de 2023 indica que aproximadamente 19.515 personas <a href=\"https:\/\/www.briskmanandbriskman.com\/es\/areas-de-practica\/abogados-de-accidentes-de-camiones-en-chicago-2\/abogados-de-accidentes-de-coche-mortales-en-chicago\/\">fallecidos en accidentes de tr\u00e1fico<\/a>. Adem\u00e1s, en 2024, Illinois ha visto lo siguiente:<\/p>\n\n\n\n<ul class=\"wp-block-list\">\n<li>Choque mortal: 36<\/li>\n\n\n\n<li>V\u00edctimas mortales: 38<\/li>\n\n\n\n<li>V\u00edctimas mortales en lo que va de a\u00f1o: 81<\/li>\n\n\n\n<li>Sujeci\u00f3n utilizada: 6<\/li>\n\n\n\n<li>Sujeci\u00f3n no utilizada o mal utilizada: 8<\/li>\n\n\n\n<li>Conductores sin carn\u00e9: 5<\/li>\n<\/ul>\n\n\n\n<p>Adem\u00e1s, los datos de accidentes Lake County m\u00e1s recientes muestran que en 2021 se produjeron:<\/p>\n\n\n\n<ul class=\"wp-block-list\">\n<li>Total de accidentes: 11.174<\/li>\n\n\n\n<li>Accidentes mortales: 36<\/li>\n\n\n\n<li>Accidentes con heridos: 2.764<\/li>\n\n\n\n<li>Accidentes con heridos graves: 308<\/li>\n<\/ul>\n\n\n\n<p>Seg\u00fan la NHTSA, las colisiones por alcance se encuentran entre los <a href=\"https:\/\/www.briskmanandbriskman.com\/es\/2022\/04\/las-lesiones-graves-en-accidentes-de-trafico-son-bastante-frecuentes\/\">tipos de accidentes m\u00e1s comunes<\/a>. Comprender el comportamiento y la actuaci\u00f3n de un conductor antes de que se produzcan los accidentes resulta cada vez m\u00e1s claro a la hora de elaborar medidas de prevenci\u00f3n eficaces y garantizar la indemnizaci\u00f3n de las v\u00edctimas.<\/p>\n\n\n\n<h3 class=\"wp-block-heading\">\u00bfQu\u00e9 es un accidente por alcance?&nbsp;<\/h3>\n\n\n\n<p>Un accidente por alcance, com\u00fanmente conocido como colisi\u00f3n trasera o choque por alcance, es un tipo de accidente de tr\u00e1fico que se produce cuando un veh\u00edculo colisiona con la parte trasera de otro coche. Es uno de los m\u00e1s frecuentes <a href=\"https:\/\/www.briskmanandbriskman.com\/es\/areas-de-practica\/abogados-de-accidentes-de-camiones-en-chicago-2\/\">accidentes de tr\u00e1fico<\/a>que provocan da\u00f1os materiales y lesiones. Comprender la definici\u00f3n y las caracter\u00edsticas de los accidentes por alcance es esencial para la seguridad vial y las consideraciones jur\u00eddicas.<\/p>\n\n\n\n<h3 class=\"wp-block-heading\">Caracter\u00edsticas comunes de un accidente por alcance<\/h3>\n\n\n\n<p>Las colisiones por alcance, un tipo frecuente de accidente de tr\u00e1fico, presentan caracter\u00edsticas distintivas que las diferencian de otras colisiones. Estos accidentes suelen producirse cuando un veh\u00edculo golpea la parte trasera de otro. Comprender sus caracter\u00edsticas clave es esencial para prevenir accidentes y evaluar las consecuencias para el conductor negligente.&nbsp;<\/p>\n\n\n\n<h4 class=\"wp-block-heading\">Causa principal<\/h4>\n\n\n\n<p>Las colisiones por alcance se deben principalmente a que el veh\u00edculo que circula detr\u00e1s no mantiene una distancia de seguridad con el que circula delante.<\/p>\n\n\n\n<h4 class=\"wp-block-heading\">\u00c1ngulo de impacto<\/h4>\n\n\n\n<p>En las colisiones por alcance, el \u00e1ngulo de impacto suele ser casi perpendicular. La parte delantera del veh\u00edculo que choca entra en contacto con la parte trasera del veh\u00edculo que va delante. Esto da lugar a un tipo distinto de transferencia de fuerza, que a menudo provoca tipos espec\u00edficos de lesiones, como el latigazo cervical.<\/p>\n\n\n\n<h4 class=\"wp-block-heading\">Diferencial de velocidad<\/h4>\n\n\n\n<p>Los accidentes por alcance suelen producirse a velocidades m\u00e1s bajas que otros tipos, como las colisiones frontales o los choques laterales. Esto se debe a que la velocidad relativa entre los dos veh\u00edculos se reduce debido al frenado del veh\u00edculo que va en cabeza. Reconocer estas caracter\u00edsticas distintivas y las consideraciones legales asociadas a tales accidentes es esencial para los esfuerzos de seguridad vial.<\/p>\n\n\n\n<h3 class=\"wp-block-heading\">Causa de los accidentes por alcance en Waukegan<\/h3>\n\n\n\n<p>Los accidentes por alcance son uno de los tipos m\u00e1s comunes de accidentes de tr\u00e1fico. Entender e identificar la causa de su accidente es esencial para recuperar una indemnizaci\u00f3n justa. Algunas de las causas m\u00e1s comunes de los accidentes por alcance son las siguientes:<\/p>\n\n\n\n<h4 class=\"wp-block-heading\">Conducci\u00f3n distra\u00edda<\/h4>\n\n\n\n<p>Una de las principales causas de las colisiones por alcance es <a href=\"https:\/\/www.briskmanandbriskman.com\/es\/areas-de-practica\/abogados-de-accidentes-de-camiones-en-chicago-2\/abogados-de-accidentes-por-conduccion-distraida-en-chicago\/\">conducci\u00f3n distra\u00edda<\/a>. Activities like <a href=\"https:\/\/www.briskmanandbriskman.com\/es\/areas-de-practica\/abogados-de-accidentes-de-camiones-en-chicago-2\/abogados-de-accidentes-por-conduccion-distraida-en-chicago\/texting-while-driving-accident-lawyer\/\">mensajes de texto<\/a>, using a smartphone, adjusting the radio, or eating while driving diverts a driver&#8217;s attention from the road, making them more likely to rear-end the vehicle in front.<\/p>\n\n\n\n<h4 class=\"wp-block-heading\">Tailgating<\/h4>\n\n\n\n<p>Seguir al veh\u00edculo de delante demasiado de cerca, lo que se conoce como ir pegado a otro, reduce el tiempo de reacci\u00f3n. Cuando el veh\u00edculo que va delante se detiene repentinamente o reduce la velocidad, es posible que el veh\u00edculo que le sigue no tenga tiempo suficiente para frenar, lo que puede provocar una colisi\u00f3n por alcance.<\/p>\n\n\n\n<h4 class=\"wp-block-heading\">Paradas repentinas<\/h4>\n\n\n\n<p>Las paradas bruscas del veh\u00edculo que va en cabeza, especialmente sin previo aviso, pueden coger desprevenido al conductor que le sigue. Esta falta de anticipaci\u00f3n aumenta el riesgo de colisiones por alcance.<\/p>\n\n\n\n<h4 class=\"wp-block-heading\">Exceso de velocidad<\/h4>\n\n\n\n<p>Conducir a velocidades excesivas reduce la capacidad del conductor para reaccionar a los cambios en las condiciones del tr\u00e1fico. Los conductores con exceso de velocidad pueden no tener tiempo suficiente para detenerse cuando el veh\u00edculo de delante aminora la marcha o se detiene.<\/p>\n\n\n\n<h4 class=\"wp-block-heading\">Conducci\u00f3n bajo los efectos del alcohol<\/h4>\n\n\n\n<p><a href=\"https:\/\/www.briskmanandbriskman.com\/es\/areas-de-practica\/abogados-de-accidentes-de-camiones-en-chicago-2\/abogados-de-accidentes-por-conducir-ebrio-en-chicago\/\">Conducir bajo los efectos del alcohol o las drogas<\/a>s altera el juicio y el tiempo de reacci\u00f3n, lo que aumenta la probabilidad de accidentes por alcance.<\/p>\n\n\n\n<h4 class=\"wp-block-heading\">Malas condiciones meteorol\u00f3gicas<\/h4>\n\n\n\n<p>La lluvia, la nieve, el hielo y la niebla reducen la tracci\u00f3n y la visibilidad. En estas condiciones, los conductores pueden tener dificultades para frenar a tiempo, lo que puede provocar colisiones por alcance.<\/p>\n\n\n\n<h4 class=\"wp-block-heading\">Fatiga<\/h4>\n\n\n\n<p>Los conductores fatigados tienen una concentraci\u00f3n reducida y tiempos de reacci\u00f3n m\u00e1s lentos, lo que aumenta la probabilidad de accidentes por alcance, especialmente durante los viajes de larga distancia o a altas horas de la noche.<\/p>\n\n\n\n<h4 class=\"wp-block-heading\">Aver\u00edas del veh\u00edculo<\/h4>\n\n\n\n<p>Los fallos de los frenos u otras aver\u00edas del veh\u00edculo pueden impedir que un conductor se detenga a tiempo para evitar una colisi\u00f3n.<\/p>\n\n\n\n<p>Para reducir la frecuencia y gravedad de las colisiones por alcance en las carreteras es esencial promover la concienciaci\u00f3n sobre estas causas y fomentar pr\u00e1cticas de conducci\u00f3n seguras.<\/p>\n\n\n\n<h3 class=\"wp-block-heading\">\u00bfQui\u00e9n puede ser considerado responsable de un accidente por alcance con el Waukegan?<\/h3>\n\n\n\n<p>Seg\u00fan la ley Illinois, la responsabilidad de un accidente por alcance suele recaer en el conductor del veh\u00edculo que circula detr\u00e1s. Esto se basa en la presunci\u00f3n de que el conductor del veh\u00edculo remolcado ten\u00eda el deber de seguir a una distancia segura y mantener el control del veh\u00edculo para evitar colisionar con el veh\u00edculo de delante.&nbsp;<\/p>\n\n\n\n<h4 class=\"wp-block-heading\">Presunci\u00f3n de negligencia<\/h4>\n\n\n\n<p>En las colisiones por alcance, el Illinois sigue una presunci\u00f3n de negligencia por parte del conductor del veh\u00edculo que circula detr\u00e1s. Esto significa que se presume que el conductor del coche que circula detr\u00e1s es culpable, a menos que pueda demostrar lo contrario.<\/p>\n\n\n\n<h4 class=\"wp-block-heading\">Deber de diligencia<\/h4>\n\n\n\n<p>Illinois La ley impone a todos los conductores la obligaci\u00f3n de actuar con precauci\u00f3n razonable y mantener una distancia de seguridad en funci\u00f3n de la velocidad y las condiciones de la carretera. No hacerlo puede dar lugar a responsabilidad en caso de colisi\u00f3n por alcance.<\/p>\n\n\n\n<h4 class=\"wp-block-heading\">Negligencia concurrente<\/h4>\n\n\n\n<p>El Illinois sigue un sistema modificado de negligencia comparativa. Si se determina que el conductor del veh\u00edculo que circula delante ha contribuido al accidente al realizar paradas repentinas e inesperadas sin motivos v\u00e1lidos, puede considerarse su negligencia. Sin embargo, si se determina que la culpa del conductor del veh\u00edculo que circula detr\u00e1s es superior a 50%, puede quedar excluido de la indemnizaci\u00f3n por da\u00f1os y perjuicios.<\/p>\n\n\n\n<h4 class=\"wp-block-heading\">Excepciones<\/h4>\n\n\n\n<p>Puede haber excepciones a esta regla general, como en los casos en que el veh\u00edculo que circula delante da marcha atr\u00e1s repentinamente, el veh\u00edculo que circula detr\u00e1s es golpeado por detr\u00e1s por un tercer veh\u00edculo o cuando factores externos ajenos al control del conductor que circula detr\u00e1s provocan el accidente.<\/p>\n\n\n\n<p>Es importante tener en cuenta que la responsabilidad en los accidentes por alcance puede variar en funci\u00f3n de las circunstancias espec\u00edficas de cada caso, y una evaluaci\u00f3n jur\u00eddica a fondo es a menudo necesaria para determinar la culpa y la responsabilidad con precisi\u00f3n.&nbsp;<\/p>\n\n\n\n<h3 class=\"wp-block-heading\">Da\u00f1os y perjuicios tras un accidente de tr\u00e1fico por alcance Waukegan<\/h3>\n\n\n\n<p>Despu\u00e9s de un accidente por alcance en Illinois, las v\u00edctimas pueden tener derecho a cobrar diversos da\u00f1os y perjuicios a trav\u00e9s de una reclamaci\u00f3n o demanda por lesiones personales. Estos da\u00f1os est\u00e1n destinados a compensar a la parte perjudicada por las p\u00e9rdidas derivadas del accidente.&nbsp;<\/p>\n\n\n\n<h4 class=\"wp-block-heading\">Gastos m\u00e9dicos<\/h4>\n\n\n\n<p>Las v\u00edctimas pueden solicitar indemnizaci\u00f3n por todos los gastos m\u00e9dicos razonables y necesarios relacionados con el accidente, incluidas facturas hospitalarias, visitas al m\u00e9dico, gastos de cirug\u00eda, medicamentos recetados y rehabilitaci\u00f3n.<\/p>\n\n\n\n<h4 class=\"wp-block-heading\">Salarios perdidos<\/h4>\n\n\n\n<p>Si el accidente hace que la v\u00edctima falte al trabajo debido a las lesiones, puede tener derecho a recuperar los salarios perdidos y la capacidad de ganancia futura si su capacidad para trabajar se ve afectada de forma permanente.<\/p>\n\n\n\n<h4 class=\"wp-block-heading\">Dolor y sufrimiento<\/h4>\n\n\n\n<p>Los da\u00f1os no econ\u00f3micos, como el dolor f\u00edsico, la angustia emocional y la p\u00e9rdida del disfrute de la vida, pueden reclamarse para compensar el sufrimiento intangible causado por el accidente.<\/p>\n\n\n\n<h4 class=\"wp-block-heading\">Da\u00f1os materiales<\/h4>\n\n\n\n<p>Los da\u00f1os al veh\u00edculo y a los bienes personales de la v\u00edctima pueden recuperarse, normalmente a trav\u00e9s de la cobertura de responsabilidad civil por da\u00f1os materiales del conductor culpable.<\/p>\n\n\n\n<h4 class=\"wp-block-heading\">P\u00e9rdida de Consorcio<\/h4>\n\n\n\n<p>&nbsp;En caso de lesiones graves, el c\u00f3nyuge puede reclamar da\u00f1os y perjuicios por la p\u00e9rdida de compa\u00f1\u00eda y apoyo derivada del accidente.<\/p>\n\n\n\n<h4 class=\"wp-block-heading\">Da\u00f1os punitivos<\/h4>\n\n\n\n<p>En raros casos de negligencia extrema o mala conducta intencionada, pueden concederse da\u00f1os punitivos para castigar a la parte culpable y disuadir de comportamientos similares.<\/p>\n\n\n\n<p>Para reclamar un accidente por alcance y obtener una indemnizaci\u00f3n, es aconsejable <a href=\"https:\/\/www.briskmanandbriskman.com\/es\/abogados-de-accidentes-de-camiones-en-chicago-2\/\">consulte con un abogado experto en lesiones personales<\/a> que puede evaluar su caso y ayudarle a navegar por el proceso legal.<\/p>\n\n\n\n<h2 class=\"wp-block-heading\">\u00bfHa resultado herido en una colisi\u00f3n por alcance en Waukegan?<\/h2>\n\n\n\n<p>Si usted o un familiar suyo ha sufrido recientemente lesiones graves en una colisi\u00f3n por alcance, la <a href=\"https:\/\/www.briskmanandbriskman.com\/es\/lugares\/waukegan\/abogados-de-accidentes-de-coche\/\">Waukegan abogados especializados en accidentes de coche en Briskman Briskman &amp; Greenberg<\/a> puede ayudarle a recuperar los da\u00f1os y perjuicios por los gastos relacionados con su accidente.<\/p>\n\n\n\n<p>En <a href=\"https:\/\/www.briskmanandbriskman.com\/es\/\">Briskman Briskman &amp; Greenberg<\/a>Nuestro equipo de abogados especializados en lesiones personales se enorgullece de ayudar a las v\u00edctimas de accidentes y a sus seres queridos a buscar justicia por lo que han pasado. Ofrecemos <a href=\"https:\/\/www.briskmanandbriskman.com\/es\/consulta-gratuita\/\">consultas gratuitas<\/a> a todos los posibles clientes, durante la cual nos tomaremos todo el tiempo que necesitemos para responder a sus preguntas. Tambi\u00e9n le explicaremos las leyes pertinentes y le proporcionaremos una evaluaci\u00f3n honesta de su caso.<\/p>\n\n\n\n<p>Si usted decide presentar un caso con nosotros, no aceptaremos pago de usted a menos que y hasta que podamos ganar su caso a trav\u00e9s de un acuerdo favorable o veredicto del jurado. Para obtener m\u00e1s informaci\u00f3n, y para programar una consulta gratuita hoy, llame al Briskman Briskman &amp; Greenberg en <a href=\"tel:1-877-595-4878\">877-595-4878<\/a>. Tambi\u00e9n puede ponerse en contacto con nosotros a trav\u00e9s de <a href=\"https:\/\/www.briskmanandbriskman.com\/es\/abogados-de-accidentes-de-camiones-en-chicago-2\/\">formulario de contacto seguro en l\u00ednea<\/a>.<\/p>","protected":false},"excerpt":{"rendered":"<p>Despu\u00e9s de un accidente por alcance en Waukegan, la importancia de un abogado experto y con experiencia en lesiones personales no puede ser exagerada. Estos accidentes pueden provocar lesiones graves, facturas m\u00e9dicas, p\u00e9rdida de salarios y traumas emocionales. Navegar por las complejidades legales de estos casos requiere un defensor legal dedicado que pueda proteger sus derechos y luchar por la compensaci\u00f3n...<\/p>","protected":false},"author":1,"featured_media":0,"parent":7303,"menu_order":0,"comment_status":"closed","ping_status":"closed","template":"","meta":{"_acf_changed":false,"footnotes":""},"class_list":["post-13394","page","type-page","status-publish","hentry"],"acf":[],"_links":{"self":[{"href":"https:\/\/www.briskmanandbriskman.com\/es\/wp-json\/wp\/v2\/pages\/13394","targetHints":{"allow":["GET"]}}],"collection":[{"href":"https:\/\/www.briskmanandbriskman.com\/es\/wp-json\/wp\/v2\/pages"}],"about":[{"href":"https:\/\/www.briskmanandbriskman.com\/es\/wp-json\/wp\/v2\/types\/page"}],"author":[{"embeddable":true,"href":"https:\/\/www.briskmanandbriskman.com\/es\/wp-json\/wp\/v2\/users\/1"}],"replies":[{"embeddable":true,"href":"https:\/\/www.briskmanandbriskman.com\/es\/wp-json\/wp\/v2\/comments?post=13394"}],"version-history":[{"count":3,"href":"https:\/\/www.briskmanandbriskman.com\/es\/wp-json\/wp\/v2\/pages\/13394\/revisions"}],"predecessor-version":[{"id":13953,"href":"https:\/\/www.briskmanandbriskman.com\/es\/wp-json\/wp\/v2\/pages\/13394\/revisions\/13953"}],"up":[{"embeddable":true,"href":"https:\/\/www.briskmanandbriskman.com\/es\/wp-json\/wp\/v2\/pages\/7303"}],"wp:attachment":[{"href":"https:\/\/www.briskmanandbriskman.com\/es\/wp-json\/wp\/v2\/media?parent=13394"}],"curies":[{"name":"wp","href":"https:\/\/api.w.org\/{rel}","templated":true}]}}