{"id":13390,"date":"2024-08-04T23:37:20","date_gmt":"2024-08-04T23:37:20","guid":{"rendered":"https:\/\/www.briskmanandbriskman.com\/?page_id=13390"},"modified":"2025-05-27T21:37:12","modified_gmt":"2025-05-27T21:37:12","slug":"abogado-de-mordedura-de-perro-2","status":"publish","type":"page","link":"https:\/\/www.briskmanandbriskman.com\/es\/locations\/schaumburg\/dog-bite-lawyer\/","title":{"rendered":"Schaumburg, IL Abogado de Mordedura de Perro"},"content":{"rendered":"<p>\u00bfHa sufrido usted o un ser querido el trauma de la mordedura de un perro? Las secuelas de un ataque de perro pueden provocar dolorosas lesiones f\u00edsicas e intensa angustia emocional, entre otros da\u00f1os duraderos. Si busca una indemnizaci\u00f3n justa por <a href=\"https:\/\/www.briskmanandbriskman.com\/es\/areas-de-practica\/abogado-de-mordedura-de-perro-chicago\/\">lesiones por mordedura de perro<\/a>no busque m\u00e1s all\u00e1 del <a href=\"https:\/\/www.briskmanandbriskman.com\/es\/lugares\/schaumburg\/abogados-de-danos-personales\/\">equipo dedicado de abogados de mordedura de perro Schaumburg en Briskman Briskman &amp; Greenberg<\/a>. Con casi 40 a\u00f1os de experiencia representando a v\u00edctimas de mordeduras de perro en todo Illinois, estamos comprometidos a luchar por sus derechos y conseguir que los da\u00f1os que se merece.<\/p>\n\n\n\n<h2 class=\"wp-block-heading\">La creciente preocupaci\u00f3n por las mordeduras de perro<\/h2>\n\n\n\n<p>El popular centro comercial Woodfield Mall de Schaumburg es el mayor centro comercial de Chicago y atrae a compradores de todo Illinois. Este pr\u00f3spero suburbio tambi\u00e9n alberga destinos como el Legoland Discovery Center, Busse Woods y el Trickster Cultural Center. Las mordeduras de perro pueden ocurrir en cualquier lugar, ya sea en lugares p\u00fablicos concurridos o en casa de un familiar.<\/p>\n\n\n\n<p>Las mordeduras de perro siguen siendo un problema acuciante tanto a nivel local en Schaumburg como en todo el Illinois. Aunque es dif\u00edcil reunir datos precisos sobre el n\u00famero de mordeduras de perro entre los residentes, las estad\u00edsticas anuales del Servicio Postal de EE.UU. (USPS) revelan la gravedad del problema. M\u00e1s de <a href=\"https:\/\/www.briskmanandbriskman.com\/es\/areas-de-practica\/abogado-de-mordedura-de-perro-chicago\/usps-abogados-de-mordeduras-de-perro\/\">5.300 trabajadores de correos sufrieron ataques de perros<\/a> mientras repart\u00edan correo en 2022. Chicago ocup\u00f3 el sexto lugar en la lista de ciudades estadounidenses con mayor n\u00famero de ataques de perros ese a\u00f1o, con 36 incidentes de mordeduras de perro entre trabajadores de USPS.<\/p>\n\n\n\n<p>Las mordeduras de perro no son incidentes aislados. Alrededor de 800.000 personas en todo el pa\u00eds necesitan <a href=\"https:\/\/www.briskmanandbriskman.com\/es\/areas-de-practica\/abogado-de-mordedura-de-perro-chicago\/tratamientos-medicos-para-las-mordeduras-de-perro\/\">tratamiento m\u00e9dico por mordeduras de perro<\/a> cada a\u00f1o. En 2020, las mordeduras de perro fueron la s\u00e9ptima causa principal de <a href=\"https:\/\/www.briskmanandbriskman.com\/es\/centros-de-informacion\/centro-de-mordeduras-de-perro\/centros-de-trauma-de-nivel-i-que-tratan-las-mordeduras-de-perro-en-chicago\/\">Visitas de ni\u00f1os a urgencias<\/a> entre los cinco y los nueve a\u00f1os.<\/p>\n\n\n\n<h2 class=\"wp-block-heading\">Comprender las leyes sobre mordeduras de perro en Illinois<\/h2>\n\n\n\n<p>En Illinois, el panorama jur\u00eddico en torno a las mordeduras de perro difiere del de otros estados. En muchos estados rige la norma de la mordedura \u00fanica, que puede eximir de responsabilidad a los propietarios de perros en un primer incidente si no se pensaba que el perro era peligroso. Sin embargo, la ley Illinois <a href=\"https:\/\/www.briskmanandbriskman.com\/es\/areas-de-practica\/abogado-de-mordedura-de-perro-chicago\/como-ser-un-dueno-responsable\/\">plena responsabilidad de los propietarios de perros<\/a> por las lesiones causadas por sus animales de compa\u00f1\u00eda. Esto es as\u00ed independientemente del comportamiento anterior del perro, siempre que la v\u00edctima estuviera legalmente presente en el lugar donde se produjo la mordedura.<\/p>\n\n\n\n<p>Research from the American Animal Hospital Association shows that <a href=\"https:\/\/www.briskmanandbriskman.com\/es\/areas-de-practica\/abogado-de-mordedura-de-perro-chicago\/chicago-pit-bull-dog-bite-lawyer\/\">pit bulls<\/a> are responsible for more dog bites than any other breed, accounting for 22.5 percent of incidents. Mixed breeds and German Shepherds round out the top three most <a href=\"https:\/\/www.briskmanandbriskman.com\/es\/areas-de-practica\/abogado-de-mordedura-de-perro-chicago\/caracteristicas-comunes-de-las-razas-peligrosas\/\">razas de perros peligrosas<\/a>, estando involucrados en el 21,2 por ciento y el 17,8 por ciento de los ataques de perros, respectivamente. La World Animal Foundation informa de que los pit bulls fueron responsables de 33 de los 44 ataques mortales de perros en 2019.<\/p>\n\n\n\n<p>Sin embargo, a pesar de estas estad\u00edsticas, es importante recordar que cualquier tipo de perro puede morder. La ley Illinois establece que los propietarios pueden ser considerados responsables de las acciones de sus perros, independientemente de la raza implicada en un ataque de perro. La mordedura de perro no tiene por qu\u00e9 ser de una raza tradicionalmente considerada peligrosa, como el rottweiler o el pit bull.&nbsp;<\/p>\n\n\n\n<p>El propietario de un perro es cualquier persona que tenga derecho de propiedad sobre el perro. Esto incluye a la persona que cuida del perro o lo tiene en sus instalaciones personales. En algunos casos, una v\u00edctima de mordedura de perro puede presentar una demanda por negligencia contra el propietario. Probar la negligencia del propietario implica demostrar que \u00e9ste no cumpli\u00f3 con su deber de diligencia. Esto puede incluir pruebas de que el propietario no control\u00f3 adecuadamente a un perro agresivo conocido o no le avis\u00f3 con suficiente antelaci\u00f3n para evitar un ataque.<\/p>\n\n\n\n<h2 class=\"wp-block-heading\">Consejos para prevenir las mordeduras de perro<\/h2>\n\n\n\n<p>La prevenci\u00f3n es clave para reducir los incidentes de mordeduras de perro. Tanto los propietarios de perros de Schaumburg como los residentes pueden tomar medidas para mitigar el riesgo de ataques.<\/p>\n\n\n\n<p>Los propietarios deben familiarizarse con el comportamiento de su raza canina y tomar las medidas oportunas para evitar agresiones, sobre todo en situaciones desencadenantes conocidas. El perro debe ir atado en lugares p\u00fablicos.<\/p>\n\n\n\n<p>Cuando se encuentre con perros desconocidos, es mejor actuar con cautela. Evite comportamientos que puedan provocar un ataque, como hacer movimientos bruscos o invadir el espacio del perro. Estos son algunos consejos para estar seguro con los perros:<\/p>\n\n\n\n<ul class=\"wp-block-list\">\n<li>Reconocer los signos de estr\u00e9s en los perros, como bostezar, meter el rabo entre las patas o lamerse los labios.<\/li>\n\n\n\n<li>Evite el contacto visual directo con los perros, ya que pueden interpretarlo como un desaf\u00edo a su autoridad o dominaci\u00f3n.<\/li>\n\n\n\n<li>Mantenga la calma y evite pasar corriendo o gritar a los perros, ya que estas acciones pueden provocar agresiones.<\/li>\n\n\n\n<li>Tenga cuidado con los perros que duermen, comen o juegan con juguetes. Pueden volverse protectores o territoriales.<\/li>\n<\/ul>\n\n\n\n<p>Sin embargo, a pesar de todas las precauciones, las mordeduras de perro pueden producirse, y de hecho se producen. Si le muerde un perro, acuda inmediatamente al m\u00e9dico para tratar las heridas y minimizar el riesgo de infecciones. Denuncie el incidente a las autoridades y obtenga informaci\u00f3n sobre el estado de vacunaci\u00f3n del perro. P\u00f3ngase en contacto con un <a href=\"https:\/\/www.briskmanandbriskman.com\/es\/areas-de-practica\/abogado-de-mordedura-de-perro-chicago\/como-encontrar-el-mejor-abogado-especializado-en-mordeduras-de-perro\/\">abogado con experiencia en mordeduras de perro en Schaumburg<\/a> para conocer sus derechos <a href=\"https:\/\/www.briskmanandbriskman.com\/es\/areas-de-practica\/abogado-de-mordedura-de-perro-chicago\/que-hacer-tras-una-mordedura-de-perro\/\">tras el ataque de un perro<\/a>.<\/p>\n\n\n\n<h2 class=\"wp-block-heading\">Lesiones comunes por mordedura de perro<\/h2>\n\n\n\n<p>Las mordeduras de perro pueden <a href=\"https:\/\/www.briskmanandbriskman.com\/es\/areas-de-practica\/abogado-de-mordedura-de-perro-chicago\/lesiones-comunes-por-mordeduras-de-perro\/\">variedad de lesiones<\/a>que van desde laceraciones a fracturas \u00f3seas. Seg\u00fan los Centros para el Control y la Prevenci\u00f3n de Enfermedades, las heridas punzantes se encuentran entre los tipos m\u00e1s comunes de lesiones por mordedura de perro.<\/p>\n\n\n\n<p>Adem\u00e1s de las lesiones f\u00edsicas, las v\u00edctimas se enfrentan a un importante riesgo de infecci\u00f3n. Los traumas emocionales tambi\u00e9n son frecuentes, y la ansiedad y el trastorno de estr\u00e9s postraum\u00e1tico afectan a muchos supervivientes mucho despu\u00e9s de que se hayan curado las heridas f\u00edsicas. <a href=\"https:\/\/www.briskmanandbriskman.com\/es\/areas-de-practica\/abogado-de-mordedura-de-perro-chicago\/chicago-nino-mordedura-de-perro-abogado\/\">Ni\u00f1os<\/a>En particular, pueden experimentar una mayor angustia emocional tras el ataque de un perro.<\/p>\n\n\n\n<ul class=\"wp-block-list\">\n<li><strong>Heridas punzantes:<\/strong> Las heridas punzantes pueden ser leves o graves, dependiendo de la fuerza de la mordedura. Se producen cuando los dientes del perro penetran en la piel.<\/li>\n\n\n\n<li><strong>Laceraciones: <\/strong>Cortes o desgarros en la piel causados por los dientes del perro de profundidad y gravedad variables. Puede haber da\u00f1os potenciales en el tejido subyacente, los nervios y los m\u00fasculos.<\/li>\n\n\n\n<li><strong>Heridas faciales: <\/strong><a href=\"https:\/\/www.briskmanandbriskman.com\/es\/areas-de-practica\/abogado-de-mordedura-de-perro-chicago\/hay-perros-mas-propensos-a-atacar-la-cara-de-un-humano\/\">Mordeduras de perro en la cara<\/a> puede provocar lesiones graves, como da\u00f1os en los ojos, la nariz, la boca o los o\u00eddos, que pueden requerir intervenci\u00f3n quir\u00fargica.<\/li>\n\n\n\n<li><strong>Avulsiones:<\/strong> Se refiere al desgarro de tejidos, como cuando un perro muerde y arranca parcial o totalmente una oreja u otra parte del cuerpo. Es probable que la v\u00edctima sufra una hemorragia excesiva y <a href=\"https:\/\/www.briskmanandbriskman.com\/es\/areas-de-practica\/abogado-de-mordedura-de-perro-chicago\/tipos-de-cicatrices-de-mordeduras-de-perro\/\">cicatrizaci\u00f3n<\/a>.<\/li>\n\n\n\n<li><strong>Huesos rotos y lesiones por aplastamiento:<\/strong> Los perros grandes pueden ejercer una fuerza considerable con sus mand\u00edbulas, lo que provoca fracturas o lesiones por aplastamiento de huesos y tejidos blandos.<\/li>\n\n\n\n<li><strong>Infecciones:<\/strong> Las mordeduras de perro conllevan un alto riesgo de infecci\u00f3n debido a las bacterias presentes en la boca del perro. Si las heridas abiertas no se tratan con prontitud, las infecciones pueden provocar complicaciones graves. Entre los tipos m\u00e1s comunes de infecciones est\u00e1n la rabia, la Pasteurella y el estafilococo.<\/li>\n<\/ul>\n\n\n\n<h2 class=\"wp-block-heading\">Indemnizaci\u00f3n por mordeduras de perro<\/h2>\n\n\n\n<p>El proceso de recuperaci\u00f3n puede ser largo para determinadas lesiones, como la desfiguraci\u00f3n facial o los problemas de movilidad. Las facturas m\u00e9dicas tras una mordedura de perro pueden acumularse r\u00e1pidamente, especialmente cuando el tratamiento implica m\u00faltiples cirug\u00edas reconstructivas. Incluso despu\u00e9s de las intervenciones m\u00e9dicas, la v\u00edctima de mordedura de perro puede sufrir secuelas a largo plazo y cambios permanentes en su vida cotidiana. Por ejemplo, las lesiones oculares pueden afectar a la capacidad de una persona para ver correctamente, o las extremidades da\u00f1adas pueden impedirle trabajar.<\/p>\n\n\n\n<p>Adem\u00e1s de los medios de subsistencia, el trauma duradero de una mordedura de perro tambi\u00e9n puede afectar a las relaciones y al bienestar general. Illinois los tribunales permiten a las v\u00edctimas de mordeduras de perro recibir una indemnizaci\u00f3n justa por angustia mental incluso cuando no hay lesiones f\u00edsicas visibles. Los ni\u00f1os son especialmente propensos a desarrollar ansiedad o miedo ante los perros tras un ataque traum\u00e1tico.<\/p>\n\n\n\n<p>En <a href=\"https:\/\/www.briskmanandbriskman.com\/es\/\">Briskman Briskman &amp; Greenberg<\/a>Creemos en ayudar a los clientes a recuperar los da\u00f1os que cubren la totalidad de sus p\u00e9rdidas despu\u00e9s de una mordedura de perro. <a href=\"https:\/\/www.briskmanandbriskman.com\/es\/nuestros-abogados\/\">Nuestros abogados de mordeduras de perro Schaumburg<\/a> trabajar\u00e1 incansablemente en su nombre para garantizar una resoluci\u00f3n justa a su <a href=\"https:\/\/www.briskmanandbriskman.com\/es\/\">reclamaci\u00f3n por da\u00f1os personales<\/a>. No nos conformaremos con ofertas de liquidaci\u00f3n a la baja.<\/p>\n\n\n\n<p>No hay l\u00edmite para las indemnizaciones por <a href=\"https:\/\/www.briskmanandbriskman.com\/es\/areas-de-practica\/abogado-de-mordedura-de-perro-chicago\/\">casos de da\u00f1os personales relacionados con mordeduras de perro en Illinois<\/a>. Las v\u00edctimas de mordeduras de perro en Schaumburg pueden solicitar una indemnizaci\u00f3n por una serie de p\u00e9rdidas, incluyendo gastos m\u00e9dicos, salarios perdidos, dolor y sufrimiento, angustia emocional, y m\u00e1s. Con un abogado con experiencia que lo represente, hay m\u00e1s posibilidades de que usted reciba la compensaci\u00f3n total que se merece.<\/p>\n\n\n\n<h2 class=\"wp-block-heading\">Plazo de reclamaciones por mordedura de perro en Schaumburg<\/h2>\n\n\n\n<p>Illinois La ley concede a las v\u00edctimas adultas de mordeduras de perro dos a\u00f1os desde que se produjo el incidente para presentar una demanda por lesiones personales. En consecuencia, quienes busquen un recurso legal deben actuar con rapidez para evitar perder su derecho a recibir una indemnizaci\u00f3n.<\/p>\n\n\n\n<p>Tenga en cuenta que el plazo de prescripci\u00f3n de dos a\u00f1os tiene ciertas excepciones, como en el caso de los ni\u00f1os. Si alguien se lesiona en un ataque de perro, mientras que el allanamiento de la propiedad del due\u00f1o del perro, su solicitud de indemnizaci\u00f3n puede ser excluido en virtud de la ley. Un abogado con experiencia en mordeduras de perro Schaumburg puede proporcionar orientaci\u00f3n sobre qu\u00e9 plazos se aplican a su caso.<\/p>\n\n\n\n<h2 class=\"wp-block-heading\">Contacto Briskman Briskman &amp; Greenberg<\/h2>\n\n\n\n<p>Si usted o un miembro de su familia ha sido v\u00edctima de una mordedura de perro, merece una indemnizaci\u00f3n justa. En <a href=\"https:\/\/www.briskmanandbriskman.com\/es\/\">Schaumburg abogados de mordedura de perro en Briskman Briskman &amp; Greenberg<\/a> est\u00e1n aqu\u00ed para ayudar. Nos enorgullecemos de ofrecer a nuestros clientes una representaci\u00f3n legal dedicada y compasiva.<\/p>\n\n\n\n<p><a href=\"https:\/\/www.briskmanandbriskman.com\/es\/abogados-de-accidentes-de-camiones-en-chicago-2\/\">P\u00f3ngase en contacto con nosotros<\/a> para programar una consulta gratuita y dar el primer paso hacia la recuperaci\u00f3n de su vida despu\u00e9s de una mordedura de perro. Operamos sobre una base de contingencia, lo que significa que s\u00f3lo cobramos si recuperamos con \u00e9xito los da\u00f1os en su nombre.<\/p>","protected":false},"excerpt":{"rendered":"<p>\u00bfHa sufrido usted o un ser querido el trauma de la mordedura de un perro? Las secuelas de un ataque de perro puede resultar en lesiones f\u00edsicas dolorosas y angustia emocional intensa, entre otros da\u00f1os duraderos. Si usted est\u00e1 buscando una compensaci\u00f3n justa por sus lesiones por mordedura de perro, no busque m\u00e1s all\u00e1 del equipo...<\/p>","protected":false},"author":1,"featured_media":0,"parent":13318,"menu_order":0,"comment_status":"closed","ping_status":"closed","template":"","meta":{"_acf_changed":false,"footnotes":""},"class_list":["post-13390","page","type-page","status-publish","hentry"],"acf":[],"_links":{"self":[{"href":"https:\/\/www.briskmanandbriskman.com\/es\/wp-json\/wp\/v2\/pages\/13390","targetHints":{"allow":["GET"]}}],"collection":[{"href":"https:\/\/www.briskmanandbriskman.com\/es\/wp-json\/wp\/v2\/pages"}],"about":[{"href":"https:\/\/www.briskmanandbriskman.com\/es\/wp-json\/wp\/v2\/types\/page"}],"author":[{"embeddable":true,"href":"https:\/\/www.briskmanandbriskman.com\/es\/wp-json\/wp\/v2\/users\/1"}],"replies":[{"embeddable":true,"href":"https:\/\/www.briskmanandbriskman.com\/es\/wp-json\/wp\/v2\/comments?post=13390"}],"version-history":[{"count":4,"href":"https:\/\/www.briskmanandbriskman.com\/es\/wp-json\/wp\/v2\/pages\/13390\/revisions"}],"predecessor-version":[{"id":14753,"href":"https:\/\/www.briskmanandbriskman.com\/es\/wp-json\/wp\/v2\/pages\/13390\/revisions\/14753"}],"up":[{"embeddable":true,"href":"https:\/\/www.briskmanandbriskman.com\/es\/wp-json\/wp\/v2\/pages\/13318"}],"wp:attachment":[{"href":"https:\/\/www.briskmanandbriskman.com\/es\/wp-json\/wp\/v2\/media?parent=13390"}],"curies":[{"name":"wp","href":"https:\/\/api.w.org\/{rel}","templated":true}]}}