{"id":13386,"date":"2024-08-04T23:21:27","date_gmt":"2024-08-04T23:21:27","guid":{"rendered":"https:\/\/www.briskmanandbriskman.com\/?page_id=13386"},"modified":"2024-08-04T23:21:30","modified_gmt":"2024-08-04T23:21:30","slug":"abogado-de-responsabilidad-de-locales","status":"publish","type":"page","link":"https:\/\/www.briskmanandbriskman.com\/es\/locations\/waukegan\/premises-liability-attorney\/","title":{"rendered":"Waukegan Abogado de responsabilidad civil de locales"},"content":{"rendered":"<p>Es crucial para cualquier persona que ha sufrido lesiones o da\u00f1os en la propiedad de otra persona en Waukegan, Illinois, para entender la importancia de obtener una <a href=\"https:\/\/www.briskmanandbriskman.com\/es\/areas-de-practica\/abogados-de-responsabilidad-civil-de-locales-de-chicago\/\">abogado de responsabilidad de locales<\/a>. Los casos de responsabilidad de los locales implican disputas legales derivadas de lesiones causadas por condiciones inseguras o peligrosas en la propiedad de otra persona, incluidos accidentes por resbalones y ca\u00eddas, mordeduras de perro, seguridad inadecuada y otros incidentes que pueden ocurrir en locales comerciales o residenciales.<\/p>\n\n\n\n<p>Illinois leyes de responsabilidad de los locales pueden ser un reto, por lo que tener un abogado de responsabilidad local es esencial. En <a href=\"https:\/\/www.briskmanandbriskman.com\/es\/lugares\/waukegan\/abogados-de-lesiones-personales\/\">Waukegan abogados de responsabilidad civil de locales en Briskman Briskman &amp; Greenberg<\/a> tienen m\u00e1s de 35 a\u00f1os de experiencia manejando con \u00e9xito estos casos en nombre de las v\u00edctimas de lesiones. Si usted ha sufrido lesiones en la propiedad de otra persona, <a href=\"https:\/\/www.briskmanandbriskman.com\/es\/abogados-de-accidentes-de-camiones-en-chicago-2\/\">p\u00f3ngase en contacto con<\/a> los abogados de BB&amp;G en <a href=\"tel:1-877-595-4878\">(877) 595-4878<\/a> para programar una consulta y hablar de sus derechos y recursos.<\/p>\n\n\n\n<h3 class=\"wp-block-heading\">Qu\u00e9 es la responsabilidad de los locales en Waukegan\u00a0<\/h3>\n\n\n\n<p>La responsabilidad de las instalaciones en Waukegan, como en el resto de Illinois, es un concepto legal que responsabiliza a los propietarios de los accidentes y lesiones que se producen en sus instalaciones debido a condiciones peligrosas o inseguras. Esta \u00e1rea de la ley es crucial para garantizar la seguridad de las personas que visitan o viven en la propiedad de otra persona.<\/p>\n\n\n\n<p>Seg\u00fan los Centros para el Control y la Prevenci\u00f3n de Enfermedades (CDC), las ca\u00eddas accidentales constituyen la principal causa de lesiones y muertes entre las personas de 65 a\u00f1os o m\u00e1s, com\u00fanmente denominadas adultos mayores. En 2020, la prevalencia de adultos mayores que declararon incidentes de ca\u00eddas durante el a\u00f1o anterior vari\u00f3 del 19,9% en Illinois al 38,0% en Alaska. A lo largo de 2021, la tasa de mortalidad asociada a ca\u00eddas involuntarias entre los adultos mayores oscil\u00f3 entre 30,7 por 100.000 y 176,5 en Wisconsin.<\/p>\n\n\n\n<h3 class=\"wp-block-heading\">Cu\u00e1l es el deber de diligencia en los casos de responsabilidad civil en los locales Illinois<\/h3>\n\n\n\n<p>En los casos de responsabilidad civil de las instalaciones Illinois, el \"deber de diligencia\" se refiere a la obligaci\u00f3n legal que tienen los propietarios con las personas que entran en sus instalaciones. Este deber de cuidado es un concepto fundamental en estos casos y es crucial para determinar si un propietario puede ser considerado responsable de las lesiones sufridas en su propiedad.<\/p>\n\n\n\n<p>Seg\u00fan la ley Illinois, el deber de diligencia var\u00eda en funci\u00f3n de la condici\u00f3n del visitante.&nbsp;<\/p>\n\n\n\n<h4 class=\"wp-block-heading\">Invitado<\/h4>\n\n\n\n<p>Los propietarios tienen el m\u00e1ximo deber de diligencia con los invitados, que son personas invitadas a la propiedad con un fin l\u00edcito, como los clientes de una tienda. Los propietarios deben mantener las instalaciones en condiciones razonablemente seguras, inspeccionarlas peri\u00f3dicamente en busca de peligros y ocuparse sin demora de cualquier situaci\u00f3n peligrosa.<\/p>\n\n\n\n<h4 class=\"wp-block-heading\">Licenciatario<\/h4>\n\n\n\n<p>Los licenciatarios tienen permiso para entrar en la propiedad pero para sus fines, como invitados sociales. Los propietarios est\u00e1n obligados a advertir a los licenciatarios de los peligros conocidos que no sean inmediatamente evidentes y puedan causar da\u00f1os.<\/p>\n\n\n\n<h4 class=\"wp-block-heading\">Intruso<\/h4>\n\n\n\n<p>Los propietarios tienen una obligaci\u00f3n limitada con los intrusos, normalmente la de abstenerse de causarles da\u00f1o intencionadamente.<\/p>\n\n\n\n<p>El deber espec\u00edfico de diligencia puede variar en funci\u00f3n de las circunstancias de cada caso, y en \u00e9l pueden influir factores como la condici\u00f3n del visitante y el conocimiento de los peligros por parte del propietario. No obstante, la obligaci\u00f3n suele consistir en mantener la propiedad en condiciones razonablemente seguras y abordar con prontitud cualquier peligro o defecto conocido.<\/p>\n\n\n\n<h3 class=\"wp-block-heading\">Casos comunes de responsabilidad de locales en Waukegan\u00a0<\/h3>\n\n\n\n<p>Los casos comunes de responsabilidad de locales en Waukegan, Illinois, abarcan una serie de accidentes y lesiones que se producen en la propiedad de otra persona debido a condiciones peligrosas o inseguras. Estos casos son esenciales para garantizar la seguridad y el bienestar de las personas que visitan o residen en estos locales.&nbsp;<\/p>\n\n\n\n<h4 class=\"wp-block-heading\">Accidentes por resbalones y ca\u00eddas<\/h4>\n\n\n\n<p>Las superficies resbaladizas, los suelos mojados, las pasarelas irregulares o las escaleras en mal estado pueden provocar <a href=\"https:\/\/www.briskmanandbriskman.com\/es\/lugares\/waukegan\/abogados-de-resbalones-y-caidas\/\">accidentes por resbalones y ca\u00eddas<\/a>. Los propietarios son responsables de mantener estas zonas seguras y de advertir adecuadamente a los visitantes de cualquier peligro potencial.<\/p>\n\n\n\n<h4 class=\"wp-block-heading\">Mordeduras de perro<\/h4>\n\n\n\n<p>Los due\u00f1os de perros <a href=\"https:\/\/www.briskmanandbriskman.com\/es\/lugares\/waukegan\/abogado-de-mordedura-de-perro-2\/\">responsable de las lesiones<\/a> causados por sus animales de compa\u00f1\u00eda si la v\u00edctima se encontraba legalmente en la propiedad en el momento del ataque. Illinois tiene <a href=\"https:\/\/www.briskmanandbriskman.com\/es\/que-es-la-responsabilidad-objetiva-en-un-caso-de-mordedura-de-perro\/\">leyes de responsabilidad objetiva<\/a> sobre casos de mordeduras de perro.<\/p>\n\n\n\n<h4 class=\"wp-block-heading\">Seguridad inadecuada<\/h4>\n\n\n\n<p>Los propietarios, especialmente en entornos comerciales como centros comerciales, aparcamientos o complejos de apartamentos, tienen el deber de proporcionar medidas de seguridad adecuadas. Si no lo hacen, pueden incurrir en responsabilidad si alguien es asaltado o robado debido a una seguridad inadecuada.<\/p>\n\n\n\n<h4 class=\"wp-block-heading\">Defectos estructurales y mantenimiento deficiente<\/h4>\n\n\n\n<p>Las condiciones peligrosas causadas por defectos estructurales, como barandillas sueltas, cableado defectuoso o ca\u00edda de objetos por negligencia, pueden provocar lesiones y reclamaciones por responsabilidad de los locales.<\/p>\n\n\n\n<h4 class=\"wp-block-heading\">Accidentes en piscinas<\/h4>\n\n\n\n<p><a href=\"https:\/\/www.briskmanandbriskman.com\/es\/2020\/11\/puede-considerarse-responsable-de-los-accidentes-al-propietario-de-una-piscina\/\">Propietarios con piscina<\/a> deben garantizar un vallado adecuado, mantenimiento y medidas de seguridad para evitar accidentes, especialmente con ni\u00f1os.<\/p>\n\n\n\n<h4 class=\"wp-block-heading\">Supervisi\u00f3n negligente<\/h4>\n\n\n\n<p>En los casos relacionados con escuelas, guarder\u00edas o instalaciones recreativas, las lesiones derivadas de una supervisi\u00f3n negligente pueden dar lugar a reclamaciones por responsabilidad de las instalaciones si se puede demostrar que no se proporcionaron la atenci\u00f3n y la supervisi\u00f3n adecuadas.<\/p>\n\n\n\n<h4 class=\"wp-block-heading\">Accidentes en comercios minoristas<\/h4>\n\n\n\n<p>Los clientes pueden lesionarse en las tiendas por ca\u00eddas de mercanc\u00edas, suelos mojados o pasillos desordenados. Los propietarios de las tiendas deben mantener un entorno de compra seguro.<\/p>\n\n\n\n<p>Estos son s\u00f3lo algunos ejemplos de casos comunes de responsabilidad de locales en Waukegan. En cada caso, el elemento cr\u00edtico es demostrar que la negligencia del propietario o su incapacidad para mantener un entorno seguro provoc\u00f3 directamente la lesi\u00f3n o el accidente. Las v\u00edctimas de este tipo de incidentes deben <a href=\"https:\/\/www.briskmanandbriskman.com\/es\/abogados-de-accidentes-de-camiones-en-chicago-2\/\">consulte con un abogado especializado en responsabilidad civil de los locales en Waukegan<\/a> para evaluar la viabilidad de sus reclamaciones y solicitar indemnizaci\u00f3n por sus lesiones y da\u00f1os.<\/p>\n\n\n\n<h3 class=\"wp-block-heading\">\u00bfQui\u00e9n es responsable de mis lesiones en un caso de responsabilidad del local?<\/h3>\n\n\n\n<p>En el Illinois, la determinaci\u00f3n de la responsabilidad en una reclamaci\u00f3n por responsabilidad de las instalaciones gira en torno a varios factores cr\u00edticos, como la condici\u00f3n del visitante, las acciones del propietario y las circunstancias del incidente.<\/p>\n\n\n\n<p>En general, determinar a qui\u00e9n puede demandar depender\u00e1 de varios factores, como la naturaleza del incidente, las acciones del propietario y las circunstancias de la lesi\u00f3n.&nbsp;<\/p>\n\n\n\n<h4 class=\"wp-block-heading\">Propietario u ocupante<\/h4>\n\n\n\n<p>La parte principal a tener en cuenta es el propietario u ocupante del inmueble. Puede tratarse de un propietario particular, un empresario o una empresa de gesti\u00f3n de propiedades. El propietario u ocupante suele ser responsable de mantener las instalaciones en condiciones de seguridad.<\/p>\n\n\n\n<h4 class=\"wp-block-heading\">Empresas de gesti\u00f3n inmobiliaria<\/h4>\n\n\n\n<p>Si la propiedad est\u00e1 gestionada por una entidad independiente, como una empresa de gesti\u00f3n, \u00e9sta puede compartir la responsabilidad por accidentes relacionados con las instalaciones si era responsable del mantenimiento y la seguridad de la propiedad.<\/p>\n\n\n\n<h4 class=\"wp-block-heading\">Contratistas y personal de mantenimiento<\/h4>\n\n\n\n<p>Si la lesi\u00f3n es consecuencia de una negligencia en las tareas de mantenimiento, reparaci\u00f3n o construcci\u00f3n realizadas por contratistas o personal de mantenimiento contratado por el propietario, \u00e9stos tambi\u00e9n pueden ser responsables.<\/p>\n\n\n\n<h4 class=\"wp-block-heading\">Entidades gubernamentales<\/h4>\n\n\n\n<p>En algunos casos, si el bien es propiedad o est\u00e1 gestionado por una entidad gubernamental, como un municipio o una instituci\u00f3n p\u00fablica, es posible que tenga que presentar una reclamaci\u00f3n contra la administraci\u00f3n. En estos casos suelen aplicarse normas y procedimientos especiales.<\/p>\n\n\n\n<h4 class=\"wp-block-heading\">Otras partes negligentes<\/h4>\n\n\n\n<p>Dependiendo de las circunstancias, podr\u00eda haber otras partes negligentes implicadas. Por ejemplo, si un tercero caus\u00f3 la situaci\u00f3n peligrosa, puede ser considerado responsable.<\/p>\n\n\n\n<p>Es esencial consultar con un abogado cualificado en responsabilidad de locales en Waukegan, IL, para evaluar los detalles de su caso. Ellos pueden ayudar a identificar a las partes responsables y guiarle a trav\u00e9s del proceso legal.<\/p>\n\n\n\n<h3 class=\"wp-block-heading\">Tipos de da\u00f1os y perjuicios indemnizables en casos de responsabilidad civil en los locales Illinois\u00a0<\/h3>\n\n\n\n<p>A nivel nacional, los veredictos sustanciales en <a href=\"https:\/\/www.briskmanandbriskman.com\/es\/\">da\u00f1os personales<\/a> y <a href=\"https:\/\/www.briskmanandbriskman.com\/es\/lugares\/waukegan\/abogados-de-muerte-por-negligencia\/\">casos de muerte por negligencia<\/a> se observaron con mayor frecuencia en casos de responsabilidad por productos defectuosos (23,6%), seguidos de cerca por <a href=\"https:\/\/www.briskmanandbriskman.com\/es\/lugares\/waukegan\/abogados-de-accidentes-de-coche\/\">casos de accidentes de tr\u00e1fico<\/a> (22,8%) y <a href=\"https:\/\/www.briskmanandbriskman.com\/es\/lugares\/waukegan\/abogados-de-negligencia-medica\/\">casos de responsabilidad m\u00e9dica<\/a> (20,6%). Por otra parte, los casos de responsabilidad civil de las instalaciones constituyeron 15,4% de estos veredictos, mientras que otros casos de negligencia representaron 7,9%. Los casos de da\u00f1os intencionados representaron 7,1% de dichos veredictos, y las reclamaciones diversas comprendieron 2,6% de las restantes partes de las indemnizaciones sustanciales de los veredictos.<\/p>\n\n\n\n<p>Las reclamaciones por responsabilidad de las instalaciones, que abarcan una amplia gama de incidentes, incluyen desde lesiones en el lugar de trabajo no cubiertas por la indemnizaci\u00f3n de los trabajadores hasta lesiones derivadas de sucesos como el derrumbamiento de una marquesina de autob\u00fas urbano. En los casos de responsabilidad civil de las instalaciones Illinois, el tribunal puede conceder una indemnizaci\u00f3n por da\u00f1os y perjuicios para compensar a las personas que han sufrido lesiones o p\u00e9rdidas a causa de condiciones peligrosas o negligencia en la propiedad de otra persona.<\/p>\n\n\n\n<p>Los da\u00f1os y perjuicios pueden cubrir diversos aspectos del bienestar f\u00edsico, emocional y financiero de la v\u00edctima.&nbsp;<\/p>\n\n\n\n<h4 class=\"wp-block-heading\">Gastos m\u00e9dicos<\/h4>\n\n\n\n<p>Las v\u00edctimas pueden reclamar una indemnizaci\u00f3n por todos los gastos m\u00e9dicos pasados y futuros relacionados con sus lesiones, incluidas facturas hospitalarias, intervenciones quir\u00fargicas, medicamentos, rehabilitaci\u00f3n y terapia.<\/p>\n\n\n\n<h4 class=\"wp-block-heading\">Salarios perdidos<\/h4>\n\n\n\n<p>Si la lesi\u00f3n provoca la incapacidad de la v\u00edctima para trabajar o percibir ingresos, puede solicitar una indemnizaci\u00f3n por los salarios perdidos, incluidos los ingresos actuales y los posibles ingresos futuros.<\/p>\n\n\n\n<h4 class=\"wp-block-heading\">Dolor y sufrimiento<\/h4>\n\n\n\n<p>Tambi\u00e9n pueden concederse a las v\u00edctimas da\u00f1os no econ\u00f3micos, como dolor f\u00edsico, angustia emocional y disminuci\u00f3n de la calidad de vida.<\/p>\n\n\n\n<h4 class=\"wp-block-heading\">Da\u00f1os materiales<\/h4>\n\n\n\n<p>&nbsp;Si se da\u00f1an bienes personales a causa del siniestro, las v\u00edctimas pueden tener derecho a una indemnizaci\u00f3n para repararlos o reponerlos.<\/p>\n\n\n\n<h4 class=\"wp-block-heading\">Indemnizaci\u00f3n por homicidio culposo<\/h4>\n\n\n\n<p>Si un incidente de responsabilidad de las premisas resulta en una fatalidad, los miembros sobrevivientes de la familia pueden buscar da\u00f1os y perjuicios para los gastos funerarios y de entierro, la p\u00e9rdida de apoyo financiero, y la carga emocional de la p\u00e9rdida de un ser querido.<\/p>\n\n\n\n<h4 class=\"wp-block-heading\">Da\u00f1os punitivos<\/h4>\n\n\n\n<p>En raros casos de negligencia extrema o mala conducta intencionada, pueden concederse da\u00f1os punitivos para castigar a la parte responsable y disuadir de futuras fechor\u00edas.<\/p>\n\n\n\n<p>Es importante tener en cuenta que el Illinois sigue un sistema de negligencia comparativa modificada, lo que significa que si la v\u00edctima es declarada parcialmente culpable de sus lesiones, su indemnizaci\u00f3n puede reducirse proporcionalmente.<\/p>\n\n\n\n<h2 class=\"wp-block-heading\">\u00bfHa sufrido lesiones en propiedad ajena y quiere saber m\u00e1s sobre sus derechos?<\/h2>\n\n\n\n<p>Si usted o un ser querido resultaron heridos recientemente mientras visitaban la casa o el negocio de otra persona, pueden tener derecho a una indemnizaci\u00f3n a trav\u00e9s de una demanda por responsabilidad de las instalaciones Waukegan. En <a href=\"https:\/\/www.briskmanandbriskman.com\/es\/\">Briskman Briskman &amp; Greenberg<\/a>, nuestro <a href=\"https:\/\/www.briskmanandbriskman.com\/es\/nuestros-abogados\/\">equipo especializado de abogados especializados en lesiones personales<\/a> se enorgullecen inmensamente de ayudar a las v\u00edctimas de accidentes y a sus seres queridos a buscar justicia por lo que han pasado.<\/p>\n\n\n\n<p>Ofrecemos <a href=\"https:\/\/www.briskmanandbriskman.com\/es\/consulta-gratuita\/\">consultas gratuitas<\/a> a todos los posibles clientes, durante la cual nos tomaremos todo el tiempo que necesitemos para responder a sus preguntas. Tambi\u00e9n le explicaremos las leyes pertinentes y le proporcionaremos una evaluaci\u00f3n honesta de su caso.<\/p>\n\n\n\n<p>Si usted decide presentar un caso con nosotros, no aceptaremos pago de usted a menos que y hasta que podamos ganar su caso a trav\u00e9s de un acuerdo favorable o veredicto del jurado. Para obtener m\u00e1s informaci\u00f3n, y para programar una consulta gratuita hoy, llame al Briskman Briskman &amp; Greenberg en <a href=\"tel:1-877-595-4878\">877-595-4878<\/a>. Tambi\u00e9n puede ponerse en contacto con nosotros a trav\u00e9s de <a href=\"https:\/\/www.briskmanandbriskman.com\/es\/abogados-de-accidentes-de-camiones-en-chicago-2\/\">formulario de contacto seguro en l\u00ednea<\/a>.<\/p>","protected":false},"excerpt":{"rendered":"<p>Es crucial para cualquier persona que haya sufrido lesiones o da\u00f1os en la propiedad de otra persona en Waukegan, Illinois, comprender la importancia de obtener un abogado de responsabilidad de locales. Los casos de responsabilidad de las premisas implican disputas legales que surgen de lesiones causadas por condiciones inseguras o peligrosas en la propiedad de otra persona, incluyendo accidentes de resbalones y ca\u00eddas, mordeduras de perro,...<\/p>","protected":false},"author":1,"featured_media":0,"parent":7298,"menu_order":0,"comment_status":"closed","ping_status":"closed","template":"","meta":{"_acf_changed":false,"footnotes":""},"class_list":["post-13386","page","type-page","status-publish","hentry"],"acf":[],"_links":{"self":[{"href":"https:\/\/www.briskmanandbriskman.com\/es\/wp-json\/wp\/v2\/pages\/13386","targetHints":{"allow":["GET"]}}],"collection":[{"href":"https:\/\/www.briskmanandbriskman.com\/es\/wp-json\/wp\/v2\/pages"}],"about":[{"href":"https:\/\/www.briskmanandbriskman.com\/es\/wp-json\/wp\/v2\/types\/page"}],"author":[{"embeddable":true,"href":"https:\/\/www.briskmanandbriskman.com\/es\/wp-json\/wp\/v2\/users\/1"}],"replies":[{"embeddable":true,"href":"https:\/\/www.briskmanandbriskman.com\/es\/wp-json\/wp\/v2\/comments?post=13386"}],"version-history":[{"count":3,"href":"https:\/\/www.briskmanandbriskman.com\/es\/wp-json\/wp\/v2\/pages\/13386\/revisions"}],"predecessor-version":[{"id":13389,"href":"https:\/\/www.briskmanandbriskman.com\/es\/wp-json\/wp\/v2\/pages\/13386\/revisions\/13389"}],"up":[{"embeddable":true,"href":"https:\/\/www.briskmanandbriskman.com\/es\/wp-json\/wp\/v2\/pages\/7298"}],"wp:attachment":[{"href":"https:\/\/www.briskmanandbriskman.com\/es\/wp-json\/wp\/v2\/media?parent=13386"}],"curies":[{"name":"wp","href":"https:\/\/api.w.org\/{rel}","templated":true}]}}