{"id":13356,"date":"2024-07-30T21:21:25","date_gmt":"2024-07-30T21:21:25","guid":{"rendered":"https:\/\/www.briskmanandbriskman.com\/?page_id=13356"},"modified":"2024-07-30T21:21:28","modified_gmt":"2024-07-30T21:21:28","slug":"abogado-de-insercion-marginal-del-cordon","status":"publish","type":"page","link":"https:\/\/www.briskmanandbriskman.com\/es\/practice-areas\/birth-injury-lawyer\/marginal-cord-insertion-lawyer\/","title":{"rendered":"Chicago Abogado de inserci\u00f3n de cord\u00f3n marginal"},"content":{"rendered":"<h2 class=\"wp-block-heading\"><em>Abogados altamente experimentados en lesiones de nacimiento Chicago comprometidos con la obtenci\u00f3n de justicia en nombre de las familias.<\/em><\/h2>\n\n\n\n<p>Traer un hijo al mundo deber\u00eda ser uno de los momentos m\u00e1s felices y memorables de la vida de los padres. Sin embargo, si hay un problema durante el parto, puede empa\u00f1ar para siempre lo que de otro modo ser\u00eda un momento hermoso. No s\u00f3lo eso, sino que muchas lesiones en el parto dan lugar a problemas m\u00e9dicos graves que duran toda la vida y, en los casos m\u00e1s tr\u00e1gicos, el beb\u00e9 no es capaz de superar sus lesiones.<\/p>\n\n\n\n<p>En el <a href=\"https:\/\/www.briskmanandbriskman.com\/es\/areas-de-practica\/abogado-de-lesiones-de-nacimiento\/\">Chicago lesiones de nacimiento bufete de abogados de Briskman Briskman &amp; Greenberg<\/a>Nuestros abogados especializados en lesiones en el parto Chicago tienen una amplia experiencia en ayudar a las familias a exigir responsabilidades econ\u00f3micas a los profesionales m\u00e9dicos por los graves da\u00f1os sufridos por sus hijos. Hemos estado representando a individuos y familias en <a href=\"https:\/\/www.briskmanandbriskman.com\/es\/areas-de-practica\/negligencia-medica\/\">negligencia m\u00e9dica<\/a> y casos de lesiones de nacimiento desde 1987 y sabemos lo que se necesita para asegurar el resultado que usted est\u00e1 buscando. Tambi\u00e9n ofrecemos <a href=\"https:\/\/www.briskmanandbriskman.com\/es\/abogados-de-accidentes-de-camiones-en-chicago-2\/\">consultas gratuitas<\/a>por lo que no hay riesgo en llamarnos para saber m\u00e1s sobre la posibilidad de una demanda por inserci\u00f3n de cord\u00f3n marginal Chicago.\u00a0<\/p>\n\n\n\n<h3 class=\"wp-block-heading\">\u00bfQu\u00e9 es la inserci\u00f3n marginal del cord\u00f3n umbilical?<\/h3>\n\n\n\n<p>La inserci\u00f3n marginal del cord\u00f3n umbilical es una afecci\u00f3n que puede producirse durante el embarazo, en la que el cord\u00f3n umbilical del beb\u00e9 se adhiere al borde de la placenta en lugar de al centro. El cord\u00f3n umbilical es una l\u00ednea de vida para el beb\u00e9, que recibe nutrientes esenciales y ox\u00edgeno de la madre. En un embarazo sano, el cord\u00f3n se une al centro de la placenta, lo que garantiza que el beb\u00e9 reciba un flujo constante de nutrientes. Sin embargo, en casos de inserci\u00f3n marginal del cord\u00f3n, esta uni\u00f3n en el borde puede comprometer el suministro de ox\u00edgeno y nutrientes, lo que puede provocar complicaciones tanto para la madre como para el beb\u00e9.<\/p>\n\n\n\n<p>La inserci\u00f3n marginal del cord\u00f3n umbilical se produce entre el 2% y el 25% de los embarazos. Normalmente, la probabilidad de inserci\u00f3n marginal del cord\u00f3n es menor en los embarazos \u00fanicos que en los embarazos de gemelos o trillizos.<\/p>\n\n\n\n<p>En la mayor\u00eda de los casos, la inserci\u00f3n marginal del cord\u00f3n se detecta en el segundo trimestre del embarazo, es decir, entre las semanas 14 y 27.<\/p>\n\n\n\n<p>La inserci\u00f3n marginal del cord\u00f3n umbilical no siempre se detecta durante las ecograf\u00edas rutinarias, y su impacto puede variar. Algunos embarazos transcurren sin problemas, mientras que otros pueden experimentar problemas importantes que requieran intervenci\u00f3n m\u00e9dica. Si no se trata, la inserci\u00f3n marginal del cord\u00f3n umbilical puede provocar lesiones graves, o incluso la muerte. <a href=\"https:\/\/www.briskmanandbriskman.com\/es\/areas-de-practica\/muerte-por-negligencia\/\">incluso la muerte<\/a>-tanto para el ni\u00f1o como para la madre.\u00a0<\/p>\n\n\n\n<p>La inserci\u00f3n marginal del cord\u00f3n tambi\u00e9n puede convertirse en inserci\u00f3n velamentosa del cord\u00f3n, que es una afecci\u00f3n similar pero m\u00e1s grave en la que el cord\u00f3n umbilical se adhiere a membranas fuera de la placenta.&nbsp;<\/p>\n\n\n\n<h3 class=\"wp-block-heading\">Causas de la inserci\u00f3n marginal del cord\u00f3n umbilical<\/h3>\n\n\n\n<p>Las causas exactas de la inserci\u00f3n marginal del cord\u00f3n no se conocen del todo. Sin embargo, varios factores pueden contribuir a su desarrollo:<\/p>\n\n\n\n<p><strong>Edad materna<\/strong>: Los embarazos en mujeres mayores se asocian a un mayor riesgo de complicaciones, incluida la inserci\u00f3n marginal del cord\u00f3n umbilical.<\/p>\n\n\n\n<p><strong>Embarazos m\u00faltiples<\/strong>: Las mujeres portadoras de gemelos o mellizos corren un mayor riesgo de inserci\u00f3n marginal del cord\u00f3n debido a la mayor demanda de la placenta.<\/p>\n\n\n\n<p><strong>Complicaciones del embarazo anterior<\/strong>: Los antecedentes de complicaciones en el embarazo pueden aumentar la probabilidad de inserci\u00f3n marginal del cord\u00f3n en embarazos posteriores.<\/p>\n\n\n\n<p><strong>Factores relacionados con el estilo de vida<\/strong>: Ciertas elecciones de estilo de vida, como el tabaquismo o una mala alimentaci\u00f3n, pueden afectar a la salud y el apego de la placenta.<\/p>\n\n\n\n<h3 class=\"wp-block-heading\">S\u00edntomas de la inserci\u00f3n marginal del cord\u00f3n umbilical<\/h3>\n\n\n\n<p>La inserci\u00f3n marginal del cord\u00f3n umbilical en s\u00ed no suele presentar s\u00edntomas perceptibles. Sin embargo, las complicaciones derivadas de ella pueden dar lugar a varias se\u00f1ales de alerta durante el embarazo. Por ejemplo, si tu beb\u00e9 no recibe suficientes nutrientes y ox\u00edgeno, puedes notar que se mueve menos de lo normal.&nbsp;<\/p>\n\n\n\n<p>Los m\u00e9dicos tambi\u00e9n pueden detectar un posible caso de inserci\u00f3n marginal del cord\u00f3n midiendo la altura del fondo uterino, que es la medida desde la parte superior del \u00fatero hasta el hueso p\u00fabico. Las mediciones an\u00f3malas pueden indicar posibles problemas de crecimiento del beb\u00e9.<\/p>\n\n\n\n<p>Por \u00faltimo, en algunos casos, la inserci\u00f3n marginal del cord\u00f3n umbilical se detecta durante ecograf\u00edas rutinarias, cuando el t\u00e9cnico observa la inusual fijaci\u00f3n del cord\u00f3n umbilical.<\/p>\n\n\n\n<h3 class=\"wp-block-heading\">Tratamiento de la inserci\u00f3n marginal del cord\u00f3n en Chicago<\/h3>\n\n\n\n<p>El tratamiento de la inserci\u00f3n marginal del cord\u00f3n umbilical depende de la gravedad de la afecci\u00f3n y del estado de salud de la madre y el beb\u00e9. En funci\u00f3n de las caracter\u00edsticas espec\u00edficas de la situaci\u00f3n, los m\u00e9dicos pueden emplear una o varias de las siguientes opciones de tratamiento:<\/p>\n\n\n\n<p><strong>Mayor vigilancia<\/strong>: Ecograf\u00edas y revisiones m\u00e1s frecuentes para seguir de cerca el crecimiento y desarrollo del beb\u00e9.<\/p>\n\n\n\n<p><strong>Apoyo nutricional<\/strong>: Garantizar a la madre una dieta equilibrada rica en nutrientes esenciales puede contribuir al crecimiento del beb\u00e9.<\/p>\n\n\n\n<p><strong>Entrega anticipada<\/strong>: En casos graves, los m\u00e9dicos pueden recomendar un parto prematuro para evitar complicaciones mayores.<\/p>\n\n\n\n<p><strong>Reposo en cama<\/strong>: A veces, los m\u00e9dicos pueden sugerir reposo en cama para reducir la tensi\u00f3n sobre la placenta y el cord\u00f3n umbilical.<\/p>\n\n\n\n<p>El objetivo del tratamiento es controlar eficazmente la afecci\u00f3n y minimizar los riesgos tanto para la madre como para el beb\u00e9. Como ocurre con la mayor\u00eda de las posibles lesiones en el parto, la detecci\u00f3n precoz y un seguimiento cuidadoso son cruciales.<\/p>\n\n\n\n<h3 class=\"wp-block-heading\">\u00bfPor qu\u00e9 los padres deben hablar con un abogado de lesiones de nacimiento Chicago?<\/h3>\n\n\n\n<p>Si a su beb\u00e9 se le ha diagnosticado una inserci\u00f3n marginal del cord\u00f3n umbilical o si ha sufrido complicaciones debido a esta afecci\u00f3n, es esencial que tenga en cuenta lo siguiente <a href=\"https:\/\/www.briskmanandbriskman.com\/es\/abogados-de-accidentes-de-camiones-en-chicago-2\/\">hablar con un abogado especializado en lesiones en el parto<\/a>. Los abogados especializados en lesiones en el parto son abogados altamente especializados que se ocupan principalmente de casos relacionados con lesiones graves, a largo plazo y, en ocasiones, potencialmente mortales para los beb\u00e9s que se producen durante el embarazo y a lo largo del proceso de parto. Algunas de las razones por las que es importante hablar con un abogado especializado en lesiones en el parto Chicago tras un caso de inserci\u00f3n marginal del cord\u00f3n umbilical son las siguientes:<\/p>\n\n\n\n<ol class=\"wp-block-list\">\n<li><strong>Conozca sus derechos<\/strong> - Un abogado especializado en lesiones en el parto con Chicago puede ayudarle a comprender sus derechos y opciones legales. Podemos aclarar si la negligencia m\u00e9dica puede haber desempe\u00f1ado un papel en las complicaciones y ayudarle a entender lo que puede hacer para obtener la justicia que usted y su hijo merecen.\u00a0<\/li>\n\n\n\n<li><strong>Gesti\u00f3n de historiales m\u00e9dicos complejos<\/strong> - Los casos de lesiones de nacimiento a menudo implican la revisi\u00f3n de extensos registros m\u00e9dicos. Nuestros abogados especializados en inserci\u00f3n marginal del cord\u00f3n umbilical pueden ayudar a interpretar estos complejos historiales para determinar si se le proporcion\u00f3 la atenci\u00f3n adecuada.<\/li>\n\n\n\n<li><strong>Garantizar la rendici\u00f3n de cuentas<\/strong> - Si los profesionales m\u00e9dicos no proporcionaron el nivel necesario de atenci\u00f3n, deben rendir cuentas. En Briskman Briskman &amp; Greenberg, podemos ayudar a asegurar que las partes responsables sean identificadas y responsabilizadas por sus acciones.<\/li>\n\n\n\n<li><strong>Garantizar la indemnizaci\u00f3n<\/strong> - Las facturas m\u00e9dicas, los cuidados continuos y la angustia emocional pueden suponer una carga importante para su familia. Nuestros abogados especializados en lesiones en el parto pueden ayudarle a reclamar una indemnizaci\u00f3n para cubrir estos gastos y aliviar el estr\u00e9s financiero. Su hijo tambi\u00e9n puede ser elegible para una indemnizaci\u00f3n basada en el impacto que el diagn\u00f3stico tendr\u00e1 en su vida.\u00a0<\/li>\n<\/ol>\n\n\n\n<h3 class=\"wp-block-heading\">C\u00f3mo presentar una demanda por lesi\u00f3n en el parto Chicago relacionada con la inserci\u00f3n marginal del cord\u00f3n umbilical<\/h3>\n\n\n\n<p>Si decide interponer una demanda por lesiones en el parto, el proceso puede ser un poco complicado. Pero es manejable con la ayuda de un abogado experto en lesiones de nacimiento Chicago. A continuaci\u00f3n te ofrecemos un breve resumen de c\u00f3mo puede ser el proceso, aunque cada caso es \u00fanico.&nbsp;<\/p>\n\n\n\n<ol class=\"wp-block-list\">\n<li><strong>Consulta inicial:<\/strong> El primer paso es reunirse con un abogado especializado en lesiones en el parto de Briskman Briskman &amp; Greenberg para hablar de su caso. Le haremos preguntas sobre su embarazo, el parto y cualquier complicaci\u00f3n que haya sufrido.<\/li>\n\n\n\n<li><strong>Evaluaci\u00f3n de casos:<\/strong> Nuestros abogados evaluar\u00e1n su caso para determinar si hay motivos para una demanda. Esto puede implicar consultar con expertos m\u00e9dicos para revisar su historial y las circunstancias que rodearon el estado de su beb\u00e9.<\/li>\n\n\n\n<li><strong>Presentaci\u00f3n de la demanda:<\/strong> Si hay pruebas suficientes, su abogado presentar\u00e1 una demanda en su nombre. En este documento se exponen los detalles de su caso, incluida la supuesta negligencia y los da\u00f1os y perjuicios que solicita.<\/li>\n\n\n\n<li><strong>Proceso de descubrimiento:<\/strong> Durante esta fase, ambas partes intercambian informaci\u00f3n y re\u00fanen pruebas. Esto puede incluir declaraciones, en las que se interroga a los testigos bajo juramento, y solicitudes de documentos relacionados con el caso.<\/li>\n\n\n\n<li><strong>Negociaciones de conciliaci\u00f3n:<\/strong> Muchos casos de lesiones en el parto se resuelven extrajudicialmente. Su abogado negociar\u00e1 con el equipo legal del demandado para llegar a un acuerdo que le compense justamente por lo que usted y su familia han pasado. Si no se llega a un acuerdo, el caso puede ir a juicio.<\/li>\n\n\n\n<li><strong>Juicio:<\/strong> Si el caso va a juicio, su abogado presentar\u00e1 pruebas y argumentos ante un juez o un jurado. Abogar\u00e1 en su nombre para demostrar que hubo negligencia m\u00e9dica y solicitar una indemnizaci\u00f3n por los da\u00f1os sufridos.<\/li>\n<\/ol>\n\n\n\n<p>Llevar a cabo una demanda por lesiones en el parto puede ser un proceso complejo y largo, pero contar con un abogado con experiencia en casos de inserci\u00f3n marginal del cord\u00f3n umbilical proporcionar\u00e1 a su familia el apoyo necesario para navegar por el proceso con \u00e9xito.<\/p>\n\n\n\n<h3 class=\"wp-block-heading\">Tipos de da\u00f1os y perjuicios en una demanda por inserci\u00f3n marginal del cord\u00f3n Chicago<\/h3>\n\n\n\n<p>En una demanda por inserci\u00f3n de cord\u00f3n umbilical marginal, puede obtener varios tipos de indemnizaciones por sus p\u00e9rdidas y sufrimientos, entre las que se incluyen las siguientes:<\/p>\n\n\n\n<ul class=\"wp-block-list\">\n<li><strong>Gastos m\u00e9dicos:<\/strong> Esto incluye los gastos de atenci\u00f3n prenatal, parto y cualquier tratamiento m\u00e9dico necesario para usted y su beb\u00e9 debido a complicaciones derivadas de la inserci\u00f3n marginal del cord\u00f3n umbilical.<\/li>\n\n\n\n<li><strong>Atenci\u00f3n continuada:<\/strong> Si su beb\u00e9 requiere cuidados m\u00e9dicos a largo plazo o servicios especiales, estos costes futuros pueden incluirse en el importe de la indemnizaci\u00f3n por lesiones en el parto o en el veredicto del jurado.<\/li>\n\n\n\n<li><strong>Dolor y sufrimiento:<\/strong> Estos da\u00f1os cubren la angustia emocional y f\u00edsica experimentada por usted y su familia debido a las complicaciones.<\/li>\n\n\n\n<li><strong>Salarios perdidos:<\/strong> Si tuvo que ausentarse del trabajo o perdi\u00f3 ingresos debido a la situaci\u00f3n m\u00e9dica, podr\u00eda tener derecho a una indemnizaci\u00f3n por estos salarios perdidos.<\/li>\n\n\n\n<li><strong>Gastos funerarios:<\/strong> En el tr\u00e1gico caso de un siniestro, su familia puede solicitar una indemnizaci\u00f3n por los gastos funerarios y de sepelio.<\/li>\n<\/ul>\n\n\n\n<p>Es importante tener en cuenta que cada caso es \u00fanico y que los da\u00f1os y perjuicios solicitados depender\u00e1n de las circunstancias espec\u00edficas y de las repercusiones en la familia.<\/p>\n\n\n\n<h2 class=\"wp-block-heading\">Hable con un abogado especializado en negligencias m\u00e9dicas Chicago con experiencia en casos relacionados con la inserci\u00f3n del cord\u00f3n umbilical marginal<\/h2>\n\n\n\n<p>Enfrentarse a las complejidades de la inserci\u00f3n marginal del cord\u00f3n umbilical puede ser abrumador y desgarrador para usted y su familia. Sin embargo, al obtener una mejor comprensi\u00f3n de sus opciones, usted puede estar facultado para tomar medidas. Hablar con un abogado especializado en lesiones en el parto de Briskman Briskman &amp; Greenberg puede proporcionarle el apoyo y la orientaci\u00f3n necesarios para determinar si hubo negligencia m\u00e9dica y buscar justicia e indemnizaci\u00f3n.<\/p>\n\n\n\n<p>Si su familia se enfrenta a las secuelas de complicaciones en la inserci\u00f3n del cord\u00f3n umbilical marginal, sepa que no tiene por qu\u00e9 pasar por ello sola. En <a href=\"https:\/\/www.briskmanandbriskman.com\/es\/\">Chicago abogados de lesiones de nacimiento en Briskman Briskman &amp; Greenberg<\/a> estamos aqu\u00ed para usted. Llevamos casi 40 a\u00f1os apoyando a pacientes y a sus seres queridos en situaciones similares, ayud\u00e1ndoles a conseguir la indemnizaci\u00f3n que necesitan para empezar a rehacer sus vidas. Ofrecemos consultas gratuitas a todos los clientes potenciales y nunca le facturamos por nuestros servicios a menos que podamos recuperar la indemnizaci\u00f3n en su nombre. Para obtener m\u00e1s informaci\u00f3n, y para hablar con un abogado de inserci\u00f3n de cord\u00f3n marginal Chicago hoy, llame al <a href=\"tel:1-877-595-4878\">877-595-4878<\/a>. Tambi\u00e9n puede ponerse en contacto con nosotros a trav\u00e9s de <a href=\"https:\/\/www.briskmanandbriskman.com\/es\/abogados-de-accidentes-de-camiones-en-chicago-2\/\">formulario de contacto en l\u00ednea<\/a>.<\/p>","protected":false},"excerpt":{"rendered":"<p>Abogados altamente experimentados en lesiones de nacimiento Chicago comprometidos con la obtenci\u00f3n de justicia en nombre de las familias Traer un ni\u00f1o al mundo deber\u00eda ser uno de los momentos m\u00e1s alegres y memorables de la vida de los padres. Sin embargo, si hay un problema durante el proceso de parto y alumbramiento, puede manchar para siempre lo que de otro modo ser\u00eda un hermoso...<\/p>","protected":false},"author":1,"featured_media":0,"parent":10426,"menu_order":0,"comment_status":"closed","ping_status":"closed","template":"","meta":{"_acf_changed":false,"footnotes":""},"class_list":["post-13356","page","type-page","status-publish","hentry"],"acf":[],"_links":{"self":[{"href":"https:\/\/www.briskmanandbriskman.com\/es\/wp-json\/wp\/v2\/pages\/13356","targetHints":{"allow":["GET"]}}],"collection":[{"href":"https:\/\/www.briskmanandbriskman.com\/es\/wp-json\/wp\/v2\/pages"}],"about":[{"href":"https:\/\/www.briskmanandbriskman.com\/es\/wp-json\/wp\/v2\/types\/page"}],"author":[{"embeddable":true,"href":"https:\/\/www.briskmanandbriskman.com\/es\/wp-json\/wp\/v2\/users\/1"}],"replies":[{"embeddable":true,"href":"https:\/\/www.briskmanandbriskman.com\/es\/wp-json\/wp\/v2\/comments?post=13356"}],"version-history":[{"count":2,"href":"https:\/\/www.briskmanandbriskman.com\/es\/wp-json\/wp\/v2\/pages\/13356\/revisions"}],"predecessor-version":[{"id":13358,"href":"https:\/\/www.briskmanandbriskman.com\/es\/wp-json\/wp\/v2\/pages\/13356\/revisions\/13358"}],"up":[{"embeddable":true,"href":"https:\/\/www.briskmanandbriskman.com\/es\/wp-json\/wp\/v2\/pages\/10426"}],"wp:attachment":[{"href":"https:\/\/www.briskmanandbriskman.com\/es\/wp-json\/wp\/v2\/media?parent=13356"}],"curies":[{"name":"wp","href":"https:\/\/api.w.org\/{rel}","templated":true}]}}