{"id":1335,"date":"2012-01-27T18:22:07","date_gmt":"2012-01-27T18:22:07","guid":{"rendered":"https:\/\/www.briskmanandbriskman.com\/?page_id=1335"},"modified":"2024-11-05T00:02:47","modified_gmt":"2024-11-05T00:02:47","slug":"privacidad","status":"publish","type":"page","link":"https:\/\/www.briskmanandbriskman.com\/es\/privacy\/","title":{"rendered":"Privacidad"},"content":{"rendered":"<p>Nuestra direcci\u00f3n postal es<br>205 W Randolph St.<br>Suite 925<br>Chicago, IL 60606<\/p>\n\n\n\n<p>Puede ponerse en contacto con nosotros por tel\u00e9fono en el 312.222.0010<\/p>\n\n\n\n<p>Briskman Briskman &amp; Greenberg se denominar\u00e1 \"LAW FIRM\" en esta pol\u00edtica y https:\/\/www.briskmanandbriskman.com se denominar\u00e1 \"Web site\".<\/p>\n\n\n\n<p>Para cada visitante de nuestra p\u00e1gina web, nuestro servidor web reconoce autom\u00e1ticamente s\u00f3lo el nombre de dominio del consumidor, la direcci\u00f3n IP, pero no la direcci\u00f3n de correo electr\u00f3nico (cuando es posible).<\/p>\n\n\n\n<p>En caso de comunicaci\u00f3n instigada por el visitante, recopilamos el nombre de dominio, la direcci\u00f3n de correo electr\u00f3nico de los visitantes de nuestra p\u00e1gina web, el nombre de dominio y la direcci\u00f3n de correo electr\u00f3nico (cuando es posible) de los visitantes de nuestra p\u00e1gina web, las direcciones de correo electr\u00f3nico de quienes se comunican con nosotros por correo electr\u00f3nico, las direcciones de correo electr\u00f3nico de quienes realizan publicaciones en nuestras \u00e1reas de chat, informaci\u00f3n agregada sobre las p\u00e1ginas a las que acceden o visitan los consumidores, informaci\u00f3n espec\u00edfica del usuario sobre las p\u00e1ginas a las que acceden o visitan los consumidores, informaci\u00f3n ofrecida voluntariamente por el consumidor, como informaci\u00f3n de encuestas y\/o registros en el sitio, nombre y direcci\u00f3n, y n\u00famero de tel\u00e9fono.<\/p>\n\n\n\n<p>La informaci\u00f3n que recopilamos se utiliza para revisi\u00f3n interna y se emplea para mejorar el contenido de nuestra p\u00e1gina Web, se utiliza para notificar a los consumidores las actualizaciones de nuestra p\u00e1gina Web, se comparte con agentes o contratistas que nos ayudan a prestar apoyo a nuestras operaciones internas, la utilizamos para ponernos en contacto con los consumidores con fines de marketing, se divulga cuando la ley as\u00ed lo exige, a petici\u00f3n de las autoridades gubernamentales que lleven a cabo una investigaci\u00f3n, para verificar o exigir el cumplimiento de las leyes aplicables o para protegernos contra el uso indebido o no autorizado de nuestra p\u00e1gina web, a una entidad sucesora en relaci\u00f3n con una fusi\u00f3n corporativa, consolidaci\u00f3n, venta de activos u otro cambio corporativo con respecto a la p\u00e1gina web, y con LAW FIRM.<\/p>\n\n\n\n<p>La informaci\u00f3n del cliente, ya sea p\u00fablica o privada, no se vender\u00e1, intercambiar\u00e1, transferir\u00e1 ni entregar\u00e1 a ninguna otra empresa por ning\u00fan motivo, sin el consentimiento del cliente, salvo con el fin expreso de suministrar el producto adquirido o el servicio solicitado por el cliente.<\/p>\n\n\n\n<p>Con respecto a las cookies: Utilizamos cookies para almacenar las preferencias de los visitantes, registrar informaci\u00f3n de la sesi\u00f3n, como las \u00e1reas visitadas dentro del sitio web.<\/p>\n\n\n\n<p>Si nos facilita su direcci\u00f3n postal en l\u00ednea, podr\u00e1 recibir peri\u00f3dicamente correos nuestros con informaci\u00f3n sobre nuevos productos y servicios o pr\u00f3ximos eventos. Si no desea recibirlos, p\u00f3ngase en contacto con nosotros en el n\u00famero de tel\u00e9fono indicado m\u00e1s arriba.<\/p>\n\n\n\n<p>Ind\u00edquenos su nombre y direcci\u00f3n exactos. Nos aseguraremos de que su nombre sea eliminado de la lista.<\/p>\n\n\n\n<p>Las personas que nos faciliten sus n\u00fameros de tel\u00e9fono en l\u00ednea podr\u00e1n recibir llamadas telef\u00f3nicas o mensajes de texto de nuestra parte con informaci\u00f3n sobre nuevos productos y servicios o pr\u00f3ximos eventos. Si no desea recibir este tipo de llamadas telef\u00f3nicas o mensajes, le rogamos que nos lo comunique llamando al n\u00famero de tel\u00e9fono arriba indicado. Ind\u00edquenos su nombre y n\u00famero de tel\u00e9fono. Nos aseguraremos de que su nombre sea eliminado de la lista.<\/p>\n\n\n\n<p>Con respecto a los servidores de anuncios: Para intentar ofrecerle ofertas que sean de su inter\u00e9s, mostramos anuncios de otras empresas a las que permitimos colocar anuncios en nuestras p\u00e1ginas web. Como resultado de su visita a nuestro sitio, las empresas de servidores de anuncios pueden recopilar informaci\u00f3n como su tipo de dominio, su direcci\u00f3n IP e informaci\u00f3n sobre el flujo de clics. Para m\u00e1s informaci\u00f3n, consulte las pol\u00edticas de privacidad de:<\/p>\n\n\n\n<p>http:\/\/www.google.com\/intl\/en\/privacypolicy.html.<\/p>\n\n\n\n<p>Cuando navegue por este sitio web, se colocar\u00e1n cookies publicitarias en su ordenador para que podamos saber qu\u00e9 le interesa. Nuestro socio de publicidad gr\u00e1fica, AdRoll, nos permite presentarle publicidad reorientada en otros sitios basada en su interacci\u00f3n previa con este sitio web. Las t\u00e9cnicas empleadas por nuestros socios no recogen informaci\u00f3n personal como su nombre, direcci\u00f3n de correo electr\u00f3nico, direcci\u00f3n postal o n\u00famero de tel\u00e9fono. Puede visitar esta p\u00e1gina para darse de baja de la publicidad dirigida de AdRoll y sus socios.<\/p>\n\n\n\n<p>De vez en cuando, podemos utilizar la informaci\u00f3n de los clientes para usos nuevos e imprevistos que no se hayan divulgado previamente en nuestro aviso de privacidad. Si nuestras pr\u00e1cticas de informaci\u00f3n cambian en alg\u00fan momento en el futuro, publicaremos los cambios de pol\u00edtica en nuestro sitio web para notificarle estos cambios y ofrecerle la posibilidad de optar por no participar en estos nuevos usos. Si le preocupa c\u00f3mo se utiliza su informaci\u00f3n, le recomendamos que visite peri\u00f3dicamente nuestro sitio web.<\/p>\n\n\n\n<p>Previa solicitud, ofrecemos a los visitantes la posibilidad de corregir inexactitudes en la informaci\u00f3n de contacto, la informaci\u00f3n financiera y los identificadores \u00fanicos.<\/p>\n\n\n\n<p>Los consumidores pueden corregir esta informaci\u00f3n llamando al n\u00famero de tel\u00e9fono indicado m\u00e1s arriba.<\/p>\n\n\n\n<p>Con respecto a la seguridad: Cuando transferimos y recibimos ciertos tipos de informaci\u00f3n sensible, como informaci\u00f3n financiera, redirigimos a los visitantes a un servidor seguro. Las transacciones que no incluyen datos financieros no se env\u00edan a trav\u00e9s de un servidor seguro.<\/p>\n\n\n\n<p>Esta es la pol\u00edtica de privacidad completa del sitio web.<\/p>","protected":false},"excerpt":{"rendered":"<p>Nuestra direcci\u00f3n postal es205 W Randolph St.Suite 925Chicago, IL 60606 Podemos ser contactados por tel\u00e9fono en el 312.222.0010 Briskman Briskman &amp; Greenberg para ser referenciado como \"FIRMA DE ABOGADOS\" en esta pol\u00edtica y https:\/\/www.briskmanandbriskman.com para ser referenciado como \"Sitio Web\". Para cada visitante de nuestra p\u00e1gina Web, nuestro servidor Web reconoce autom\u00e1ticamente s\u00f3lo el nombre de dominio del consumidor, IP...<\/p>","protected":false},"author":1,"featured_media":0,"parent":0,"menu_order":0,"comment_status":"closed","ping_status":"open","template":"","meta":{"_acf_changed":false,"footnotes":""},"class_list":["post-1335","page","type-page","status-publish","hentry"],"acf":[],"_links":{"self":[{"href":"https:\/\/www.briskmanandbriskman.com\/es\/wp-json\/wp\/v2\/pages\/1335","targetHints":{"allow":["GET"]}}],"collection":[{"href":"https:\/\/www.briskmanandbriskman.com\/es\/wp-json\/wp\/v2\/pages"}],"about":[{"href":"https:\/\/www.briskmanandbriskman.com\/es\/wp-json\/wp\/v2\/types\/page"}],"author":[{"embeddable":true,"href":"https:\/\/www.briskmanandbriskman.com\/es\/wp-json\/wp\/v2\/users\/1"}],"replies":[{"embeddable":true,"href":"https:\/\/www.briskmanandbriskman.com\/es\/wp-json\/wp\/v2\/comments?post=1335"}],"version-history":[{"count":4,"href":"https:\/\/www.briskmanandbriskman.com\/es\/wp-json\/wp\/v2\/pages\/1335\/revisions"}],"predecessor-version":[{"id":13737,"href":"https:\/\/www.briskmanandbriskman.com\/es\/wp-json\/wp\/v2\/pages\/1335\/revisions\/13737"}],"wp:attachment":[{"href":"https:\/\/www.briskmanandbriskman.com\/es\/wp-json\/wp\/v2\/media?parent=1335"}],"curies":[{"name":"wp","href":"https:\/\/api.w.org\/{rel}","templated":true}]}}