{"id":13320,"date":"2024-06-28T22:48:34","date_gmt":"2024-06-28T22:48:34","guid":{"rendered":"https:\/\/www.briskmanandbriskman.com\/?page_id=13320"},"modified":"2025-07-10T16:54:19","modified_gmt":"2025-07-10T16:54:19","slug":"abogados-de-danos-personales","status":"publish","type":"page","link":"https:\/\/www.briskmanandbriskman.com\/es\/locations\/schaumburg\/personal-injury-lawyers\/","title":{"rendered":"Schaumburg, IL Abogados de Lesiones Personales"},"content":{"rendered":"<h2 class=\"wp-block-heading\"><em>Dedicado Abogados de Lesiones Personales Lucha por los heridos en Schaumburg<\/em><\/h2>\n\n\n\n<p>Despu\u00e9s de un <a href=\"https:\/\/www.briskmanandbriskman.com\/es\/\">lesiones graves<\/a>tu mundo se ha vuelto del rev\u00e9s. Lo que empez\u00f3 como un d\u00eda normal acab\u00f3 siendo cualquier cosa menos normal.&nbsp;<\/p>\n\n\n\n<p>Ahora puede que le cueste realizar actividades cotidianas como comer, vestirse o ducharse. Puede que se preocupe por el trabajo que le falta y se pregunte si volver\u00e1 a tener el que ten\u00eda antes. Es posible que eche de menos las aficiones, las tareas dom\u00e9sticas o el tiempo en familia que antes disfrutaba y que ahora sus lesiones le impiden practicar. Tal vez tema no poder pagar las facturas.<\/p>\n\n\n\n<p>Si esto le resulta familiar, no est\u00e1 solo. En <a href=\"https:\/\/www.briskmanandbriskman.com\/es\/\">Briskman, Briskman Y Greenberg<\/a>Nos tomamos sus lesiones como algo personal, porque entendemos lo personales que son.&nbsp;<\/p>\n\n\n\n<h3 class=\"wp-block-heading\">Illinois Estad\u00edsticas sobre da\u00f1os personales<\/h3>\n\n\n\n<p>Cada a\u00f1o, miles de residentes de Illinois sufren lesiones graves o la muerte debido a la negligencia, imprudencia o mala conducta intencionada de otra persona. Estas son algunas de las situaciones m\u00e1s habituales en las que se producen lesiones.<\/p>\n\n\n\n<h3 class=\"wp-block-heading\">Accidentes de tr\u00e1fico<\/h3>\n\n\n\n<p>En 2022, el Departamento de Transporte Illinois registr\u00f3 <a href=\"https:\/\/www.briskmanandbriskman.com\/es\/lugares\/schaumburg\/abogado-de-accidente-de-coche\/\">320.382 accidentes de tr\u00e1fico en el condado de Cook<\/a>. Entre ellos:<\/p>\n\n\n\n<ul class=\"wp-block-list\">\n<li><strong>400 muertos <\/strong>en accidentes de tr\u00e1fico,<\/li>\n\n\n\n<li><strong>40.202 lesiones <\/strong>en accidentes de tr\u00e1fico, incluyendo <strong>3,723 <\/strong>lesiones graves o catastr\u00f3ficas.&nbsp;<\/li>\n<\/ul>\n\n\n\n<p>Entre estos accidentes, m\u00e1s de 2.300 implicaron un <a href=\"https:\/\/www.briskmanandbriskman.com\/es\/areas-de-practica\/abogados-de-accidentes-de-camiones-en-chicago-2\/abogados-de-accidentes-por-conducir-ebrio-en-chicago\/\">conductor bajo los efectos del alcohol o las drogas<\/a>. M\u00e1s de 1.000 accidentes fueron causados por una persona fatigada o <a href=\"https:\/\/www.briskmanandbriskman.com\/es\/areas-de-practica\/abogados-de-accidentes-de-camiones-en-chicago-2\/abogados-de-accidentes-por-conduccion-distraida-en-chicago\/\">conductor distra\u00eddo<\/a>.&nbsp;<\/p>\n\n\n\n<p>De los 2022 accidentes ocurridos en los condados de Cook y DuPage, 1.256 se produjeron en Schaumburg. 35 fueron causados por conductores bajo los efectos del alcohol, y ocho involucraron a conductores somnolientos.<\/p>\n\n\n\n<h3 class=\"wp-block-heading\">Accidentes laborales<\/h3>\n\n\n\n<p>En 2022, 177 trabajadores Illinois perdieron la vida en accidentes laborales. Causas comunes de <a href=\"https:\/\/www.briskmanandbriskman.com\/es\/areas-de-practica\/indemnizacion-por-accidente-laboral\/\">muertes y lesiones en accidentes laborales<\/a> incluido:<\/p>\n\n\n\n<ul class=\"wp-block-list\">\n<li>Incidentes de transporte, incluidos <a href=\"https:\/\/www.briskmanandbriskman.com\/es\/areas-de-practica\/indemnizacion-por-accidente-laboral\/chicago-accidente-de-coche-en-el-trabajo-abogados\/\">accidentes de tr\u00e1fico<\/a>75 muertes, o el 42% de todos los accidentes laborales mortales en Illinois en 2022<\/li>\n\n\n\n<li>Exposici\u00f3n a sustancias o entornos nocivos: 30 muertes<\/li>\n\n\n\n<li>Violencia u otras lesiones causadas por personas o animales: 26 muertes<\/li>\n\n\n\n<li><a href=\"https:\/\/www.briskmanandbriskman.com\/es\/areas-de-practica\/indemnizacion-por-accidente-laboral\/resbalon-y-caida-en-el-trabajo\/\">Resbalones, tropiezos y ca\u00eddas<\/a>: 23 muertes<\/li>\n<\/ul>\n\n\n\n<p>Estas cifras son similares a las de accidentes y muertes en el lugar de trabajo en todo el pa\u00eds. Otras causas comunes de lesiones en el lugar de trabajo son el atrapamiento o aprisionamiento por maquinaria o equipos, el golpe con un objeto y la electrocuci\u00f3n.&nbsp;<\/p>\n\n\n\n<h3 class=\"wp-block-heading\">Resbalones, tropezones y ca\u00eddas<\/h3>\n\n\n\n<p>Las ca\u00eddas son la principal causa de muerte y lesiones graves entre los adultos estadounidenses mayores de 65 a\u00f1os. Sin embargo, un <a href=\"https:\/\/www.briskmanandbriskman.com\/es\/areas-de-practica\/chicago-resbalon-y-caida-abogados\/\">una ca\u00edda puede causar lesiones graves<\/a> a cualquier persona a cualquier edad.&nbsp;<\/p>\n\n\n\n<p>La mayor\u00eda de las ca\u00eddas son evitables. Las empresas de Schaumburg tienen la responsabilidad de prevenir las ca\u00eddas siempre que sea posible mediante el mantenimiento de los suelos, manteniendo los pasillos libres de derrames, escombros y desorden, utilizando una iluminaci\u00f3n adecuada y advirtiendo a los visitantes cuando un escal\u00f3n irregular, un suelo reci\u00e9n fregado u otro peligro aumente el riesgo de ca\u00edda.&nbsp;<\/p>\n\n\n\n<h3 class=\"wp-block-heading\">Mordeduras de perro<\/h3>\n\n\n\n<p>Illinois aparece regularmente en la lista del Servicio Postal de EE.UU. de los estados donde <a href=\"https:\/\/www.briskmanandbriskman.com\/es\/areas-de-practica\/abogado-de-mordedura-de-perro-chicago\/usps-abogados-de-mordeduras-de-perro\/\">los carteros sufren el mayor n\u00famero de mordeduras de perro<\/a>. El Estado tambi\u00e9n encabeza regularmente las listas de indemnizaciones pagadas en <a href=\"https:\/\/www.briskmanandbriskman.com\/es\/areas-de-practica\/abogado-de-mordedura-de-perro-chicago\/\">reclamaciones por mordeduras de perro<\/a>.&nbsp;<\/p>\n\n\n\n<p>Cada a\u00f1o en Estados Unidos:<\/p>\n\n\n\n<ul class=\"wp-block-list\">\n<li>Se producen unos 4,5 millones de lesiones por mordedura de perro.<\/li>\n\n\n\n<li>Aproximadamente 885.000 mordeduras de perro requieren atenci\u00f3n m\u00e9dica, y 316.000 al a\u00f1o requieren acudir a urgencias.&nbsp;<\/li>\n\n\n\n<li>Las mordeduras de perro son el segundo motivo m\u00e1s frecuente de visita de los ni\u00f1os a los servicios de urgencias estadounidenses y el decimotercer motivo m\u00e1s frecuente en general.&nbsp;<\/li>\n\n\n\n<li>M\u00e1s de 28.000 v\u00edctimas de mordeduras de perro necesitan cirug\u00eda reconstructiva cada a\u00f1o.&nbsp;<\/li>\n<\/ul>\n\n\n\n<p>En <a href=\"https:\/\/www.briskmanandbriskman.com\/es\/areas-de-practica\/abogado-de-mordedura-de-perro-chicago\/chicago-nino-mordedura-de-perro-abogado\/\">los ni\u00f1os son los m\u00e1s propensos a sufrir mordeduras de perro<\/a>Cualquiera puede ser mordido por un perro, y cualquier perro puede morder. <a href=\"https:\/\/www.briskmanandbriskman.com\/es\/areas-de-practica\/abogado-de-mordedura-de-perro-chicago\/como-ser-un-dueno-responsable\/\">Illinois los due\u00f1os de perros tienen una responsabilidad<\/a> controlar a sus perros para evitar mordeduras.&nbsp;<\/p>\n\n\n\n<h3 class=\"wp-block-heading\">Negligencias m\u00e9dicas<\/h3>\n\n\n\n<p><a href=\"https:\/\/www.briskmanandbriskman.com\/es\/areas-de-practica\/negligencia-medica\/\">Negligencia m\u00e9dica<\/a> se produce cuando un proveedor de servicios m\u00e9dicos no cumple la norma profesional de atenci\u00f3n, lo que provoca lesiones a un paciente.&nbsp;<\/p>\n\n\n\n<ul class=\"wp-block-list\">\n<li>Los errores m\u00e9dicos son la tercera causa de muerte en Estados Unidos, seg\u00fan un estudio de Johns Hopkins.<\/li>\n\n\n\n<li>El diagn\u00f3stico err\u00f3neo es una de las formas m\u00e1s comunes de negligencia m\u00e9dica.<\/li>\n\n\n\n<li>Hasta un 15% de todas las intervenciones m\u00e9dicas pueden incluir al menos un error evitable.<\/li>\n\n\n\n<li>Cada a\u00f1o se resuelven en Illinois unas 1.000 demandas por negligencia m\u00e9dica.<\/li>\n<\/ul>\n\n\n\n<p>Una persona lesionada tambi\u00e9n puede sufrir da\u00f1os de otras formas. No importa c\u00f3mo se lesion\u00f3, si sospecha que la culpa es de la negligencia de otra persona, <a href=\"https:\/\/www.briskmanandbriskman.com\/es\/abogados-de-accidentes-de-camiones-en-chicago-2\/\">hablar con un abogado con experiencia en lesiones Schaumburg<\/a> hoy.&nbsp;<\/p>\n\n\n\n<h3 class=\"wp-block-heading\">Lesiones comunes en las demandas por lesiones Schaumburg<\/h3>\n\n\n\n<p>Cada caso de lesiones personales es diferente porque los hechos de cada accidente o lesi\u00f3n son diferentes. Lesiones comunes que aparecen en Schaumburg demandas por lesiones personales incluyen:<\/p>\n\n\n\n<ul class=\"wp-block-list\">\n<li><a href=\"https:\/\/www.briskmanandbriskman.com\/es\/areas-de-practica\/abogados-de-chicago-especializados-en-lesiones-cerebrales\/\">Cerebro<\/a> y lesiones medulares,<\/li>\n\n\n\n<li>La cabeza, <a href=\"https:\/\/www.briskmanandbriskman.com\/es\/areas-de-practica\/chicago-cuello-espalda-lesiones-abogados\/\">lesiones de cuello y espalda<\/a>,<\/li>\n\n\n\n<li><a href=\"https:\/\/www.briskmanandbriskman.com\/es\/areas-de-practica\/indemnizacion-por-accidente-laboral\/rotura-de-huesos-en-el-trabajo\/\">Huesos rotos<\/a>,<\/li>\n\n\n\n<li>Da\u00f1os en \u00f3rganos internos, nervios, m\u00fasculos o tejidos,<\/li>\n\n\n\n<li>Amputaciones o lesiones por aplastamiento,<\/li>\n\n\n\n<li>Quemaduras t\u00e9rmicas, qu\u00edmicas, el\u00e9ctricas o por fricci\u00f3n,&nbsp;<\/li>\n\n\n\n<li>Contusiones, laceraciones y otros da\u00f1os.<\/li>\n<\/ul>\n\n\n\n<p>Tambi\u00e9n pueden producirse otras lesiones. A muchas personas, las lesiones graves les dejan cicatrices de por vida y otras limitaciones o da\u00f1os.&nbsp;<\/p>\n\n\n\n<h3 class=\"wp-block-heading\">Illinois Fundamentos de la demanda por lesiones personales<\/h3>\n\n\n\n<p>Cada <a href=\"https:\/\/www.briskmanandbriskman.com\/es\/\">demanda por lesiones personales en Illinois<\/a> sigue normas y procedimientos espec\u00edficos establecidos por los tribunales del Estado. Estos procedimientos incluyen los plazos para presentar una demanda por lesiones personales. Tambi\u00e9n incluyen un marco para entender qu\u00e9 p\u00e9rdidas pueden indemnizarse y c\u00f3mo se calcula la indemnizaci\u00f3n.&nbsp;<\/p>\n\n\n\n<h3 class=\"wp-block-heading\">Plazos en casos de lesiones personales Illinois<\/h3>\n\n\n\n<p>La \"ley de prescripci\u00f3n\" de Illinois establece plazos para presentar diversos tipos de demandas ante los tribunales del estado. Para las demandas por lesiones personales, el plazo es <strong>dos a\u00f1os.&nbsp;<\/strong><\/p>\n\n\n\n<p>En la mayor\u00eda de los casos, el plazo de dos a\u00f1os empieza a contar a partir de la fecha del accidente. Algunas excepciones pueden cambiar el momento en que empieza a correr el reloj o pueden \"interrumpir\" o pausar el c\u00f3mputo del plazo de dos a\u00f1os. Sin embargo, estas excepciones son limitadas y no se aplican en la mayor\u00eda de los casos.<\/p>\n\n\n\n<p>Si no est\u00e1 seguro de cuando el plazo de dos a\u00f1os cae en su caso, hable con un abogado de lesiones personales Schaumburg de inmediato. Incluso si usted sospecha que el plazo ya ha pasado, la programaci\u00f3n de una consulta gratuita puede ayudarle a entender sus opciones legales.&nbsp;<\/p>\n\n\n\n<h3 class=\"wp-block-heading\">Tipos de compensaci\u00f3n despu\u00e9s de una lesi\u00f3n personal en Schaumburg<\/h3>\n\n\n\n<p>En una demanda por lesiones personales, la indemnizaci\u00f3n monetaria trata de compensar a la persona lesionada por diversas p\u00e9rdidas. La indemnizaci\u00f3n se centra en las p\u00e9rdidas que la persona lesionada no habr\u00eda experimentado si no hubiera sufrido la lesi\u00f3n.&nbsp;<\/p>\n\n\n\n<p>Entre las formas habituales de indemnizaci\u00f3n disponibles en una demanda por lesiones personales se incluyen:<\/p>\n\n\n\n<ul class=\"wp-block-list\">\n<li>Facturas m\u00e9dicas, incluida la indemnizaci\u00f3n por servicios de transporte de urgencia, atenci\u00f3n en urgencias y hospitalaria, cirug\u00eda, medicamentos, dispositivos m\u00e9dicos, visitas al m\u00e9dico y terapia y rehabilitaci\u00f3n,<\/li>\n\n\n\n<li>Salarios perdidos si su lesi\u00f3n le ha impedido trabajar,<\/li>\n\n\n\n<li>P\u00e9rdida de ingresos futuros si su lesi\u00f3n le impedir\u00e1 trabajar o limitar\u00e1 el trabajo que pueda realizar en el futuro,<\/li>\n\n\n\n<li>Gastos de reparaci\u00f3n o sustituci\u00f3n de los bienes da\u00f1ados,<\/li>\n\n\n\n<li>Dolor y sufrimiento,&nbsp;<\/li>\n\n\n\n<li>P\u00e9rdida del disfrute de la vida si sus lesiones le impiden dedicarse a aficiones, pasar tiempo con la familia u otras actividades que antes disfrutaba y<\/li>\n\n\n\n<li>Cicatrices y desfiguraci\u00f3n.&nbsp;<\/li>\n<\/ul>\n\n\n\n<p>Tambi\u00e9n puede haber indemnizaciones por otras p\u00e9rdidas. <a href=\"https:\/\/www.briskmanandbriskman.com\/es\/abogados-de-accidentes-de-camiones-en-chicago-2\/\">Hable con un abogado<\/a> para saber m\u00e1s sobre c\u00f3mo se aplican las normas de indemnizaci\u00f3n de Illinois en su situaci\u00f3n.&nbsp;<\/p>\n\n\n\n<h3 class=\"wp-block-heading\">\u00bfPor qu\u00e9 trabajar con un experimentado abogado de lesiones personales Schaumburg?<\/h3>\n\n\n\n<p>Para muchos residentes de Schaumburg, un caso de lesiones personales es su primera vez navegando por el sistema judicial. Incluso para aquellos con experiencia previa en los tribunales, el manejo de un caso de lesiones personales cuando ya est\u00e1 luchando para recuperarse de lesiones graves es una tarea dif\u00edcil.&nbsp;<\/p>\n\n\n\n<p>Cuando <a href=\"https:\/\/www.briskmanandbriskman.com\/es\/mejores-practicas-de-abogados-de-lesiones-personales\/\">trabajar con un abogado de lesiones personales Schaumburg<\/a>ganar\u00e1 un defensor que:<\/p>\n\n\n\n<ul class=\"wp-block-list\">\n<li><strong>Escuche y responda a sus preguntas. <\/strong>Desde su consulta inicial hasta la resoluci\u00f3n de su caso, su abogado escuchar\u00e1 sus preocupaciones, responder\u00e1 a sus preguntas y le proporcionar\u00e1 la informaci\u00f3n que necesita para tomar decisiones informadas sobre sus derechos y opciones legales.&nbsp;<\/li>\n\n\n\n<li><strong>Re\u00fana pruebas y presente una visi\u00f3n completa y justa de su versi\u00f3n del caso. <\/strong>Los abogados de las compa\u00f1\u00edas de seguros son profesionales cuya funci\u00f3n es proteger a la aseguradora, incluso si eso significa negarse a pagar la indemnizaci\u00f3n que usted tiene derecho a recibir. Su abogado act\u00faa como defensor experimentado de su parte, asegur\u00e1ndose de que se escuche su punto de vista y se respeten sus derechos.&nbsp;<\/li>\n\n\n\n<li><strong>Negocie con las aseguradoras para poder centrarse en curarse. <\/strong>Regatear con las compa\u00f1\u00edas de seguros puede ser duro. Tu abogado puede encargarse de esas conversaciones, representando tus necesidades mientras t\u00fa te centras en recuperarte de tus lesiones.&nbsp;<\/li>\n\n\n\n<li><strong>Trabajar por una resoluci\u00f3n justa de su caso sin perder de vista el juicio. <\/strong>Muchas demandas por lesiones se resuelven sin un juicio completo. Su abogado trabajar\u00e1 para una resoluci\u00f3n justa, mientras que tambi\u00e9n se prepara para representarlo agresivamente en el juicio si es necesario.&nbsp;<\/li>\n<\/ul>\n\n\n\n<p>Trabajar con un abogado de lesiones personales Schaumburg dedicado tambi\u00e9n puede ser asequible. Muchos abogados de lesiones personales trabajan \"en contingencia\", lo que significa que usted no tendr\u00e1 que pagar honorarios de abogado si su abogado no puede recuperar la compensaci\u00f3n para usted. Si su abogado le ayuda a ganar, sus honorarios se pagan de la compensaci\u00f3n que usted recibe. Hable con un abogado hoy mismo para saber m\u00e1s sobre c\u00f3mo funcionan los acuerdos de honorarios condicionales.&nbsp;<\/p>\n\n\n\n<h3 class=\"wp-block-heading\">P\u00f3ngase en contacto hoy mismo con Briskman Briskman &amp; Greenberg<\/h3>\n\n\n\n<p>Despu\u00e9s de una lesi\u00f3n, incluso las tareas personales m\u00e1s sencillas pueden parecer una lucha. Tareas como negociar con las compa\u00f1\u00edas de seguros, reunir pruebas sobre lo que te ha ocurrido o luchar por una indemnizaci\u00f3n pueden parecer imposibles.<\/p>\n\n\n\n<p>Afortunadamente, no est\u00e1 solo. En <a href=\"https:\/\/www.briskmanandbriskman.com\/es\/\">Briskman, Briskman Y Greenberg<\/a>Sabemos que su lesi\u00f3n es personal y nos lo tomamos como algo personal. Estamos aqu\u00ed para luchar por la compensaci\u00f3n que cada uno de nuestros clientes merece despu\u00e9s de una lesi\u00f3n grave. Para obtener m\u00e1s informaci\u00f3n, p\u00f3ngase en contacto con nosotros hoy para <a href=\"https:\/\/www.briskmanandbriskman.com\/es\/consulta-gratuita\/\">solicite una evaluaci\u00f3n gratuita y confidencial de su caso<\/a> con uno de nuestros <a href=\"https:\/\/www.briskmanandbriskman.com\/es\/\">experimentado y compasivo Schaumburg, Illinois, abogados de lesiones personales<\/a>.<\/p>","protected":false},"excerpt":{"rendered":"<p>Dedicado Abogados de Lesiones Personales Lucha por los heridos en Schaumburg Despu\u00e9s de una lesi\u00f3n grave, su mundo est\u00e1 al rev\u00e9s. Lo que comenz\u00f3 como un d\u00eda ordinario termin\u00f3 como cualquier cosa menos ordinaria.  Ahora, usted puede luchar con las actividades diarias como comer, vestirse o tomar una ducha. Usted puede preocuparse por el trabajo que est\u00e1 perdiendo y se preguntan ...<\/p>","protected":false},"author":1,"featured_media":10956,"parent":13318,"menu_order":0,"comment_status":"closed","ping_status":"closed","template":"","meta":{"_acf_changed":false,"footnotes":""},"class_list":["post-13320","page","type-page","status-publish","has-post-thumbnail","hentry"],"acf":[],"_links":{"self":[{"href":"https:\/\/www.briskmanandbriskman.com\/es\/wp-json\/wp\/v2\/pages\/13320","targetHints":{"allow":["GET"]}}],"collection":[{"href":"https:\/\/www.briskmanandbriskman.com\/es\/wp-json\/wp\/v2\/pages"}],"about":[{"href":"https:\/\/www.briskmanandbriskman.com\/es\/wp-json\/wp\/v2\/types\/page"}],"author":[{"embeddable":true,"href":"https:\/\/www.briskmanandbriskman.com\/es\/wp-json\/wp\/v2\/users\/1"}],"replies":[{"embeddable":true,"href":"https:\/\/www.briskmanandbriskman.com\/es\/wp-json\/wp\/v2\/comments?post=13320"}],"version-history":[{"count":4,"href":"https:\/\/www.briskmanandbriskman.com\/es\/wp-json\/wp\/v2\/pages\/13320\/revisions"}],"predecessor-version":[{"id":14914,"href":"https:\/\/www.briskmanandbriskman.com\/es\/wp-json\/wp\/v2\/pages\/13320\/revisions\/14914"}],"up":[{"embeddable":true,"href":"https:\/\/www.briskmanandbriskman.com\/es\/wp-json\/wp\/v2\/pages\/13318"}],"wp:featuredmedia":[{"embeddable":true,"href":"https:\/\/www.briskmanandbriskman.com\/es\/wp-json\/wp\/v2\/media\/10956"}],"wp:attachment":[{"href":"https:\/\/www.briskmanandbriskman.com\/es\/wp-json\/wp\/v2\/media?parent=13320"}],"curies":[{"name":"wp","href":"https:\/\/api.w.org\/{rel}","templated":true}]}}