{"id":13289,"date":"2024-06-28T19:38:03","date_gmt":"2024-06-28T19:38:03","guid":{"rendered":"https:\/\/www.briskmanandbriskman.com\/?page_id=13289"},"modified":"2025-05-27T21:35:58","modified_gmt":"2025-05-27T21:35:58","slug":"centros-de-trauma-de-nivel-i-que-tratan-las-mordeduras-de-perro-en-chicago","status":"publish","type":"page","link":"https:\/\/www.briskmanandbriskman.com\/es\/information-centers\/dog-bite-center\/level-i-trauma-centers-that-treat-dog-bites-in-chicago\/","title":{"rendered":"Centros de Traumatolog\u00eda de Nivel I que tratan mordeduras de perro en Chicago"},"content":{"rendered":"<h2 class=\"wp-block-heading\"><em>\u00bfQu\u00e9 es un centro de traumatolog\u00eda de nivel I?<\/em><\/h2>\n\n\n\n<p>Un centro de traumatolog\u00eda Illinois es un hospital designado por el Departamento de Salud P\u00fablica Illinois para atender a pacientes traumatizados. A los centros de traumatolog\u00eda se les asignan distintos niveles en funci\u00f3n de factores como el tipo de recursos de que disponen y el n\u00famero de pacientes ingresados cada a\u00f1o.<\/p>\n\n\n\n<p>El nivel I es la m\u00e1xima designaci\u00f3n para un centro de traumatolog\u00eda. Los centros de traumatolog\u00eda de nivel I proporcionan el nivel m\u00e1s \u00f3ptimo de atenci\u00f3n traumatol\u00f3gica a pacientes gravemente enfermos o lesionados. Los pacientes reciben una atenci\u00f3n integral durante todo el proceso m\u00e9dico, que abarca desde la prevenci\u00f3n hasta la rehabilitaci\u00f3n.<\/p>\n\n\n\n<p>Las principales caracter\u00edsticas de los centros de traumatolog\u00eda de nivel I incluyen servicios 24 horas al d\u00eda y casi todas las especialidades quir\u00fargicas y m\u00e9dicas disponibles en el centro. Deben disponer de recursos inmediatos para tratar incluso las lesiones m\u00e1s complejas que pueda sufrir un paciente. Las especialidades asistenciales suelen incluir anestesiolog\u00eda, medicina de urgencias, medicina interna, cirug\u00eda ortop\u00e9dica, neurocirug\u00eda, cirug\u00eda pl\u00e1stica y cuidados intensivos.<\/p>\n\n\n\n<p>Cuando los pacientes con mordeduras de perro llegan a los centros de traumatolog\u00eda de nivel I, presentan heridas graves que requieren la coordinaci\u00f3n de varias especialidades quir\u00fargicas, como la traumatolog\u00eda pedi\u00e1trica y la traumatolog\u00eda facial. La disponibilidad de atenci\u00f3n especializada da <a href=\"https:\/\/www.briskmanandbriskman.com\/es\/areas-de-practica\/abogado-de-mordedura-de-perro-chicago\/\">v\u00edctimas de mordeduras de perro<\/a> las mejores posibilidades de recuperarse de sus lesiones y sobrevivir al trauma.&nbsp;&nbsp;<\/p>\n\n\n\n<h3 class=\"wp-block-heading\">Centros de traumatolog\u00eda de nivel I en Chicago<\/h3>\n\n\n\n<p>Las mordeduras de perro son un gran problema en Chicago. La ciudad recibi\u00f3 1.054 quejas por mordeduras de perro en 2023, con la mayor concentraci\u00f3n de quejas en los lados sur y oeste.<\/p>\n\n\n\n<p>Aunque no todas las mordeduras de perro provocan lesiones graves, algunos ataques de perro pueden implicar da\u00f1os graves que requieren tratamiento inmediato en un centro de traumatolog\u00eda. Los perros pueden morder <a href=\"https:\/\/www.briskmanandbriskman.com\/es\/areas-de-practica\/abogado-de-mordedura-de-perro-chicago\/hay-perros-mas-propensos-a-atacar-la-cara-de-un-humano\/\">orejas y rasgos faciales<\/a>as\u00ed como causar grandes da\u00f1os en los tejidos. Algunas mordeduras de perro pueden incluso poner en peligro la vida. La zona Chicago cuenta con varios centros de traumatolog\u00eda de nivel I, incluidos centros de traumatolog\u00eda pedi\u00e1trica designados que <a href=\"https:\/\/www.briskmanandbriskman.com\/es\/areas-de-practica\/abogado-de-mordedura-de-perro-chicago\/chicago-nino-mordedura-de-perro-abogado\/\">tratar a los ni\u00f1os<\/a>.<\/p>\n\n\n\n<ul class=\"wp-block-list\">\n<li><strong><a href=\"https:\/\/www.briskmanandbriskman.com\/es\/hospitales\/abogados-de-lesiones-en-chicago-cerca-de-advocate-illinois-masonic-medical-center\/\">Advocate Illinois Centro M\u00e9dico Mas\u00f3nico<\/a>:<\/strong> Centro de traumatolog\u00eda de nivel I<\/li>\n\n\n\n<li><strong>Hospital Infantil Ann &amp; Robert H. Lurie de Chicago:<\/strong> Centro de traumatolog\u00eda pedi\u00e1trica de nivel I<\/li>\n\n\n\n<li><strong><a href=\"https:\/\/www.briskmanandbriskman.com\/es\/hospitales\/abogados-de-chicago-cerca-del-hospital-john-h-stroger-jr\/\">Hospital John H. Stroger, Jr. del Condado de Cook<\/a>:<\/strong> Centro de traumatolog\u00eda pedi\u00e1trica de nivel I y de nivel I<\/li>\n\n\n\n<li><strong>Hospital Mount Sinai: <\/strong>Centro de traumatolog\u00eda de nivel I<\/li>\n\n\n\n<li><strong><a href=\"https:\/\/www.briskmanandbriskman.com\/es\/hospitales\/abogados-de-lesiones-de-chicago-cerca-de-northwestern-memorial-hospital\/\">Hospital Northwestern Memorial<\/a>: <\/strong>Centro de traumatolog\u00eda de nivel I<\/li>\n\n\n\n<li><strong>Universidad de Medicina Chicago:<\/strong> Centro de traumatolog\u00eda pedi\u00e1trica de nivel I y de nivel I<\/li>\n<\/ul>\n\n\n\n<h3 class=\"wp-block-heading\">Los casos de mordeduras de perro en los centros de traumatolog\u00eda de nivel I Chicago en el punto de mira<\/h3>\n\n\n\n<h3 class=\"wp-block-heading\">Ann &amp; Robert H. Lurie Children's Hospital de Chicago<\/h3>\n\n\n\n<p>El Lurie Children's Trauma Center es un centro de traumatolog\u00eda pedi\u00e1trica de nivel I designado por la ciudad de Chicago. El centro trata cada a\u00f1o a unos 1.000 pacientes traumatizados con lesiones graves y potencialmente mortales, desde <a href=\"https:\/\/www.briskmanandbriskman.com\/es\/areas-de-practica\/abogado-de-mordedura-de-perro-chicago\/chicago-nino-mordedura-de-perro-abogado\/chicago-pediatra-abogado-de-lesiones-por-mordedura-de-perro\/\">reci\u00e9n nacidos<\/a> hasta los 16 a\u00f1os.<\/p>\n\n\n\n<p>Las mordeduras de perro figuran entre los <a href=\"https:\/\/www.briskmanandbriskman.com\/es\/areas-de-practica\/abogado-de-mordedura-de-perro-chicago\/lesiones-comunes-por-mordeduras-de-perro\/\">tipos de lesiones m\u00e1s comunes<\/a> que maneja el Lurie Children's. Los traumatismos relacionados con ataques de perros pueden afectar a muchas partes del cuerpo y sistemas org\u00e1nicos diferentes. El hospital cuenta con un gran equipo de especialistas en traumatolog\u00eda disponibles las 24 horas del d\u00eda, los 7 d\u00edas de la semana, procedentes de departamentos como neurocirug\u00eda y cirug\u00eda ortop\u00e9dica.&nbsp;<\/p>\n\n\n\n<h4 class=\"wp-block-heading\">Caso pr\u00e1ctico de un paciente<\/h4>\n\n\n\n<p>Un cirujano pl\u00e1stico del Centro de Traumatolog\u00eda Infantil Lurie reconstruy\u00f3 la oreja derecha de un ni\u00f1o tras ser mordida por el perro de un amigo. El ni\u00f1o, que ten\u00eda cuatro a\u00f1os en el momento de la mordedura, necesit\u00f3 cirug\u00eda reconstructiva para reconstruirle la oreja.<\/p>\n\n\n\n<p>El Dr. Akira Yamada, cirujano pl\u00e1stico de renombre mundial del Lurie Children's, reform\u00f3 la oreja utilizando un injerto de piel de la cabeza del ni\u00f1o y su cart\u00edlago costal. El cirujano bas\u00f3 la reconstrucci\u00f3n en su oreja no lesionada. El ni\u00f1o fue sometido a dos intervenciones quir\u00fargicas, y su oreja recuper\u00f3 su aspecto anterior una vez curada.<\/p>\n\n\n\n<p>Desde entonces, el ni\u00f1o ha vuelto a practicar deporte con s\u00f3lo una peque\u00f1a cicatriz en la cabeza. Su madre elogi\u00f3 al equipo de traumatolog\u00eda del Lurie Children's por su pericia y compasi\u00f3n en el tratamiento de la lesi\u00f3n por mordedura de perro de su hijo.<\/p>\n\n\n\n<h3 class=\"wp-block-heading\">Hospital John H. Stroger, Jr. del Condado de Cook<\/h3>\n\n\n\n<p>En <a href=\"https:\/\/www.briskmanandbriskman.com\/es\/hospitales\/abogados-de-chicago-cerca-del-hospital-john-h-stroger-jr\/\">Hospital John H. Stroger, Jr. del Condado de Cook<\/a> cuenta con uno de los centros de traumatolog\u00eda de nivel I m\u00e1s activos del pa\u00eds, dedicado a ofrecer atenci\u00f3n especializada y subespecializada. El hospital es tambi\u00e9n un centro de traumatolog\u00eda pedi\u00e1trica de nivel I que atiende a ni\u00f1os de 2 a\u00f1os o m\u00e1s.<\/p>\n\n\n\n<p>El equipo de traumatolog\u00eda presta atenci\u00f3n continuada a los pacientes heridos desde su llegada al centro, pasando por la cirug\u00eda y la rehabilitaci\u00f3n. Los pacientes son tratados por los mismos m\u00e9dicos y enfermeras durante toda su estancia en el hospital, lo que garantiza la coherencia en la calidad de la atenci\u00f3n.&nbsp;<\/p>\n\n\n\n<p>El centro de traumatolog\u00eda trata a pacientes con diversas lesiones graves, como amputaciones, laceraciones, hemorragias graves y fracturas \u00f3seas. Los pacientes con lesiones potencialmente mortales son trasladados directamente a las zonas de reanimaci\u00f3n traumatol\u00f3gica. El servicio de traumatolog\u00eda del hospital consta de 15 boxes de reanimaci\u00f3n traumatol\u00f3gica y 12 camas de cuidados intensivos traumatol\u00f3gicos. Tambi\u00e9n hay una zona de observaci\u00f3n donde el equipo de traumatolog\u00eda vigila a los pacientes que requieren atenci\u00f3n especial durante las primeras 24 horas posteriores a la lesi\u00f3n.<\/p>\n\n\n\n<h4 class=\"wp-block-heading\">Caso pr\u00e1ctico de un paciente<\/h4>\n\n\n\n<p>El equipo de traumatolog\u00eda del hospital John H. Stroger, Jr. del condado de Cook trat\u00f3 a una mujer que sufri\u00f3 lesiones potencialmente mortales en un ataque de perro en 2018. En 2023, Marion Fowler, de 73 a\u00f1os, viaj\u00f3 desde su casa de Nashville al Chicago para dar las gracias a los cirujanos por salvarle la vida.<\/p>\n\n\n\n<p>Fowler fue atacada repentinamente por varios perros cuando sali\u00f3 a pasear durante un funeral en Chicago en 2018. Un hombre cercano vio el incidente y utiliz\u00f3 su veh\u00edculo para detener el ataque. Una ambulancia traslad\u00f3 a Fowler al Hospital Stroger con heridas graves.<\/p>\n\n\n\n<p>El Dr. Matt Kaminsky fue el cirujano que trat\u00f3 a Fowler a su llegada al centro de traumatolog\u00eda. Al describir la gravedad de su estado, dijo que la paciente ten\u00eda \"trozos de tejido desaparecidos\" y \"un pulso muy filiforme\".<\/p>\n\n\n\n<p>Tras pasar varias semanas en el hospital, Fowler fue trasladada a un centro de rehabilitaci\u00f3n. Debido a la gravedad de sus heridas por mordedura de perro, su recuperaci\u00f3n fue dif\u00edcil, ya que tuvo que volver a aprender a usar los brazos y las piernas.<\/p>\n\n\n\n<h3 class=\"wp-block-heading\">Universidad de Medicina Chicago Hospital Infantil Comer<\/h3>\n\n\n\n<p>University of Chicago Medicine es un centro de traumatolog\u00eda de nivel I y cuenta con el \u00fanico centro de traumatolog\u00eda pedi\u00e1trica de nivel I del South Side en el Comer Children's Hospital. El centro est\u00e1 equipado para tratar a pacientes gravemente heridos de todas las edades las 24 horas del d\u00eda, con diversas especialidades a su disposici\u00f3n.<\/p>\n\n\n\n<p>El Comer Children's Hospital atiende cada a\u00f1o a cientos de ni\u00f1os y adolescentes con lesiones traumatol\u00f3gicas complejas. El centro de traumatolog\u00eda realiza una amplia gama de cirug\u00edas pl\u00e1sticas y reconstructivas para ni\u00f1os que han sufrido lesiones traum\u00e1ticas.<\/p>\n\n\n\n<p>Las mordeduras de perro pueden provocar graves lesiones en la cara. El equipo de traumatolog\u00eda cuenta con cirujanos experimentados en restaurar el aspecto del paciente reparando los tejidos blandos y la piel, remodelando el hueso y reconstruyendo las estructuras faciales con implantes.<\/p>\n\n\n\n<h4 class=\"wp-block-heading\">Caso pr\u00e1ctico de un paciente<\/h4>\n\n\n\n<p>One of the most serious dog bite cases treated at Comer Children\u2019s Hospital involved an 8-year-old patient. The boy suffered horrific injuries when he was <a href=\"https:\/\/www.briskmanandbriskman.com\/es\/areas-de-practica\/abogado-de-mordedura-de-perro-chicago\/chicago-pit-bull-dog-bite-lawyer\/\">attacked by two family pit bulls<\/a> in the backyard. The dogs ripped off his ears and nose, as well as layers of facial skin and muscle.<\/p>\n\n\n\n<p>El ni\u00f1o tuvo que someterse a m\u00e1s de 60 operaciones de reconstrucci\u00f3n facial. Cuando lleg\u00f3 al hospital, el equipo de traumatolog\u00eda pas\u00f3 la noche limpi\u00e1ndole las heridas y preparando un plan para reconstruirle las partes de la cara da\u00f1adas.<\/p>\n\n\n\n<p>El Dr. Lawrence Gottlieb, director del Centro de Quemados y Traumatismos Complejos del hospital, lo describi\u00f3 como \"un reto tremendo\" y uno de los peores casos de traumatismo facial que hab\u00eda visto nunca. Una complicaci\u00f3n o infecci\u00f3n podr\u00eda haber puesto en peligro la vida del paciente. Gottlieb se encarg\u00f3 de supervisar su tratamiento durante cerca de una d\u00e9cada.<\/p>\n\n\n\n<p>El ni\u00f1o tuvo que ser educado en casa debido a la frecuencia de las intervenciones quir\u00fargicas y las revisiones cada pocas semanas. Tambi\u00e9n tuvo que volver a aprender a hablar, andar y escribir. El hospital asign\u00f3 al ni\u00f1o un especialista certificado en vida infantil para ayudarle a superar el trauma psicol\u00f3gico y emocional del ataque del perro. Aunque los cirujanos han conseguido reconstruir sus rasgos faciales, el ni\u00f1o necesitar\u00e1 cuidados de por vida.<\/p>\n\n\n\n<h3 class=\"wp-block-heading\">Qu\u00e9 hacer tras una mordedura de perro<\/h3>\n\n\n\n<p>Si <a href=\"https:\/\/www.briskmanandbriskman.com\/es\/areas-de-practica\/abogado-de-mordedura-de-perro-chicago\/que-hacer-tras-una-mordedura-de-perro\/\">usted o un ser querido sufre una mordedura de perro<\/a>puede realizar los primeros auxilios b\u00e1sicos para prevenir la infecci\u00f3n. La herida debe lavarse inmediatamente con agua corriente y cubrirse con un vendaje limpio. Acuda al m\u00e9dico lo antes posible para que compruebe si hay lesiones m\u00e1s profundas en nervios, m\u00fasculos o huesos. Es posible que necesites antibi\u00f3ticos o una vacuna antitet\u00e1nica o antirr\u00e1bica para prevenir infecciones bacterianas.<\/p>\n\n\n\n<p>Si el ataque de un perro provoca lesiones graves, la v\u00edctima debe ser trasladada a urgencias o a un centro de traumatolog\u00eda para recibir tratamiento inmediato. En tales circunstancias, puede ser necesaria la atenci\u00f3n especializada de un equipo de traumatolog\u00eda para prevenir complicaciones posteriores, realizar intervenciones quir\u00fargicas complejas o administrar un tratamiento que salve vidas.<\/p>\n\n\n\n<h2 class=\"wp-block-heading\">P\u00f3ngase en contacto con los abogados de mordeduras de perro en Briskman Briskman &amp; Greenberg<\/h2>\n\n\n\n<p>Las mordeduras de perro pueden dar lugar a costosas facturas m\u00e9dicas, sobre todo cuando el tratamiento implica procedimientos especializados como la reconstrucci\u00f3n facial o la atenci\u00f3n continuada en un centro de traumatolog\u00eda. Las mordeduras de perro tambi\u00e9n conllevan muchos otros costes intangibles, como dolor y sufrimiento e incapacidad para llevar una vida normal.<\/p>\n\n\n\n<p>Si ha resultado herido tras ser mordido por el perro de otra persona, tiene derecho a reclamar una indemnizaci\u00f3n. En <a href=\"https:\/\/www.briskmanandbriskman.com\/es\/\">abogados expertos en mordeduras de perro Chicago en Briskman Briskman &amp; Greenberg<\/a> se dedican a ayudar a las v\u00edctimas de mordeduras de perro a recuperar los da\u00f1os que merecen. <a href=\"https:\/\/www.briskmanandbriskman.com\/es\/abogados-de-accidentes-de-camiones-en-chicago-2\/\">P\u00f3ngase en contacto con nosotros<\/a> para una consulta gratuita y obtener m\u00e1s informaci\u00f3n.<\/p>","protected":false},"excerpt":{"rendered":"<p>\u00bfQu\u00e9 es un centro de traumatolog\u00eda de nivel I? Un centro de traumatolog\u00eda Illinois es un hospital designado por el Departamento de Salud P\u00fablica Illinois para atender a pacientes traumatizados. A los centros de traumatolog\u00eda se les asignan distintos niveles en funci\u00f3n de factores como el tipo de recursos de que disponen y el n\u00famero de pacientes ingresados cada a\u00f1o. Nivel...<\/p>","protected":false},"author":1,"featured_media":13292,"parent":11931,"menu_order":0,"comment_status":"closed","ping_status":"closed","template":"","meta":{"_acf_changed":false,"footnotes":""},"class_list":["post-13289","page","type-page","status-publish","has-post-thumbnail","hentry"],"acf":[],"_links":{"self":[{"href":"https:\/\/www.briskmanandbriskman.com\/es\/wp-json\/wp\/v2\/pages\/13289","targetHints":{"allow":["GET"]}}],"collection":[{"href":"https:\/\/www.briskmanandbriskman.com\/es\/wp-json\/wp\/v2\/pages"}],"about":[{"href":"https:\/\/www.briskmanandbriskman.com\/es\/wp-json\/wp\/v2\/types\/page"}],"author":[{"embeddable":true,"href":"https:\/\/www.briskmanandbriskman.com\/es\/wp-json\/wp\/v2\/users\/1"}],"replies":[{"embeddable":true,"href":"https:\/\/www.briskmanandbriskman.com\/es\/wp-json\/wp\/v2\/comments?post=13289"}],"version-history":[{"count":5,"href":"https:\/\/www.briskmanandbriskman.com\/es\/wp-json\/wp\/v2\/pages\/13289\/revisions"}],"predecessor-version":[{"id":14746,"href":"https:\/\/www.briskmanandbriskman.com\/es\/wp-json\/wp\/v2\/pages\/13289\/revisions\/14746"}],"up":[{"embeddable":true,"href":"https:\/\/www.briskmanandbriskman.com\/es\/wp-json\/wp\/v2\/pages\/11931"}],"wp:featuredmedia":[{"embeddable":true,"href":"https:\/\/www.briskmanandbriskman.com\/es\/wp-json\/wp\/v2\/media\/13292"}],"wp:attachment":[{"href":"https:\/\/www.briskmanandbriskman.com\/es\/wp-json\/wp\/v2\/media?parent=13289"}],"curies":[{"name":"wp","href":"https:\/\/api.w.org\/{rel}","templated":true}]}}