{"id":13108,"date":"2024-05-14T19:46:40","date_gmt":"2024-05-14T19:46:40","guid":{"rendered":"https:\/\/www.briskmanandbriskman.com\/?page_id=13108"},"modified":"2025-09-08T21:48:19","modified_gmt":"2025-09-08T21:48:19","slug":"abogados-de-mordeduras-de-perro","status":"publish","type":"page","link":"https:\/\/www.briskmanandbriskman.com\/es\/locations\/champaign-personal-injury-attorneys\/dog-bite-lawyers\/","title":{"rendered":"Champaign Abogados de mordedura de perro"},"content":{"rendered":"<h2 class=\"wp-block-heading\"><em>Abogados experimentados en mordeduras de perro Illinois ayudan a los residentes de Champaign a obtener la ayuda que necesitan despu\u00e9s de que un perro cause lesiones<\/em><\/h2>\n\n\n\n<p>Los perros son mascotas populares en Illinois. Alrededor de la mitad de todos los hogares de Illinois incluyen al menos una mascota, y una de cada tres mascotas son perros. Chicago tiene la mayor proporci\u00f3n de perros por persona de todas las ciudades de EE.UU., con 22 perros por cada 100 residentes. Otras ciudades de Illinois, como Champaign, tienen tasas igualmente altas de residentes caninos.<\/p>\n\n\n\n<p>Cualquier perro puede morder, y una mordedura puede venir de un perro de cualquier tama\u00f1o, edad o raza. Incluso los perros bien adiestrados y de car\u00e1cter amistoso pueden morder. Aproximadamente 4,5 millones de personas sufren mordeduras de perro en Estados Unidos cada a\u00f1o. Estas lesiones obligan a unas 800.000 personas a buscar atenci\u00f3n m\u00e9dica en un m\u00e9dico, un centro de atenci\u00f3n urgente o el servicio de urgencias de un hospital.&nbsp;<\/p>\n\n\n\n<p>Si usted o un ser querido ha <a href=\"https:\/\/www.briskmanandbriskman.com\/es\/areas-de-practica\/abogado-de-mordedura-de-perro-chicago\/\">herido por un perro<\/a>llame al <strong>abogados con experiencia en mordeduras de perro en Champaign Briskman, Briskman &amp; Greenberg<\/strong> hoy.&nbsp;<\/p>\n\n\n\n<h3 class=\"wp-block-heading\">Illinois Estad\u00edsticas de mordeduras de perro<\/h3>\n\n\n\n<p>Con tantos perros en Champaign y otras localidades, Illinois acumula estad\u00edsticas anuales de mordeduras de perro. Estas son algunas cifras que conviene conocer.<\/p>\n\n\n\n<ul class=\"wp-block-list\">\n<li><strong>$67,238: <\/strong>El coste medio de una reclamaci\u00f3n por mordedura de perro Illinois para una persona herida y su familia.<\/li>\n\n\n\n<li><strong>729: <\/strong>El n\u00famero de mordeduras de perro que dieron lugar a demandas presentadas en Illinois en 2022. Se produjeron miles de mordeduras de perro m\u00e1s pero no dieron lugar a una demanda.<\/li>\n\n\n\n<li><strong>245: <\/strong>El n\u00famero de carteros que fueron mordidos por perros en Illinois en 2022 - convirtiendo a Illinois en el sexto estado m\u00e1s peligroso para los carteros.<\/li>\n\n\n\n<li><strong>$49 millones: <\/strong>El valor total de las reclamaciones por mordeduras de perro en Illinois en 2022.<\/li>\n\n\n\n<li><strong>$14 millones: <\/strong>La indemnizaci\u00f3n total pagada por una sola aseguradora (State Farm) en Illinois siniestros por mordedura de perro en 2016.<\/li>\n<\/ul>\n\n\n\n<p>Una mordedura de perro puede ser costoso para una persona lesionada y su familia - financieramente, f\u00edsicamente y emocionalmente. Si usted o alguien que usted ama sufri\u00f3 una lesi\u00f3n relacionada con el perro, hable con un abogado con experiencia tan pronto como sea posible.<\/p>\n\n\n\n<h3 class=\"wp-block-heading\">Lesiones comunes por mordedura de perro en Chicago&nbsp;<\/h3>\n\n\n\n<p>Algunas heridas leves por mordedura de perro se curan completamente con un tratamiento b\u00e1sico. Otras heridas pueden causar lesiones y complicaciones a largo plazo o permanentes.&nbsp;<\/p>\n\n\n\n<p>Aproximadamente el 20% de las v\u00edctimas de mordeduras de perro requieren tratamiento m\u00e9dico. Algunas requieren cirug\u00eda o estancias prolongadas en el hospital para tratar sus lesiones. Incluso con tratamiento especializado, problemas permanentes de movilidad, da\u00f1os en los nervios, <a href=\"https:\/\/www.briskmanandbriskman.com\/es\/areas-de-practica\/abogado-de-mordedura-de-perro-chicago\/tipos-de-cicatrices-de-mordeduras-de-perro\/\">cicatrizaci\u00f3n<\/a>o desfiguraci\u00f3n.<\/p>\n\n\n\n<p><a href=\"https:\/\/www.briskmanandbriskman.com\/es\/areas-de-practica\/abogado-de-mordedura-de-perro-chicago\/lesiones-comunes-por-mordeduras-de-perro\/\">Lesiones frecuentes por mordeduras de perro<\/a> incluyen:<\/p>\n\n\n\n<ul class=\"wp-block-list\">\n<li><strong>Heridas punzantes y laceraciones: <\/strong>Los perros son principalmente carn\u00edvoros, con dientes adaptados para perforar y desgarrar la carne. Cuando un perro muerde, sus dientes pueden romper la piel, causando heridas profundas y hemorragias abundantes. Los dientes tambi\u00e9n pueden introducir bacterias en el interior del cuerpo, favoreciendo las infecciones.&nbsp;<\/li>\n\n\n\n<li><strong>Lesiones por aplastamiento: <\/strong>Los perros tienen mand\u00edbulas poderosas en relaci\u00f3n con su tama\u00f1o, y algunas razas se cultivan para poseer una mordedura fuerte. Las mordeduras de perro de las razas m\u00e1s grandes pueden provocar fracturas \u00f3seas, hemorragias internas o da\u00f1os en tejidos u \u00f3rganos.<\/li>\n\n\n\n<li><strong>Rotura de tejidos o amputaciones: <\/strong>Una lesi\u00f3n en la que los tejidos se arrancan del cuerpo se denomina lesi\u00f3n por \"avulsi\u00f3n\". Por ejemplo, si un perro arranca parcial o totalmente la oreja de una persona, se produce una lesi\u00f3n por avulsi\u00f3n.&nbsp;<\/li>\n\n\n\n<li><strong>Lesiones faciales: <\/strong>A <a href=\"https:\/\/www.briskmanandbriskman.com\/es\/areas-de-practica\/abogado-de-mordedura-de-perro-chicago\/hay-perros-mas-propensos-a-atacar-la-cara-de-un-humano\/\">mordedura de perro en la cara<\/a> puede causar cicatrices permanentes o <a href=\"https:\/\/www.briskmanandbriskman.com\/es\/areas-de-practica\/abogado-de-mordedura-de-perro-chicago\/chicago-mordedura-de-perro-abogado-de-lesiones-oculares\/\">da\u00f1os en los ojos<\/a>boca, orejas o nariz. Los ni\u00f1os suelen sufrir m\u00e1s lesiones faciales por mordedura de perro que los adultos.&nbsp;<\/li>\n\n\n\n<li><strong>Infecciones: <\/strong>Las bacterias de la boca de un perro pueden causar infecciones graves o mortales, como SARM, Pasteurella, rabia, estafilococos y t\u00e9tanos. Aunque algunas infecciones pueden tratarse f\u00e1cilmente, otras requieren antibi\u00f3ticos especializados u otras medidas.&nbsp;<\/li>\n<\/ul>\n\n\n\n<p>Cualquier perro puede morder, y cualquier persona puede ser mordida. Las mordeduras de perro suelen ocurrir con mayor frecuencia a ni\u00f1os menores de 9 a\u00f1os. En el caso de los ni\u00f1os, la <a href=\"https:\/\/www.briskmanandbriskman.com\/es\/areas-de-practica\/abogado-de-mordedura-de-perro-chicago\/chicago-nino-mordedura-de-perro-abogado\/\">consecuencias de una mordedura de perro<\/a> pueden persistir durante toda la vida y requerir atenci\u00f3n m\u00e9dica continua, terapia prolongada o dejar al ni\u00f1o con dolor permanente, p\u00e9rdida de funciones o cicatrices.&nbsp;<\/p>\n\n\n\n<p>Los perros tambi\u00e9n pueden causar lesiones sin morder. Por ejemplo, las u\u00f1as de un perro pueden causar pinchazos o laceraciones en la piel. Un perro que salta sobre una persona o corre hacia ella puede derribarla y causarle lesiones en una ca\u00edda.&nbsp;<\/p>\n\n\n\n<h3 class=\"wp-block-heading\">Responsabilidades del propietario de un perro tras un incidente de mordedura de perro en Champaign<\/h3>\n\n\n\n<p>Illinois' ley de mordeduras de perro <a href=\"https:\/\/www.briskmanandbriskman.com\/es\/areas-de-practica\/abogado-de-mordedura-de-perro-chicago\/como-ser-un-dueno-responsable\/\">responsabiliza a los due\u00f1os de perros<\/a> por el comportamiento de su perro. Un tribunal del Condado de Champaign asumir\u00e1 que cualquier perro es capaz de morder y no aceptar\u00e1, \"\u00a1pero mi perro nunca ha mordido a nadie antes!\" como excusa.&nbsp;<\/p>\n\n\n\n<p>Sin embargo, la ley de mordeduras de perro de Illinois tambi\u00e9n impone responsabilidades a la persona herida. Una persona lesionada debe aportar pruebas que demuestren que el propietario del perro ten\u00eda la obligaci\u00f3n de evitar la mordedura y no lo hizo, lo que provoc\u00f3 la mordedura y las lesiones.&nbsp;<\/p>\n\n\n\n<p>El Illinois tambi\u00e9n utiliza el criterio del \"perro razonable\", preguntando c\u00f3mo reaccionar\u00eda un perro normal en una situaci\u00f3n similar. Si el perro fue provocado, por ejemplo, el criterio del \"perro razonable\" podr\u00eda determinar que un perro normal tambi\u00e9n reaccionar\u00eda a la provocaci\u00f3n mordiendo o arremetiendo.&nbsp;<\/p>\n\n\n\n<p>En t\u00e9rminos generales, los propietarios de perros de Champaign tienen la responsabilidad de controlar a sus perros para evitar enfrentamientos o situaciones que podr\u00edan conducir a un ataque o mordedura de perro. Dependiendo del lugar donde se produzca la mordedura, estas responsabilidades pueden incluir el uso de una valla para mantener al perro en su patio, pasear al perro con correa o vigilar las interacciones entre un perro y un ni\u00f1o.&nbsp;<\/p>\n\n\n\n<p>Los hechos y las pruebas en cada caso de mordedura de perro juegan un papel clave en la determinaci\u00f3n de la responsabilidad. Su caso no es el mismo que el de cualquier otra persona. Por esta raz\u00f3n, es esencial hablar con un abogado de mordedura de perro de Champaign sobre su situaci\u00f3n espec\u00edfica.&nbsp;<\/p>\n\n\n\n<h3 class=\"wp-block-heading\">Qu\u00e9 esperar en su caso de mordedura de perro Champaign<\/h3>\n\n\n\n<p>El Illinois tiene varias normas que rigen los casos de lesiones. Entre ellas figuran los plazos para presentar demandas y las normas b\u00e1sicas sobre las indemnizaciones disponibles en una demanda por mordedura de perro.<\/p>\n\n\n\n<figure class=\"wp-block-image size-large\"><a href=\"https:\/\/www.briskmanandbriskman.com\/es\/infografia\/guide-to-the-dog-bite-lawsuit-process\/\"><img loading=\"lazy\" decoding=\"async\" width=\"1024\" height=\"743\" src=\"https:\/\/www.briskmanandbriskman.com\/wp-content\/uploads\/2025\/09\/Guide-to-the-Dog-Bite-Lawsuit-Process-Infographic-Thumbnail-1024x743.jpg\" alt=\"Guide to the Dog Bite Lawsuit Process Infographic Thumbnail\" class=\"wp-image-15316\" title=\"\" srcset=\"https:\/\/www.briskmanandbriskman.com\/wp-content\/uploads\/2025\/09\/Guide-to-the-Dog-Bite-Lawsuit-Process-Infographic-Thumbnail-1024x743.jpg 1024w, https:\/\/www.briskmanandbriskman.com\/wp-content\/uploads\/2025\/09\/Guide-to-the-Dog-Bite-Lawsuit-Process-Infographic-Thumbnail-300x218.jpg 300w, https:\/\/www.briskmanandbriskman.com\/wp-content\/uploads\/2025\/09\/Guide-to-the-Dog-Bite-Lawsuit-Process-Infographic-Thumbnail-768x557.jpg 768w, https:\/\/www.briskmanandbriskman.com\/wp-content\/uploads\/2025\/09\/Guide-to-the-Dog-Bite-Lawsuit-Process-Infographic-Thumbnail-18x12.jpg 18w, https:\/\/www.briskmanandbriskman.com\/wp-content\/uploads\/2025\/09\/Guide-to-the-Dog-Bite-Lawsuit-Process-Infographic-Thumbnail-150x109.jpg 150w, https:\/\/www.briskmanandbriskman.com\/wp-content\/uploads\/2025\/09\/Guide-to-the-Dog-Bite-Lawsuit-Process-Infographic-Thumbnail.jpg 1200w\" sizes=\"auto, (max-width: 1024px) 100vw, 1024px\" \/><\/a><\/figure>\n\n\n\n<h4 class=\"wp-block-heading\">L\u00edmites temporales<\/h4>\n\n\n\n<p>Las demandas por mordedura de perro son un tipo de demanda por lesiones personales. El plazo de prescripci\u00f3n de las demandas por lesiones personales Illinois suele ser de dos a\u00f1os a partir de la fecha de la lesi\u00f3n. Si se le pasa este plazo de dos a\u00f1os, no podr\u00e1 presentar una demanda por lesiones personales ante los tribunales.&nbsp;<\/p>\n\n\n\n<p>Pueden aplicarse algunas excepciones al plazo de dos a\u00f1os. Por ejemplo, Illinois tiene excepciones que se aplican cuando un menor sufre lesiones. <a href=\"https:\/\/www.briskmanandbriskman.com\/es\/abogados-de-accidentes-de-camiones-en-chicago-2\/\">P\u00f3ngase en contacto con un abogado de Champaign mordedura de perro<\/a> lo antes posible para saber c\u00f3mo se aplica el plazo en su caso.<\/p>\n\n\n\n<h4 class=\"wp-block-heading\">Indemnizaci\u00f3n por mordeduras de perro<\/h4>\n\n\n\n<p>Los gastos m\u00e9dicos y de otro tipo de una mordedura de perro pueden acumularse r\u00e1pidamente. Con una demanda por lesiones personales, puede solicitar una indemnizaci\u00f3n por estos gastos para usted o para un ser querido que haya resultado herido.&nbsp;<\/p>\n\n\n\n<p>En el Illinois, una persona herida por un perro puede reclamar una indemnizaci\u00f3n independientemente del tipo de perro que haya causado las lesiones. El perro no tiene por qu\u00e9 pertenecer a una raza \"peligrosa\" ni tener antecedentes de agresividad.&nbsp;<\/p>\n\n\n\n<p>Los da\u00f1os y perjuicios en una demanda por mordedura de perro Illinois pueden compensar a una persona lesionada por p\u00e9rdidas como:<\/p>\n\n\n\n<ul class=\"wp-block-list\">\n<li>Facturas m\u00e9dicas, incluida la atenci\u00f3n de urgencia, hospitalizaci\u00f3n, cirug\u00eda, medicamentos recetados y visitas al m\u00e9dico,<\/li>\n\n\n\n<li>Gastos m\u00e9dicos futuros si se necesita m\u00e1s tratamiento o terapia en el futuro,<\/li>\n\n\n\n<li>Salarios perdidos, si la persona lesionada falt\u00f3 al trabajo debido a sus lesiones,<\/li>\n\n\n\n<li>Reducci\u00f3n de la capacidad de ganancia, si las lesiones limitan el trabajo que el lesionado puede realizar en el futuro,<\/li>\n\n\n\n<li>Dolor y sufrimiento,<\/li>\n\n\n\n<li>Angustia emocional o trauma resultante de la agresi\u00f3n.<\/li>\n<\/ul>\n\n\n\n<p>Algunos de estos da\u00f1os pueden calcularse a partir de facturas o recibos que muestren la cantidad exacta en d\u00f3lares que usted gast\u00f3 o perdi\u00f3. Otros, como el trauma emocional, son m\u00e1s dif\u00edciles de calcular, pero son p\u00e9rdidas reales que merecen una indemnizaci\u00f3n real. En <a href=\"https:\/\/www.briskmanandbriskman.com\/es\/areas-de-practica\/abogado-de-mordedura-de-perro-chicago\/como-encontrar-el-mejor-abogado-especializado-en-mordeduras-de-perro\/\">abogado con experiencia en mordeduras de perro<\/a> puede ayudarle a determinar el valor de su caso y a luchar para conseguir la indemnizaci\u00f3n que necesita.&nbsp;<\/p>\n\n\n\n<h2 class=\"wp-block-heading\">Obtenga m\u00e1s informaci\u00f3n de un abogado con experiencia en lesiones por mordedura de perro Champaign<\/h2>\n\n\n\n<p>A <a href=\"https:\/\/www.briskmanandbriskman.com\/es\/areas-de-practica\/abogado-de-mordedura-de-perro-chicago\/\">mordedura o ataque de perro<\/a> puede ser aterrador. Puede parecer que un perro ataca de la nada, dej\u00e1ndole conmocionado y herido. Cuando un perro muerde a un ni\u00f1o, \u00e9ste puede sufrir lesiones de por vida, as\u00ed como un miedo considerable a los perros o a los lugares donde pueda haber perros.&nbsp;<\/p>\n\n\n\n<p>En <a href=\"https:\/\/www.briskmanandbriskman.com\/es\/\">Briskman, Briskman Y Greenberg<\/a>Entendemos lo perjudicial que puede ser una mordedura de perro. Estamos aqu\u00ed para ayudarle a obtener una indemnizaci\u00f3n por sus p\u00e9rdidas y responsabilizar al due\u00f1o de un perro por el da\u00f1o causado.&nbsp;<\/p>\n\n\n\n<p>Cuando usted trabaja con un abogado con experiencia en mordeduras de perro Champaign, su abogado puede:<\/p>\n\n\n\n<ul class=\"wp-block-list\">\n<li>Responder a sus preguntas y ayudarle a elegir la mejor manera de proteger sus derechos legales,<\/li>\n\n\n\n<li>Re\u00fana pruebas para determinar el alcance total de sus p\u00e9rdidas,&nbsp;<\/li>\n\n\n\n<li>Negociar con las compa\u00f1\u00edas de seguros y gestionar sus tr\u00e1mites,<\/li>\n\n\n\n<li>Luchar por una indemnizaci\u00f3n completa y justa por sus p\u00e9rdidas y<\/li>\n\n\n\n<li>Preparar un caso completo y centrado para usted en el juicio si es necesario.&nbsp;<\/li>\n<\/ul>\n\n\n\n<p>Mientras su abogado se encarga de estas tareas, usted puede centrarse en curarse de sus lesiones o en ayudar a su ser querido a hacerlo.&nbsp;<\/p>\n\n\n\n<p>Tomamos casos de mordedura de perro \"en contingencia\". Esto significa que usted no pagar\u00e1 honorarios de abogado si no podemos recuperar compensaci\u00f3n para usted. Para obtener m\u00e1s informaci\u00f3n acerca de c\u00f3mo funcionan los honorarios de contingencia o c\u00f3mo nuestros abogados experimentados pueden ayudar, <a href=\"https:\/\/www.briskmanandbriskman.com\/es\/abogados-de-accidentes-de-camiones-en-chicago-2\/\">p\u00f3ngase en contacto con nosotros<\/a> para programar una consulta gratuita con un abogado de Champaign dedicado a las lesiones por mordedura de perro.<\/p>","protected":false},"excerpt":{"rendered":"<p>Los abogados con experiencia en mordeduras de perro de Illinois ayudan a los residentes de Champaign a obtener la ayuda que necesitan despu\u00e9s de que un perro cause lesiones Los perros son mascotas populares en Illinois. Alrededor de la mitad de todos los hogares de Illinois incluyen al menos una mascota, y una de cada tres mascotas son perros. Chicago tiene la mayor proporci\u00f3n de perros por persona de cualquier ciudad en los EE.UU., con...<\/p>","protected":false},"author":1,"featured_media":0,"parent":13103,"menu_order":0,"comment_status":"closed","ping_status":"closed","template":"","meta":{"_acf_changed":false,"footnotes":""},"class_list":["post-13108","page","type-page","status-publish","hentry"],"acf":[],"_links":{"self":[{"href":"https:\/\/www.briskmanandbriskman.com\/es\/wp-json\/wp\/v2\/pages\/13108","targetHints":{"allow":["GET"]}}],"collection":[{"href":"https:\/\/www.briskmanandbriskman.com\/es\/wp-json\/wp\/v2\/pages"}],"about":[{"href":"https:\/\/www.briskmanandbriskman.com\/es\/wp-json\/wp\/v2\/types\/page"}],"author":[{"embeddable":true,"href":"https:\/\/www.briskmanandbriskman.com\/es\/wp-json\/wp\/v2\/users\/1"}],"replies":[{"embeddable":true,"href":"https:\/\/www.briskmanandbriskman.com\/es\/wp-json\/wp\/v2\/comments?post=13108"}],"version-history":[{"count":4,"href":"https:\/\/www.briskmanandbriskman.com\/es\/wp-json\/wp\/v2\/pages\/13108\/revisions"}],"predecessor-version":[{"id":15368,"href":"https:\/\/www.briskmanandbriskman.com\/es\/wp-json\/wp\/v2\/pages\/13108\/revisions\/15368"}],"up":[{"embeddable":true,"href":"https:\/\/www.briskmanandbriskman.com\/es\/wp-json\/wp\/v2\/pages\/13103"}],"wp:attachment":[{"href":"https:\/\/www.briskmanandbriskman.com\/es\/wp-json\/wp\/v2\/media?parent=13108"}],"curies":[{"name":"wp","href":"https:\/\/api.w.org\/{rel}","templated":true}]}}