{"id":13103,"date":"2024-05-14T19:35:11","date_gmt":"2024-05-14T19:35:11","guid":{"rendered":"https:\/\/www.briskmanandbriskman.com\/?page_id=13103"},"modified":"2025-07-10T16:52:17","modified_gmt":"2025-07-10T16:52:17","slug":"champaign-abogados-de-lesiones-personales","status":"publish","type":"page","link":"https:\/\/www.briskmanandbriskman.com\/es\/locations\/champaign-personal-injury-attorneys\/","title":{"rendered":"Champaign Abogados de Lesiones Personales"},"content":{"rendered":"<p><a href=\"https:\/\/www.briskmanandbriskman.com\/es\/\">Briskman Briskman &amp; Greenberg<\/a> es un <a href=\"https:\/\/www.briskmanandbriskman.com\/es\/areas-de-practica\/\">servicio completo de Champaign bufete de abogados de lesiones personales<\/a>, profundamente comprometido a ofrecer a cada cliente la representaci\u00f3n atenta y compasiva que se merecen. Nuestra empresa familiar y orientada entiende el impacto de <a href=\"https:\/\/www.briskmanandbriskman.com\/es\/\">lesiones personales<\/a>, tramitando casos que van desde <a href=\"https:\/\/www.briskmanandbriskman.com\/es\/lugares\/champaign-abogados-de-lesiones-personales\/abogados-de-accidentes-de-coche\/\">accidentes de tr\u00e1fico<\/a> y <a href=\"https:\/\/www.briskmanandbriskman.com\/es\/areas-de-practica\/indemnizacion-por-accidente-laboral\/\">lesiones laborales<\/a> a <a href=\"https:\/\/www.briskmanandbriskman.com\/es\/areas-de-practica\/negligencia-medica\/\">negligencia m\u00e9dica<\/a> y <a href=\"https:\/\/www.briskmanandbriskman.com\/es\/areas-de-practica\/muerte-por-negligencia\/\">reclamaciones por muerte por negligencia<\/a>. Nos esforzamos para asegurar que cada cliente se sienta valorado y apoyado, centr\u00e1ndose en asegurar la compensaci\u00f3n necesaria para el dolor, sufrimiento, gastos m\u00e9dicos, salarios perdidos, y m\u00e1s debido a la negligencia.<\/p>\n\n\n\n<p>En BB&amp;G, nos encargamos de su caso y construimos una relaci\u00f3n basada en la confianza y el cuidado. Su camino hacia la recuperaci\u00f3n y la justicia es esencial para nosotros, y estamos dispuestos a recorrer ese camino con usted, ofreciendo nuestro apoyo, orientaci\u00f3n y defensa en cada momento. Nuestra promesa para con usted es directa: tratar su caso con la atenci\u00f3n individualizada y el respeto que se merece. <a href=\"https:\/\/www.briskmanandbriskman.com\/es\/abogados-de-accidentes-de-camiones-en-chicago-2\/\">P\u00f3ngase en contacto con un abogado de lesiones personales de Champaign<\/a> en nuestro equipo de <a href=\"tel:1-877-595-4878\">877-595-4878<\/a>.&nbsp;<\/p>\n\n\n\n<h3 class=\"wp-block-heading\">Tipos de demandas que atienden nuestros abogados de da\u00f1os personales de Champaign<\/h3>\n\n\n\n<p>En <a href=\"https:\/\/www.briskmanandbriskman.com\/es\/nuestros-abogados\/\">Champaign abogados de lesiones personales en BB &amp; G<\/a> est\u00e1n preparados para hacer valer los derechos de las personas lesionadas por negligencia ajena. Nuestro equipo se compromete a ofrecer una representaci\u00f3n legal personalizada y compasiva y se centra en asegurar la compensaci\u00f3n que nuestros clientes merecen.&nbsp;<\/p>\n\n\n\n<h4 class=\"wp-block-heading\">Accidentes de tr\u00e1fico<\/h4>\n\n\n\n<p>Cada d\u00eda, las personas se enfrentan a <a href=\"https:\/\/www.briskmanandbriskman.com\/es\/areas-de-practica\/abogados-de-accidentes-de-camiones-en-chicago-2\/\">lesiones en accidentes de tr\u00e1fico que alteran la vida<\/a>. En BB&amp;G, nos sumergimos profundamente en las complejidades de cada caso, abogando para que las v\u00edctimas reciban una compensaci\u00f3n completa por sus gastos m\u00e9dicos, p\u00e9rdida de ingresos y dolor. Nuestro equipo trabaja incansablemente para asegurar que se haga justicia, gui\u00e1ndole a trav\u00e9s de cada paso del proceso legal.<\/p>\n\n\n\n<h4 class=\"wp-block-heading\">Accidentes de camiones<\/h4>\n\n\n\n<p><a href=\"https:\/\/www.briskmanandbriskman.com\/es\/lugares\/champaign-abogados-de-lesiones-personales\/abogados-de-accidentes-de-camiones\/\">Accidentes de camiones<\/a> a menudo resultan en da\u00f1os significativos y complejos desaf\u00edos legales. BB&amp;G posee los conocimientos especializados para gestionar estos casos, centr\u00e1ndose en hacer que las partes responsables rindan cuentas. Luchamos por los derechos de las v\u00edctimas, asegurando que reciban la compensaci\u00f3n necesaria para cubrir los extensos tratamientos m\u00e9dicos y otras p\u00e9rdidas relacionadas.<\/p>\n\n\n\n<h4 class=\"wp-block-heading\">Accidentes de moto<\/h4>\n\n\n\n<p><a href=\"https:\/\/www.briskmanandbriskman.com\/es\/areas-de-practica\/abogados-de-accidentes-de-moto-en-chicago\/\">Motociclistas<\/a> son especialmente vulnerables en la carretera. BB&amp;G entiende las graves consecuencias de los accidentes de moto y defiende los derechos de los motoristas. Nuestro enfoque es agresivo y minucioso, con el objetivo de asegurar la compensaci\u00f3n por sus lesiones, da\u00f1os a su motocicleta, y cualquier otra p\u00e9rdida que haya sufrido.<\/p>\n\n\n\n<h4 class=\"wp-block-heading\">Accidentes de peatones y ciclistas<\/h4>\n\n\n\n<p><a href=\"https:\/\/www.briskmanandbriskman.com\/es\/areas-de-practica\/abogados-de-accidentes-peatonales-en-chicago\/\">Peatones<\/a> y <a href=\"https:\/\/www.briskmanandbriskman.com\/es\/areas-de-practica\/accidente-de-bicicleta\/\">ciclistas<\/a> se enfrentan a riesgos diarios, y las lesiones pueden ser graves cuando se producen accidentes. BB&amp;G se dedica a defender la seguridad y los derechos de peatones y ciclistas, buscando una compensaci\u00f3n total por sus lesiones y el impacto en sus vidas.<\/p>\n\n\n\n<h4 class=\"wp-block-heading\">Muertes por negligencia<\/h4>\n\n\n\n<p>Perder a un ser querido por negligencia es una tragedia inimaginable. BB&amp;G se acerca <a href=\"https:\/\/www.briskmanandbriskman.com\/es\/areas-de-practica\/muerte-por-negligencia\/\">casos de muerte por negligencia<\/a> con sensibilidad y determinaci\u00f3n, luchando para garantizar que las familias reciban justicia e indemnizaci\u00f3n por su inmensa p\u00e9rdida. Estamos a su lado, ofreci\u00e9ndole apoyo y experiencia jur\u00eddica en estos momentos dif\u00edciles.<\/p>\n\n\n\n<h4 class=\"wp-block-heading\">Negligencias m\u00e9dicas<\/h4>\n\n\n\n<p><a href=\"https:\/\/www.briskmanandbriskman.com\/es\/areas-de-practica\/negligencia-medica\/\">Negligencia m\u00e9dica<\/a> pueden destrozar vidas. BB&amp;G aborda estos casos desafiantes con habilidad, responsabilizando a los profesionales de la salud por sus acciones. Nuestra empresa se dedica a asegurar la compensaci\u00f3n para las v\u00edctimas, cubriendo los gastos m\u00e9dicos, p\u00e9rdida de ingresos, y el dolor y el sufrimiento, y ayudar a seguir adelante.<\/p>\n\n\n\n<h4 class=\"wp-block-heading\">Abusos y negligencias en residencias de ancianos<\/h4>\n\n\n\n<p>Las personas mayores merecen respeto y una atenci\u00f3n adecuada. BB&amp;G defiende con pasi\u00f3n a las v\u00edctimas de <a href=\"https:\/\/www.briskmanandbriskman.com\/es\/areas-de-practica\/abogados-de-abuso-en-residencias-de-ancianos-de-chicago\/\">abuso y negligencia en residencias de ancianos<\/a>luchando por la dignidad y la justicia que merecen. Nos comprometemos a exigir responsabilidades a los centros y a obtener indemnizaciones por los da\u00f1os infligidos a sus seres queridos.<\/p>\n\n\n\n<h4 class=\"wp-block-heading\">Accidentes por resbalones y ca\u00eddas<\/h4>\n\n\n\n<p><a href=\"https:\/\/www.briskmanandbriskman.com\/es\/areas-de-practica\/chicago-resbalon-y-caida-abogados\/\">Accidentes por resbalones y ca\u00eddas<\/a> pueden ocurrir en cualquier lugar y tener graves consecuencias. BB&amp;G adopta un enfoque proactivo en estos casos, trabajando para probar la negligencia y asegurar la compensaci\u00f3n por sus lesiones. Nuestra firma se asegura de que usted reciba el apoyo y la compensaci\u00f3n necesaria para su recuperaci\u00f3n.<\/p>\n\n\n\n<h4 class=\"wp-block-heading\">Responsabilidad por productos defectuosos<\/h4>\n\n\n\n<p>En <a href=\"https:\/\/www.briskmanandbriskman.com\/es\/areas-de-practica\/chicago-product-liability-attorney\/\">los productos defectuosos causan da\u00f1os<\/a>BB&amp;G protege los derechos de los consumidores. Nuestro equipo es experto en el manejo de casos complejos de responsabilidad por productos defectuosos, esforz\u00e1ndose por responsabilizar a los fabricantes y asegurar la compensaci\u00f3n por sus lesiones, p\u00e9rdidas y sufrimiento.<\/p>\n\n\n\n<h4 class=\"wp-block-heading\">Accidentes laborales<\/h4>\n\n\n\n<p><a href=\"https:\/\/www.briskmanandbriskman.com\/es\/areas-de-practica\/indemnizacion-por-accidente-laboral\/\">Accidentes laborales<\/a> puede afectar dram\u00e1ticamente su vida y su sustento. BB&amp;G est\u00e1 bien versado en reclamaciones de compensaci\u00f3n de trabajadores y demandas por lesiones personales relacionadas con accidentes de trabajo. Nuestro objetivo es asegurar que usted reciba una compensaci\u00f3n completa por sus lesiones, lo que le permite centrarse en su recuperaci\u00f3n.<\/p>\n\n\n\n<p><a href=\"https:\/\/www.briskmanandbriskman.com\/es\/abogados-de-accidentes-de-camiones-en-chicago-2\/\">P\u00f3ngase en contacto con nosotros<\/a> para la representaci\u00f3n legal dedicada y compasiva que necesita.<\/p>\n\n\n\n<h3 class=\"wp-block-heading\">Indemnizaci\u00f3n en casos de da\u00f1os corporales Illinois&nbsp;<\/h3>\n\n\n\n<p>Los abogados de lesiones personales en Champaign de BB&amp;G se aseguran de que las v\u00edctimas de accidentes entiendan los tipos de recuperaci\u00f3n financiera disponibles para ellos. Cada categor\u00eda de caso de lesiones personales abre caminos a formas espec\u00edficas de compensaci\u00f3n adaptadas para hacer frente a los impactos \u00fanicos de cada incidente.<\/p>\n\n\n\n<h3 class=\"wp-block-heading\">Tendencias de las indemnizaciones por accidentes de tr\u00e1fico<\/h3>\n\n\n\n<p>En Champaign, las secuelas de <a href=\"https:\/\/www.briskmanandbriskman.com\/es\/areas-de-practica\/abogados-de-accidentes-de-camiones-en-chicago-2\/\">accidentes de tr\u00e1fico<\/a>, especialmente teniendo en cuenta las tendencias cambiantes, subraya la necesidad de comprender los tipos de indemnizaci\u00f3n disponibles en virtud de la ley Illinois. A pesar de una ligera disminuci\u00f3n en los accidentes de veh\u00edculos de motor en general en 2021 en comparaci\u00f3n con el promedio de 2017-2020, el aumento significativo de accidentes y v\u00edctimas mortales de 2020 a 2021 pone de relieve la naturaleza impredecible de la seguridad vial. Esta fluctuaci\u00f3n refuerza la importancia de garantizar una indemnizaci\u00f3n completa a las personas afectadas. En virtud de la ley Illinois, las v\u00edctimas de accidentes de tr\u00e1fico pueden reclamar diversos tipos de indemnizaci\u00f3n, entre ellos:<\/p>\n\n\n\n<ul class=\"wp-block-list\">\n<li><strong>Gastos m\u00e9dicos:<\/strong> Cubre todos los tratamientos m\u00e9dicos relacionados con las lesiones del accidente, incluidos los servicios de urgencias, estancias hospitalarias, intervenciones quir\u00fargicas, medicaci\u00f3n y cualquier atenci\u00f3n m\u00e9dica futura;<\/li>\n\n\n\n<li><strong>Salarios perdidos: <\/strong>Indemnizaci\u00f3n por los ingresos perdidos debido al tiempo de baja laboral mientras se recupera de las lesiones;<\/li>\n\n\n\n<li><strong>Dolor y sufrimiento:<\/strong> Reconoce el dolor f\u00edsico y la angustia emocional sufridos como consecuencia del accidente;<\/li>\n\n\n\n<li><strong>P\u00e9rdida del Consorcio:<\/strong> Para los c\u00f3nyuges del perjudicado, indemnizaci\u00f3n por la p\u00e9rdida de compa\u00f1\u00eda y apoyo;&nbsp;<\/li>\n\n\n\n<li><strong>Da\u00f1os materiales: <\/strong>Reembolso de las reparaciones o sustituci\u00f3n de su veh\u00edculo y de cualquier otro bien personal da\u00f1ado en el accidente;&nbsp;<\/li>\n\n\n\n<li><strong>Costes de rehabilitaci\u00f3n<\/strong>: Cubre la fisioterapia y cualquier otro servicio de rehabilitaci\u00f3n necesario para recuperarse de las lesiones.<\/li>\n\n\n\n<li><strong>Muerte por negligencia<\/strong>: En los casos de accidentes mortales, las familias pueden reclamar una indemnizaci\u00f3n por los gastos funerarios y de entierro, el lucro cesante y la p\u00e9rdida de compa\u00f1\u00eda.<\/li>\n<\/ul>\n\n\n\n<p>El aumento de <a href=\"https:\/\/www.briskmanandbriskman.com\/es\/areas-de-practica\/abogados-de-accidentes-de-moto-en-chicago\/\">accidentes de moto<\/a> en 8,7% en la media de cuatro a\u00f1os y en 9,5% a partir de 2020, junto con el hecho de que las motocicletas representen 13% de todas las v\u00edctimas mortales de veh\u00edculos de motor en 2021, apunta especialmente a la necesidad cr\u00edtica de que las v\u00edctimas y sus familias comprendan y reclamen la indemnizaci\u00f3n que les corresponde.<\/p>\n\n\n\n<h4 class=\"wp-block-heading\">Accidentes de tr\u00e1fico<\/h4>\n\n\n\n<p>En Champaign, <a href=\"https:\/\/www.briskmanandbriskman.com\/es\/areas-de-practica\/abogados-de-accidentes-de-camiones-en-chicago-2\/\">accidentes de tr\u00e1fico<\/a> representan muchas demandas por lesiones personales. Las v\u00edctimas pueden reclamar indemnizaci\u00f3n por las facturas m\u00e9dicas, que, seg\u00fan el Consejo Nacional de Seguridad, pueden superar los $100.000 de media en el caso de lesiones incapacitantes y ser mucho m\u00e1s elevadas en el caso de lesiones graves. Adem\u00e1s, se pueden reclamar los salarios perdidos, los da\u00f1os materiales y el dolor y el sufrimiento, lo que refleja el impacto global de estos acontecimientos traum\u00e1ticos.<\/p>\n\n\n\n<h4 class=\"wp-block-heading\">Accidentes de camiones<\/h4>\n\n\n\n<p>Dada la gravedad de <a href=\"https:\/\/www.briskmanandbriskman.com\/es\/areas-de-practica\/abogados-de-accidentes-de-camiones-en-chicago-2\/\">accidentes de cami\u00f3n<\/a>los costes pueden dispararse. La Federal Motor Carrier Safety Administration destaca la mayor incidencia de lesiones graves, con un tratamiento m\u00e9dico para lesiones catastr\u00f3ficas que supera f\u00e1cilmente las decenas de miles de d\u00f3lares. La indemnizaci\u00f3n puede incluir gastos m\u00e9dicos, rehabilitaci\u00f3n, p\u00e9rdida de ingresos y da\u00f1os punitivos en casos de negligencia grave.<\/p>\n\n\n\n<h4 class=\"wp-block-heading\">Accidentes de moto<\/h4>\n\n\n\n<p><a href=\"https:\/\/www.briskmanandbriskman.com\/es\/areas-de-practica\/abogados-de-accidentes-de-moto-en-chicago\/\">Motociclistas<\/a> a menudo se enfrentan a importantes gastos m\u00e9dicos debido a la gravedad de sus lesiones. La indemnizaci\u00f3n solicitada incluye no solo los gastos m\u00e9dicos inmediatos, sino tambi\u00e9n los cuidados a largo plazo, la fisioterapia y las modificaciones del hogar, si son necesarias, junto con los salarios perdidos y la angustia emocional, reconociendo el profundo efecto de estos accidentes.<\/p>\n\n\n\n<h4 class=\"wp-block-heading\">Accidentes de peatones y ciclistas<\/h4>\n\n\n\n<p><a href=\"https:\/\/www.briskmanandbriskman.com\/es\/areas-de-practica\/abogados-de-accidentes-peatonales-en-chicago\/\">V\u00edctimas de peatones<\/a> y <a href=\"https:\/\/www.briskmanandbriskman.com\/es\/areas-de-practica\/accidente-de-bicicleta\/\">accidentes de bicicleta en Champaign<\/a> pueden reclamar una indemnizaci\u00f3n por sus tratamientos m\u00e9dicos, a menudo considerables -dada la vulnerabilidad de estas personas a las lesiones graves-, y por los gastos de rehabilitaci\u00f3n necesarios. La indemnizaci\u00f3n tambi\u00e9n cubre la p\u00e9rdida de ingresos y el dolor y sufrimiento, que reflejan los largos periodos de recuperaci\u00f3n que suelen conllevar.<\/p>\n\n\n\n<h4 class=\"wp-block-heading\">Muertes por negligencia<\/h4>\n\n\n\n<p>En <a href=\"https:\/\/www.briskmanandbriskman.com\/es\/areas-de-practica\/muerte-por-negligencia\/\">casos de muerte por negligencia<\/a>El coste econ\u00f3mico y emocional para las familias es inmenso. La indemnizaci\u00f3n incluye los gastos m\u00e9dicos previos al fallecimiento, los gastos funerarios y de sepelio, la p\u00e9rdida de ingresos y beneficios futuros, y la p\u00e9rdida de compa\u00f1\u00eda, abordando el amplio alcance de la p\u00e9rdida a la que se enfrentan las familias.<\/p>\n\n\n\n<h4 class=\"wp-block-heading\">Accidentes por resbalones y ca\u00eddas<\/h4>\n\n\n\n<p><a href=\"https:\/\/www.briskmanandbriskman.com\/es\/areas-de-practica\/chicago-resbalon-y-caida-abogados\/\">V\u00edctimas de accidentes por resbalones y ca\u00eddas<\/a> pueden recuperar los gastos de tratamiento m\u00e9dico -que pueden ser importantes en el caso de fracturas y traumatismos craneoencef\u00e1licos, entre los resultados m\u00e1s comunes- y una indemnizaci\u00f3n por los salarios perdidos si no pueden trabajar, as\u00ed como da\u00f1os y perjuicios por dolor y sufrimiento.<\/p>\n\n\n\n<h4 class=\"wp-block-heading\">Responsabilidad por productos defectuosos<\/h4>\n\n\n\n<p>En <a href=\"https:\/\/www.briskmanandbriskman.com\/es\/areas-de-practica\/chicago-product-liability-attorney\/\">casos de responsabilidad por productos defectuosos<\/a>La indemnizaci\u00f3n puede cubrir todos los gastos m\u00e9dicos por lesiones causadas por productos defectuosos, desde los cuidados de urgencia hasta la rehabilitaci\u00f3n a largo plazo, pasando por los salarios perdidos y los da\u00f1os punitivos en caso de negligencia grave del fabricante.<\/p>\n\n\n\n<p>En <a href=\"https:\/\/www.briskmanandbriskman.com\/es\/\">Briskman Briskman &amp; Greenberg<\/a>Nuestro objetivo es asegurar que cada cliente en Champaign reciba la compensaci\u00f3n total a la que tiene derecho, reflejando la profundidad de sus p\u00e9rdidas. Abogamos ferozmente para asegurar los recursos necesarios para las v\u00edctimas y sus familias para navegar por las secuelas de lesiones personales, lo que refuerza nuestro compromiso con la justicia y la recuperaci\u00f3n de todos nuestros clientes.<\/p>\n\n\n\n<h3 class=\"wp-block-heading\">C\u00f3mo elegir un abogado de lesiones personales en Champaign&nbsp;<\/h3>\n\n\n\n<p>Selecci\u00f3n del <a href=\"https:\/\/www.briskmanandbriskman.com\/es\/\">derecho abogado de lesiones personales en Champaign<\/a> es crucial para obtener justicia e indemnizaci\u00f3n por sus lesiones. En Briskman Briskman &amp; Greenberg, entendemos la importancia de esta decisi\u00f3n y ofrecemos orientaci\u00f3n para asegurarse de tomar una decisi\u00f3n informada. Esto es lo que debe buscar en un abogado de lesiones personales:<\/p>\n\n\n\n<h4 class=\"wp-block-heading\">Experiencia en su tipo espec\u00edfico de caso<\/h4>\n\n\n\n<p>Aseg\u00farese de que el abogado tiene un historial probado en casos como el suyo. Cada lesi\u00f3n requiere una experiencia diferente.<\/p>\n\n\n\n<h4 class=\"wp-block-heading\">Conocimientos locales<\/h4>\n\n\n\n<p>Un abogado familiarizado con el entorno jur\u00eddico de Champaign puede navegar por los procedimientos judiciales y las leyes locales con mayor eficacia.<\/p>\n\n\n\n<h4 class=\"wp-block-heading\">Testimonios de clientes<\/h4>\n\n\n\n<p>Consulte <a href=\"https:\/\/www.briskmanandbriskman.com\/es\/testimonios\/\">comentarios de clientes anteriores<\/a> para medir el \u00edndice de \u00e9xito del abogado y la satisfacci\u00f3n del cliente.<\/p>\n\n\n\n<p>Comunicaci\u00f3n: Elija un abogado que se comunique claramente y le mantenga informado durante todo el proceso.<\/p>\n\n\n\n<p>En Briskman Briskman &amp; Greenberg, nuestro enfoque es sencillo. Ofrecemos una atenci\u00f3n personalizada a cada caso, asegurando que nuestros clientes no son s\u00f3lo un n\u00famero m\u00e1s. Nuestro equipo est\u00e1 comprometido a luchar por sus derechos, bas\u00e1ndose en nuestra amplia experiencia a trav\u00e9s de diversas demandas por lesiones personales. Con un profundo conocimiento de los desaf\u00edos que enfrentan las v\u00edctimas de lesiones en Champaign, estamos dispuestos a abogar por su plena compensaci\u00f3n.<\/p>\n\n\n\n<p>La elecci\u00f3n del abogado de lesiones personales adecuado puede afectar significativamente el resultado de su caso. Se trata de encontrar un equipo con la destreza legal para ganar su caso y la compasi\u00f3n para comprender y abordar sus necesidades \u00fanicas. En Briskman Briskman &amp; Greenberg, nos enorgullecemos de ser ese equipo para nuestros clientes, gui\u00e1ndolos a trav\u00e9s del proceso legal con cuidado y compromiso.<\/p>\n\n\n\n<h2 class=\"wp-block-heading\">\u00bfEst\u00e1 buscando asesoramiento fiable para su caso de lesiones personales en Champaign?<\/h2>\n\n\n\n<p>Si ha sufrido lesiones recientemente en cualquier tipo de accidente, presentar una demanda por lesiones personales en Champaign puede proporcionarle la compensaci\u00f3n que tanto necesita para compensar el impacto que el accidente ha tenido en su vida. En <a href=\"https:\/\/www.briskmanandbriskman.com\/es\/\">Briskman Briskman &amp; Greenberg<\/a>Entendemos lo que usted y su familia est\u00e1n pasando durante este dif\u00edcil momento. Durante casi 40 a\u00f1os, hemos estado apoyando a las v\u00edctimas de accidentes a trav\u00e9s de situaciones similares, ayudando a conectarlos con la compensaci\u00f3n significativa que necesitan para iniciar el proceso de seguir adelante con sus vidas despu\u00e9s de un accidente. <a href=\"https:\/\/www.briskmanandbriskman.com\/es\/consulta-gratuita\/\">Ofrecemos consultas gratuitas<\/a> a todos los clientes potenciales y nunca facturarle por nuestros servicios a menos que podamos recuperar la compensaci\u00f3n en su nombre. Para obtener m\u00e1s informaci\u00f3n, y para hablar con un abogado de lesiones personales Champaign hoy, <a href=\"tel:1-877-595-4878\">llame al 877-595-4878<\/a>. Tambi\u00e9n puede ponerse en contacto con nosotros a trav\u00e9s de <a href=\"https:\/\/www.briskmanandbriskman.com\/es\/abogados-de-accidentes-de-camiones-en-chicago-2\/\">formulario de contacto en l\u00ednea<\/a>.<\/p>","protected":false},"excerpt":{"rendered":"<p>Briskman Briskman &amp; Greenberg es un bufete de abogados de Champaign de servicio completo de lesiones personales, profundamente comprometido a ofrecer a cada cliente la representaci\u00f3n atenta y compasiva que se merecen. Nuestra empresa familiar y orientada entiende el impacto de las lesiones personales, el manejo de casos que van desde accidentes automovil\u00edsticos y lesiones en el lugar de trabajo a la negligencia m\u00e9dica y homicidio culposo reclamaciones. Nos esforzamos por garantizar...<\/p>","protected":false},"author":1,"featured_media":0,"parent":6524,"menu_order":0,"comment_status":"closed","ping_status":"closed","template":"","meta":{"_acf_changed":false,"footnotes":""},"class_list":["post-13103","page","type-page","status-publish","hentry"],"acf":[],"_links":{"self":[{"href":"https:\/\/www.briskmanandbriskman.com\/es\/wp-json\/wp\/v2\/pages\/13103","targetHints":{"allow":["GET"]}}],"collection":[{"href":"https:\/\/www.briskmanandbriskman.com\/es\/wp-json\/wp\/v2\/pages"}],"about":[{"href":"https:\/\/www.briskmanandbriskman.com\/es\/wp-json\/wp\/v2\/types\/page"}],"author":[{"embeddable":true,"href":"https:\/\/www.briskmanandbriskman.com\/es\/wp-json\/wp\/v2\/users\/1"}],"replies":[{"embeddable":true,"href":"https:\/\/www.briskmanandbriskman.com\/es\/wp-json\/wp\/v2\/comments?post=13103"}],"version-history":[{"count":7,"href":"https:\/\/www.briskmanandbriskman.com\/es\/wp-json\/wp\/v2\/pages\/13103\/revisions"}],"predecessor-version":[{"id":14908,"href":"https:\/\/www.briskmanandbriskman.com\/es\/wp-json\/wp\/v2\/pages\/13103\/revisions\/14908"}],"up":[{"embeddable":true,"href":"https:\/\/www.briskmanandbriskman.com\/es\/wp-json\/wp\/v2\/pages\/6524"}],"wp:attachment":[{"href":"https:\/\/www.briskmanandbriskman.com\/es\/wp-json\/wp\/v2\/media?parent=13103"}],"curies":[{"name":"wp","href":"https:\/\/api.w.org\/{rel}","templated":true}]}}