{"id":13062,"date":"2024-05-03T20:05:14","date_gmt":"2024-05-03T20:05:14","guid":{"rendered":"https:\/\/www.briskmanandbriskman.com\/?page_id=13062"},"modified":"2024-05-03T20:05:16","modified_gmt":"2024-05-03T20:05:16","slug":"abogados-de-accidentes-traseros","status":"publish","type":"page","link":"https:\/\/www.briskmanandbriskman.com\/es\/locations\/orlandpark\/car-accident-lawyer\/rear-end-accident-attorneys\/","title":{"rendered":"Orland Park Abogados de accidentes traseros"},"content":{"rendered":"<p>Las colisiones por alcance son uno de los tipos de accidentes m\u00e1s comunes. <a href=\"https:\/\/www.briskmanandbriskman.com\/es\/areas-de-practica\/abogados-de-accidentes-de-camiones-en-chicago-2\/\">accidentes de tr\u00e1fico<\/a>. Cada a\u00f1o se producen en Estados Unidos alrededor de 1,7 millones de colisiones por alcance. Estos accidentes se cobran unas 1.700 vidas al a\u00f1o y causan aproximadamente 500.000 heridos.<\/p>\n\n\n\n<p>Si usted o un ser querido ha resultado herido en un accidente por alcance, ya sabe lo peligrosos y perjudiciales que pueden ser estos incidentes. En <a href=\"https:\/\/www.briskmanandbriskman.com\/es\/lugares\/orlandpark\/abogado-de-accidente-de-coche\/\">abogados expertos en accidentes por alcance Orland Park<\/a> en Briskman, Briskman &amp; Greenberg est\u00e1n aqu\u00ed para ayudarle a proteger sus derechos legales y obtener la compensaci\u00f3n que necesita.\u00a0<\/p>\n\n\n\n<h3 class=\"wp-block-heading\">Estad\u00edsticas de accidentes por alcance en Orland Park y Chicago<\/h3>\n\n\n\n<p>Seg\u00fan el Departamento de Transporte de Illinois, en 2022, los automovilistas de Orland Park experimentaron 953 accidentes de veh\u00edculos en los l\u00edmites de la ciudad. De estos, 379 colisiones -alrededor del 40 por ciento- implicaron la colisi\u00f3n de la parte delantera de un veh\u00edculo con la parte trasera de otro. En otras ocho colisiones, la parte trasera de un veh\u00edculo golpe\u00f3 la parte delantera de otro, y en cinco accidentes, la parte trasera de un veh\u00edculo golpe\u00f3 el lateral de otro veh\u00edculo. En un accidente colisionaron ambos veh\u00edculos por detr\u00e1s.<\/p>\n\n\n\n<p>En estos 2022 accidentes por alcance del Orland Park, 111 personas sufrieron lesiones. Adem\u00e1s, 298 de los accidentes provocaron da\u00f1os materiales en al menos un veh\u00edculo.&nbsp;<\/p>\n\n\n\n<p>Afortunadamente, ning\u00fan choque por alcance en Orland Park en 2022 caus\u00f3 una muerte registrada en las estad\u00edsticas del Departamento de Transporte de Illinois. Sin embargo, los automovilistas del condado de Cook en su conjunto no tuvieron tanta suerte. Los choques por alcance se cobraron 30 vidas en el condado de Cook en 2022 y causaron 9.936 lesiones totales.<\/p>\n\n\n\n<p>Los accidentes por alcance pueden deberse a varias causas, entre ellas<\/p>\n\n\n\n<ul class=\"wp-block-list\">\n<li>Conducci\u00f3n agresiva, como pisar los talones a otro veh\u00edculo, exceso de velocidad, cortarle el paso o seguirle o parar demasiado cerca.\u00a0<\/li>\n\n\n\n<li><a href=\"https:\/\/www.briskmanandbriskman.com\/es\/areas-de-practica\/abogados-de-accidentes-de-camiones-en-chicago-2\/abogados-de-accidentes-por-conduccion-distraida-en-chicago\/\">Conducci\u00f3n distra\u00edda<\/a> impide que un conductor responda a un veh\u00edculo adelantado a tiempo para evitar una colisi\u00f3n.\u00a0<\/li>\n\n\n\n<li>Conducir con fatiga puede causar falta de atenci\u00f3n o errores de juicio que provoquen un accidente.\u00a0<\/li>\n\n\n\n<li>Las condiciones meteorol\u00f3gicas adversas, como la lluvia, la nieve, el aguanieve, la niebla y el hielo, pueden aumentar las probabilidades de colisi\u00f3n por alcance, ya que reducen la visibilidad y prolongan el tiempo necesario para detenerse antes de que se produzca el accidente. La oscuridad tambi\u00e9n puede influir en las colisiones.<\/li>\n\n\n\n<li><a href=\"https:\/\/www.briskmanandbriskman.com\/es\/areas-de-practica\/abogados-de-accidentes-de-camiones-en-chicago-2\/abogados-de-accidentes-por-conducir-ebrio-en-chicago\/\">Conducci\u00f3n en estado de embriaguez<\/a> est\u00e1 causada por el alcohol u otras sustancias que afectan al procesamiento mental y a los tiempos de respuesta. Los intoxicantes dificultan la capacidad de detectar peligros potenciales -como un coche que reduce la velocidad o se detiene- y de reaccionar a tiempo para evitar un accidente.\u00a0<\/li>\n<\/ul>\n\n\n\n<p>Algunos accidentes por alcance tienen m\u00faltiples causas. Por ejemplo, una combinaci\u00f3n de fatiga y mal tiempo puede resultar en un conductor no prestar atenci\u00f3n a la carretera en la medida en que el clima requiere, lo que resulta en un accidente. Un abogado con experiencia en accidentes por alcance puede ayudarle a determinar exactamente lo que ocurri\u00f3.&nbsp;<\/p>\n\n\n\n<h3 class=\"wp-block-heading\">Lesiones frecuentes en accidentes por alcance<\/h3>\n\n\n\n<p>Algunos accidentes por alcance son peque\u00f1os golpes o rasgu\u00f1os. Muchos, sin embargo, causan lesiones graves. Los ocupantes de un veh\u00edculo golpeado por detr\u00e1s suelen tener m\u00e1s probabilidades de sufrir da\u00f1os que los del otro veh\u00edculo.&nbsp;<\/p>\n\n\n\n<p>Las lesiones m\u00e1s comunes causadas por colisiones por alcance son<\/p>\n\n\n\n<p><strong><a href=\"https:\/\/www.briskmanandbriskman.com\/es\/areas-de-practica\/chicago-cuello-espalda-lesiones-abogados\/\">Lesiones de cuello y espalda<\/a>. <\/strong>Los accidentes por alcance suelen ir asociados a lesiones por latigazo cervical. \"Latigazo cervical\" es otro nombre para esguince o distensi\u00f3n cervical. Los tejidos blandos del cuello se lesionan cuando el cuerpo es lanzado violentamente hacia delante o sacudido, como puede ocurrir en un impacto trasero. Tambi\u00e9n pueden producirse da\u00f1os m\u00e1s importantes, como lesiones en la parte superior, media o inferior de la espalda.\u00a0<\/p>\n\n\n\n<p><strong><a href=\"https:\/\/www.briskmanandbriskman.com\/es\/areas-de-practica\/abogados-de-chicago-especializados-en-lesiones-cerebrales\/\">Lesiones cerebrales y craneales<\/a>. <\/strong>La fuerza repentina e inesperada de un choque por alcance impide que los ocupantes del veh\u00edculo se apuntalen o se desplacen a una posici\u00f3n m\u00e1s segura. Como consecuencia, son frecuentes las lesiones craneales por golpearse la cabeza contra algunas partes del veh\u00edculo. Una sacudida brusca del cuerpo que sacuda la cabeza tambi\u00e9n puede causar lesiones, aunque la cabeza no golpee un objeto exterior.<\/p>\n\n\n\n<p><strong>Lesiones medulares. <\/strong>La m\u00e9dula espinal conecta el cerebro con el resto del cuerpo. Si se da\u00f1a la espalda o el cuello, la m\u00e9dula espinal tambi\u00e9n puede resultar da\u00f1ada. Las lesiones de la m\u00e9dula espinal pueden ser duraderas o permanentes y causar disfunciones motoras graves o par\u00e1lisis total.&nbsp;<\/p>\n\n\n\n<p><strong>Huesos rotos. <\/strong>Al igual que el impacto de un choque por alcance puede causar latigazos cervicales, lesiones cerebrales y otras lesiones, tambi\u00e9n puede romper huesos. En algunos casos, los sistemas de seguridad dise\u00f1ados para salvar vidas en un choque por alcance provocan lesiones. Un airbag que se infla r\u00e1pidamente puede romper huesos de la cara, las manos o los brazos, por ejemplo. La vida de la persona se salva, pero a un precio.&nbsp;<\/p>\n\n\n\n<p>Los efectos de estas lesiones pueden durar meses o incluso a\u00f1os. Algunas lesiones graves son permanentes; las m\u00e1s graves resultan mortales.&nbsp;<\/p>\n\n\n\n<h3 class=\"wp-block-heading\">Qu\u00e9 hacer si sufre un accidente por alcance<\/h3>\n\n\n\n<p>Si te ves implicado en un accidente por alcance, el tiempo apremia. Esto es lo que debes hacer:<\/p>\n\n\n\n<ul class=\"wp-block-list\">\n<li><strong>La seguridad ante todo. <\/strong>Comprueba si hay heridos, tanto t\u00fa como los dem\u00e1s implicados en el accidente, y llama al 911 para pedir ayuda. Si es posible, desplace los veh\u00edculos a un lado de la carretera para evitar m\u00e1s colisiones. Utilice las luces del veh\u00edculo, linternas, bengalas de carretera u objetos de colores brillantes para advertir a los conductores que se aproximan.\u00a0<\/li>\n\n\n\n<li><strong>C\u00ed\u00f1ase a los hechos. <\/strong>Cuando hables con la polic\u00eda o los param\u00e9dicos, proporciona los hechos tan bien como los conozcas. Sea lo m\u00e1s preciso y honesto posible. Si no sabes, no viste o no recuerdas algo, dilo. No admitas la culpa, aunque creas que fuiste responsable del accidente: la culpa es una determinaci\u00f3n legal que depende de todos los hechos, no s\u00f3lo de los que recuerdas inmediatamente despu\u00e9s.\u00a0<\/li>\n\n\n\n<li><strong>Recoge informaci\u00f3n. <\/strong>Intercambia informaci\u00f3n de contacto con el otro conductor y con los testigos. Haz fotos del lugar de los hechos, los da\u00f1os sufridos por los veh\u00edculos, las se\u00f1ales de tr\u00e1fico y otros elementos de la zona. Si no puedes hacer fotos, dibuja un diagrama o toma notas.\u00a0<\/li>\n\n\n\n<li><strong>Busca atenci\u00f3n m\u00e9dica. <\/strong>En caso de lesiones graves, recibir atenci\u00f3n m\u00e9dica tiene prioridad sobre hablar con las fuerzas de seguridad o recabar informaci\u00f3n. No obstante, aunque creas que no te has lesionado, acude al m\u00e9dico de inmediato. Algunas lesiones, como el latigazo cervical, pueden tardar horas o d\u00edas en manifestarse por completo.\u00a0<\/li>\n\n\n\n<li><strong>Informe del accidente. <\/strong>Informe a su compa\u00f1\u00eda de seguros de lo ocurrido. Al igual que con la polic\u00eda y los param\u00e9dicos, proporcione informaci\u00f3n honesta y precisa cuando la tenga.\u00a0<\/li>\n<\/ul>\n\n\n\n<p>\u00bfEl accidente ocurri\u00f3 hace d\u00edas o semanas? No es demasiado tarde para seguir algunos de estos pasos. Pide cita con el m\u00e9dico o acude hoy mismo a un centro de urgencias o a urgencias hospitalarias. Informa del accidente a la polic\u00eda y a tu compa\u00f1\u00eda de seguros tan pronto como puedas. En estas conversaciones, c\u00ed\u00f1ete a los hechos; no admitas la culpa, sino espera a que las pruebas dibujen un cuadro completo. <a href=\"https:\/\/www.briskmanandbriskman.com\/es\/abogados-de-accidentes-de-camiones-en-chicago-2\/\">P\u00f3ngase en contacto con un abogado experto en accidentes por alcance Orland Park<\/a> que pueden ayudarle a proteger sus derechos legales.\u00a0<\/p>\n\n\n\n<h3 class=\"wp-block-heading\">\u00bfCu\u00e1nto tiempo tengo para presentar una reclamaci\u00f3n por accidente por alcance en Illinois?<\/h3>\n\n\n\n<p>Illinois' la ley de prescripci\u00f3n restringe el tiempo de que dispone una persona perjudicada para presentar una demanda. El plazo es <strong>dos a\u00f1os<\/strong>a partir de la fecha del accidente. Si el caso no se presenta en dos a\u00f1os, la persona lesionada no puede llevarlo a los tribunales.<\/p>\n\n\n\n<p>Existen algunas excepciones al l\u00edmite de dos a\u00f1os, pero son muy limitadas. Hable con un abogado especializado en lesiones Orland Park tan pronto como pueda. Aunque creas que el l\u00edmite ha expirado, consulta con un abogado para saber exactamente c\u00f3mo se aplican las normas en tu caso y qu\u00e9 puedes hacer.&nbsp;<\/p>\n\n\n\n<h3 class=\"wp-block-heading\">Indemnizaci\u00f3n en casos de accidente por alcance Illinois<\/h3>\n\n\n\n<p>Tras un accidente por alcance, su vida y su hogar pueden quedar patas arriba. Puede que le cueste realizar actividades cotidianas que antes hac\u00eda con facilidad. Puede perder tiempo de trabajo para recuperarse y preguntarse cu\u00e1ndo podr\u00e1 volver a ganar un sueldo, si es que alguna vez puede hacerlo. Puede necesitar ayuda de familiares o profesionales contratados para realizar tareas dom\u00e9sticas y personales b\u00e1sicas. Puede sufrir recuerdos traum\u00e1ticos, pesadillas continuas, ansiedad, depresi\u00f3n y otras formas de estr\u00e9s.&nbsp;<\/p>\n\n\n\n<p>La indemnizaci\u00f3n en un accidente por alcance se centra en las p\u00e9rdidas derivadas del propio accidente. Las p\u00e9rdidas cubiertas en estos casos suelen incluir:<\/p>\n\n\n\n<ul class=\"wp-block-list\">\n<li>Facturas m\u00e9dicas, incluidas las de ambulancia, intervenciones quir\u00fargicas, estancias hospitalarias, equipos m\u00e9dicos, medicamentos, terapia y rehabilitaci\u00f3n, y citas de seguimiento,\u00a0<\/li>\n\n\n\n<li>Los salarios perdidos, incluidos tanto los que perdi\u00f3 mientras se recuperaba de sus lesiones como los que probablemente perder\u00e1 en el futuro si sus lesiones le impiden trabajar de forma permanente,\u00a0<\/li>\n\n\n\n<li>Gastos de reparaci\u00f3n o sustituci\u00f3n de los bienes, incluidos los gastos de remolque y las facturas de reparaci\u00f3n o sustituci\u00f3n del veh\u00edculo,\u00a0<\/li>\n\n\n\n<li>Indemnizaci\u00f3n por el dolor y el sufrimiento relacionados con el accidente y sus lesiones,<\/li>\n\n\n\n<li>Indemnizaci\u00f3n por traumas mentales y emocionales, que pueden manifestarse como s\u00edntomas de estr\u00e9s postraum\u00e1tico, ansiedad, depresi\u00f3n, insomnio o de otras formas que requieren asistencia de profesionales capacitados.\u00a0<\/li>\n<\/ul>\n\n\n\n<p>Si un accidente por alcance se cobra la vida de un ser querido, los familiares supervivientes pueden interponer una demanda. <a href=\"https:\/\/www.briskmanandbriskman.com\/es\/areas-de-practica\/abogados-de-accidentes-de-camiones-en-chicago-2\/abogados-de-accidentes-de-coche-mortales-en-chicago\/\">reclamaci\u00f3n por muerte injusta<\/a>. En una demanda por homicidio culposo, puede haber indemnizaci\u00f3n por los costes asociados al fallecimiento, como los gastos funerarios y de entierro. Los familiares tambi\u00e9n pueden solicitar una indemnizaci\u00f3n por la p\u00e9rdida de la relaci\u00f3n y el apoyo que recib\u00edan de su ser querido.\u00a0<\/p>\n\n\n\n<h2 class=\"wp-block-heading\">Hable hoy mismo con un abogado experto en accidentes por alcance en Orland Park<\/h2>\n\n\n\n<p>Los accidentes por alcance suelen ser traum\u00e1ticos. Los heridos en un accidente por alcance a menudo no reciben ninguna advertencia de que el accidente est\u00e1 a punto de producirse. En lugar de ello, sus vidas son normales en un instante y se vuelven del rev\u00e9s al siguiente.<\/p>\n\n\n\n<p>Si esto le suena familiar, no est\u00e1 solo. Los experimentados abogados de accidentes por alcance de <a href=\"https:\/\/www.briskmanandbriskman.com\/es\/\">Briskman, Briskman Y Greenberg<\/a> est\u00e1n aqu\u00ed para ayudar. <a href=\"https:\/\/www.briskmanandbriskman.com\/es\/abogados-de-accidentes-de-camiones-en-chicago-2\/\">P\u00f3ngase en contacto con nosotros<\/a> para programar una evaluaci\u00f3n gratuita y confidencial de su caso con <a href=\"https:\/\/www.briskmanandbriskman.com\/es\/nuestros-abogados\/\">uno de nuestros abogados especializados en accidentes<\/a>.<\/p>","protected":false},"excerpt":{"rendered":"<p>Las colisiones por alcance son uno de los tipos m\u00e1s comunes de accidentes de tr\u00e1fico. Cada a\u00f1o se producen en Estados Unidos alrededor de 1,7 millones de colisiones por alcance. Estos accidentes se cobran alrededor de 1.700 vidas cada a\u00f1o y causan aproximadamente 500.000 lesiones. Si usted o un ser querido ha sufrido un accidente por alcance, ya sabe lo peligroso y perjudicial que es...<\/p>","protected":false},"author":1,"featured_media":0,"parent":6551,"menu_order":0,"comment_status":"closed","ping_status":"closed","template":"","meta":{"_acf_changed":false,"footnotes":""},"class_list":["post-13062","page","type-page","status-publish","hentry"],"acf":[],"_links":{"self":[{"href":"https:\/\/www.briskmanandbriskman.com\/es\/wp-json\/wp\/v2\/pages\/13062","targetHints":{"allow":["GET"]}}],"collection":[{"href":"https:\/\/www.briskmanandbriskman.com\/es\/wp-json\/wp\/v2\/pages"}],"about":[{"href":"https:\/\/www.briskmanandbriskman.com\/es\/wp-json\/wp\/v2\/types\/page"}],"author":[{"embeddable":true,"href":"https:\/\/www.briskmanandbriskman.com\/es\/wp-json\/wp\/v2\/users\/1"}],"replies":[{"embeddable":true,"href":"https:\/\/www.briskmanandbriskman.com\/es\/wp-json\/wp\/v2\/comments?post=13062"}],"version-history":[{"count":3,"href":"https:\/\/www.briskmanandbriskman.com\/es\/wp-json\/wp\/v2\/pages\/13062\/revisions"}],"predecessor-version":[{"id":13065,"href":"https:\/\/www.briskmanandbriskman.com\/es\/wp-json\/wp\/v2\/pages\/13062\/revisions\/13065"}],"up":[{"embeddable":true,"href":"https:\/\/www.briskmanandbriskman.com\/es\/wp-json\/wp\/v2\/pages\/6551"}],"wp:attachment":[{"href":"https:\/\/www.briskmanandbriskman.com\/es\/wp-json\/wp\/v2\/media?parent=13062"}],"curies":[{"name":"wp","href":"https:\/\/api.w.org\/{rel}","templated":true}]}}