{"id":1202,"date":"2011-09-15T16:34:07","date_gmt":"2011-09-15T16:34:07","guid":{"rendered":"https:\/\/www.briskmanandbriskman.com\/?page_id=1202"},"modified":"2024-04-13T21:13:26","modified_gmt":"2024-04-13T21:13:26","slug":"de-cuanto-tiempo-dispongo-para-presentar-una-reclamacion-por-accidente-de-trafico","status":"publish","type":"page","link":"https:\/\/www.briskmanandbriskman.com\/es\/information-centers\/car-accidents\/how-much-time-do-i-have-to-file-a-motor-vehicle-accident-claim\/","title":{"rendered":"\u00bfDe cu\u00e1nto tiempo dispongo para presentar una demanda por accidente de tr\u00e1fico?"},"content":{"rendered":"<p><a href=\"https:\/\/www.briskmanandbriskman.com\/es\/centros-de-informacion\/accidentes-de-trafico\/\">Volver a la p\u00e1gina principal del Centro de accidentes de tr\u00e1fico<\/a><\/p>\n\n\n\n<p>La prescripci\u00f3n es el plazo que tiene una v\u00edctima de lesiones para presentar una demanda por los da\u00f1os sufridos tras un accidente. Los tribunales quieren asegurar el manejo ordenado de los casos y limitar la cantidad de tiempo que alguien puede ser considerado responsable por sus acciones pasadas. Si su demanda se presenta demasiado tarde, es probable que el tribunal desestime su caso. En ese caso, ya no podr\u00e1 reclamar una indemnizaci\u00f3n a la parte culpable.<\/p>\n\n\n\n<p>En general, el plazo de prescripci\u00f3n de una <a href=\"https:\/\/www.briskmanandbriskman.com\/es\/\">reclamaci\u00f3n por da\u00f1os personales en Illinois<\/a> es de dos a\u00f1os a partir de la fecha del accidente. Sin embargo, hay algunas excepciones al plazo de prescripci\u00f3n de dos a\u00f1os, algunas de las cuales dan m\u00e1s tiempo para presentar una demanda y otras menos.<\/p>\n\n\n\n<p>En la mayor\u00eda de los casos, el plazo de prescripci\u00f3n empezar\u00e1 a contar a partir de la fecha del accidente. Por ejemplo, a veces, usted es inmediatamente consciente de sus lesiones despu\u00e9s de un accidente de coche, por lo que el reloj para presentar una reclamaci\u00f3n comienza a correr en ese momento. Sin embargo, en algunas situaciones, usted no puede darse cuenta de que sufri\u00f3 una lesi\u00f3n hasta una fecha posterior. En estas circunstancias, normalmente tienes dos a\u00f1os desde la fecha en que descubriste tu lesi\u00f3n para presentar una reclamaci\u00f3n. No es necesario que conozca sus lesiones concretas para que empiece a contar el plazo de prescripci\u00f3n; basta con que sepa que puede presentar una demanda contra la otra parte. Un ejemplo de cuando la \"regla de descubrimiento\" puede entrar en juego es en un <a href=\"https:\/\/www.briskmanandbriskman.com\/es\/areas-de-practica\/negligencia-medica\/\">caso de negligencia m\u00e9dica<\/a> en los que un paciente no se dio cuenta de que el cirujano hab\u00eda cometido un error hasta pasados meses o a\u00f1os.<\/p>\n\n\n\n<p>En los accidentes con v\u00edctimas menores de edad, no se aplica el plazo general de prescripci\u00f3n de dos a\u00f1os. En su lugar, los tribunales permiten a los menores presentar una demanda hasta dos a\u00f1os despu\u00e9s de que el menor cumpla 18 a\u00f1os.<\/p>\n\n\n\n<p>La principal excepci\u00f3n al plazo de prescripci\u00f3n de dos a\u00f1os que obliga a las v\u00edctimas de accidentes a presentar una demanda antes de que hayan transcurrido dos a\u00f1os desde el accidente es si se nombra como demandada a una entidad gubernamental. En estos casos, tendr\u00e1 que presentar una reclamaci\u00f3n formal ante el gobierno en el plazo de un a\u00f1o desde el accidente. De este modo, el gobierno tendr\u00e1 conocimiento de su reclamaci\u00f3n y la oportunidad de llegar a un acuerdo sin necesidad de presentar una demanda.<\/p>\n\n\n\n<h3 class=\"wp-block-heading\">Otros art\u00edculos sobre da\u00f1os personales<\/h3>\n\n\n<ul class=\"list-pages-shortcode sibling-pages\"><li class=\"page_item page-item-2692\"><a href=\"https:\/\/www.briskmanandbriskman.com\/es\/information-centers\/car-accidents\/can-i-get-compensated-if-i-was-partly-at-fault-for-my-car-accident\/\">\u00bfPuedo ser indemnizado si he tenido parte de culpa en mi accidente de tr\u00e1fico?<\/a><\/li>\n<li class=\"page_item page-item-2690\"><a href=\"https:\/\/www.briskmanandbriskman.com\/es\/information-centers\/car-accidents\/can-i-sue-a-bar-if-injured-by-a-drunk-driver\/\">\u00bfPuedo demandar a un bar si me hiere un conductor ebrio?<\/a><\/li>\n<li class=\"page_item page-item-1188\"><a href=\"https:\/\/www.briskmanandbriskman.com\/es\/information-centers\/car-accidents\/common-types-of-car-accident-lawsuits\/\">Tipos habituales de demandas por accidentes de tr\u00e1fico<\/a><\/li>\n<li class=\"page_item page-item-2697\"><a href=\"https:\/\/www.briskmanandbriskman.com\/es\/information-centers\/car-accidents\/five-things-you-need-to-know-about-drowsy-driving\/\">Cinco cosas que debe saber sobre la somnolencia al volante<\/a><\/li>\n<li class=\"page_item page-item-1197\"><a href=\"https:\/\/www.briskmanandbriskman.com\/es\/information-centers\/car-accidents\/how-do-i-know-if-i-have-an-auto-accident-lawsuit\/\">\u00bfC\u00f3mo s\u00e9 si tengo una demanda por accidente de tr\u00e1fico?<\/a><\/li>\n<li class=\"page_item page-item-1202\"><a href=\"https:\/\/www.briskmanandbriskman.com\/es\/information-centers\/car-accidents\/how-much-time-do-i-have-to-file-a-motor-vehicle-accident-claim\/\">\u00bfDe cu\u00e1nto tiempo dispongo para presentar una demanda por accidente de tr\u00e1fico?<\/a><\/li>\n<li class=\"page_item page-item-3565\"><a href=\"https:\/\/www.briskmanandbriskman.com\/es\/information-centers\/car-accidents\/these-are-as-dangerous-for-drivers-as-drunk-driving\/\">Son tan peligrosos para los conductores como conducir ebrio<\/a><\/li>\n<\/ul>\n\n\n\n<h3 class=\"wp-block-heading\">Abogados de accidentes de coche est\u00e1n disponibles a trav\u00e9s de Illinois<\/h3>\n\n\n\n<ul class=\"wp-block-list\">\n<li><a href=\"https:\/\/www.briskmanandbriskman.com\/es\/areas-de-practica\/abogados-de-accidentes-de-camiones-en-chicago-2\/\">Chicago Abogado de accidente de coche<\/a><\/li>\n\n\n\n<li><a href=\"https:\/\/www.briskmanandbriskman.com\/es\/lugares\/gurnee\/abogados-de-accidentes-de-coche\/\">Gurnee Abogados de accidentes de coche<\/a><\/li>\n\n\n\n<li><a href=\"https:\/\/www.briskmanandbriskman.com\/es\/lugares\/joliet\/joliet-abogado-de-accidente-de-coche\/\">Joliet Abogado de accidente de coche<\/a>\n<ul class=\"wp-block-list\">\n<li><a href=\"https:\/\/www.briskmanandbriskman.com\/es\/lugares\/joliet\/joliet-abogado-de-accidente-de-coche\/abogados-de-accidentes-mortales\/\">Joliet Abogados de accidentes mortales<\/a><\/li>\n\n\n\n<li><a href=\"https:\/\/www.briskmanandbriskman.com\/es\/lugares\/joliet\/joliet-abogado-de-accidente-de-coche\/abogados-de-accidentes-traseros\/\">Joliet Abogados de accidentes por alcance<\/a><\/li>\n\n\n\n<li><a href=\"https:\/\/www.briskmanandbriskman.com\/es\/lugares\/joliet\/joliet-abogado-de-accidente-de-coche\/texting-while-driving-accident-lawyers\/\">Joliet Mensajes de texto mientras se conduce Abogados de accidentes<\/a><\/li>\n<\/ul>\n<\/li>\n\n\n\n<li><a href=\"https:\/\/www.briskmanandbriskman.com\/es\/lugares\/condado-del-lago\/abogados-de-accidentes-de-coche-2\/\">Lake County Abogados de accidentes de coche<\/a><\/li>\n\n\n\n<li><a href=\"https:\/\/www.briskmanandbriskman.com\/es\/lugares\/mundelein\/abogados-de-accidentes-de-coche\/\">Mundelein Abogados de accidentes de coche<\/a><\/li>\n\n\n\n<li><a href=\"https:\/\/www.briskmanandbriskman.com\/es\/lugares\/norte-de-chicago\/abogados-de-accidentes-de-coche-2\/\">North Chicago Abogados de accidentes de tr\u00e1fico<\/a><\/li>\n\n\n\n<li><a href=\"https:\/\/www.briskmanandbriskman.com\/es\/lugares\/oaklawn\/abogado-de-accidente-de-coche\/\">Oak Lawn Abogados de accidentes de tr\u00e1fico<\/a><\/li>\n\n\n\n<li><a href=\"https:\/\/www.briskmanandbriskman.com\/es\/lugares\/orlandpark\/abogado-de-accidente-de-coche\/\">Orland Park Abogados de accidentes de tr\u00e1fico<\/a><\/li>\n\n\n\n<li><a href=\"https:\/\/www.briskmanandbriskman.com\/es\/lugares\/waukegan\/abogados-de-accidentes-de-coche\/\">Waukegan Abogados de accidentes de tr\u00e1fico<\/a><\/li>\n\n\n\n<li><a href=\"https:\/\/www.briskmanandbriskman.com\/es\/lugares\/ruedas\/abogado-de-accidente-de-coche-2\/\">Wheeling Abogado de accidente de coche<\/a>\n<ul class=\"wp-block-list\">\n<li><a href=\"https:\/\/www.briskmanandbriskman.com\/es\/lugares\/ruedas\/abogado-de-accidente-de-coche-2\/accidente-de-coche-mortal-abogado\/\">Wheeling Abogado de accidente de coche mortal<\/a><\/li>\n\n\n\n<li><a href=\"https:\/\/www.briskmanandbriskman.com\/es\/lugares\/ruedas\/abogado-de-accidente-de-coche-2\/abogado-de-colisiones-frontales\/\">Wheeling Abogado de Colisi\u00f3n Frontal<\/a><\/li>\n\n\n\n<li><a href=\"https:\/\/www.briskmanandbriskman.com\/es\/lugares\/ruedas\/abogado-de-accidente-de-coche-2\/lesiones-graves-en-accidentes-de-coche-en-wheeling\/\">Wheeling Abogado de Lesiones Graves por Accidente de Coche<\/a><\/li>\n<\/ul>\n<\/li>\n<\/ul>","protected":false},"excerpt":{"rendered":"<p>Volver al Centro de Accidentes de Coche Principal Un estatuto de limitaciones es el marco de tiempo en el que una v\u00edctima de lesiones tiene que presentar una demanda por los da\u00f1os que sufrieron despu\u00e9s de un accidente. Los tribunales quieren asegurar el manejo ordenado de los casos y limitar la cantidad de tiempo que alguien puede ser...<\/p>","protected":false},"author":1,"featured_media":11826,"parent":925,"menu_order":0,"comment_status":"closed","ping_status":"open","template":"","meta":{"_acf_changed":false,"footnotes":""},"class_list":["post-1202","page","type-page","status-publish","has-post-thumbnail","hentry"],"acf":[],"_links":{"self":[{"href":"https:\/\/www.briskmanandbriskman.com\/es\/wp-json\/wp\/v2\/pages\/1202","targetHints":{"allow":["GET"]}}],"collection":[{"href":"https:\/\/www.briskmanandbriskman.com\/es\/wp-json\/wp\/v2\/pages"}],"about":[{"href":"https:\/\/www.briskmanandbriskman.com\/es\/wp-json\/wp\/v2\/types\/page"}],"author":[{"embeddable":true,"href":"https:\/\/www.briskmanandbriskman.com\/es\/wp-json\/wp\/v2\/users\/1"}],"replies":[{"embeddable":true,"href":"https:\/\/www.briskmanandbriskman.com\/es\/wp-json\/wp\/v2\/comments?post=1202"}],"version-history":[{"count":2,"href":"https:\/\/www.briskmanandbriskman.com\/es\/wp-json\/wp\/v2\/pages\/1202\/revisions"}],"predecessor-version":[{"id":12866,"href":"https:\/\/www.briskmanandbriskman.com\/es\/wp-json\/wp\/v2\/pages\/1202\/revisions\/12866"}],"up":[{"embeddable":true,"href":"https:\/\/www.briskmanandbriskman.com\/es\/wp-json\/wp\/v2\/pages\/925"}],"wp:featuredmedia":[{"embeddable":true,"href":"https:\/\/www.briskmanandbriskman.com\/es\/wp-json\/wp\/v2\/media\/11826"}],"wp:attachment":[{"href":"https:\/\/www.briskmanandbriskman.com\/es\/wp-json\/wp\/v2\/media?parent=1202"}],"curies":[{"name":"wp","href":"https:\/\/api.w.org\/{rel}","templated":true}]}}