{"id":1197,"date":"2011-09-15T16:09:02","date_gmt":"2011-09-15T16:09:02","guid":{"rendered":"https:\/\/www.briskmanandbriskman.com\/?page_id=1197"},"modified":"2024-06-27T22:37:37","modified_gmt":"2024-06-27T22:37:37","slug":"como-puedo-saber-si-tengo-una-demanda-por-accidente-de-trafico-2","status":"publish","type":"page","link":"https:\/\/www.briskmanandbriskman.com\/es\/information-centers\/car-accidents\/how-do-i-know-if-i-have-an-auto-accident-lawsuit\/","title":{"rendered":"\u00bfC\u00f3mo s\u00e9 si tengo una demanda por accidente de tr\u00e1fico?"},"content":{"rendered":"<p><a href=\"https:\/\/www.briskmanandbriskman.com\/es\/centros-de-informacion\/accidentes-de-trafico\/\">Volver a la p\u00e1gina principal del Centro de accidentes de tr\u00e1fico<\/a><\/p>\n\n\n\n<p>Si ha estado <a href=\"https:\/\/www.briskmanandbriskman.com\/es\/areas-de-practica\/abogados-de-accidentes-de-camiones-en-chicago-2\/\">herido en accidente de tr\u00e1fico<\/a> o ha sufrido la p\u00e9rdida de un familiar por la imprudencia de otra persona, probablemente se est\u00e9 preguntando si tiene derecho a reclamar una indemnizaci\u00f3n por accidente de tr\u00e1fico. Para obtener una indemnizaci\u00f3n econ\u00f3mica, debe demostrar tres cosas.<\/p>\n\n\n\n<h2 class=\"wp-block-heading\">Tres requisitos b\u00e1sicos para una reclamaci\u00f3n por accidente de tr\u00e1fico<\/h2>\n\n\n\n<p><strong>1. La parte responsable fue descuidada (negligente).<\/strong> Por ejemplo, si el conductor de un coche choca contra otro veh\u00edculo o contra un peat\u00f3n porque ha ignorado una se\u00f1al de stop, el conductor puede ser considerado negligente.<\/p>\n\n\n\n<p><strong>2. La negligencia del conductor caus\u00f3 la muerte o lesiones.<\/strong> En el ejemplo anterior, si el peat\u00f3n sufri\u00f3 la fractura de una pierna y un fuerte dolor de espalda como consecuencia del accidente, se puede considerar que la negligencia del conductor ha sido <a href=\"https:\/\/www.briskmanandbriskman.com\/es\/\">caus\u00f3 el da\u00f1o personal<\/a>. Sin embargo, la carga de probar la causalidad recae en la v\u00edctima del accidente.<\/p>\n\n\n\n<p><strong>3. El accidente se sald\u00f3 con da\u00f1os legalmente reconocibles.<\/strong> En el ejemplo anterior, si la fractura de la pierna y el dolor de espalda de la v\u00edctima dieran lugar a facturas m\u00e9dicas, p\u00e9rdida de salarios o dolor y sufrimiento, se cumplir\u00eda el requisito de da\u00f1os y perjuicios. Haga clic aqu\u00ed para obtener m\u00e1s informaci\u00f3n sobre estos y otros tipos de da\u00f1os compensatorios.<\/p>\n\n\n\n<h3 class=\"wp-block-heading\">Factores importantes para determinar qui\u00e9n es legalmente culpable<\/h3>\n\n\n\n<p>Los tribunales revisar\u00e1n muchos factores para determinar qu\u00e9 caus\u00f3 su accidente y qui\u00e9n puede ser responsable de pagar sus da\u00f1os.<\/p>\n\n\n\n<p><strong>Otros conductores<\/strong><\/p>\n\n\n\n<p>En la mayor\u00eda de las demandas por accidente de tr\u00e1fico Illinois, la colisi\u00f3n fue consecuencia de la negligencia de otro conductor. Algunos ejemplos de negligencia son:<br><br>- No respetar las se\u00f1ales de tr\u00e1fico<br>- Desobedecer las se\u00f1ales de tr\u00e1fico<br>- No utilizar el intermitente<br>- Exceso de velocidad<br>- Conducir demasiado r\u00e1pido para las condiciones meteorol\u00f3gicas<br>- Conducir bajo los efectos de las drogas o el alcohol<br>- Cambios de carril inadecuados<br>- Paso descuidado<\/p>\n\n\n\n<p><strong>Fabricantes de veh\u00edculos y equipos<\/strong><\/p>\n\n\n\n<p>Cuando se produce un accidente <a href=\"https:\/\/www.briskmanandbriskman.com\/es\/areas-de-practica\/abogados-de-accidentes-de-camiones-en-chicago-2\/necesita-un-abogado-para-un-accidente-de-coche-defectuoso\/\">mal funcionamiento del equipo<\/a>El fabricante de la pieza o del veh\u00edculo puede ser responsable de los da\u00f1os derivados del accidente. Son las llamadas demandas de responsabilidad por productos defectuosos. Entre los ejemplos de demandas de responsabilidad por productos que surgen tras un accidente de coche Illinois se incluyen:<br>- Frenos defectuosos<br>- Neum\u00e1ticos defectuosos<br>- Control de crucero defectuoso<br>- Transmisi\u00f3n defectuosa<br>- Aceleraci\u00f3n involuntaria<br>- Incendios de veh\u00edculos<\/p>\n\n\n\n<p><strong>Entidades gubernamentales<\/strong><\/p>\n\n\n\n<p>Los gobiernos son responsables del mantenimiento de las carreteras. Cuando un gobierno no mantiene adecuadamente una carretera, puede provocar situaciones peligrosas que pongan en peligro a todos los automovilistas. En estos casos, el gobierno responsable del mantenimiento de la carretera puede ser responsable de los da\u00f1os causados por el accidente. Ejemplos de responsabilidad gubernamental en un caso de accidente de coche incluyen:<\/p>\n\n\n\n<p>- Mal funcionamiento de los sem\u00e1foros<br>- Faltan se\u00f1ales de tr\u00e1fico<br>- Se\u00f1alizaci\u00f3n mal colocada<br>- \u00c1rboles crecidos que ocultan las se\u00f1ales de tr\u00e1fico<br>- Baches<br>- Marcas viales desgastadas<br>- Mala iluminaci\u00f3n<\/p>\n\n\n\n<h3 class=\"wp-block-heading\">Otros art\u00edculos sobre da\u00f1os personales<\/h3>\n\n\n<ul class=\"list-pages-shortcode sibling-pages\"><li class=\"page_item page-item-2692\"><a href=\"https:\/\/www.briskmanandbriskman.com\/es\/information-centers\/car-accidents\/can-i-get-compensated-if-i-was-partly-at-fault-for-my-car-accident\/\">\u00bfPuedo ser indemnizado si he tenido parte de culpa en mi accidente de tr\u00e1fico?<\/a><\/li>\n<li class=\"page_item page-item-2690\"><a href=\"https:\/\/www.briskmanandbriskman.com\/es\/information-centers\/car-accidents\/can-i-sue-a-bar-if-injured-by-a-drunk-driver\/\">\u00bfPuedo demandar a un bar si me hiere un conductor ebrio?<\/a><\/li>\n<li class=\"page_item page-item-1188\"><a href=\"https:\/\/www.briskmanandbriskman.com\/es\/information-centers\/car-accidents\/common-types-of-car-accident-lawsuits\/\">Tipos habituales de demandas por accidentes de tr\u00e1fico<\/a><\/li>\n<li class=\"page_item page-item-2697\"><a href=\"https:\/\/www.briskmanandbriskman.com\/es\/information-centers\/car-accidents\/five-things-you-need-to-know-about-drowsy-driving\/\">Cinco cosas que debe saber sobre la somnolencia al volante<\/a><\/li>\n<li class=\"page_item page-item-1197\"><a href=\"https:\/\/www.briskmanandbriskman.com\/es\/information-centers\/car-accidents\/how-do-i-know-if-i-have-an-auto-accident-lawsuit\/\">\u00bfC\u00f3mo s\u00e9 si tengo una demanda por accidente de tr\u00e1fico?<\/a><\/li>\n<li class=\"page_item page-item-1202\"><a href=\"https:\/\/www.briskmanandbriskman.com\/es\/information-centers\/car-accidents\/how-much-time-do-i-have-to-file-a-motor-vehicle-accident-claim\/\">\u00bfDe cu\u00e1nto tiempo dispongo para presentar una demanda por accidente de tr\u00e1fico?<\/a><\/li>\n<li class=\"page_item page-item-3565\"><a href=\"https:\/\/www.briskmanandbriskman.com\/es\/information-centers\/car-accidents\/these-are-as-dangerous-for-drivers-as-drunk-driving\/\">Son tan peligrosos para los conductores como conducir ebrio<\/a><\/li>\n<\/ul>\n\n\n\n<h3 class=\"wp-block-heading\">Abogados de accidentes de coche est\u00e1n disponibles a trav\u00e9s de Illinois<\/h3>\n\n\n\n<ul class=\"wp-block-list\">\n<li><a href=\"https:\/\/www.briskmanandbriskman.com\/es\/areas-de-practica\/abogados-de-accidentes-de-camiones-en-chicago-2\/\">Chicago Abogado de accidente de coche<\/a><\/li>\n\n\n\n<li><a href=\"https:\/\/www.briskmanandbriskman.com\/es\/lugares\/gurnee\/abogados-de-accidentes-de-coche\/\">Gurnee Abogados de accidentes de coche<\/a><\/li>\n\n\n\n<li><a href=\"https:\/\/www.briskmanandbriskman.com\/es\/lugares\/joliet\/joliet-abogado-de-accidente-de-coche\/\">Joliet Abogado de accidente de coche<\/a>\n<ul class=\"wp-block-list\">\n<li><a href=\"https:\/\/www.briskmanandbriskman.com\/es\/lugares\/joliet\/joliet-abogado-de-accidente-de-coche\/abogados-de-accidentes-mortales\/\">Joliet Abogados de accidentes mortales<\/a><\/li>\n\n\n\n<li><a href=\"https:\/\/www.briskmanandbriskman.com\/es\/lugares\/joliet\/joliet-abogado-de-accidente-de-coche\/abogados-de-accidentes-traseros\/\">Joliet Abogados de accidentes por alcance<\/a><\/li>\n\n\n\n<li><a href=\"https:\/\/www.briskmanandbriskman.com\/es\/lugares\/joliet\/joliet-abogado-de-accidente-de-coche\/texting-while-driving-accident-lawyers\/\">Joliet Mensajes de texto mientras se conduce Abogados de accidentes<\/a><\/li>\n<\/ul>\n<\/li>\n\n\n\n<li><a href=\"https:\/\/www.briskmanandbriskman.com\/es\/lugares\/condado-del-lago\/abogados-de-accidentes-de-coche-2\/\">Lake County Abogados de accidentes de coche<\/a><\/li>\n\n\n\n<li><a href=\"https:\/\/www.briskmanandbriskman.com\/es\/lugares\/mundelein\/abogados-de-accidentes-de-coche\/\">Mundelein Abogados de accidentes de coche<\/a><\/li>\n\n\n\n<li><a href=\"https:\/\/www.briskmanandbriskman.com\/es\/lugares\/norte-de-chicago\/abogados-de-accidentes-de-coche-2\/\">North Chicago Abogados de accidentes de tr\u00e1fico<\/a><\/li>\n\n\n\n<li><a href=\"https:\/\/www.briskmanandbriskman.com\/es\/lugares\/oaklawn\/abogado-de-accidente-de-coche\/\">Oak Lawn Abogados de accidentes de tr\u00e1fico<\/a><\/li>\n\n\n\n<li><a href=\"https:\/\/www.briskmanandbriskman.com\/es\/lugares\/orlandpark\/abogado-de-accidente-de-coche\/\">Orland Park Abogados de accidentes de tr\u00e1fico<\/a><\/li>\n\n\n\n<li><a href=\"https:\/\/www.briskmanandbriskman.com\/es\/lugares\/waukegan\/abogados-de-accidentes-de-coche\/\">Waukegan Abogados de accidentes de tr\u00e1fico<\/a><\/li>\n\n\n\n<li><a href=\"https:\/\/www.briskmanandbriskman.com\/es\/lugares\/ruedas\/abogado-de-accidente-de-coche-2\/\">Wheeling Abogado de accidente de coche<\/a>\n<ul class=\"wp-block-list\">\n<li><a href=\"https:\/\/www.briskmanandbriskman.com\/es\/lugares\/ruedas\/abogado-de-accidente-de-coche-2\/accidente-de-coche-mortal-abogado\/\">Wheeling Abogado de accidente de coche mortal<\/a><\/li>\n\n\n\n<li><a href=\"https:\/\/www.briskmanandbriskman.com\/es\/lugares\/ruedas\/abogado-de-accidente-de-coche-2\/abogado-de-colisiones-frontales\/\">Wheeling Abogado de Colisi\u00f3n Frontal<\/a><\/li>\n\n\n\n<li><a href=\"https:\/\/www.briskmanandbriskman.com\/es\/lugares\/ruedas\/abogado-de-accidente-de-coche-2\/lesiones-graves-en-accidentes-de-coche-en-wheeling\/\">Wheeling Abogado de Lesiones Graves por Accidente de Coche<\/a><\/li>\n<\/ul>\n<\/li>\n<\/ul>","protected":false},"excerpt":{"rendered":"<p>Volver al Centro de Accidentes de Coche Principal Si usted ha sido herido en un accidente de coche o sufrido la p\u00e9rdida de un miembro de la familia debido a la negligencia de otra persona, usted probablemente se est\u00e1 preguntando si usted tiene una demanda de accidente de coche. Para recuperar una compensaci\u00f3n monetaria, debe probar tres cosas. Tres requisitos b\u00e1sicos para un accidente de coche...<\/p>","protected":false},"author":1,"featured_media":11715,"parent":925,"menu_order":0,"comment_status":"closed","ping_status":"open","template":"","meta":{"_acf_changed":false,"footnotes":""},"class_list":["post-1197","page","type-page","status-publish","has-post-thumbnail","hentry"],"acf":[],"_links":{"self":[{"href":"https:\/\/www.briskmanandbriskman.com\/es\/wp-json\/wp\/v2\/pages\/1197","targetHints":{"allow":["GET"]}}],"collection":[{"href":"https:\/\/www.briskmanandbriskman.com\/es\/wp-json\/wp\/v2\/pages"}],"about":[{"href":"https:\/\/www.briskmanandbriskman.com\/es\/wp-json\/wp\/v2\/types\/page"}],"author":[{"embeddable":true,"href":"https:\/\/www.briskmanandbriskman.com\/es\/wp-json\/wp\/v2\/users\/1"}],"replies":[{"embeddable":true,"href":"https:\/\/www.briskmanandbriskman.com\/es\/wp-json\/wp\/v2\/comments?post=1197"}],"version-history":[{"count":3,"href":"https:\/\/www.briskmanandbriskman.com\/es\/wp-json\/wp\/v2\/pages\/1197\/revisions"}],"predecessor-version":[{"id":13286,"href":"https:\/\/www.briskmanandbriskman.com\/es\/wp-json\/wp\/v2\/pages\/1197\/revisions\/13286"}],"up":[{"embeddable":true,"href":"https:\/\/www.briskmanandbriskman.com\/es\/wp-json\/wp\/v2\/pages\/925"}],"wp:featuredmedia":[{"embeddable":true,"href":"https:\/\/www.briskmanandbriskman.com\/es\/wp-json\/wp\/v2\/media\/11715"}],"wp:attachment":[{"href":"https:\/\/www.briskmanandbriskman.com\/es\/wp-json\/wp\/v2\/media?parent=1197"}],"curies":[{"name":"wp","href":"https:\/\/api.w.org\/{rel}","templated":true}]}}