{"id":1188,"date":"2011-09-15T16:01:07","date_gmt":"2011-09-15T16:01:07","guid":{"rendered":"https:\/\/www.briskmanandbriskman.com\/?page_id=1188"},"modified":"2025-03-01T00:16:23","modified_gmt":"2025-03-01T00:16:23","slug":"tipos-habituales-de-demandas-por-accidentes-de-trafico","status":"publish","type":"page","link":"https:\/\/www.briskmanandbriskman.com\/es\/information-centers\/car-accidents\/common-types-of-car-accident-lawsuits\/","title":{"rendered":"Tipos habituales de demandas por accidentes de tr\u00e1fico"},"content":{"rendered":"<p><a href=\"https:\/\/www.briskmanandbriskman.com\/es\/centros-de-informacion\/accidentes-de-trafico\/\">Volver a la p\u00e1gina principal del Centro de accidentes de tr\u00e1fico<\/a><\/p>\n\n\n\n<p>Los accidentes de tr\u00e1fico son una de las causas m\u00e1s comunes de lesiones evitables en Illinois y Estados Unidos. Cada vez que se sube a un veh\u00edculo, ya sea un coche, un autob\u00fas, un cami\u00f3n o una motocicleta, existe el riesgo de que se vea implicado en un accidente por causas ajenas a su voluntad. La ley Illinois permite a las v\u00edctimas de accidentes presentar una reclamaci\u00f3n legal por da\u00f1os y perjuicios econ\u00f3micos tras un accidente. A continuaci\u00f3n se indican algunos de los tipos m\u00e1s comunes de demandas por accidentes de tr\u00e1fico.<\/p>\n\n\n\n<p><strong><a href=\"https:\/\/www.briskmanandbriskman.com\/es\/areas-de-practica\/abogados-de-accidentes-de-camiones-en-chicago-2\/chicago-uber-accidente-de-coche-abogado\/\" data-type=\"page\" data-id=\"9963\">Accidente de tr\u00e1fico<\/a>.<\/strong> More than 38,000 people die, and 1.5 million are injured each year in car accidents. Speeding, distracted driving (such as cellphone use or <a href=\"https:\/\/www.briskmanandbriskman.com\/es\/areas-de-practica\/abogados-de-accidentes-de-camiones-en-chicago-2\/abogados-de-accidentes-por-conduccion-distraida-en-chicago\/texting-while-driving-accident-lawyer\/\">mensajes de texto<\/a>), driver fatigue, drunk driving and running red lights cause some of the worst crashes. Often, these collisions result in serious injury, severely limiting an accident victim\u2019s ability to work and live their life the way they intended.<\/p>\n\n\n\n<p><strong><a href=\"https:\/\/www.briskmanandbriskman.com\/es\/areas-de-practica\/chicago-truck-accident-attorney\/\">Accidente de cami\u00f3n.<\/a><\/strong> Casi el 14% de todos los accidentes de tr\u00e1fico mortales que se producen cada a\u00f1o implican a un cami\u00f3n grande. Los camiones grandes, autobuses, semirremolques, cabezas tractoras y camiones de gran tonelaje causan m\u00e1s de 5.000 muertos y 150.000 heridos cada a\u00f1o. Los conductores de camiones tienen grandes \u00e1ngulos muertos, giran m\u00e1s deprisa y tardan mucho m\u00e1s en detenerse que los turismos. Los conductores de camiones causan algunos accidentes, pero tambi\u00e9n pueden ser las v\u00edctimas cuando otro conductor no tiene cuidado de ser m\u00e1s precavido cerca de un cami\u00f3n grande.<\/p>\n\n\n\n<p><strong><a href=\"https:\/\/www.briskmanandbriskman.com\/es\/areas-de-practica\/motorcycle-accidents\/\">Accidente de moto.<\/a><\/strong>&nbsp;M\u00e1s de 5.000 motoristas mueren y 85.000 sufren lesiones cada a\u00f1o en accidentes en todo el pa\u00eds. Los motoristas tienen 39 veces m\u00e1s probabilidades de morir en un accidente y ocho veces m\u00e1s riesgo de sufrir lesiones que los ocupantes de autom\u00f3viles. Los motoristas son m\u00e1s susceptibles a los peligros de la carretera y a las condiciones meteorol\u00f3gicas, y son menos visibles para los dem\u00e1s conductores, lo que les hace m\u00e1s vulnerables a los accidentes.<\/p>\n\n\n\n<p><strong><a href=\"https:\/\/www.briskmanandbriskman.com\/es\/areas-de-practica\/pedestrian-accident\/\">Accidente de coche\/peat\u00f3n.<\/a><\/strong> M\u00e1s de 5.000 peatones mueren y 75.000 sufren lesiones cada a\u00f1o en accidentes con veh\u00edculos de motor. Muchos de estos accidentes son causados por conductores que no ceden el paso al girar en una intersecci\u00f3n. En las zonas urbanas, los accidentes de peatones aumentan porque los veh\u00edculos aparcados pueden impedir la visibilidad del conductor.<\/p>\n\n\n\n<p><strong><a href=\"https:\/\/www.briskmanandbriskman.com\/es\/areas-de-practica\/accidente-de-bicicleta\/\">Accidente de coche\/ciclista.<\/a><\/strong> M\u00e1s de 800 personas mueren y 49.000 sufren lesiones cada a\u00f1o en accidentes de autom\u00f3vil y bicicleta. A los automovilistas les cuesta m\u00e1s ver a los ciclistas, por lo que son m\u00e1s vulnerables a que un veh\u00edculo les corte el paso o los atropelle.<\/p>\n\n\n\n<h3 class=\"wp-block-heading\">Otros art\u00edculos sobre da\u00f1os personales<\/h3>\n\n\n<ul class=\"list-pages-shortcode sibling-pages\"><li class=\"page_item page-item-2692\"><a href=\"https:\/\/www.briskmanandbriskman.com\/es\/information-centers\/car-accidents\/can-i-get-compensated-if-i-was-partly-at-fault-for-my-car-accident\/\">\u00bfPuedo ser indemnizado si he tenido parte de culpa en mi accidente de tr\u00e1fico?<\/a><\/li>\n<li class=\"page_item page-item-2690\"><a href=\"https:\/\/www.briskmanandbriskman.com\/es\/information-centers\/car-accidents\/can-i-sue-a-bar-if-injured-by-a-drunk-driver\/\">\u00bfPuedo demandar a un bar si me hiere un conductor ebrio?<\/a><\/li>\n<li class=\"page_item page-item-1188\"><a href=\"https:\/\/www.briskmanandbriskman.com\/es\/information-centers\/car-accidents\/common-types-of-car-accident-lawsuits\/\">Tipos habituales de demandas por accidentes de tr\u00e1fico<\/a><\/li>\n<li class=\"page_item page-item-2697\"><a href=\"https:\/\/www.briskmanandbriskman.com\/es\/information-centers\/car-accidents\/five-things-you-need-to-know-about-drowsy-driving\/\">Cinco cosas que debe saber sobre la somnolencia al volante<\/a><\/li>\n<li class=\"page_item page-item-1197\"><a href=\"https:\/\/www.briskmanandbriskman.com\/es\/information-centers\/car-accidents\/how-do-i-know-if-i-have-an-auto-accident-lawsuit\/\">\u00bfC\u00f3mo s\u00e9 si tengo una demanda por accidente de tr\u00e1fico?<\/a><\/li>\n<li class=\"page_item page-item-1202\"><a href=\"https:\/\/www.briskmanandbriskman.com\/es\/information-centers\/car-accidents\/how-much-time-do-i-have-to-file-a-motor-vehicle-accident-claim\/\">\u00bfDe cu\u00e1nto tiempo dispongo para presentar una demanda por accidente de tr\u00e1fico?<\/a><\/li>\n<li class=\"page_item page-item-3565\"><a href=\"https:\/\/www.briskmanandbriskman.com\/es\/information-centers\/car-accidents\/these-are-as-dangerous-for-drivers-as-drunk-driving\/\">Son tan peligrosos para los conductores como conducir ebrio<\/a><\/li>\n<\/ul>\n\n\n\n<h3 class=\"wp-block-heading\">Abogados de accidentes de coche est\u00e1n disponibles a trav\u00e9s de Illinois<\/h3>\n\n\n\n<ul class=\"wp-block-list\">\n<li><a href=\"https:\/\/www.briskmanandbriskman.com\/es\/areas-de-practica\/abogados-de-accidentes-de-camiones-en-chicago-2\/\">Chicago Abogado de accidente de coche<\/a><\/li>\n\n\n\n<li><a href=\"https:\/\/www.briskmanandbriskman.com\/es\/lugares\/gurnee\/abogados-de-accidentes-de-coche\/\">Gurnee Abogados de accidentes de coche<\/a><\/li>\n\n\n\n<li><a href=\"https:\/\/www.briskmanandbriskman.com\/es\/lugares\/joliet\/joliet-abogado-de-accidente-de-coche\/\">Joliet Abogado de accidente de coche<\/a>\n<ul class=\"wp-block-list\">\n<li><a href=\"https:\/\/www.briskmanandbriskman.com\/es\/lugares\/joliet\/joliet-abogado-de-accidente-de-coche\/abogados-de-accidentes-mortales\/\">Joliet Abogados de accidentes mortales<\/a><\/li>\n\n\n\n<li><a href=\"https:\/\/www.briskmanandbriskman.com\/es\/lugares\/joliet\/joliet-abogado-de-accidente-de-coche\/abogados-de-accidentes-traseros\/\">Joliet Abogados de accidentes por alcance<\/a><\/li>\n\n\n\n<li><a href=\"https:\/\/www.briskmanandbriskman.com\/es\/lugares\/joliet\/joliet-abogado-de-accidente-de-coche\/texting-while-driving-accident-lawyers\/\">Joliet Mensajes de texto mientras se conduce Abogados de accidentes<\/a><\/li>\n<\/ul>\n<\/li>\n\n\n\n<li><a href=\"https:\/\/www.briskmanandbriskman.com\/es\/lugares\/condado-del-lago\/abogados-de-accidentes-de-coche-2\/\">Lake County Abogados de accidentes de coche<\/a><\/li>\n\n\n\n<li><a href=\"https:\/\/www.briskmanandbriskman.com\/es\/lugares\/mundelein\/abogados-de-accidentes-de-coche\/\">Mundelein Abogados de accidentes de coche<\/a><\/li>\n\n\n\n<li><a href=\"https:\/\/www.briskmanandbriskman.com\/es\/lugares\/norte-de-chicago\/abogados-de-accidentes-de-coche-2\/\">North Chicago Abogados de accidentes de tr\u00e1fico<\/a><\/li>\n\n\n\n<li><a href=\"https:\/\/www.briskmanandbriskman.com\/es\/lugares\/oaklawn\/abogado-de-accidente-de-coche\/\">Oak Lawn Abogados de accidentes de tr\u00e1fico<\/a><\/li>\n\n\n\n<li><a href=\"https:\/\/www.briskmanandbriskman.com\/es\/lugares\/orlandpark\/abogado-de-accidente-de-coche\/\">Orland Park Abogados de accidentes de tr\u00e1fico<\/a><\/li>\n\n\n\n<li><a href=\"https:\/\/www.briskmanandbriskman.com\/es\/lugares\/waukegan\/abogados-de-accidentes-de-coche\/\">Waukegan Abogados de accidentes de tr\u00e1fico<\/a><\/li>\n\n\n\n<li><a href=\"https:\/\/www.briskmanandbriskman.com\/es\/lugares\/ruedas\/abogado-de-accidente-de-coche-2\/\">Wheeling Abogado de accidente de coche<\/a>\n<ul class=\"wp-block-list\">\n<li><a href=\"https:\/\/www.briskmanandbriskman.com\/es\/lugares\/ruedas\/abogado-de-accidente-de-coche-2\/accidente-de-coche-mortal-abogado\/\">Wheeling Abogado de accidente de coche mortal<\/a><\/li>\n\n\n\n<li><a href=\"https:\/\/www.briskmanandbriskman.com\/es\/lugares\/ruedas\/abogado-de-accidente-de-coche-2\/abogado-de-colisiones-frontales\/\">Wheeling Abogado de Colisi\u00f3n Frontal<\/a><\/li>\n\n\n\n<li><a href=\"https:\/\/www.briskmanandbriskman.com\/es\/lugares\/ruedas\/abogado-de-accidente-de-coche-2\/lesiones-graves-en-accidentes-de-coche-en-wheeling\/\">Wheeling Abogado de Lesiones Graves por Accidente de Coche<\/a><\/li>\n<\/ul>\n<\/li>\n<\/ul>","protected":false},"excerpt":{"rendered":"<p>Volver a la p\u00e1gina principal del Centro de accidentes de tr\u00e1fico Los accidentes de tr\u00e1fico se encuentran entre las causas m\u00e1s comunes de lesiones evitables en Illinois y Estados Unidos. Cada vez que se sube a un veh\u00edculo, ya sea un coche, un autob\u00fas, un cami\u00f3n o una motocicleta, existe el riesgo de que se vea implicado en un accidente por no...<\/p>","protected":false},"author":1,"featured_media":0,"parent":925,"menu_order":0,"comment_status":"closed","ping_status":"open","template":"","meta":{"_acf_changed":false,"footnotes":""},"class_list":["post-1188","page","type-page","status-publish","hentry"],"acf":[],"_links":{"self":[{"href":"https:\/\/www.briskmanandbriskman.com\/es\/wp-json\/wp\/v2\/pages\/1188","targetHints":{"allow":["GET"]}}],"collection":[{"href":"https:\/\/www.briskmanandbriskman.com\/es\/wp-json\/wp\/v2\/pages"}],"about":[{"href":"https:\/\/www.briskmanandbriskman.com\/es\/wp-json\/wp\/v2\/types\/page"}],"author":[{"embeddable":true,"href":"https:\/\/www.briskmanandbriskman.com\/es\/wp-json\/wp\/v2\/users\/1"}],"replies":[{"embeddable":true,"href":"https:\/\/www.briskmanandbriskman.com\/es\/wp-json\/wp\/v2\/comments?post=1188"}],"version-history":[{"count":3,"href":"https:\/\/www.briskmanandbriskman.com\/es\/wp-json\/wp\/v2\/pages\/1188\/revisions"}],"predecessor-version":[{"id":13945,"href":"https:\/\/www.briskmanandbriskman.com\/es\/wp-json\/wp\/v2\/pages\/1188\/revisions\/13945"}],"up":[{"embeddable":true,"href":"https:\/\/www.briskmanandbriskman.com\/es\/wp-json\/wp\/v2\/pages\/925"}],"wp:attachment":[{"href":"https:\/\/www.briskmanandbriskman.com\/es\/wp-json\/wp\/v2\/media?parent=1188"}],"curies":[{"name":"wp","href":"https:\/\/api.w.org\/{rel}","templated":true}]}}