{"id":1069,"date":"2011-08-08T13:20:00","date_gmt":"2011-08-08T13:20:00","guid":{"rendered":"https:\/\/www.briskmanandbriskman.com\/?page_id=1069"},"modified":"2024-03-15T01:49:36","modified_gmt":"2024-03-15T01:49:36","slug":"proceso-judicial","status":"publish","type":"page","link":"https:\/\/www.briskmanandbriskman.com\/es\/information-centers\/personal-injury\/lawsuit-process\/","title":{"rendered":"\u00bfQu\u00e9 ocurre durante una demanda por lesiones personales?"},"content":{"rendered":"<p><a href=\"https:\/\/www.briskmanandbriskman.com\/es\/centros-de-informacion\/danos-personales\/\">Centro de Informaci\u00f3n sobre Lesiones Personales principal \"<\/a><\/p>\n\n\n\n<p>La mayor\u00eda de la gente nunca se ha visto implicada en un pleito. Por ello, muchas v\u00edctimas de accidentes y sus familias est\u00e1n ansiosas por <a href=\"https:\/\/www.briskmanandbriskman.com\/es\/\">interponer una demanda por da\u00f1os personales<\/a>. De hecho, una demanda podr\u00eda dar lugar a un juicio ante un jurado, pero la mayor\u00eda no lo hacen, y el proceso no deber\u00eda ser estresante. Los siguientes pasos describen las distintas etapas de una demanda por lesiones personales, desde la consulta inicial con un abogado hasta la resoluci\u00f3n de su caso.<\/p>\n\n\n\n<p><strong>1. Reuni\u00f3n con un abogado especializado en lesiones personales<\/strong><br>Si ha sufrido lesiones por la imprudencia de otra persona, el primer paso, despu\u00e9s de recibir tratamiento m\u00e9dico, es consultar a un abogado con experiencia en lesiones personales para obtener una opini\u00f3n profesional sobre si tiene una reclamaci\u00f3n v\u00e1lida. Lleve toda la documentaci\u00f3n acreditativa, historiales m\u00e9dicos y notas que haya tomado sobre su situaci\u00f3n. La mayor\u00eda de los abogados de lesiones personales ofrecen consultas gratuitas, por lo que no es necesario pagar a un abogado para que se re\u00fana con usted.<\/p>\n\n\n\n<p><strong>2. Evaluaci\u00f3n del abogado<\/strong><br>Tener al abogado de lesiones personales adecuado de su lado puede significar la diferencia entre ganar o perder su caso. Preg\u00fantele al abogado acerca de su nivel de experiencia y su historial de \u00e9xito en el manejo de su tipo espec\u00edfico de caso, su pol\u00edtica con respecto a la comunicaci\u00f3n con los clientes, y cualquier otra pregunta que pueda tener. En la reuni\u00f3n inicial, el abogado le har\u00e1 muchas preguntas para comprender plenamente su caso. Desconf\u00ede de cualquier abogado que, durante la reuni\u00f3n inicial, le haga promesas sobre cu\u00e1nto dinero puede esperar recibir. Los buenos abogados necesitan m\u00e1s tiempo para evaluar el valor de su caso.<\/p>\n\n\n\n<p><strong>3. Contratar a un abogado de lesiones personales y entender c\u00f3mo se les paga<\/strong><br>A la mayor\u00eda de los abogados de lesiones personales se les paga sobre una base de \"contingencia\", lo que significa que no hay honorarios a menos que su caso tenga \u00e9xito (es decir, ellos no cobran a menos que usted cobre). Si le conceden una indemnizaci\u00f3n econ\u00f3mica, los honorarios del abogado se basan en un porcentaje de la recuperaci\u00f3n total, normalmente entre el 25 y el 40 por ciento, y se pagan al final del caso, una vez que usted haya recuperado la indemnizaci\u00f3n. Una vez que acepte contratar a un abogado, se le pedir\u00e1 que firme un contrato de cliente en el que se especifiquen los honorarios exactos del abogado. Aseg\u00farese de hacer todas las preguntas que tenga sobre los honorarios antes de firmar el contrato.<\/p>\n\n\n\n<p><strong>4. Investigaci\u00f3n de su caso<\/strong><br>Su abogado investigar\u00e1 su caso en esta etapa para entender completamente c\u00f3mo se lesion\u00f3 y el alcance de sus lesiones, da\u00f1os y costes. A continuaci\u00f3n, se pondr\u00e1 en contacto directamente con la compa\u00f1\u00eda de seguros y, posiblemente, con el abogado que representa a la parte que le lesion\u00f3. Su abogado le mantendr\u00e1 informado de cualquier negociaci\u00f3n o acontecimiento importante que se produzca a lo largo del proceso judicial. Su atenci\u00f3n debe centrarse en obtener la atenci\u00f3n m\u00e9dica que necesita y volver a su rutina de vida normal en la medida de lo posible.<\/p>\n\n\n\n<p><strong>5. Llegar a un acuerdo antes de presentar una demanda<\/strong><br>Muchas demandas por lesiones personales se resuelven antes de presentar una demanda. Su abogado negociar\u00e1 con la compa\u00f1\u00eda de seguros de la parte culpable. En la mayor\u00eda de los casos, la compa\u00f1\u00eda de seguros har\u00e1 una oferta de acuerdo, y su abogado le dar\u00e1 su opini\u00f3n profesional de la oferta de la compa\u00f1\u00eda de seguros. Aunque el consejo de un abogado es importante, usted decide en \u00faltima instancia si el acuerdo es aceptable. Haga clic aqu\u00ed para saber cu\u00e1nto vale su caso de lesiones personales.<\/p>\n\n\n\n<p><strong>6. Presentaci\u00f3n de la demanda ante los tribunales - Fases previas al juicio<\/strong><br>Si no se llega a un acuerdo adecuado, su abogado presentar\u00e1 una demanda ante los tribunales. Un juez fijar\u00e1 entonces un plazo para cada fase del proceso judicial. El proceso puede durar de varios meses a varios a\u00f1os, dependiendo de la complejidad de su caso.<\/p>\n\n\n\n<p><em>Fase de demanda y contestaci\u00f3n.<\/em><br>La demanda es el documento en el que se detallan sus alegaciones sobre c\u00f3mo se lesion\u00f3 y el alcance de sus da\u00f1os. Normalmente se presenta en el condado donde se produjo su lesi\u00f3n o donde reside la parte que le lesion\u00f3 (demandado). Una vez presentada, la demanda se entrega personalmente al demandado. El demandado debe \"contestar\" a la demanda en un plazo determinado, normalmente 30 d\u00edas. La \"respuesta\" es el documento en el que el demandado admite o niega las alegaciones de la demanda.<\/p>\n\n\n\n<p><em>Fase de descubrimiento.<\/em><br>Durante esta fase, cada parte recaba testimonios, pruebas, documentos e informaci\u00f3n sobre el caso de la otra parte y de terceros. La presentaci\u00f3n de pruebas por escrito incluye preguntas, tambi\u00e9n conocidas como interrogatorios, y solicitudes de documentos. Las deposiciones son preguntas orales que un testigo responde \"en acta\". Durante una declaraci\u00f3n, los testigos, peritos y cada una de las partes son interrogados por un abogado. Su participaci\u00f3n es crucial, as\u00ed que aseg\u00farese de que su abogado tiene su informaci\u00f3n de contacto m\u00e1s reciente.<\/p>\n\n\n\n<p><em>Fase de Mociones.<\/em><br>El demandado puede presentar una moci\u00f3n antes o despu\u00e9s de que se haya completado la presentaci\u00f3n de pruebas para conseguir que el tribunal act\u00fae en su favor. En una moci\u00f3n, la otra parte puede pedir al tribunal que desestime una o m\u00e1s de sus reclamaciones o incluso todo el caso. Su abogado suele tener 28 d\u00edas para presentar una respuesta por escrito en oposici\u00f3n a la moci\u00f3n. A veces se celebra una vista para que el tribunal pueda considerar ambas partes.<\/p>\n\n\n\n<p><strong>7. Mediaci\u00f3n<\/strong><br>La mediaci\u00f3n es una forma alternativa de resoluci\u00f3n de conflictos que puede solicitarse en cualquier momento de un caso. En ella participan ambas partes, sus abogados y un mediador neutral que act\u00faa como \u00e1rbitro entre las partes. Durante la mediaci\u00f3n, ambas partes presentan su caso y entablan negociaciones para llegar a un acuerdo, facilitadas por el mediador. Las mediaciones no son vinculantes, lo que significa que las partes pueden aceptar o rechazar la oferta.<\/p>\n\n\n\n<p><strong>8. Ir a juicio<\/strong><br>Cuando un caso va a juicio, su abogado presenta su versi\u00f3n ante el juez o el jurado y, a continuaci\u00f3n, la parte que le lesion\u00f3 (demandado) expone su defensa. Despu\u00e9s de que cada parte presenta sus argumentos, el juez o el jurado determina: (1) si el demandado es responsable (legalmente responsable) de sus lesiones y da\u00f1os, y (2) en caso afirmativo, el importe de los da\u00f1os que el demandado debe pagarle.<\/p>\n\n\n\n<p>Un juicio por lesiones personales suele constar de seis fases:<\/p>\n\n\n\n<p>- Selecci\u00f3n del jurado<br>- Declaraciones de apertura<br>- Declaraci\u00f3n de testigos e interrogatorio<br>- Alegatos finales<br>- Instrucci\u00f3n del jurado<br>- Deliberaci\u00f3n y veredicto del jurado<\/p>\n\n\n\n<p><strong>9. Despu\u00e9s del juicio<\/strong><br>A veces su caso no ha terminado, aunque un jurado haya dado un veredicto a su favor. La defensa puede recurrir el caso y pedir a un tribunal superior (de apelaci\u00f3n) que reconsidere la sentencia. Si no se recurre, el reparto de la indemnizaci\u00f3n puede tardar alg\u00fan tiempo. Antes de que le paguen, su abogado tiene que pagar primero a las empresas que tienen un derecho legal sobre parte del dinero, conocido como derecho de retenci\u00f3n, con cargo a una cuenta especial de garant\u00eda bloqueada. Despu\u00e9s de eso, su abogado le extiende un cheque, y el dinero es suyo. Su demanda por lesiones personales ha terminado.<\/p>\n\n\n\n<p>El proceso de recuperaci\u00f3n de lesiones personales es complejo. Aseg\u00farese de que su abogado de lesiones personales tiene experiencia pr\u00e1ctica en casos como el suyo y un historial probado de \u00e9xito. Y puesto que su demanda puede durar meses o a\u00f1os, aseg\u00farese de tener una buena relaci\u00f3n con su abogado. Recuerde que s\u00f3lo tiene una oportunidad de obtener la indemnizaci\u00f3n que merece por sus lesiones o p\u00e9rdidas, y tener al abogado adecuado de su lado puede significar la diferencia entre ganar o perder el pleito. Elija bien al suyo.<\/p>\n\n\n\n<h3 class=\"wp-block-heading\">Otros art\u00edculos sobre da\u00f1os personales<\/h3>\n\n\n<ul class=\"list-pages-shortcode sibling-pages\"><li class=\"page_item page-item-2348\"><a href=\"https:\/\/www.briskmanandbriskman.com\/es\/information-centers\/personal-injury\/can-i-fire-my-personal-injury-attorney\/\">\u00bfPuedo despedir a mi abogado de lesiones personales?<\/a><\/li>\n<li class=\"page_item page-item-1029\"><a href=\"https:\/\/www.briskmanandbriskman.com\/es\/information-centers\/personal-injury\/common-types-of-personal-injury-cases\/\">Tipos comunes de casos de lesiones personales en Chicago<\/a><\/li>\n<li class=\"page_item page-item-2351\"><a href=\"https:\/\/www.briskmanandbriskman.com\/es\/information-centers\/personal-injury\/do-i-have-to-pay-to-receive-a-consultation-about-my-personal-injury-case\/\">\u00bfTengo que pagar para recibir una consulta sobre mi caso de lesiones personales?<\/a><\/li>\n<li class=\"page_item page-item-1034\"><a href=\"https:\/\/www.briskmanandbriskman.com\/es\/information-centers\/personal-injury\/how-do-i-know-if-i-have-a-personal-injury-case\/\">\u00bfC\u00f3mo s\u00e9 si tengo una demanda por lesiones personales?<\/a><\/li>\n<li class=\"page_item page-item-697\"><a href=\"https:\/\/www.briskmanandbriskman.com\/es\/information-centers\/personal-injury\/how-much-is-my-case-worth\/\">\u00bfCu\u00e1nto vale mi caso de lesiones personales?<\/a><\/li>\n<li class=\"page_item page-item-694\"><a href=\"https:\/\/www.briskmanandbriskman.com\/es\/information-centers\/personal-injury\/how-long-will-my-case-last\/\">\u00bfDe cu\u00e1nto tiempo dispongo para presentar una demanda por lesiones personales en Chicago?<\/a><\/li>\n<li class=\"page_item page-item-3647\"><a href=\"https:\/\/www.briskmanandbriskman.com\/es\/information-centers\/personal-injury\/how-to-keep-your-loved-ones-safe-from-nursing-home-abuse-and-neglect\/\">C\u00f3mo proteger a sus seres queridos de los malos tratos y el abandono en residencias de ancianos<\/a><\/li>\n<li class=\"page_item page-item-1069\"><a href=\"https:\/\/www.briskmanandbriskman.com\/es\/information-centers\/personal-injury\/lawsuit-process\/\">\u00bfQu\u00e9 ocurre durante una demanda por lesiones personales?<\/a><\/li>\n<li class=\"page_item page-item-2355\"><a href=\"https:\/\/www.briskmanandbriskman.com\/es\/information-centers\/personal-injury\/what-is-a-contingency-fee\/\">\u00bfQu\u00e9 son los honorarios condicionales?<\/a><\/li>\n<li class=\"page_item page-item-2291\"><a href=\"https:\/\/www.briskmanandbriskman.com\/es\/information-centers\/personal-injury\/what-is-negligence\/\">\u00bfQu\u00e9 es la negligencia?<\/a><\/li>\n<li class=\"page_item page-item-2287\"><a href=\"https:\/\/www.briskmanandbriskman.com\/es\/information-centers\/personal-injury\/what-is-a-personal-injury\/\">\u00bfQu\u00e9 son los da\u00f1os personales?<\/a><\/li>\n<li class=\"page_item page-item-2542\"><a href=\"https:\/\/www.briskmanandbriskman.com\/es\/information-centers\/personal-injury\/what-you-should-know-about-traumatic-brain-injury\/\">Lo que debe saber sobre el da\u00f1o cerebral traum\u00e1tico<\/a><\/li>\n<\/ul>","protected":false},"excerpt":{"rendered":"<p>Personal Injury Information Center main \" La mayor\u00eda de las personas nunca se han visto implicadas en un pleito. Por ello, muchas v\u00edctimas de accidentes y sus familias est\u00e1n ansiosos por presentar una demanda por lesiones personales. De hecho, una demanda podr\u00eda dar lugar a un juicio ante un jurado, pero la mayor\u00eda no lo hacen, y el proceso no debe ser estresante ....<\/p>","protected":false},"author":1,"featured_media":11715,"parent":924,"menu_order":0,"comment_status":"closed","ping_status":"closed","template":"","meta":{"_acf_changed":false,"footnotes":""},"class_list":["post-1069","page","type-page","status-publish","has-post-thumbnail","hentry"],"acf":[],"_links":{"self":[{"href":"https:\/\/www.briskmanandbriskman.com\/es\/wp-json\/wp\/v2\/pages\/1069","targetHints":{"allow":["GET"]}}],"collection":[{"href":"https:\/\/www.briskmanandbriskman.com\/es\/wp-json\/wp\/v2\/pages"}],"about":[{"href":"https:\/\/www.briskmanandbriskman.com\/es\/wp-json\/wp\/v2\/types\/page"}],"author":[{"embeddable":true,"href":"https:\/\/www.briskmanandbriskman.com\/es\/wp-json\/wp\/v2\/users\/1"}],"replies":[{"embeddable":true,"href":"https:\/\/www.briskmanandbriskman.com\/es\/wp-json\/wp\/v2\/comments?post=1069"}],"version-history":[{"count":3,"href":"https:\/\/www.briskmanandbriskman.com\/es\/wp-json\/wp\/v2\/pages\/1069\/revisions"}],"predecessor-version":[{"id":11866,"href":"https:\/\/www.briskmanandbriskman.com\/es\/wp-json\/wp\/v2\/pages\/1069\/revisions\/11866"}],"up":[{"embeddable":true,"href":"https:\/\/www.briskmanandbriskman.com\/es\/wp-json\/wp\/v2\/pages\/924"}],"wp:featuredmedia":[{"embeddable":true,"href":"https:\/\/www.briskmanandbriskman.com\/es\/wp-json\/wp\/v2\/media\/11715"}],"wp:attachment":[{"href":"https:\/\/www.briskmanandbriskman.com\/es\/wp-json\/wp\/v2\/media?parent=1069"}],"curies":[{"name":"wp","href":"https:\/\/api.w.org\/{rel}","templated":true}]}}