{"id":10430,"date":"2024-02-14T23:20:24","date_gmt":"2024-02-14T23:20:24","guid":{"rendered":"https:\/\/bbg.mystagingwebsite.com\/?page_id=10430"},"modified":"2024-03-12T16:35:00","modified_gmt":"2024-03-12T16:35:00","slug":"errores-quirurgicos-abogado-en-chicago","status":"publish","type":"page","link":"https:\/\/www.briskmanandbriskman.com\/es\/practice-areas\/surgical-errors-lawyer-in-chicago\/","title":{"rendered":"Abogado de errores quir\u00fargicos en Chicago"},"content":{"rendered":"<h2 class=\"wp-block-heading\">V\u00edctimas de errores quir\u00fargicos: Estamos de su lado<\/h2>\n\n\n\n<p>Servimos a clientes en todo el Condado de Cook, Lake County y el Condado de Will.<\/p>\n\n\n\n<p>Los errores quir\u00fargicos pueden producirse en cualquier fase de la intervenci\u00f3n, desde la consulta preoperatoria y la anestesia inicial hasta los errores en la mesa de operaciones y las infecciones postoperatorias. Los profesionales de la medicina han prestado juramento de proporcionar los mejores cuidados de que son capaces a sus pacientes, pero son humanos y cometen errores. Estos errores quir\u00fargicos pueden provocar lesiones graves o incluso la muerte.<\/p>\n\n\n\n<p>En el <a href=\"https:\/\/www.briskmanandbriskman.com\/es\/\">Bufete de abogados de la zona Chicago<\/a> de Briskman Briskman &amp; Greenberg, reconocemos la gravedad de las complicaciones derivadas de errores quir\u00fargicos. Nuestro <a href=\"https:\/\/www.briskmanandbriskman.com\/es\/\">abogados de lesiones personales<\/a> est\u00e1n listos para ayudarle a recuperar la compensaci\u00f3n que se merece por los gastos m\u00e9dicos adicionales, salarios perdidos, dolor y sufrimiento y m\u00e1s.<\/p>\n\n\n\n<p>Ponga nuestras d\u00e9cadas de experiencia de su lado. P\u00f3ngase en contacto con nosotros para programar una consulta inicial gratuita. Representamos a clientes en todo Chicagoland, incluyendo las ciudades de Joliet, Waukegan y Zion, y los condados de Cook, Lake y Will.<\/p>\n\n\n\n<h3 class=\"wp-block-heading\">Determinar el impacto total de un error quir\u00fargico<\/h3>\n\n\n\n<p>Los errores quir\u00fargicos no s\u00f3lo son f\u00edsicamente perjudiciales, sino que pueden tener un fuerte impacto emocional en las v\u00edctimas. La confianza que deposit\u00f3 en su equipo m\u00e9dico ha sido violada. Puede enfrentarse a dificultades de por vida que podr\u00edan haberse evitado.<\/p>\n\n\n\n<p>Nuestro bufete trabaja con un equipo de expertos del sector para investigar a fondo su caso, esforz\u00e1ndose por determinar qui\u00e9n es el responsable \u00faltimo de todo lo que usted ha sufrido. Tambi\u00e9n trabajamos para calcular los costes futuros a los que tendr\u00e1 que hacer frente debido a las complicaciones derivadas de un error quir\u00fargico. Nuestro objetivo es conseguir la compensaci\u00f3n econ\u00f3mica que necesita para salir adelante tras este traum\u00e1tico suceso.<\/p>\n\n\n\n<p>Los abogados de nuestra firma han logrado el \u00e9xito en el manejo de reclamaciones por errores quir\u00fargicos, que implican:<\/p>\n\n\n\n<ul class=\"wp-block-list\">\n<li>Errores de anestesia<\/li>\n\n\n\n<li>Incisiones incorrectas<\/li>\n\n\n\n<li>Perforaci\u00f3n de \u00f3rganos<\/li>\n\n\n\n<li>Cirug\u00eda en el lugar equivocado<\/li>\n\n\n\n<li>Cirug\u00eda diferida<\/li>\n\n\n\n<li>Infecciones posquir\u00fargicas<\/li>\n<\/ul>\n\n\n\n<h5 class=\"wp-block-heading\">Consultas gratuitas - Llamadas atendidas 24\/7 - Se habla espa\u00f1ol<\/h5>\n\n\n\n<p>A <a href=\"https:\/\/www.briskmanandbriskman.com\/es\/abogados-de-accidentes-de-camiones-en-chicago-2\/\">programar una consulta gratuita<\/a> sobre su caso, ll\u00e1menos gratis al 877-595-HURT (4878) o env\u00ede un correo electr\u00f3nico a nuestros abogados especializados en errores quir\u00fargicos.<\/p>","protected":false},"excerpt":{"rendered":"<p>V\u00edctimas de errores quir\u00fargicos: Estamos de su lado Servimos a clientes en todo el condado de Cook, Lake County y el condado de Will. Los errores quir\u00fargicos pueden ocurrir en cualquier etapa durante la cirug\u00eda, desde la consulta preoperatoria y la anestesia inicial hasta los errores en la mesa de operaciones y las infecciones posquir\u00fargicas. Los profesionales m\u00e9dicos han hecho un juramento para proporcionar la mejor atenci\u00f3n que...<\/p>","protected":false},"author":1,"featured_media":10906,"parent":54,"menu_order":0,"comment_status":"closed","ping_status":"closed","template":"","meta":{"_acf_changed":false,"footnotes":""},"class_list":["post-10430","page","type-page","status-publish","has-post-thumbnail","hentry"],"acf":[],"_links":{"self":[{"href":"https:\/\/www.briskmanandbriskman.com\/es\/wp-json\/wp\/v2\/pages\/10430","targetHints":{"allow":["GET"]}}],"collection":[{"href":"https:\/\/www.briskmanandbriskman.com\/es\/wp-json\/wp\/v2\/pages"}],"about":[{"href":"https:\/\/www.briskmanandbriskman.com\/es\/wp-json\/wp\/v2\/types\/page"}],"author":[{"embeddable":true,"href":"https:\/\/www.briskmanandbriskman.com\/es\/wp-json\/wp\/v2\/users\/1"}],"replies":[{"embeddable":true,"href":"https:\/\/www.briskmanandbriskman.com\/es\/wp-json\/wp\/v2\/comments?post=10430"}],"version-history":[{"count":1,"href":"https:\/\/www.briskmanandbriskman.com\/es\/wp-json\/wp\/v2\/pages\/10430\/revisions"}],"predecessor-version":[{"id":10704,"href":"https:\/\/www.briskmanandbriskman.com\/es\/wp-json\/wp\/v2\/pages\/10430\/revisions\/10704"}],"up":[{"embeddable":true,"href":"https:\/\/www.briskmanandbriskman.com\/es\/wp-json\/wp\/v2\/pages\/54"}],"wp:featuredmedia":[{"embeddable":true,"href":"https:\/\/www.briskmanandbriskman.com\/es\/wp-json\/wp\/v2\/media\/10906"}],"wp:attachment":[{"href":"https:\/\/www.briskmanandbriskman.com\/es\/wp-json\/wp\/v2\/media?parent=10430"}],"curies":[{"name":"wp","href":"https:\/\/api.w.org\/{rel}","templated":true}]}}