{"id":10424,"date":"2024-02-14T23:16:23","date_gmt":"2024-02-14T23:16:23","guid":{"rendered":"https:\/\/bbg.mystagingwebsite.com\/?page_id=10424"},"modified":"2024-03-18T20:55:15","modified_gmt":"2024-03-18T20:55:15","slug":"el-proceso-de-demanda-por-homicidio-culposo-en-illinois","status":"publish","type":"page","link":"https:\/\/www.briskmanandbriskman.com\/es\/information-centers\/wrongful-death-center\/the-wrongful-death-lawsuit-process-in-illinois\/","title":{"rendered":"El proceso judicial por homicidio culposo en Illinois"},"content":{"rendered":"<p>Perder a un ser querido en un tr\u00e1gico accidente es una experiencia a la que ninguna familia deber\u00eda tener que enfrentarse. Sin embargo, miles de familias de todo el pa\u00eds se enfrentan a esta realidad. Tras un tr\u00e1gico accidente, no cabe duda de que hay mucho que hacer. Junto con el tremendo dolor, tambi\u00e9n hay repercusiones financieras que vienen junto con la p\u00e9rdida de un ser querido. A <a href=\"https:\/\/www.briskmanandbriskman.com\/es\/areas-de-practica\/muerte-por-negligencia\/\">reclamaci\u00f3n por muerte injusta<\/a> es una forma de que las familias en duelo recuperen una indemnizaci\u00f3n significativa que pueda ayudarles a superar algunas de las dificultades econ\u00f3micas provocadas por su p\u00e9rdida. Sin embargo, la idea de presentar una demanda por homicidio culposo puede ser abrumadora. Si ha perdido a un ser querido pero no sabe por d\u00f3nde empezar en el proceso de homicidio culposo, los siguientes pasos describen las etapas de una demanda por homicidio culposo, desde la consulta inicial con un abogado hasta la resoluci\u00f3n final de su caso.<\/p>\n\n\n\n<p><strong>Programar una consulta con un abogado de homicidio culposo<\/strong><\/p>\n\n\n\n<p>El primer paso en el proceso de recuperaci\u00f3n es programar una consulta con un abogado de muerte por negligencia para discutir su caso. Esto le dar\u00e1 la oportunidad de hacer cualquier pregunta que tenga sobre el proceso. El abogado tambi\u00e9n escuchar\u00e1 lo que pas\u00f3, revisar\u00e1 los documentos que usted trajo, y le proporcionar\u00e1 una evaluaci\u00f3n honesta de su caso en sus ojos. <a href=\"https:\/\/www.briskmanandbriskman.com\/es\/consulta-gratuita\/\">La mayor\u00eda de los abogados de homicidio culposo Chicago ofrecen consultas gratuitas<\/a> a todos los posibles clientes, por lo que no deber\u00eda tener que pagar ni un c\u00e9ntimo para hablar con un abogado.<\/p>\n\n\n\n<p><strong>Selecci\u00f3n del abogado adecuado<\/strong><\/p>\n\n\n\n<p>Hay muchos abogados de homicidio culposo por ah\u00ed, algunos mejores que otros. Cuando busque un <a href=\"https:\/\/www.briskmanandbriskman.com\/es\/areas-de-practica\/muerte-por-negligencia\/\">Chicago abogado de homicidio culposo<\/a>Aseg\u00farese de entrevistar a varios abogados. Esto le permitir\u00e1 conocer al abogado que llevar\u00e1 su caso. Dada la magnitud de su p\u00e9rdida, en estos casos hay mucho en juego. Por lo tanto, debe tomarse el tiempo necesario para entrevistar a los abogados. Algunas de las preguntas que puede hacer a un abogado de homicidio culposo son:<\/p>\n\n\n\n<ul class=\"wp-block-list\">\n<li>\u00bfCu\u00e1ntos a\u00f1os de experiencia tiene en casos de homicidio culposo?<\/li>\n\n\n\n<li>\u00bfCu\u00e1l es su historial en demandas por homicidio culposo?<\/li>\n\n\n\n<li>\u00bfEst\u00e1 disponible para responder a mis preguntas por tel\u00e9fono o correo electr\u00f3nico?<\/li>\n\n\n\n<li>\u00bfSe encargar\u00e1 usted de mi caso o se lo pasar\u00e1 a un asociado junior?<\/li>\n\n\n\n<li>\u00bfSe ocupa de otros tipos de casos no relacionados que puedan desviar su atenci\u00f3n de las demandas por homicidio culposo?<\/li>\n<\/ul>\n\n\n\n<p>Tambi\u00e9n debe asegurarse de que se lleva bien con el abogado que elija para llevar su caso. Los casos de homicidio culposo pueden tardar meses o incluso a\u00f1os en resolverse, y usted no quiere que las diferencias de personalidad interfieran en su relaci\u00f3n con su abogado.<\/p>\n\n\n\n<p><strong>Contratar a un abogado de homicidio culposo y entender c\u00f3mo se les paga<\/strong><\/p>\n\n\n\n<p>Una cosa que hay que tener en cuenta al considerar una demanda por homicidio culposo es c\u00f3mo se paga a los abogados. <a href=\"https:\/\/www.briskmanandbriskman.com\/es\/la-garantia-briskman\/\">La mayor\u00eda de los abogados de muerte por negligencia toman casos sobre una base de contingencia<\/a>Es decir, s\u00f3lo cobran si usted lo hace. Si su caso termina en un acuerdo o en un veredicto del jurado, usted pagar\u00e1 a su abogado un determinado porcentaje de la indemnizaci\u00f3n total por da\u00f1os y perjuicios. Sin embargo, si su caso no prospera, no pagar\u00e1 nada. De este modo se elimina el riesgo financiero de presentar una demanda. Sin embargo, esto no significa que usted debe precipitarse en un pleito con un abogado que usted no conf\u00eda en porque usted consigue solamente una ocasi\u00f3n de archivar una demanda injusta de la muerte.<\/p>\n\n\n\n<p><strong>El abogado investiga su caso<\/strong><\/p>\n\n\n\n<p>Una vez que identifique al abogado que desea que lleve su caso, el siguiente paso es que el abogado lleve a cabo una investigaci\u00f3n en profundidad del accidente que se cobr\u00f3 la vida de su ser querido. Por supuesto, una investigaci\u00f3n variar\u00e1 dependiendo de la naturaleza del accidente. Sin embargo, por lo general, un abogado revisar\u00e1 todos los informes de accidentes, registros m\u00e9dicos, declaraciones de testigos y otras pruebas para determinar una teor\u00eda del caso. Esto es esencialmente una estrategia que su abogado utilizar\u00e1 para demostrar que la otra parte era legalmente responsable de la muerte de su ser querido. <a href=\"https:\/\/www.briskmanandbriskman.com\/es\/areas-de-practica\/muerte-por-negligencia\/\">Su abogado de homicidio culposo<\/a> tambi\u00e9n le har\u00e1 preguntas importantes sobre su familiar, sus ingresos y los dem\u00e1s servicios que prest\u00f3 para evaluar con precisi\u00f3n los posibles da\u00f1os y perjuicios que puede recibir si el caso prospera.<\/p>\n\n\n\n<p><strong>Negociaci\u00f3n con la compa\u00f1\u00eda de seguros<\/strong><\/p>\n\n\n\n<p>Por lo general, antes de que su abogado presente un caso ante el tribunal, se pondr\u00e1 en contacto con la compa\u00f1\u00eda de seguros para ver si pueden llegar a un acuerdo sin necesidad de ir a juicio. Para ello, su abogado puede redactar una carta de demanda, describiendo el incidente y los da\u00f1os que usted espera recibir, citando las autoridades legales para cualquier argumento. La compa\u00f1\u00eda de seguros revisar\u00e1 la carta y responder\u00e1, ya sea con una contraoferta o, menos com\u00fanmente, con un rechazo rotundo. Ser\u00e1 entonces su abogado quien negocie con la compa\u00f1\u00eda de seguros, intentando que aumenten su oferta de forma que le compense a usted y a su familia por su p\u00e9rdida.<\/p>\n\n\n\n<p><strong>Presentar una demanda por homicidio culposo<\/strong><\/p>\n\n\n\n<p>Si una compa\u00f1\u00eda de seguros no est\u00e1 dispuesta a hacer una oferta de acuerdo justa, su abogado redactar\u00e1 y presentar\u00e1 una demanda. Una denuncia es un documento legal que inicia formalmente una demanda. Una vez presentada la demanda ante el tribunal correspondiente, el demandado debe presentar una respuesta. El demandado puede admitir o negar cada alegaci\u00f3n individualmente. As\u00ed, aunque el demandado puede admitir ciertas cosas, normalmente negar\u00e1 las principales alegaciones de negligencia.<\/p>\n\n\n\n<p><strong>Informaci\u00f3n previa al juicio<\/strong><\/p>\n\n\n\n<p>Una vez que su abogado presenta una demanda, el demandado o demandados presentan una respuesta. A partir de ah\u00ed, el caso entra en la fase de descubrimiento, donde ambas partes intercambian informaci\u00f3n y pruebas que pueden ser relevantes para el juicio. Esto incluye pruebas f\u00edsicas, informes de accidentes, historiales m\u00e9dicos, declaraciones e interrogatorios. Usted puede ser depuesto por la otra parte, lo que significa que debe sentarse y responder a preguntas bajo juramento. Su abogado estar\u00e1 presente y le preparar\u00e1 para el interrogatorio. Su abogado tambi\u00e9n tomar\u00e1 declaraci\u00f3n a otros testigos, incluidos testigos, expertos o el demandado. La fase de descubrimiento es una parte cr\u00edtica del proceso, ya que a menudo expone hechos adicionales que pueden hacer que su caso sea m\u00e1s f\u00e1cil o m\u00e1s dif\u00edcil de probar.<\/p>\n\n\n\n<p><strong>Mediaci\u00f3n<\/strong><\/p>\n\n\n\n<p>La mediaci\u00f3n es una forma de resolver un caso sin llegar a juicio. Cualquiera de las partes puede solicitar la mediaci\u00f3n. El proceso de mediaci\u00f3n implica que usted, su abogado, el demandado y su abogado se sienten con un mediador neutral. El mediador escuchar\u00e1 los argumentos de cada parte e intentar\u00e1 llegar a una soluci\u00f3n. El mediador puede se\u00f1alar los puntos d\u00e9biles del caso de cada parte, intentando que cada parte se acerque al punto medio. Si el proceso de mediaci\u00f3n desemboca en un acuerdo, estupendo. Sin embargo, usted no est\u00e1 obligado a aceptar la propuesta del mediador.<\/p>\n\n\n\n<p><strong>Ir a juicio<\/strong><\/p>\n\n\n\n<p>Si un caso de homicidio culposo no puede resolverse a trav\u00e9s de un acuerdo previo al juicio o la mediaci\u00f3n, el paso final es que el caso vaya a juicio, por lo general frente a un jurado. Durante el juicio, cada parte presenta su caso al jurado. Aunque cada juicio es diferente, suele constar de las siguientes fases:<\/p>\n\n\n\n<p>Cuestiones prejudiciales<\/p>\n\n\n\n<ul class=\"wp-block-list\">\n<li>Selecci\u00f3n del jurado<\/li>\n\n\n\n<li>Declaraciones de apertura<\/li>\n\n\n\n<li>Testimonio de testigos<\/li>\n\n\n\n<li>Alegatos finales<\/li>\n\n\n\n<li>Instrucci\u00f3n del jurado<\/li>\n\n\n\n<li>Deliberaci\u00f3n del jurado<\/li>\n<\/ul>\n\n\n\n<p>Cualquier testigo que declare est\u00e1 sujeto al contrainterrogatorio del abogado de la otra parte. Esto es fundamental, ya que su abogado puede poner de manifiesto los puntos d\u00e9biles del testimonio de los testigos o peritos. Al mismo tiempo, si usted testifica, tambi\u00e9n estar\u00e1 sujeto a contrainterrogatorio. Sin embargo, su abogado puede proporcionarle estrategias eficaces que le ayudar\u00e1n a mantener la calma y transmitir eficazmente toda la informaci\u00f3n necesaria.<\/p>\n\n\n\n<p><strong>Despu\u00e9s del juicio<\/strong><\/p>\n\n\n\n<p>A veces, el veredicto del jurado no marca el final del caso. Por ejemplo, si el jurado falla a su favor, el demandado puede presentar una moci\u00f3n posterior al juicio para reducir la indemnizaci\u00f3n por da\u00f1os y perjuicios o puede presentar una apelaci\u00f3n. Una apelaci\u00f3n puede basarse en cualquier decisi\u00f3n que el juez haya tomado durante el juicio. Por ejemplo, el demandado puede argumentar que ciertas pruebas deber\u00edan haber sido admitidas o que una l\u00ednea particular de interrogatorio no deber\u00eda haber sido permitida. Al mismo tiempo, si el jurado fall\u00f3 a favor del acusado, su abogado puede presentar una apelaci\u00f3n ante un tribunal superior. Si su apelaci\u00f3n tiene \u00e9xito, el tribunal de apelaci\u00f3n puede concederle un nuevo juicio. Normalmente, \u00e9sta es la \u00fanica ocasi\u00f3n en la que usted recibir\u00e1 un \"segundo mordisco a la manzana\" en un caso de homicidio culposo.<\/p>\n\n\n\n<p>Pocos casos tienen tanto en juego como una demanda por homicidio culposo. Usted y su familia han pasado por mucho, y es imperativo que su caso sea manejado profesionalmente de principio a fin. Recuerde, s\u00f3lo tiene <a href=\"https:\/\/www.briskmanandbriskman.com\/es\/areas-de-practica\/muerte-por-negligencia\/\">una oportunidad para presentar una demanda por homicidio culposo<\/a>Y tener al abogado adecuado de su lado puede significar la diferencia entre ganar y perder su caso.<\/p>","protected":false},"excerpt":{"rendered":"<p>Perder a un ser querido en un tr\u00e1gico accidente es una experiencia a la que ninguna familia deber\u00eda tener que enfrentarse. Sin embargo, miles de familias de todo el pa\u00eds se enfrentan a esta realidad. Tras un tr\u00e1gico accidente, no cabe duda de que hay mucho que hacer. Junto con el tremendo dolor, tambi\u00e9n hay repercusiones financieras que vienen...<\/p>","protected":false},"author":1,"featured_media":0,"parent":926,"menu_order":0,"comment_status":"closed","ping_status":"closed","template":"","meta":{"_acf_changed":false,"footnotes":""},"class_list":["post-10424","page","type-page","status-publish","hentry"],"acf":[],"_links":{"self":[{"href":"https:\/\/www.briskmanandbriskman.com\/es\/wp-json\/wp\/v2\/pages\/10424","targetHints":{"allow":["GET"]}}],"collection":[{"href":"https:\/\/www.briskmanandbriskman.com\/es\/wp-json\/wp\/v2\/pages"}],"about":[{"href":"https:\/\/www.briskmanandbriskman.com\/es\/wp-json\/wp\/v2\/types\/page"}],"author":[{"embeddable":true,"href":"https:\/\/www.briskmanandbriskman.com\/es\/wp-json\/wp\/v2\/users\/1"}],"replies":[{"embeddable":true,"href":"https:\/\/www.briskmanandbriskman.com\/es\/wp-json\/wp\/v2\/comments?post=10424"}],"version-history":[{"count":1,"href":"https:\/\/www.briskmanandbriskman.com\/es\/wp-json\/wp\/v2\/pages\/10424\/revisions"}],"predecessor-version":[{"id":10733,"href":"https:\/\/www.briskmanandbriskman.com\/es\/wp-json\/wp\/v2\/pages\/10424\/revisions\/10733"}],"up":[{"embeddable":true,"href":"https:\/\/www.briskmanandbriskman.com\/es\/wp-json\/wp\/v2\/pages\/926"}],"wp:attachment":[{"href":"https:\/\/www.briskmanandbriskman.com\/es\/wp-json\/wp\/v2\/media?parent=10424"}],"curies":[{"name":"wp","href":"https:\/\/api.w.org\/{rel}","templated":true}]}}