{"id":10421,"date":"2024-02-14T22:58:45","date_gmt":"2024-02-14T22:58:45","guid":{"rendered":"https:\/\/bbg.mystagingwebsite.com\/?page_id=10421"},"modified":"2024-04-09T18:36:38","modified_gmt":"2024-04-09T18:36:38","slug":"principales-causas-de-muerte-en-illinois","status":"publish","type":"page","link":"https:\/\/www.briskmanandbriskman.com\/es\/practice-areas\/wrongful-death\/leading-causes-of-death-in-illinois\/","title":{"rendered":"Principales causas de muerte en Illinois"},"content":{"rendered":"<p>El a\u00f1o pasado, m\u00e1s de 132.000 personas murieron en Illinois por todas las causas. M\u00e1s de un tercio de todas las muertes Illinois se produjeron en el condado de Cook, donde 52.037 personas murieron en 2020. De hecho, el condado de Cook vio m\u00e1s de siete veces el n\u00famero de muertes que cualquier otro condado Illinois.<\/p>\n\n\n\n<p>Cada a\u00f1o, el Departamento de Salud P\u00fablica Illinois publica informaci\u00f3n sobre las principales causas de muerte. Esta informaci\u00f3n es importante para los responsables pol\u00edticos, ya que puede ayudarles a tomar decisiones sobre la asignaci\u00f3n de recursos y sobre si determinados programas tienen el efecto deseado. Tradicionalmente, los accidentes han sido la tercera causa de muerte. Sin embargo, el efecto devastador del COVID-19 desplaz\u00f3 a los accidentes como tercera causa de muerte en el estado, convirti\u00e9ndolos en la cuarta causa de muerte en el Illinois.<\/p>\n\n\n\n<p>Las principales causas de muerte en Illinois para 2020 se enumeran a continuaci\u00f3n, junto con el n\u00famero de muertes por cada causa:<\/p>\n\n\n\n<p>1. Enfermedades card\u00edacas - 27.466 muertes<br>2. C\u00e1ncer - 24.020 muertes<br>3. COVID-19 - 15.715 muertes<br>4. Accidentes - 7.159 muertos<br>5. Carrera - 6.762<br>6. Enfermedades cr\u00f3nicas de las v\u00edas respiratorias inferiores - 5.432 muertes<br>7. Enfermedad de Alzheimer - 4.639 muertes<br>8. Diabetes - 3.487 muertes<br>9. Enfermedad renal - 2.651 muertes<br>10. Septicemia - 1.710 muertes<\/p>\n\n\n\n<p>En total, <a href=\"https:\/\/www.briskmanandbriskman.com\/es\/areas-de-practica\/muerte-por-negligencia\/\">muertes accidentales<\/a> representaron m\u00e1s del 5% de todas las muertes en el estado. Sin embargo, a la hora de analizar el efecto real que tienen los accidentes, es importante tener en cuenta c\u00f3mo afectan a los distintos grupos de edad. Por ejemplo, las personas mayores tienen menos probabilidades de morir en un accidente de tr\u00e1fico, pero tienen muchas m\u00e1s posibilidades de morir de c\u00e1ncer o enfermedades cardiacas.<\/p>\n\n\n\n<p>En cambio, los m\u00e1s j\u00f3venes tienen muchas m\u00e1s probabilidades de morir en un accidente evitable. De hecho, los accidentes fueron la principal causa de muerte entre los siguientes grupos de edad:<\/p>\n\n\n\n<ul class=\"wp-block-list\">\n<li>De 1 a 17 a\u00f1os,<\/li>\n\n\n\n<li>18 - 24 a\u00f1os. y<\/li>\n\n\n\n<li>25 - 44 a\u00f1os.<\/li>\n<\/ul>\n\n\n\n<p>Aunque cualquier accidente evitable puede provocar la muerte de una v\u00edctima, algunos de los accidentes mortales m\u00e1s comunes en Illinois son:<\/p>\n\n\n\n<ul class=\"wp-block-list\">\n<li><a href=\"https:\/\/www.briskmanandbriskman.com\/es\/areas-de-practica\/abogados-de-accidentes-de-camiones-en-chicago-2\/fatal-car-accidents\/\">Accidentes de tr\u00e1fico<\/a>,<\/li>\n\n\n\n<li><a href=\"https:\/\/www.briskmanandbriskman.com\/es\/areas-de-practica\/chicago-resbalon-y-caida-abogados\/\">Cataratas<\/a>,<\/li>\n\n\n\n<li><a href=\"https:\/\/www.briskmanandbriskman.com\/es\/areas-de-practica\/abogado-de-mordedura-de-perro-chicago\/\">Mordeduras de perro<\/a>,<\/li>\n\n\n\n<li><a href=\"https:\/\/www.briskmanandbriskman.com\/es\/areas-de-practica\/negligencia-medica\/\">Errores m\u00e9dicos<\/a>,<\/li>\n\n\n\n<li><a href=\"https:\/\/www.briskmanandbriskman.com\/es\/areas-de-practica\/medication-errors\/\">Errores farmac\u00e9uticos<\/a>y<\/li>\n\n\n\n<li><a href=\"https:\/\/www.briskmanandbriskman.com\/es\/areas-de-practica\/indemnizacion-por-accidente-laboral\/\">Accidentes laborales<\/a>.<\/li>\n<\/ul>\n\n\n\n<p>Las familias que han pasado recientemente por la tragedia de perder a un ser querido pueden no saber d\u00f3nde buscar justicia. A menudo, un \"accidente\" no alcanza el nivel de conducta delictiva, por lo que el gobierno no va a presentar cargos penales contra la parte culpable. Sin embargo, incluso si el gobierno presenta cargos penales, los jueces de los tribunales penales carecen de la capacidad para compensar a las familias por sus p\u00e9rdidas.<\/p>\n\n\n\n<p>Para las familias que han perdido a un ser querido en un accidente, el dolor suele ser tremendo. Y aunque s\u00f3lo el tiempo puede curar estas heridas emocionales, las familias en duelo pueden presentar una demanda por negligencia contra la persona o personas responsables de la muerte de su ser querido. Ciertamente, ninguna cantidad de dinero har\u00e1 que la p\u00e9rdida que sufre una familia sea m\u00e1s f\u00e1cil; sin embargo, puede ayudar a aliviar los otros retos a los que se enfrentan las familias despu\u00e9s de perder a un familiar.<\/p>\n\n\n\n<h3 class=\"wp-block-heading\">Reclamaci\u00f3n por homicidio culposo en Illinois<\/h3>\n\n\n\n<p><a href=\"https:\/\/www.briskmanandbriskman.com\/es\/areas-de-practica\/muerte-por-negligencia\/\">Demandas por homicidio culposo<\/a> son un tipo de demanda civil, similar a una demanda por lesiones personales. Sin embargo, la diferencia entre un caso de homicidio culposo y un caso de lesiones personales es que, en un caso de homicidio culposo, la v\u00edctima del accidente no puede presentar el caso por s\u00ed misma. As\u00ed, en el Illinois, la demanda por homicidio culposo debe presentarla el representante personal de la sucesi\u00f3n de la v\u00edctima del accidente. Un representante personal es una persona nombrada en el testamento de una persona a quien \u00e9sta designa para ocuparse de sus asuntos despu\u00e9s de su muerte. Si su ser querido no nombr\u00f3 a un representante personal, el tribunal nombrar\u00e1 a uno.<\/p>\n\n\n\n<p>Seg\u00fan la ley Illinois, se produce un homicidio culposo siempre que alguien muere como consecuencia de un \"acto culposo, negligencia o incumplimiento\" de otra persona. Esencialmente, esto significa que la muerte de una v\u00edctima de accidente es \"culposa\" si fue causada por el acto negligente o la omisi\u00f3n de otra persona.<\/p>\n\n\n\n<p>Para presentar con \u00e9xito una demanda por homicidio culposo Illinois, debe demostrar que la parte culpable fue legalmente responsable de la muerte de su ser querido. Esto se consigue estableciendo cada uno de los elementos de una demanda por homicidio culposo, entre ellos:<\/p>\n\n\n\n<ul class=\"wp-block-list\">\n<li>El demandado deb\u00eda a su ser querido un deber de cuidado;<\/li>\n\n\n\n<li>El demandado incumpli\u00f3 ese deber de diligencia;<\/li>\n\n\n\n<li>El incumplimiento del deber por parte del demandado provoc\u00f3 la muerte de su ser querido.<\/li>\n<\/ul>\n\n\n\n<p>En la mayor\u00eda de los casos, una compa\u00f1\u00eda de seguros est\u00e1 en el otro extremo de una demanda por homicidio culposo. Por ejemplo, si un conductor atropella y mata a un peat\u00f3n en un accidente de tr\u00e1fico, la familia del peat\u00f3n puede presentar una demanda contra el conductor. Sin embargo, seg\u00fan los t\u00e9rminos de la p\u00f3liza de seguro de ese conductor, la compa\u00f1\u00eda de seguros est\u00e1 obligada a defender al conductor contra la demanda de la familia. As\u00ed pues, la demanda se dirigir\u00e1 realmente contra los abogados de la compa\u00f1\u00eda de seguros, no contra los del conductor.<\/p>\n\n\n\n<p>La participaci\u00f3n de una compa\u00f1\u00eda de seguros en una demanda por homicidio culposo tiene sus ventajas y sus inconvenientes. La buena noticia es que la compa\u00f1\u00eda de seguros tendr\u00e1 sin duda activos suficientes para cubrir cualquier indemnizaci\u00f3n por da\u00f1os y perjuicios en caso de que usted tenga \u00e9xito en su reclamaci\u00f3n. Sin embargo, las compa\u00f1\u00edas de seguros tambi\u00e9n cuentan con equipos de abogados altamente cualificados y experimentados para defender las reclamaciones presentadas contra la compa\u00f1\u00eda. Por lo tanto, esto puede dificultar la recuperaci\u00f3n.<\/p>\n\n\n\n<p>Las familias que han perdido a un ser querido en un tr\u00e1gico accidente y est\u00e1n considerando la posibilidad de presentar una demanda por homicidio culposo deben hablar primero con un abogado experto en homicidio culposo Illinois. En <a href=\"https:\/\/www.briskmanandbriskman.com\/es\/\">Briskman Briskman &amp; Greenberg<\/a>Hemos representado con orgullo a familias en casos de homicidio culposo desde 1987. Nuestros abogados tienen la habilidad, la tenacidad y los recursos para enfrentarse incluso a las compa\u00f1\u00edas de seguros m\u00e1s grandes y mejor financiadas del pa\u00eds.<\/p>\n\n\n\n<h2 class=\"wp-block-heading\">P\u00f3ngase en contacto con los abogados de muerte por negligencia en Briskman Briskman &amp; Greenberg para hablar sobre su caso hoy.<\/h2>\n\n\n\n<p>Si ha perdido a un ser querido en un tr\u00e1gico accidente y desea obtener m\u00e1s informaci\u00f3n sobre c\u00f3mo su familia podr\u00eda interponer un <a href=\"https:\/\/www.briskmanandbriskman.com\/es\/areas-de-practica\/muerte-por-negligencia\/\">reclamaci\u00f3n por muerte injusta<\/a> contra la persona responsable, llame al Briskman Briskman &amp; Greenberg. Tenemos abogados a su disposici\u00f3n para responder a sus preguntas y ofrecerle una evaluaci\u00f3n honesta de su caso. Si decide interponer una demanda, no le cobraremos por ninguno de nuestros servicios jur\u00eddicos a menos que consigamos una indemnizaci\u00f3n en nombre de su familia. Esa es s\u00f3lo una parte del <a href=\"https:\/\/www.briskmanandbriskman.com\/es\/la-garantia-briskman\/\">Briskman Garant\u00eda<\/a> que hacemos a cada uno de nuestros clientes. Para saber m\u00e1s, y para <a href=\"https:\/\/www.briskmanandbriskman.com\/es\/consulta-gratuita\/\">programar una consulta gratuita<\/a> hoy, <a href=\"tel:1-877-595-4878\">ll\u00e1menos al 877-595-4878<\/a>. Tambi\u00e9n puede <a href=\"https:\/\/www.briskmanandbriskman.com\/es\/abogados-de-accidentes-de-camiones-en-chicago-2\/\">p\u00f3ngase en contacto con nosotros a trav\u00e9s de nuestro formulario en l\u00ednea<\/a>.<\/p>","protected":false},"excerpt":{"rendered":"<p>El a\u00f1o pasado, m\u00e1s de 132.000 personas murieron en Illinois por todas las causas. M\u00e1s de un tercio de todas las muertes Illinois se produjeron en el condado de Cook, donde 52.037 personas murieron en 2020. De hecho, el Condado de Cook vio m\u00e1s de siete veces el n\u00famero de muertes que cualquier otro condado Illinois. Cada a\u00f1o, el Illinois Department of Public...<\/p>","protected":false},"author":1,"featured_media":0,"parent":66,"menu_order":0,"comment_status":"closed","ping_status":"closed","template":"","meta":{"_acf_changed":false,"footnotes":""},"class_list":["post-10421","page","type-page","status-publish","hentry"],"acf":[],"_links":{"self":[{"href":"https:\/\/www.briskmanandbriskman.com\/es\/wp-json\/wp\/v2\/pages\/10421","targetHints":{"allow":["GET"]}}],"collection":[{"href":"https:\/\/www.briskmanandbriskman.com\/es\/wp-json\/wp\/v2\/pages"}],"about":[{"href":"https:\/\/www.briskmanandbriskman.com\/es\/wp-json\/wp\/v2\/types\/page"}],"author":[{"embeddable":true,"href":"https:\/\/www.briskmanandbriskman.com\/es\/wp-json\/wp\/v2\/users\/1"}],"replies":[{"embeddable":true,"href":"https:\/\/www.briskmanandbriskman.com\/es\/wp-json\/wp\/v2\/comments?post=10421"}],"version-history":[{"count":2,"href":"https:\/\/www.briskmanandbriskman.com\/es\/wp-json\/wp\/v2\/pages\/10421\/revisions"}],"predecessor-version":[{"id":12681,"href":"https:\/\/www.briskmanandbriskman.com\/es\/wp-json\/wp\/v2\/pages\/10421\/revisions\/12681"}],"up":[{"embeddable":true,"href":"https:\/\/www.briskmanandbriskman.com\/es\/wp-json\/wp\/v2\/pages\/66"}],"wp:attachment":[{"href":"https:\/\/www.briskmanandbriskman.com\/es\/wp-json\/wp\/v2\/media?parent=10421"}],"curies":[{"name":"wp","href":"https:\/\/api.w.org\/{rel}","templated":true}]}}