{"id":10418,"date":"2024-02-14T22:57:03","date_gmt":"2024-02-14T22:57:03","guid":{"rendered":"https:\/\/bbg.mystagingwebsite.com\/?page_id=10418"},"modified":"2024-04-11T17:21:26","modified_gmt":"2024-04-11T17:21:26","slug":"chicago-lugar-de-trabajo-lesiones-abogados","status":"publish","type":"page","link":"https:\/\/www.briskmanandbriskman.com\/es\/practice-areas\/chicago-workplace-injuries-attorneys\/","title":{"rendered":"Chicago Abogados de lesiones laborales"},"content":{"rendered":"<h3 class=\"wp-block-heading\">\u00bfSufre lesiones laborales? Estamos de su lado<\/h3>\n\n\n\n<p>Servimos a clientes en Chicago, Joliet, Waukegan y en todo el condado de Cook, Lake County y el condado de Will.<\/p>\n\n\n\n<p>Cuando uno va a trabajar cada d\u00eda, espera encontrarse en un entorno relativamente seguro. Se supone que incluso las personas que trabajan en profesiones peligrosas est\u00e1n protegidas de las lesiones laborales por numerosas medidas de seguridad. Por desgracia, los accidentes laborales ocurren. Los trabajadores son golpeados por objetos que caen, se lesionan con equipos defectuosos o son v\u00edctimas de las acciones descuidadas de otros, lo que provoca lesiones graves.<\/p>\n\n\n\n<p>En el bufete de abogados del \u00e1rea Chicago de Briskman Briskman &amp; Greenberg, estamos de su lado. Tras un accidente laboral, estamos preparados para ayudarle a recuperar la compensaci\u00f3n econ\u00f3mica que necesita para seguir adelante. Tambi\u00e9n representamos a familias que han perdido a un ser querido en un caso de <a href=\"https:\/\/www.briskmanandbriskman.com\/es\/areas-de-practica\/chicago-lugar-de-trabajo-lesiones-abogados\/\">muerte por negligencia<\/a>.<\/p>\n\n\n\n<h3 class=\"wp-block-heading\">Tipos de lesiones laborales<\/h3>\n\n\n\n<p>Aunque la mayor\u00eda de las lesiones laborales graves se producen en las industrias que implican el uso de equipo pesado, como el trabajo de construcci\u00f3n o de fabricaci\u00f3n, los accidentes pueden ocurrir en cualquier campo de la carrera. Nuestros abogados han representado con \u00e9xito a clientes que enfrentan lesiones en el lugar de trabajo, incluyendo:<\/p>\n\n\n\n<ul class=\"wp-block-list\">\n<li><a href=\"https:\/\/www.briskmanandbriskman.com\/es\/areas-de-practica\/chicago-lugar-de-trabajo-lesiones-abogados\/\">Lesiones craneales y cerebrales<\/a><\/li>\n\n\n\n<li><a href=\"https:\/\/www.briskmanandbriskman.com\/es\/areas-de-practica\/chicago-lugar-de-trabajo-lesiones-abogados\/\">Lesiones de cuello y espalda<\/a><\/li>\n\n\n\n<li><a href=\"https:\/\/www.briskmanandbriskman.com\/es\/areas-de-practica\/chicago-lugar-de-trabajo-lesiones-abogados\/\">Quemaduras causadas por incendios o explosiones<\/a><\/li>\n\n\n\n<li>M\u00faltiples fracturas \u00f3seas<\/li>\n<\/ul>\n\n\n\n<p>Nuestra firma investigar\u00e1 a fondo sus accidentes de trabajo y lesiones para determinar qui\u00e9n es responsable de su lesi\u00f3n y si usted tiene una reclamaci\u00f3n de compensaci\u00f3n de trabajadores y \/ o una reclamaci\u00f3n de terceros.<\/p>\n\n\n\n<h5 class=\"wp-block-heading\">Sin honorarios a menos que tengamos \u00e9xito<\/h5>\n\n\n\n<p>Todos los casos de accidentes de trabajo y lesiones se manejan sobre una base de contingencia, lo que significa que s\u00f3lo aceptaremos el pago si tenemos \u00e9xito en conseguir una indemnizaci\u00f3n.<\/p>\n\n\n\n<h2 class=\"wp-block-heading\">Contact A Chicago Workplace Injuries Lawyer and Chicago Personal Injury Attorney Now For Free Consultations - Calls Answered 24\/7 - Se habla espa\u00f1ol<\/h2>\n\n\n\n<p>Para programar una consulta gratuita sobre su caso, ll\u00e1menos gratis al 877-595-HURT (4878) o <a href=\"https:\/\/www.briskmanandbriskman.com\/es\/abogados-de-accidentes-de-camiones-en-chicago-2\/\">env\u00ede un correo electr\u00f3nico a nuestros abogados especializados en accidentes laborales<\/a>.<\/p>","protected":false},"excerpt":{"rendered":"<p>\u00bfSufriendo de Lesiones en el Lugar de Trabajo? Estamos de su lado Servimos a clientes en Chicago, Joliet, Waukegan y en todo el Condado de Cook, Lake County y el Condado de Will. Cuando usted va a trabajar cada d\u00eda, usted espera estar en un ambiente relativamente seguro. Incluso las personas que trabajan en ocupaciones peligrosas se supone que deben ser protegidos de lesiones en el lugar de trabajo ...<\/p>","protected":false},"author":1,"featured_media":11536,"parent":54,"menu_order":0,"comment_status":"closed","ping_status":"closed","template":"","meta":{"_acf_changed":false,"footnotes":""},"class_list":["post-10418","page","type-page","status-publish","has-post-thumbnail","hentry"],"acf":[],"_links":{"self":[{"href":"https:\/\/www.briskmanandbriskman.com\/es\/wp-json\/wp\/v2\/pages\/10418","targetHints":{"allow":["GET"]}}],"collection":[{"href":"https:\/\/www.briskmanandbriskman.com\/es\/wp-json\/wp\/v2\/pages"}],"about":[{"href":"https:\/\/www.briskmanandbriskman.com\/es\/wp-json\/wp\/v2\/types\/page"}],"author":[{"embeddable":true,"href":"https:\/\/www.briskmanandbriskman.com\/es\/wp-json\/wp\/v2\/users\/1"}],"replies":[{"embeddable":true,"href":"https:\/\/www.briskmanandbriskman.com\/es\/wp-json\/wp\/v2\/comments?post=10418"}],"version-history":[{"count":5,"href":"https:\/\/www.briskmanandbriskman.com\/es\/wp-json\/wp\/v2\/pages\/10418\/revisions"}],"predecessor-version":[{"id":12768,"href":"https:\/\/www.briskmanandbriskman.com\/es\/wp-json\/wp\/v2\/pages\/10418\/revisions\/12768"}],"up":[{"embeddable":true,"href":"https:\/\/www.briskmanandbriskman.com\/es\/wp-json\/wp\/v2\/pages\/54"}],"wp:featuredmedia":[{"embeddable":true,"href":"https:\/\/www.briskmanandbriskman.com\/es\/wp-json\/wp\/v2\/media\/11536"}],"wp:attachment":[{"href":"https:\/\/www.briskmanandbriskman.com\/es\/wp-json\/wp\/v2\/media?parent=10418"}],"curies":[{"name":"wp","href":"https:\/\/api.w.org\/{rel}","templated":true}]}}