{"id":10416,"date":"2024-02-14T22:55:15","date_gmt":"2024-02-14T22:55:15","guid":{"rendered":"https:\/\/bbg.mystagingwebsite.com\/?page_id=10416"},"modified":"2024-05-23T23:23:33","modified_gmt":"2024-05-23T23:23:33","slug":"resbalon-y-caida-en-el-trabajo","status":"publish","type":"page","link":"https:\/\/www.briskmanandbriskman.com\/es\/practice-areas\/workers-compensation\/slip-and-fall-at-work\/","title":{"rendered":"Abogados de resbalones y ca\u00eddas en el trabajo en Chicago"},"content":{"rendered":"<p>Las lesiones por resbalones y ca\u00eddas figuran entre las m\u00e1s frecuentes en el lugar de trabajo. Seg\u00fan el Consejo Nacional de Seguridad (NSC), las lesiones por resbalones y ca\u00eddas representan m\u00e1s del 20% de todas las lesiones laborales. La mayor\u00eda de los accidentes por resbalones y ca\u00eddas provocan lesiones leves en los tejidos blandos:<\/p>\n\n\n\n<ul class=\"wp-block-list\">\n<li>Esguinces de tendones, ligamentos y m\u00fasculos<\/li>\n\n\n\n<li>Peque\u00f1os cortes<\/li>\n\n\n\n<li>Contusiones menores<\/li>\n\n\n\n<li>Quemaduras leves<\/li>\n<\/ul>\n\n\n\n<p>Sin embargo, una cantidad significativa de accidentes por resbalones y ca\u00eddas provocan lesiones mucho m\u00e1s graves, conocidas como lesiones graves. Algunos ejemplos son:<\/p>\n\n\n\n<ul class=\"wp-block-list\">\n<li>Traumatismo craneal<\/li>\n\n\n\n<li>Fracturas<\/li>\n\n\n\n<li>Hernias discales<\/li>\n\n\n\n<li>Amputaciones<\/li>\n\n\n\n<li>Quemaduras de tercer o cuarto grado<\/li>\n\n\n\n<li>Cortes profundos<\/li>\n<\/ul>\n\n\n\n<p><strong>Causas habituales de los accidentes por resbalones y ca\u00eddas en el lugar de trabajo<\/strong><br>Algunas de las causas habituales de los accidentes por resbalones y ca\u00eddas en el lugar de trabajo son:<\/p>\n\n\n\n<ul class=\"wp-block-list\">\n<li>L\u00edquidos derramados<\/li>\n\n\n\n<li>Se\u00f1ales de advertencia insuficientes o inexistentes<\/li>\n\n\n\n<li>Iluminaci\u00f3n inadecuada<\/li>\n\n\n\n<li>Escaleras rotas o desiguales<\/li>\n\n\n\n<li>Superficies irregulares<\/li>\n\n\n\n<li>Paradas repentinas en el ascensor<\/li>\n\n\n\n<li>Cables expuestos<\/li>\n<\/ul>\n\n\n\n<p><strong>Requisitos OSHA<\/strong><br>En virtud de la normativa de la Administraci\u00f3n de Seguridad y Salud en el Trabajo (OSHA), los empresarios tienen la obligaci\u00f3n de aplicar procedimientos de seguridad en el lugar de trabajo. El empresario que infrinja dichas normas puede verse sujeto al pago de multas y, en algunos casos, a penas de prisi\u00f3n.<\/p>\n\n\n\n<p><strong>Presentar una reclamaci\u00f3n de indemnizaci\u00f3n por accidente laboral<\/strong><br>Tras una lesi\u00f3n por resbal\u00f3n y ca\u00edda en el lugar de trabajo, normalmente puede presentar una reclamaci\u00f3n de indemnizaci\u00f3n por accidente laboral. Para prevalecer en una reclamaci\u00f3n de indemnizaci\u00f3n por accidente laboral, su lesi\u00f3n debe haber tenido lugar como resultado directo de la relaci\u00f3n que mantiene con su empleador. No tiene que demostrar que su empresa fue negligente o descuidada, como har\u00eda si presentara una demanda por lesiones personales contra su empresa. Y seguir\u00eda teniendo derecho a las prestaciones de compensaci\u00f3n de los trabajadores si su propia negligencia le causara la lesi\u00f3n.<\/p>\n\n\n\n<p>Sin embargo, si se resbal\u00f3 y se cay\u00f3 durante la pausa para comer, es posible que no pueda cobrar las prestaciones de indemnizaci\u00f3n por accidente de trabajo. Normalmente, debe haber estado trabajando para tener derecho a la indemnizaci\u00f3n. Por ejemplo, si resbal\u00f3 y se cay\u00f3 durante el trayecto de ida o vuelta al trabajo, tambi\u00e9n es improbable que obtenga prestaciones. No obstante, existen numerosas excepciones a esta regla general. Por el contrario, si el resbal\u00f3n y la ca\u00edda se produjeron mientras viajaba para su empresa, entonces s\u00ed tendr\u00eda derecho a la indemnizaci\u00f3n por accidente de trabajo.<\/p>\n\n\n\n<p><strong>Acciones legales contra terceros<\/strong><br>Por lo general, el hecho de recibir prestaciones de indemnizaci\u00f3n por accidente de trabajo le impide interponer una demanda contra su empresa. Sin embargo, si un tercero, como un empleado de otra empresa o un cliente de su empleador, fue negligente y provoc\u00f3 que usted resbalara, tropezara o se cayera, es posible que pueda presentar una demanda por lesiones personales contra esa empresa.<\/p>\n\n\n\n<p><strong>C\u00f3mo puede ayudarle un abogado especialista en accidentes laborales<\/strong><br>Si ha sufrido una lesi\u00f3n por resbal\u00f3n y ca\u00edda en el lugar de trabajo, llame al <a href=\"https:\/\/www.briskmanandbriskman.com\/es\/areas-de-practica\/indemnizacion-por-accidente-laboral\/\">abogados de accidentes laborales<\/a> en el Briskman Briskman &amp; Greenberg. Le asesoraremos sobre sus derechos y nos aseguraremos de que tenga pruebas suficientes para respaldar su reclamaci\u00f3n. Usted puede recibir una consulta gratuita con un abogado de compensaci\u00f3n de trabajadores con experiencia, y usted no tendr\u00e1 que pagar una cuota a menos que tengamos \u00e9xito en la obtenci\u00f3n de una indemnizaci\u00f3n para usted.<\/p>\n\n\n\n<h3 class=\"wp-block-heading\">Abogados con experiencia para cualquier accidente laboral<\/h3>\n\n\n\n<ul class=\"wp-block-list\">\n<li><a href=\"https:\/\/www.briskmanandbriskman.com\/es\/areas-de-practica\/indemnizacion-por-accidente-laboral\/rotura-de-huesos-en-el-trabajo\/\">Huesos rotos en el trabajo<\/a><\/li>\n\n\n\n<li><a href=\"https:\/\/www.briskmanandbriskman.com\/es\/areas-de-practica\/indemnizacion-por-accidente-laboral\/chicago-accidente-de-coche-en-el-trabajo-abogados\/\">Accidente de coche en el trabajo Abogados<\/a><\/li>\n\n\n\n<li><a href=\"https:\/\/www.briskmanandbriskman.com\/es\/areas-de-practica\/indemnizacion-por-accidente-laboral\/chicago-lesiones-en-la-cabeza-y-los-trabajadores-abogados-de-compensacion\/\">Traumatismo craneal en el trabajo<\/a><\/li>\n\n\n\n<li><a href=\"https:\/\/www.briskmanandbriskman.com\/es\/areas-de-practica\/indemnizacion-por-accidente-laboral\/abogados-de-chicago-especializados-en-caidas-de-escaleras-y-compensacion-laboral\/\">Ca\u00eddas de Escalera y Abogados de Compensaci\u00f3n de Trabajadores<\/a><\/li>\n\n\n\n<li><a href=\"https:\/\/www.briskmanandbriskman.com\/es\/areas-de-practica\/indemnizacion-por-accidente-laboral\/los-abogados-de-lesiones-de-chicago-ayudan-a-los-mecanicos-lesionados-a-obtener-una-indemnizacion-por-sus-lesiones-laborales\/\">Chicago Mec\u00e1nico Abogados de Lesiones<\/a><\/li>\n\n\n\n<li><a href=\"https:\/\/www.briskmanandbriskman.com\/es\/areas-de-practica\/indemnizacion-por-accidente-laboral\/abogados-de-lesiones-en-el-lugar-de-trabajo-del-almacen-de-chicago\/\">Chicago Abogados de accidentes laborales en almacenes<\/a><\/li>\n\n\n\n<li><a href=\"https:\/\/www.briskmanandbriskman.com\/es\/areas-de-practica\/indemnizacion-por-accidente-laboral\/chicago-abogado-de-accidentes-de-trabajo-para-los-trabajadores-de-almacen-amazon\/\">Chicago Abogado de accidentes de trabajo para los trabajadores del almac\u00e9n de Amazon<\/a><\/li>\n\n\n\n<li><a href=\"https:\/\/www.briskmanandbriskman.com\/es\/areas-de-practica\/indemnizacion-por-accidente-laboral\/chicago-abogados-de-accidentes-de-trabajo-para-los-trabajadores-de-entrega-de-amazon\/\">Chicago Abogados de lesiones de trabajo para los trabajadores de entrega de Amazon<\/a><\/li>\n\n\n\n<li><a href=\"https:\/\/www.briskmanandbriskman.com\/es\/areas-de-practica\/indemnizacion-por-accidente-laboral\/chicago-abogados-de-compensacion-a-los-trabajadores-por-caidas-desde-andamios\/\">Chicago Abogados de indemnizaci\u00f3n laboral por ca\u00eddas desde andamios<\/a><\/li>\n\n\n\n<li><a href=\"https:\/\/www.briskmanandbriskman.com\/es\/areas-de-practica\/indemnizacion-por-accidente-laboral\/abogados-de-compensacion-laboral-de-chicago-para-trabajadores-de-fedex-lesionados\/\">Chicago Compensaci\u00f3n de los Trabajadores Abogados para los trabajadores lesionados FedEx<\/a><\/li>\n\n\n\n<li><a href=\"https:\/\/www.briskmanandbriskman.com\/es\/areas-de-practica\/indemnizacion-por-accidente-laboral\/chicago-workplace-injury-lawyers-firm-represent-injured-delivery-drivers\/\">Chicago Abogados de lesiones de trabajo representan conductores de entrega lesionados<\/a><\/li>\n\n\n\n<li><a href=\"https:\/\/www.briskmanandbriskman.com\/es\/areas-de-practica\/indemnizacion-por-accidente-laboral\/electrocucion-en-el-trabajo\/\">Electrocuci\u00f3n en el trabajo<\/a><\/li>\n\n\n\n<li><a href=\"https:\/\/www.briskmanandbriskman.com\/es\/areas-de-practica\/indemnizacion-por-accidente-laboral\/lesionado-mientras-trabajaba-en-ups-nuestros-abogados-de-compensacion-de-trabajadores-pueden-ayudar-a\/\">Abogados especializados en indemnizaciones laborales de UPS<\/a><\/li>\n\n\n\n<li><a href=\"https:\/\/www.briskmanandbriskman.com\/es\/areas-de-practica\/indemnizacion-por-accidente-laboral\/lesiones-de-cuello-y-espalda-en-el-trabajo\/\">Lesiones de cuello y espalda en el trabajo<\/a><\/li>\n\n\n\n<li><a href=\"https:\/\/www.briskmanandbriskman.com\/es\/areas-de-practica\/indemnizacion-por-accidente-laboral\/resbalon-y-caida-en-el-trabajo\/\">Resbalones y ca\u00eddas en el trabajo<\/a><\/li>\n\n\n\n<li><a href=\"https:\/\/www.briskmanandbriskman.com\/es\/areas-de-practica\/indemnizacion-por-accidente-laboral\/\">Chicago Abogados de accidentes de trabajo en aerol\u00edneas y aeropuertos<\/a><\/li>\n\n\n\n<li><a href=\"https:\/\/www.briskmanandbriskman.com\/es\/areas-de-practica\/indemnizacion-por-accidente-laboral\/chicago-aircraft-mechanic-injury-lawyers\/\">Chicago Abogados especializados en lesiones de mec\u00e1nicos de aeronaves<\/a><\/li>\n\n\n\n<li><a href=\"https:\/\/www.briskmanandbriskman.com\/es\/areas-de-practica\/indemnizacion-por-accidente-laboral\/chicago-airline-baggage-handler-injury-lawyer\/\">Chicago Abogado especializado en lesiones de tripulantes de equipajes de l\u00edneas a\u00e9reas<\/a><\/li>\n\n\n\n<li><a href=\"https:\/\/www.briskmanandbriskman.com\/es\/areas-de-practica\/indemnizacion-por-accidente-laboral\/chicago-airline-food-service-worker-injury-attorney\/\">Chicago Abogado de Lesiones de Trabajadores de Servicios de Alimentaci\u00f3n de Aerol\u00edneas<\/a><\/li>\n\n\n\n<li><a href=\"https:\/\/www.briskmanandbriskman.com\/es\/areas-de-practica\/indemnizacion-por-accidente-laboral\/chicago-flight-attendant-injury-lawyers\/\">Chicago Auxiliar de vuelo Abogados de Lesiones de Trabajo<\/a><\/li>\n<\/ul>","protected":false},"excerpt":{"rendered":"<p>Las lesiones por resbalones y ca\u00eddas figuran entre las m\u00e1s frecuentes en el lugar de trabajo. Seg\u00fan el Consejo Nacional de Seguridad (NSC), las lesiones por resbalones y ca\u00eddas representan m\u00e1s del 20% de todas las lesiones laborales. La mayor\u00eda de los accidentes por resbalones y ca\u00eddas provocan lesiones leves de tejidos blandos, entre otras: Sin embargo, una cantidad significativa de resbalones y ca\u00eddas...<\/p>","protected":false},"author":1,"featured_media":11117,"parent":64,"menu_order":0,"comment_status":"closed","ping_status":"closed","template":"","meta":{"_acf_changed":false,"footnotes":""},"class_list":["post-10416","page","type-page","status-publish","has-post-thumbnail","hentry"],"acf":[],"_links":{"self":[{"href":"https:\/\/www.briskmanandbriskman.com\/es\/wp-json\/wp\/v2\/pages\/10416","targetHints":{"allow":["GET"]}}],"collection":[{"href":"https:\/\/www.briskmanandbriskman.com\/es\/wp-json\/wp\/v2\/pages"}],"about":[{"href":"https:\/\/www.briskmanandbriskman.com\/es\/wp-json\/wp\/v2\/types\/page"}],"author":[{"embeddable":true,"href":"https:\/\/www.briskmanandbriskman.com\/es\/wp-json\/wp\/v2\/users\/1"}],"replies":[{"embeddable":true,"href":"https:\/\/www.briskmanandbriskman.com\/es\/wp-json\/wp\/v2\/comments?post=10416"}],"version-history":[{"count":2,"href":"https:\/\/www.briskmanandbriskman.com\/es\/wp-json\/wp\/v2\/pages\/10416\/revisions"}],"predecessor-version":[{"id":13182,"href":"https:\/\/www.briskmanandbriskman.com\/es\/wp-json\/wp\/v2\/pages\/10416\/revisions\/13182"}],"up":[{"embeddable":true,"href":"https:\/\/www.briskmanandbriskman.com\/es\/wp-json\/wp\/v2\/pages\/64"}],"wp:featuredmedia":[{"embeddable":true,"href":"https:\/\/www.briskmanandbriskman.com\/es\/wp-json\/wp\/v2\/media\/11117"}],"wp:attachment":[{"href":"https:\/\/www.briskmanandbriskman.com\/es\/wp-json\/wp\/v2\/media?parent=10416"}],"curies":[{"name":"wp","href":"https:\/\/api.w.org\/{rel}","templated":true}]}}