{"id":10414,"date":"2024-02-14T22:53:40","date_gmt":"2024-02-14T22:53:40","guid":{"rendered":"https:\/\/bbg.mystagingwebsite.com\/?page_id=10414"},"modified":"2024-05-23T23:23:02","modified_gmt":"2024-05-23T23:23:02","slug":"lesiones-de-cuello-y-espalda-en-el-trabajo","status":"publish","type":"page","link":"https:\/\/www.briskmanandbriskman.com\/es\/practice-areas\/workers-compensation\/neck-and-back-injury-at-work\/","title":{"rendered":"Chicago Abogados de lesiones de cuello y espalda"},"content":{"rendered":"<p><strong>Lesiones cervicales<\/strong><br>Las lesiones cervicales pueden producirse de varias formas diferentes, pero independientemente de c\u00f3mo se produzcan, pueden ser dolorosas e incapacitantes. Muchas de las lesiones que se producen en el lugar de trabajo afectan al cuello y pueden ir de leves a graves. Las m\u00e1s graves pueden provocar una incapacidad permanente. Las lesiones cervicales m\u00e1s graves pueden provocar tetraplejia, es decir, par\u00e1lisis por debajo del cuello. Si ha sufrido una lesi\u00f3n cervical en el lugar de trabajo, puede optar a una indemnizaci\u00f3n por accidente laboral.<\/p>\n\n\n\n<p><strong>Causas habituales de lesiones cervicales en el lugar de trabajo<\/strong><br>Las lesiones cervicales en el lugar de trabajo suelen deberse a:<\/p>\n\n\n\n<ul class=\"wp-block-list\">\n<li>Manipulaci\u00f3n manual inadecuada<\/li>\n\n\n\n<li>Ser golpeado por la ca\u00edda de un objeto<\/li>\n\n\n\n<li>Resbal\u00f3n, tropiezo o ca\u00edda<\/li>\n<\/ul>\n\n\n\n<p><strong>Tipos de lesiones cervicales frecuentes en el trabajo<\/strong><br>Entre los tipos de lesiones cervicales que se suelen sufrir en el trabajo se encuentran:<\/p>\n\n\n\n<ul class=\"wp-block-list\">\n<li>Da\u00f1os en los tejidos blandos<\/li>\n\n\n\n<li>M\u00fasculos desgarrados<\/li>\n\n\n\n<li>Distensi\u00f3n de ligamentos<\/li>\n\n\n\n<li>Fractura de las v\u00e9rtebras del cuello<\/li>\n\n\n\n<li>Lesi\u00f3n medular<\/li>\n<\/ul>\n\n\n\n<p><strong>Lesiones de espalda<\/strong><br>Las lesiones de espalda siguen de cerca a las de cabeza como las m\u00e1s extendidas en el lugar de trabajo. As\u00ed lo indica la Administraci\u00f3n de Seguridad y Salud en el Trabajo (OSHA). Las lesiones de espalda que se producen con m\u00e1s frecuencia en el lugar de trabajo son:<\/p>\n\n\n\n<ul class=\"wp-block-list\">\n<li>Distensi\u00f3n lumbar<\/li>\n\n\n\n<li>V\u00e9rtebras fracturadas<\/li>\n\n\n\n<li>Da\u00f1os en la m\u00e9dula espinal<\/li>\n\n\n\n<li>Discos abultados, herniados y deslizados<\/li>\n\n\n\n<li>Nervios pinzados<\/li>\n<\/ul>\n\n\n\n<p>La mayor\u00eda de las lesiones de espalda en el trabajo se producen por una sobrecarga o torsi\u00f3n de la columna vertebral tras haber realizado las siguientes actividades:<\/p>\n\n\n\n<ul class=\"wp-block-list\">\n<li>Levantar objetos pesados<\/li>\n\n\n\n<li>Tirando de<\/li>\n\n\n\n<li>Empujando<\/li>\n\n\n\n<li>Estar sentado durante largos periodos de tiempo, lo que provoca una mala postura.<\/li>\n<\/ul>\n\n\n\n<p>Las lesiones de espalda sufridas en el lugar de trabajo se caracterizan a menudo por un dolor insoportable, y requieren un tratamiento prolongado y periodos de recuperaci\u00f3n.<\/p>\n\n\n\n<p><strong>Causas del dolor de espalda<\/strong><br>Las lesiones de espalda en el lugar de trabajo pueden deberse a muchas causas distintas. Puede producirse por una sola acci\u00f3n, como levantar una caja excesivamente pesada, o por una tensi\u00f3n continua y constante de los m\u00fasculos, ligamentos y discos de la espalda que ofrecen soporte a las v\u00e9rtebras. Los movimientos mon\u00f3tonos, como levantar, empujar, tirar, cargar o sentarse de forma incorrecta, pueden debilitar o forzar la espalda.<\/p>\n\n\n\n<p>Existen dos tipos de dolor de espalda: <strong>aguda<\/strong> y <strong>cr\u00f3nica<\/strong>.<\/p>\n\n\n\n<p><strong>Agudo<\/strong> El dolor de espalda aparece r\u00e1pidamente, pero remite en un plazo de tres a seis semanas. Aunque el dolor de espalda agudo puede ser angustioso, dura poco.<\/p>\n\n\n\n<p><strong>Cr\u00f3nica<\/strong> El dolor de espalda puede persistir m\u00e1s de seis semanas, durante a\u00f1os o incluso toda la vida.<\/p>\n\n\n\n<p><strong>Pasos a seguir si sufre una lesi\u00f3n de cuello o espalda en el trabajo<\/strong><br>Si sufre una lesi\u00f3n de espalda o cuello, tiene derecho a recibir prestaciones de compensaci\u00f3n laboral, que financian el coste de su atenci\u00f3n m\u00e9dica, terapia, gastos de bolsillo, costes de desplazamiento de ida y vuelta al tratamiento m\u00e9dico y aproximadamente dos tercios de sus ingresos perdidos.<\/p>\n\n\n\n<p><strong>El proceso de indemnizaci\u00f3n de los trabajadores<\/strong><br>El proceso de indemnizaci\u00f3n por accidente de trabajo comienza cuando usted notifica inicialmente su lesi\u00f3n a su empresario o supervisor. El parte inicial de lesiones se presenta generalmente en un formulario DWC-1, en el que usted indica la informaci\u00f3n relativa a la fecha, hora y causa de su lesi\u00f3n. Si sufre una lesi\u00f3n grave y tiene que ser hospitalizado, es posible que no pueda rellenar el formulario hasta que haya recuperado cierta estabilidad.<\/p>\n\n\n\n<p>Si ha sufrido una lesi\u00f3n de cuello o espalda en el lugar de trabajo, llame al <a href=\"https:\/\/www.briskmanandbriskman.com\/es\/areas-de-practica\/indemnizacion-por-accidente-laboral\/\">abogados de accidentes laborales<\/a> en Briskman, Briskman y Greenberg.<\/p>\n\n\n\n<h3 class=\"wp-block-heading\">Abogados con experiencia para cualquier accidente laboral<\/h3>\n\n\n\n<ul class=\"wp-block-list\">\n<li><a href=\"https:\/\/www.briskmanandbriskman.com\/es\/areas-de-practica\/indemnizacion-por-accidente-laboral\/rotura-de-huesos-en-el-trabajo\/\">Huesos rotos en el trabajo<\/a><\/li>\n\n\n\n<li><a href=\"https:\/\/www.briskmanandbriskman.com\/es\/areas-de-practica\/indemnizacion-por-accidente-laboral\/chicago-accidente-de-coche-en-el-trabajo-abogados\/\">Accidente de coche en el trabajo Abogados<\/a><\/li>\n\n\n\n<li><a href=\"https:\/\/www.briskmanandbriskman.com\/es\/areas-de-practica\/indemnizacion-por-accidente-laboral\/chicago-lesiones-en-la-cabeza-y-los-trabajadores-abogados-de-compensacion\/\">Traumatismo craneal en el trabajo<\/a><\/li>\n\n\n\n<li><a href=\"https:\/\/www.briskmanandbriskman.com\/es\/areas-de-practica\/indemnizacion-por-accidente-laboral\/abogados-de-chicago-especializados-en-caidas-de-escaleras-y-compensacion-laboral\/\">Ca\u00eddas de Escalera y Abogados de Compensaci\u00f3n de Trabajadores<\/a><\/li>\n\n\n\n<li><a href=\"https:\/\/www.briskmanandbriskman.com\/es\/areas-de-practica\/indemnizacion-por-accidente-laboral\/los-abogados-de-lesiones-de-chicago-ayudan-a-los-mecanicos-lesionados-a-obtener-una-indemnizacion-por-sus-lesiones-laborales\/\">Chicago Mec\u00e1nico Abogados de Lesiones<\/a><\/li>\n\n\n\n<li><a href=\"https:\/\/www.briskmanandbriskman.com\/es\/areas-de-practica\/indemnizacion-por-accidente-laboral\/abogados-de-lesiones-en-el-lugar-de-trabajo-del-almacen-de-chicago\/\">Chicago Abogados de accidentes laborales en almacenes<\/a><\/li>\n\n\n\n<li><a href=\"https:\/\/www.briskmanandbriskman.com\/es\/areas-de-practica\/indemnizacion-por-accidente-laboral\/chicago-abogado-de-accidentes-de-trabajo-para-los-trabajadores-de-almacen-amazon\/\">Chicago Abogado de accidentes de trabajo para los trabajadores del almac\u00e9n de Amazon<\/a><\/li>\n\n\n\n<li><a href=\"https:\/\/www.briskmanandbriskman.com\/es\/areas-de-practica\/indemnizacion-por-accidente-laboral\/chicago-abogados-de-accidentes-de-trabajo-para-los-trabajadores-de-entrega-de-amazon\/\">Chicago Abogados de lesiones de trabajo para los trabajadores de entrega de Amazon<\/a><\/li>\n\n\n\n<li><a href=\"https:\/\/www.briskmanandbriskman.com\/es\/areas-de-practica\/indemnizacion-por-accidente-laboral\/chicago-abogados-de-compensacion-a-los-trabajadores-por-caidas-desde-andamios\/\">Chicago Abogados de indemnizaci\u00f3n laboral por ca\u00eddas desde andamios<\/a><\/li>\n\n\n\n<li><a href=\"https:\/\/www.briskmanandbriskman.com\/es\/areas-de-practica\/indemnizacion-por-accidente-laboral\/abogados-de-compensacion-laboral-de-chicago-para-trabajadores-de-fedex-lesionados\/\">Chicago Compensaci\u00f3n de los Trabajadores Abogados para los trabajadores lesionados FedEx<\/a><\/li>\n\n\n\n<li><a href=\"https:\/\/www.briskmanandbriskman.com\/es\/areas-de-practica\/indemnizacion-por-accidente-laboral\/chicago-workplace-injury-lawyers-firm-represent-injured-delivery-drivers\/\">Chicago Abogados de lesiones de trabajo representan conductores de entrega lesionados<\/a><\/li>\n\n\n\n<li><a href=\"https:\/\/www.briskmanandbriskman.com\/es\/areas-de-practica\/indemnizacion-por-accidente-laboral\/electrocucion-en-el-trabajo\/\">Electrocuci\u00f3n en el trabajo<\/a><\/li>\n\n\n\n<li><a href=\"https:\/\/www.briskmanandbriskman.com\/es\/areas-de-practica\/indemnizacion-por-accidente-laboral\/lesionado-mientras-trabajaba-en-ups-nuestros-abogados-de-compensacion-de-trabajadores-pueden-ayudar-a\/\">Abogados especializados en indemnizaciones laborales de UPS<\/a><\/li>\n\n\n\n<li><a href=\"https:\/\/www.briskmanandbriskman.com\/es\/areas-de-practica\/indemnizacion-por-accidente-laboral\/lesiones-de-cuello-y-espalda-en-el-trabajo\/\">Lesiones de cuello y espalda en el trabajo<\/a><\/li>\n\n\n\n<li><a href=\"https:\/\/www.briskmanandbriskman.com\/es\/areas-de-practica\/indemnizacion-por-accidente-laboral\/resbalon-y-caida-en-el-trabajo\/\">Resbalones y ca\u00eddas en el trabajo<\/a><\/li>\n\n\n\n<li><a href=\"https:\/\/www.briskmanandbriskman.com\/es\/areas-de-practica\/indemnizacion-por-accidente-laboral\/\">Chicago Abogados de accidentes de trabajo en aerol\u00edneas y aeropuertos<\/a><\/li>\n\n\n\n<li><a href=\"https:\/\/www.briskmanandbriskman.com\/es\/areas-de-practica\/indemnizacion-por-accidente-laboral\/chicago-aircraft-mechanic-injury-lawyers\/\">Chicago Abogados especializados en lesiones de mec\u00e1nicos de aeronaves<\/a><\/li>\n\n\n\n<li><a href=\"https:\/\/www.briskmanandbriskman.com\/es\/areas-de-practica\/indemnizacion-por-accidente-laboral\/chicago-airline-baggage-handler-injury-lawyer\/\">Chicago Abogado especializado en lesiones de tripulantes de equipajes de l\u00edneas a\u00e9reas<\/a><\/li>\n\n\n\n<li><a href=\"https:\/\/www.briskmanandbriskman.com\/es\/areas-de-practica\/indemnizacion-por-accidente-laboral\/chicago-airline-food-service-worker-injury-attorney\/\">Chicago Abogado de Lesiones de Trabajadores de Servicios de Alimentaci\u00f3n de Aerol\u00edneas<\/a><\/li>\n\n\n\n<li><a href=\"https:\/\/www.briskmanandbriskman.com\/es\/areas-de-practica\/indemnizacion-por-accidente-laboral\/chicago-flight-attendant-injury-lawyers\/\">Chicago Auxiliar de vuelo Abogados de Lesiones de Trabajo<\/a><\/li>\n<\/ul>","protected":false},"excerpt":{"rendered":"<p>Lesiones cervicalesLas lesiones cervicales pueden producirse de varias formas distintas, independientemente de c\u00f3mo se produzcan, pueden ser dolorosas e incapacitantes. Muchas de las lesiones que se producen en el lugar de trabajo afectan al cuello y pueden ir de leves a graves. Las m\u00e1s graves pueden provocar una incapacidad permanente. Las lesiones cervicales m\u00e1s graves pueden...<\/p>","protected":false},"author":1,"featured_media":11468,"parent":64,"menu_order":0,"comment_status":"closed","ping_status":"closed","template":"","meta":{"_acf_changed":false,"footnotes":""},"class_list":["post-10414","page","type-page","status-publish","has-post-thumbnail","hentry"],"acf":[],"_links":{"self":[{"href":"https:\/\/www.briskmanandbriskman.com\/es\/wp-json\/wp\/v2\/pages\/10414","targetHints":{"allow":["GET"]}}],"collection":[{"href":"https:\/\/www.briskmanandbriskman.com\/es\/wp-json\/wp\/v2\/pages"}],"about":[{"href":"https:\/\/www.briskmanandbriskman.com\/es\/wp-json\/wp\/v2\/types\/page"}],"author":[{"embeddable":true,"href":"https:\/\/www.briskmanandbriskman.com\/es\/wp-json\/wp\/v2\/users\/1"}],"replies":[{"embeddable":true,"href":"https:\/\/www.briskmanandbriskman.com\/es\/wp-json\/wp\/v2\/comments?post=10414"}],"version-history":[{"count":2,"href":"https:\/\/www.briskmanandbriskman.com\/es\/wp-json\/wp\/v2\/pages\/10414\/revisions"}],"predecessor-version":[{"id":13181,"href":"https:\/\/www.briskmanandbriskman.com\/es\/wp-json\/wp\/v2\/pages\/10414\/revisions\/13181"}],"up":[{"embeddable":true,"href":"https:\/\/www.briskmanandbriskman.com\/es\/wp-json\/wp\/v2\/pages\/64"}],"wp:featuredmedia":[{"embeddable":true,"href":"https:\/\/www.briskmanandbriskman.com\/es\/wp-json\/wp\/v2\/media\/11468"}],"wp:attachment":[{"href":"https:\/\/www.briskmanandbriskman.com\/es\/wp-json\/wp\/v2\/media?parent=10414"}],"curies":[{"name":"wp","href":"https:\/\/api.w.org\/{rel}","templated":true}]}}