{"id":10412,"date":"2024-02-14T22:52:40","date_gmt":"2024-02-14T22:52:40","guid":{"rendered":"https:\/\/bbg.mystagingwebsite.com\/?page_id=10412"},"modified":"2024-04-09T18:43:04","modified_gmt":"2024-04-09T18:43:04","slug":"proyectos-a-largo-plazo-frente-a-proyectos-a-corto-plazo","status":"publish","type":"page","link":"https:\/\/www.briskmanandbriskman.com\/es\/practice-areas\/workers-compensation\/long-term-projects-vs-short-term-projects\/","title":{"rendered":"Proyectos a largo plazo frente a proyectos a corto plazo"},"content":{"rendered":"<h2 class=\"wp-block-heading\"><em>Proyectos a largo plazo frente a proyectos a corto plazo - Chicago Workers' Compensation Lawyers<\/em><\/h2>\n\n\n\n<p>Los empleados de Chicago que han sufrido una lesi\u00f3n laboral tienen derecho a presentar una reclamaci\u00f3n de indemnizaci\u00f3n por accidente laboral a trav\u00e9s de su empresa. Los trabajadores que se lesionan en el trabajo pueden sufrir efectos a corto plazo, como dolor y movilidad reducida, que les obliguen a ausentarse del trabajo. En algunos casos, el impacto de una lesi\u00f3n laboral puede ser a largo plazo, e incluso durar toda la vida. Una indemnizaci\u00f3n por accidente laboral proporciona a los trabajadores lesionados prestaciones por gastos m\u00e9dicos, salarios no percibidos y otros conceptos.<\/p>\n\n\n\n<p>En <a href=\"https:\/\/www.briskmanandbriskman.com\/es\/areas-de-practica\/indemnizacion-por-accidente-laboral\/\">abogados expertos en indemnizaci\u00f3n por accidente laboral Chicago en Briskman Briskman &amp; Greenberg<\/a> puede ayudarle a recuperar las m\u00e1ximas prestaciones por sus lesiones. Nos aseguraremos de que la indemnizaci\u00f3n que reciba cubra todos los gastos derivados de su accidente laboral. Por desgracia, determinadas industrias y ocupaciones tienen m\u00e1s probabilidades de sufrir lesiones y accidentes laborales que otras. A continuaci\u00f3n, examinamos las perspectivas de empleo para el Illinois en los pr\u00f3ximos a\u00f1os y el impacto previsto en los trabajadores de todo el estado.<\/p>\n\n\n\n<h3 class=\"wp-block-heading\">Algunas industrias y profesiones son m\u00e1s peligrosas que otras<\/h3>\n\n\n\n<p>En 2021 se produjeron 102.000 accidentes de trabajo y enfermedades profesionales no mortales en Illinois. La Oficina de Estad\u00edsticas Laborales identific\u00f3 el sector del comercio, el transporte y los servicios p\u00fablicos, junto con la educaci\u00f3n y los servicios de salud, como los que comprenden el 60 por ciento de las lesiones y enfermedades laborales de ese a\u00f1o. Otro estudio revel\u00f3 que los cinco sectores con mayores \u00edndices de lesiones laborales en todo el estado en 2021 eran:<\/p>\n\n\n\n<ul class=\"wp-block-list\">\n<li>Transporte y almacenamiento<\/li>\n\n\n\n<li>Arte, entretenimiento y ocio<\/li>\n\n\n\n<li>Comercio al por menor<\/li>\n\n\n\n<li>Agricultura, silvicultura, pesca y caza<\/li>\n\n\n\n<li>Otros servicios (adem\u00e1s de la administraci\u00f3n p\u00fablica)<\/li>\n<\/ul>\n\n\n\n<p>Cada trabajo conlleva diferentes tipos de tareas y riesgos, que pueden dar lugar a diversas lesiones y enfermedades laborales. Aunque los sectores que implican trabajo manual o con maquinaria pesada tienden intr\u00ednsecamente a ser m\u00e1s peligrosos, ninguna ocupaci\u00f3n es perfectamente segura. Las lesiones laborales tambi\u00e9n pueden producirse en trabajos de oficina. Por muy <a href=\"https:\/\/www.briskmanandbriskman.com\/es\/areas-de-practica\/chicago-lugar-de-trabajo-lesiones-abogados\/\">lesi\u00f3n laboral<\/a> se produce, los trabajadores tienen derecho a prestaciones de compensaci\u00f3n laboral.<\/p>\n\n\n\n<h3 class=\"wp-block-heading\">Proyecciones de empleo a largo plazo en Illinois<\/h3>\n\n\n\n<p>Las lesiones y enfermedades laborales pueden producirse en muy diversos tipos de lugares de trabajo. El Illinois Departamento de Seguridad en el Empleo (IDES) public\u00f3 proyecciones de empleo a largo plazo que cubren un periodo de 10 a\u00f1os que finaliza en 2030. En 2020, las cinco ocupaciones con m\u00e1s empleo fueron las de apoyo administrativo y de oficina, transporte y movimiento de materiales, ventas, gesti\u00f3n y producci\u00f3n.<\/p>\n\n\n\n<p>El IDES prev\u00e9 que, entre 2020 y 2030, el sector de los servicios profesionales y empresariales aumentar\u00e1 en un 9,23% el n\u00famero de puestos directivos. Las ocupaciones de gesti\u00f3n abarcan una amplia gama de funciones, como directores ejecutivos, directores generales y de operaciones, ejecutivos de publicidad y marketing, directores de relaciones p\u00fablicas y ventas, especialistas en operaciones, directores de recursos humanos, directores de producci\u00f3n industrial y directores de inform\u00e1tica y sistemas de informaci\u00f3n.<\/p>\n\n\n\n<p>Seg\u00fan las proyecciones del IDES, las \u00fanicas ocupaciones que se espera que experimenten un descenso son las de apoyo administrativo y de oficina, con una disminuci\u00f3n del 2,26 entre 2020 y 2030. Entre las funciones m\u00e1s habituales en este sector se encuentran las de empleado de finanzas, representante de atenci\u00f3n al cliente, recepcionista de hotel, cartero y secretaria.<\/p>\n\n\n\n<p>Por el contrario, se prev\u00e9 que durante este periodo el sector minorista aumente los puestos de ocupaci\u00f3n en algo m\u00e1s del 5%. Ejemplos de ocupaciones comerciales son los vendedores al por menor, los agentes de ventas de seguros, los ingenieros de ventas, los cajeros, los agentes de viajes, los agentes inmobiliarios y los vendedores ambulantes.<\/p>\n\n\n\n<p>Se prev\u00e9 que las funciones profesionales de producci\u00f3n aumenten en torno a un 2% de 2020 a 2030. Entre los trabajadores de este campo se incluyen supervisores, ensambladores y fabricantes, trabajadores de la industria alimentaria, trabajadores del metal, trabajadores de imprentas, trabajadores de la madera y operadores de plantas y sistemas, entre otros.<\/p>\n\n\n\n<p>El mayor aumento, del 13,75%, en 10 a\u00f1os se prev\u00e9 en las ocupaciones de transporte y movimiento de materiales en el sector del comercio, el transporte y los servicios p\u00fablicos. Los empleos en este sector incluyen supervisores de manipulaci\u00f3n de carga de aeronaves, trabajadores de transporte a\u00e9reo, conductores de cami\u00f3n, conductores de autob\u00fas, conductores de ambulancia, trabajadores de transporte ferroviario, trabajadores de movimiento de materiales, operadores de gr\u00faa y manipuladores de paquetes.<\/p>\n\n\n\n<h3 class=\"wp-block-heading\">Proyecciones de empleo a corto plazo en Illinois<\/h3>\n\n\n\n<p>El IDES public\u00f3 proyecciones de empleo a corto plazo que abarcan un periodo de dos a\u00f1os, de 2021 a 2023. En 2021, los cinco principales sectores con las tasas de empleo m\u00e1s elevadas fueron la educaci\u00f3n y los servicios sanitarios; el comercio, el transporte y los servicios p\u00fablicos; los servicios profesionales y empresariales; la asistencia sanitaria y social; y el comercio minorista.<\/p>\n\n\n\n<p>De 2021 a 2023, se prev\u00e9 que la industria del transporte aumente los roles de ocupaci\u00f3n en un 7,3%. En 2021, la industria de la asistencia sanitaria y social en Illinois registr\u00f3 12.045 accidentes laborales.<\/p>\n\n\n\n<p>Uno de los mayores cambios en el empleo se observ\u00f3 en las ocupaciones de preparaci\u00f3n y servicio de alimentos, que registraron un aumento del 23,75% durante los dos a\u00f1os. Este sector abarca una amplia gama de funciones profesionales, como cocineros, cocineros de restaurante, camareros, lavaplatos, camareros, supervisores y trabajadores de mostradores de comida r\u00e1pida.<\/p>\n\n\n\n<h3 class=\"wp-block-heading\">Lesiones laborales en entornos de oficina<\/h3>\n\n\n\n<p>Aunque el trabajo de oficina y los trabajos de oficina no suelen considerarse peligrosos, los trabajadores de la industria de servicios profesionales y empresariales, las ocupaciones de ventas, los servicios educativos y sanitarios y la administraci\u00f3n de oficinas pueden ser propensos a sufrir lesiones laborales. Con el aumento previsto de las ocupaciones en estos sectores, tanto a corto como a largo plazo, es importante conocer sus derechos en caso de sufrir una lesi\u00f3n o enfermedad laboral.<\/p>\n\n\n\n<p>El sobreesfuerzo es una de las lesiones laborales m\u00e1s comunes en entornos de oficina. En 2020, el sobreesfuerzo fue el segundo tipo principal de lesi\u00f3n que requiri\u00f3 d\u00edas de baja laboral. Supuso el 22% de todas las lesiones laborales en las que los empleados tuvieron que ausentarse.<\/p>\n\n\n\n<p>Las lesiones por esfuerzos repetitivos, como el s\u00edndrome del t\u00fanel carpiano y la tendinitis, son frecuentes entre los empleados que trabajan con ordenadores durante muchas horas. Los trabajadores lesionados pueden necesitar medicaci\u00f3n y fisioterapia para recuperar la amplitud de movimiento.<\/p>\n\n\n\n<p>Estar sentado todo el d\u00eda puede provocar tensiones musculares, dolor de espalda y cuello, entre otros problemas. Leer con poca luz o mirar la pantalla del ordenador en penumbra puede provocar tensiones oculares. Levantar cargas pesadas, como pilas de archivos o equipos de oficina, puede provocar <a href=\"https:\/\/www.briskmanandbriskman.com\/es\/areas-de-practica\/indemnizacion-por-accidente-laboral\/lesiones-de-cuello-y-espalda-en-el-trabajo\/\">lesiones de espalda, cuello y hombros<\/a>.<\/p>\n\n\n\n<p><a href=\"https:\/\/www.briskmanandbriskman.com\/es\/areas-de-practica\/indemnizacion-por-accidente-laboral\/resbalon-y-caida-en-el-trabajo\/\">Accidentes por resbalones y ca\u00eddas<\/a> son uno de los tipos m\u00e1s comunes de lesiones en el trabajo en todas las ocupaciones. Muchos lugares de trabajo presentan riesgos de tropiezo, como cables alargadores sueltos, suelos resbaladizos, moquetas irregulares, iluminaci\u00f3n deficiente u objetos que bloquean los pasillos. Tambi\u00e9n pueden producirse ca\u00eddas al utilizar un taburete para alcanzar algo en una estanter\u00eda alta.<\/p>\n\n\n\n<p>Los trabajadores del comercio minorista se enfrentan a peligros similares cuando reponen las estanter\u00edas o tropiezan con objetos en el suelo de una tienda. El comercio minorista registr\u00f3 7.202 accidentes laborales en 2021.<\/p>\n\n\n\n<p>Las lesiones resultantes pueden ser tan leves como contusiones y rasgu\u00f1os o tan graves como fracturas y traumatismos craneoencef\u00e1licos. Tambi\u00e9n puede lesionarse el brazo o la mu\u00f1eca al intentar frenar la ca\u00edda. En los casos graves puede ser necesaria una intervenci\u00f3n quir\u00fargica y rehabilitaci\u00f3n, lo que implica ausentarse del trabajo para recuperarse.<\/p>\n\n\n\n<p>Una lesi\u00f3n laboral no tiene por qu\u00e9 ser consecuencia de un accidente de trabajo para tener derecho a prestaciones de compensaci\u00f3n de los trabajadores. Incluso las lesiones que se desarrollan gradualmente con el tiempo, como las lesiones por esfuerzo repetitivo, pueden obligarte a faltar al trabajo y acumular facturas m\u00e9dicas. Una reclamaci\u00f3n de indemnizaci\u00f3n te ayuda a recibir ayuda econ\u00f3mica para cubrir esos gastos.<\/p>\n\n\n\n<h3 class=\"wp-block-heading\">Accidentes de trabajo en empleos no relacionados con la oficina<\/h3>\n\n\n\n<p>Se prev\u00e9 que el sector del transporte Illinois experimente un crecimiento significativo hasta 2030, seg\u00fan datos del IDES. Teniendo esto en cuenta, es importante reconocer los riesgos de accidentes laborales que presenta este sector. En 2021, los sectores del transporte y <a href=\"https:\/\/www.briskmanandbriskman.com\/es\/areas-de-practica\/indemnizacion-por-accidente-laboral\/abogados-de-lesiones-en-el-lugar-de-trabajo-del-almacen-de-chicago\/\">en el sector del almacenamiento se produjeron 11.844 accidentes laborales en todo el estado<\/a>.<\/p>\n\n\n\n<p>Los conductores de camiones, autobuses, ambulancias y otras personas que se ganan la vida conduciendo corren el riesgo de verse implicados en accidentes de tr\u00e1fico en el trabajo. Las colisiones pueden causar toda una serie de lesiones, desde <a href=\"https:\/\/www.briskmanandbriskman.com\/es\/areas-de-practica\/indemnizacion-por-accidente-laboral\/rotura-de-huesos-en-el-trabajo\/\">huesos rotos<\/a> a <a href=\"https:\/\/www.briskmanandbriskman.com\/es\/areas-de-practica\/chicago-brain-injury-lawyer\/\">lesiones cerebrales traum\u00e1ticas<\/a>.<\/p>\n\n\n\n<p>Los trabajadores lesionados pueden tener que ausentarse considerablemente del trabajo debido a la hospitalizaci\u00f3n y a un largo periodo de recuperaci\u00f3n. En 2021, los trabajadores del transporte a\u00e9reo de todo el pa\u00eds tuvieron una tasa de 6,5 lesiones laborales por cada 100 trabajadores. Alrededor de 3,7 casos de cada 100 requirieron baja laboral.<\/p>\n\n\n\n<p>Las profesiones relacionadas con la producci\u00f3n se enfrentan a numerosos riesgos en el trabajo. Por ejemplo, los trabajadores del procesamiento de alimentos, los trabajadores del metal y los operadores de planta est\u00e1n en contacto con equipos especializados todos los d\u00edas. En 2021, los trabajadores de la fabricaci\u00f3n de productos de madera tuvieron una tasa de 6,1 accidentes laborales por cada 100 trabajadores. Algunas de las infracciones de seguridad m\u00e1s frecuentes citadas por la Administraci\u00f3n de Seguridad y Salud Ocupacional ese a\u00f1o estaban relacionadas con la protecci\u00f3n de la maquinaria, las carretillas industriales motorizadas, la protecci\u00f3n ocular y facial, la falta de bloqueo, la comunicaci\u00f3n de riesgos y la protecci\u00f3n contra ca\u00eddas.<\/p>\n\n\n\n<p>La falta de medidas de seguridad adecuadas en el lugar de trabajo puede causar lesiones graves. Los trabajadores tambi\u00e9n pueden desarrollar problemas de salud por inhalar humos t\u00f3xicos o no recibir el equipo de seguridad adecuado para cubrirse los ojos y la nariz. Aunque algunas lesiones pueden curarse con el tratamiento m\u00e9dico adecuado, otras pueden tener consecuencias duraderas. Las lesiones relacionadas con la maquinaria, por ejemplo, pueden provocar amputaciones que cambien la calidad de vida de una persona. Al presentar una reclamaci\u00f3n de indemnizaci\u00f3n por accidente de trabajo, sus prestaciones deben cubrir todas las p\u00e9rdidas que sufra a causa de una lesi\u00f3n o enfermedad laboral.<\/p>\n\n\n\n<p>Entre las proyecciones a corto plazo, las ocupaciones de preparaci\u00f3n y servicio de alimentos son las que m\u00e1s han crecido de 2021 a 2023. Los trabajadores del sector de la restauraci\u00f3n pueden sufrir cortes y rasgu\u00f1os, as\u00ed como quemaduras, al manipular cuchillos y electrodom\u00e9sticos en una cocina. Los camareros, por su parte, pueden resbalar y caer sobre derrames o sufrir escaldaduras mientras sirven comida y bebida caliente a los clientes.<\/p>\n\n\n\n<p>En el sector de la hosteler\u00eda, los trabajadores pueden sufrir dolores de espalda debido a tener que agacharse y levantar objetos pesados. Permanecer de pie en el mismo lugar durante largos periodos tambi\u00e9n puede provocar afecciones cr\u00f3nicas que requieran tratamiento m\u00e9dico. El personal de limpieza que manipula productos de limpieza agresivos puede sufrir reacciones al\u00e9rgicas y complicaciones que afectan a su capacidad para desempe\u00f1ar sus funciones laborales.<\/p>\n\n\n\n<h3 class=\"wp-block-heading\">Reclamaciones por da\u00f1os personales en Chicago<\/h3>\n\n\n\n<p>Si se ha lesionado trabajando en una ocupaci\u00f3n que presenta riesgos cotidianos, es \u00fatil <a href=\"https:\/\/www.briskmanandbriskman.com\/es\/abogados-de-accidentes-de-camiones-en-chicago-2\/\">consulte a un abogado experto en indemnizaci\u00f3n por accidente laboral Chicago<\/a>. En algunos casos, un <a href=\"https:\/\/www.briskmanandbriskman.com\/es\/\">el trabajador lesionado puede tener una reclamaci\u00f3n por da\u00f1os personales<\/a> adem\u00e1s de una reclamaci\u00f3n de indemnizaci\u00f3n por accidente laboral.<\/p>\n\n\n\n<p>Un abogado puede ayudarle a determinar si un tercero negligente contribuy\u00f3 a sus lesiones laborales. En Briskman Briskman &amp; Greenberg, tenemos la comprensi\u00f3n y las habilidades necesarias para manejar tanto lesiones personales y casos de compensaci\u00f3n de trabajadores.<\/p>\n\n\n\n<p>Por ejemplo, los gruistas <a href=\"https:\/\/www.briskmanandbriskman.com\/es\/areas-de-practica\/accidentes-en-la-construccion\/\">que trabajan en obras de construcci\u00f3n pueden lesionarse<\/a> debido a un equipo defectuoso. Los manipuladores de envases corren el riesgo de <a href=\"https:\/\/www.briskmanandbriskman.com\/es\/areas-de-practica\/indemnizacion-por-accidente-laboral\/chicago-workplace-injury-lawyers-firm-represent-injured-delivery-drivers\/\">sufrir un accidente por resbal\u00f3n y ca\u00edda mientras hac\u00eda entregas<\/a>que pueden requerir una amplia rehabilitaci\u00f3n.<\/p>\n\n\n\n<p>En el primer caso, un trabajador de la construcci\u00f3n lesionado puede tener una reclamaci\u00f3n v\u00e1lida por da\u00f1os personales contra un fabricante que vendi\u00f3 <a href=\"https:\/\/www.briskmanandbriskman.com\/es\/areas-de-practica\/chicago-product-liability-attorney\/\">maquinaria defectuosa<\/a>que, a su vez, caus\u00f3 el accidente de trabajo. En la segunda situaci\u00f3n, el trabajador lesionado puede tener una <a href=\"https:\/\/www.briskmanandbriskman.com\/es\/areas-de-practica\/abogados-de-responsabilidad-civil-de-locales-de-chicago\/\">reclamaci\u00f3n por responsabilidad de los locales<\/a> contra el propietario de un edificio que no mantuvo sus suelos libres de riesgos de resbalones.<\/p>\n\n\n\n<h3 class=\"wp-block-heading\">Pasos clave tras un accidente laboral Chicago<\/h3>\n\n\n\n<p>Si se ha lesionado o ha sufrido una enfermedad en el trabajo, hay varios pasos que debe dar inmediatamente para proteger sus derechos. En los casos de indemnizaci\u00f3n por accidente de trabajo Illinois existen plazos estrictos, por lo que es fundamental actuar con rapidez. Briskman Briskman &amp; Greenberg le recomienda que tome las siguientes medidas:<\/p>\n\n\n\n<ul class=\"wp-block-list\">\n<li><strong>Informe a su empresario de la lesi\u00f3n o enfermedad laboral.<\/strong> Los empleados disponen de 45 d\u00edas para informar a su empresa de su accidente laboral y presentar una reclamaci\u00f3n v\u00e1lida de indemnizaci\u00f3n por accidente de trabajo, pero lo mejor es hacerlo de inmediato. Tardar demasiado en notificar la lesi\u00f3n puede aumentar la probabilidad de que la compa\u00f1\u00eda de seguros rechace la reclamaci\u00f3n y argumente que su lesi\u00f3n no est\u00e1 relacionada con el trabajo. Aunque puedes notificar a tu empresa el accidente de trabajo verbalmente, tambi\u00e9n es importante tener los hechos por escrito. Haga un informe escrito de su lesi\u00f3n o enfermedad y conserve una copia para sus archivos. No sigas trabajando, aunque la lesi\u00f3n parezca leve.<\/li>\n\n\n\n<li><strong>Rellenar un formulario de reclamaci\u00f3n por enfermedad o lesi\u00f3n.<\/strong> Rellene un formulario de reclamaci\u00f3n aunque ya haya comunicado el accidente laboral a su empresa verbalmente o por escrito. Sea minucioso y espec\u00edfico sobre el incidente, incluyendo detalles como el lugar y la hora. Presente el formulario lo antes posible para evitar retrasos en el proceso de indemnizaci\u00f3n por accidente de trabajo. Conserve una copia del mismo, as\u00ed como cualquier otro documento que pueda respaldar su reclamaci\u00f3n.<\/li>\n\n\n\n<li><strong>Busque tratamiento m\u00e9dico de inmediato.<\/strong> Llame al 911 si tiene una emergencia m\u00e9dica. De lo contrario, busque atenci\u00f3n m\u00e9dica lo antes posible. Los retrasos en ver a un m\u00e9dico despu\u00e9s de una lesi\u00f3n de trabajo pueden afectar el \u00e9xito de su reclamo de compensaci\u00f3n de trabajadores. Muchas empresas cuentan con un proveedor m\u00e9dico designado para tratar las lesiones laborales. Sin embargo, la ley Illinois permite a los trabajadores acudir a un m\u00e9dico de su elecci\u00f3n. Informe a su m\u00e9dico de su lesi\u00f3n o enfermedad laboral y siga sus consejos m\u00e9dicos. Pide una \"baja laboral\" si el m\u00e9dico te dice que no puedes volver al trabajo debido a tu lesi\u00f3n.<\/li>\n\n\n\n<li><strong>Consulte a un abogado cualificado en indemnizaci\u00f3n por accidente de trabajo Illinois.<\/strong> Muchos bufetes de abogados, entre ellos Briskman Briskman &amp; Greenberg, <a href=\"https:\/\/www.briskmanandbriskman.com\/es\/consulta-gratuita\/\">ofrecen consultas jur\u00eddicas gratuitas<\/a>. Durante esta consulta inicial, puede hacer preguntas sobre la presentaci\u00f3n de una reclamaci\u00f3n de indemnizaci\u00f3n por accidente de trabajo. El abogado tambi\u00e9n puede ayudarle a averiguar si <a href=\"https:\/\/www.briskmanandbriskman.com\/es\/areas-de-practica\/abogados-de-reclamaciones-de-responsabilidad-civil-de-chicago\/\">su accidente de trabajo implic\u00f3 a un tercero que puede ser responsable de da\u00f1os personales<\/a>. Hablar con un abogado experto en indemnizaci\u00f3n por accidente de trabajo le garantiza que sus derechos est\u00e1n protegidos y que no le estafar\u00e1n para que no reciba las prestaciones que merece.<\/li>\n<\/ul>\n\n\n\n<h3 class=\"wp-block-heading\">Prescripci\u00f3n de las demandas de indemnizaci\u00f3n por accidente de trabajo Illinois<\/h3>\n\n\n\n<p>Los trabajadores que deseen recibir una indemnizaci\u00f3n justa por sus gastos m\u00e9dicos, salarios perdidos y otros gastos relacionados con el accidente de trabajo deben presentar su reclamaci\u00f3n a tiempo, de acuerdo con el plazo de prescripci\u00f3n de Illinois'. El incumplimiento de este plazo puede suponer la p\u00e9rdida del derecho a percibir una indemnizaci\u00f3n.<\/p>\n\n\n\n<p>El plazo de prescripci\u00f3n de las reclamaciones de indemnizaci\u00f3n por accidente de trabajo es de tres a\u00f1os a partir de la fecha en que se produjo el accidente de trabajo o de dos a\u00f1os a partir de la \u00faltima fecha en que se pag\u00f3 una factura m\u00e9dica o una indemnizaci\u00f3n por incapacidad. La ley de prescripci\u00f3n que se aplica se basa en lo que le da m\u00e1s tiempo para presentar su reclamo.<\/p>\n\n\n\n<h3 class=\"wp-block-heading\">\u00bfC\u00f3mo puede ayudar un abogado de indemnizaci\u00f3n por accidente de trabajo Chicago?<\/h3>\n\n\n\n<p>Los trabajadores lesionados merecen recibir una indemnizaci\u00f3n completa y justa tras una lesi\u00f3n o enfermedad laboral. Por desgracia, lo que deber\u00eda ser un proceso sencillo puede complicarse cuando los empleadores o las compa\u00f1\u00edas de seguros se niegan a pagarle las prestaciones que le corresponden. Esto puede ocurrir en todas las ocupaciones e industrias.<\/p>\n\n\n\n<p>A <a href=\"https:\/\/www.briskmanandbriskman.com\/es\/areas-de-practica\/indemnizacion-por-accidente-laboral\/\">Chicago abogado de indemnizaci\u00f3n laboral<\/a> puede ayudarle a navegar por las leyes Illinois que se aplican a su caso. Tambi\u00e9n pueden orientarle de cerca a lo largo del proceso legal de presentaci\u00f3n de una reclamaci\u00f3n. No es necesario demostrar la culpabilidad para solicitar prestaciones. Sin embargo, s\u00ed tiene que demostrar que su lesi\u00f3n est\u00e1 relacionada con el trabajo.<\/p>\n\n\n\n<p>Sin un abogado experto a su lado, corre el riesgo de que no le paguen el importe total de la indemnizaci\u00f3n que le corresponde. Aunque el dolor y las dificultades que resultan de un accidente laboral son muy reales para usted, eso no impide que las compa\u00f1\u00edas de seguros cuestionen la gravedad de sus lesiones. Pueden insistir en que su lesi\u00f3n o enfermedad no est\u00e1 relacionada con el trabajo o que esper\u00f3 demasiado para ver a un m\u00e9dico. Hay muchas razones por las que pueden denegarle la indemnizaci\u00f3n por accidente laboral.<\/p>\n\n\n\n<p>En <a href=\"https:\/\/www.briskmanandbriskman.com\/es\/\">Briskman Briskman &amp; Greenberg<\/a>Tenemos experiencia en las dificultades que suelen surgir en este tipo de reclamaciones. Nos dedicamos a ayudar a los trabajadores Chicago obtener una indemnizaci\u00f3n justa. Buscar representaci\u00f3n legal de calidad es la forma m\u00e1s fiable de obtener los beneficios vitales que se le deben despu\u00e9s de una lesi\u00f3n o enfermedad laboral. Estamos dispuestos a ayudarle, independientemente de la industria u ocupaci\u00f3n en la que trabaje.<\/p>\n\n\n\n<h3 class=\"wp-block-heading\">P\u00f3ngase en contacto con Briskman Briskman &amp; Greenberg para una consulta gratuita<\/h3>\n\n\n\n<p>Si tiene dificultades para obtener las prestaciones de indemnizaci\u00f3n por accidente de trabajo que merece, hable de su situaci\u00f3n con un abogado experto en indemnizaci\u00f3n por accidente de trabajo Chicago. <a href=\"https:\/\/www.briskmanandbriskman.com\/es\/\">Briskman Briskman &amp; Greenberg<\/a> est\u00e1 disponible para responder a todas sus preguntas y ayudarle a entender sus opciones para recuperar la compensaci\u00f3n por sus facturas m\u00e9dicas, salarios perdidos, y m\u00e1s. <a href=\"https:\/\/www.briskmanandbriskman.com\/es\/abogados-de-accidentes-de-camiones-en-chicago-2\/\">P\u00f3ngase en contacto con nosotros para una primera consulta gratuita<\/a>.<\/p>","protected":false},"excerpt":{"rendered":"<p>Proyectos a largo plazo frente a proyectos a corto plazo - Chicago Workers' Compensation Lawyers Los empleados de Chicago que hayan sufrido una lesi\u00f3n laboral tienen derecho a presentar una reclamaci\u00f3n de indemnizaci\u00f3n a trav\u00e9s de su empresa. Los trabajadores que se lesionan en el trabajo pueden sufrir efectos a corto plazo, como dolor y movilidad reducida, que les obliguen a ausentarse del trabajo....<\/p>","protected":false},"author":1,"featured_media":11532,"parent":64,"menu_order":0,"comment_status":"closed","ping_status":"closed","template":"","meta":{"_acf_changed":false,"footnotes":""},"class_list":["post-10412","page","type-page","status-publish","has-post-thumbnail","hentry"],"acf":[],"_links":{"self":[{"href":"https:\/\/www.briskmanandbriskman.com\/es\/wp-json\/wp\/v2\/pages\/10412","targetHints":{"allow":["GET"]}}],"collection":[{"href":"https:\/\/www.briskmanandbriskman.com\/es\/wp-json\/wp\/v2\/pages"}],"about":[{"href":"https:\/\/www.briskmanandbriskman.com\/es\/wp-json\/wp\/v2\/types\/page"}],"author":[{"embeddable":true,"href":"https:\/\/www.briskmanandbriskman.com\/es\/wp-json\/wp\/v2\/users\/1"}],"replies":[{"embeddable":true,"href":"https:\/\/www.briskmanandbriskman.com\/es\/wp-json\/wp\/v2\/comments?post=10412"}],"version-history":[{"count":6,"href":"https:\/\/www.briskmanandbriskman.com\/es\/wp-json\/wp\/v2\/pages\/10412\/revisions"}],"predecessor-version":[{"id":12754,"href":"https:\/\/www.briskmanandbriskman.com\/es\/wp-json\/wp\/v2\/pages\/10412\/revisions\/12754"}],"up":[{"embeddable":true,"href":"https:\/\/www.briskmanandbriskman.com\/es\/wp-json\/wp\/v2\/pages\/64"}],"wp:featuredmedia":[{"embeddable":true,"href":"https:\/\/www.briskmanandbriskman.com\/es\/wp-json\/wp\/v2\/media\/11532"}],"wp:attachment":[{"href":"https:\/\/www.briskmanandbriskman.com\/es\/wp-json\/wp\/v2\/media?parent=10412"}],"curies":[{"name":"wp","href":"https:\/\/api.w.org\/{rel}","templated":true}]}}