{"id":10409,"date":"2024-02-14T22:51:35","date_gmt":"2024-02-14T22:51:35","guid":{"rendered":"https:\/\/bbg.mystagingwebsite.com\/?page_id=10409"},"modified":"2025-05-27T23:01:31","modified_gmt":"2025-05-27T23:01:31","slug":"lesionado-mientras-trabajaba-en-ups-nuestros-abogados-de-compensacion-de-trabajadores-pueden-ayudar-a","status":"publish","type":"page","link":"https:\/\/www.briskmanandbriskman.com\/es\/practice-areas\/workers-compensation\/injured-while-working-at-ups-our-workers-compensation-lawyers-can-help\/","title":{"rendered":"Chicago Abogados para lesiones laborales en UPS"},"content":{"rendered":"<p>United Parcel Service (UPS) es conocida por sus r\u00e1pidos servicios de recogida y entrega. La empresa, con sede en Atlanta (Georgia), entrega casi 22 millones de paquetes y sobres cada d\u00eda a destinos de todo el mundo.<\/p>\n\n\n\n<p>Como una de las mayores empresas de log\u00edstica de entrega y env\u00edo de paquetes del mundo, UPS emplea a miles de personas de las que se espera que trabajen eficientemente en un entorno de ritmo r\u00e1pido para garantizar entregas puntuales a los clientes. Entre los empleados de UPS se encuentran conductores de camiones locales y transfronterizos, clasificadores de paquetes, estibadores y otros. Deben manipular cargas de diferentes tama\u00f1os utilizando equipos como transpaletas, carretillas elevadoras y carretillas manuales.<\/p>\n\n\n\n<p>La naturaleza de su trabajo implica que los empleados de UPS se enfrentan al riesgo de sufrir una lesi\u00f3n laboral. Si usted es un trabajador de UPS que se lesion\u00f3 en un accidente durante el transcurso de su empleo, puede tener derecho a una indemnizaci\u00f3n laboral. Para obtener m\u00e1s informaci\u00f3n, llame a los abogados especializados en accidentes de trabajo de Chicago al (312) 222-0010 para obtener un&nbsp;<a href=\"https:\/\/www.briskmanandbriskman.com\/es\/abogados-de-accidentes-de-camiones-en-chicago-2\/\">consulta gratuita<\/a>.<\/p>\n\n\n\n<p><strong>Lesiones comunes de los trabajadores de UPS<\/strong><\/p>\n\n\n\n<p>Los trabajadores de UPS tienen que enfrentarse a diario a una serie de peligros en el lugar de trabajo, como la exposici\u00f3n a humos t\u00f3xicos y subir escaleras mientras manipulan paquetes. Los accidentes laborales pueden producirse en muchos escenarios diferentes. Por ejemplo, trabajar bajo condiciones clim\u00e1ticas h\u00famedas o heladas puede provocar accidentes por resbalones y ca\u00eddas, o un conductor de cami\u00f3n puede verse implicado en un accidente mientras realiza entregas.<\/p>\n\n\n\n<p>Adem\u00e1s, el aumento de la demanda de los clientes durante las vacaciones estacionales hace que los empleados de UPS tengan que trabajar m\u00e1s horas. El ajetreado entorno de trabajo puede provocar fatiga y un mayor riesgo de accidentes. Para muchos trabajadores de UPS, sus obligaciones laborales implican muchos movimientos repetitivos, como levantar cajas pesadas a lo largo del d\u00eda. Pueden producirse lesiones de espalda a pesar de tomar diversas precauciones. Algunos accidentes pueden incluso provocar lesiones permanentes y dolores cr\u00f3nicos en los que se hace necesario un tratamiento de por vida. Estas son algunas de las lesiones m\u00e1s comunes entre los trabajadores de UPS:<\/p>\n\n\n\n<ul class=\"wp-block-list\">\n<li>Tensiones en la espalda<\/li>\n\n\n\n<li>Lesiones de hombro, brazo, mu\u00f1eca y mano<\/li>\n\n\n\n<li>Huesos rotos<\/li>\n\n\n\n<li>Cortes y contusiones<\/li>\n<\/ul>\n\n\n\n<p><strong>Los trabajadores lesionados de UPS pueden acogerse a las prestaciones de compensaci\u00f3n laboral<\/strong><\/p>\n\n\n\n<p>Las lesiones relacionadas con el trabajo pueden requerir un costoso tratamiento m\u00e9dico e incluso impedirle ir a trabajar. Afortunadamente, Illinois cuenta con pol\u00edticas de indemnizaci\u00f3n por accidente laboral para ayudar a los trabajadores lesionados a obtener una indemnizaci\u00f3n y contribuir a su recuperaci\u00f3n tras un accidente laboral. No es necesario demostrar la culpa para recibir estas prestaciones.<\/p>\n\n\n\n<p>Los empleados de UPS que se lesionan en el trabajo pueden tener derecho a prestaciones de compensaci\u00f3n laboral para ayudar a cubrir el coste de las facturas m\u00e9dicas y los salarios perdidos. En caso de lesiones especialmente graves o debilitantes, los trabajadores tambi\u00e9n pueden recibir prestaciones por incapacidad.<\/p>\n\n\n\n<p><strong>Reclamaciones de terceros<\/strong><\/p>\n\n\n\n<p>Cuando presente una reclamaci\u00f3n de indemnizaci\u00f3n por accidente laboral, no podr\u00e1 demandar a su empresa. Sin embargo, a veces la negligencia o la mala conducta de una parte externa son las culpables de las lesiones de un trabajador de UPS. En tales casos, puede ser posible obtener una indemnizaci\u00f3n por da\u00f1os y perjuicios a trav\u00e9s de una demanda por lesiones personales.<\/p>\n\n\n\n<p><a href=\"https:\/\/www.briskmanandbriskman.com\/es\/areas-de-practica\/abogado-de-mordedura-de-perro-chicago\/ups-driver-dog-bite-attorney\/\">Mordeduras de perro<\/a> and slip and fall accidents are examples of potential third-party negligence, as well as auto accidents in which a UPS vehicle was hit by a careless driver. A personal injury lawsuit allows you to recover noneconomic damages such as pain and suffering that you cannot obtain through a workers\u2019 compensation claim. Briskman Briskman &amp; Greenberg handles both workers\u2019 compensation claims and personal injury cases. Our lawyers will advise you of your legal options.<\/p>\n\n\n\n<p><strong>Qu\u00e9 hacer si se lesiona mientras trabaja para UPS<\/strong><\/p>\n\n\n\n<p>Debe notificar su lesi\u00f3n y presentar una reclamaci\u00f3n en un plazo determinado para poder optar a las prestaciones de compensaci\u00f3n de los trabajadores. De lo contrario, se arriesga a que su reclamaci\u00f3n sea autom\u00e1ticamente denegada. Un abogado con experiencia en accidentes de trabajo puede ayudarle con el proceso de obtenci\u00f3n de prestaciones. Estas son algunas de las cosas que debe hacer despu\u00e9s de un accidente laboral:<\/p>\n\n\n\n<div class=\"wp-block-group\"><div class=\"wp-block-group__inner-container is-layout-flow wp-block-group-is-layout-flow\">\n<ul class=\"wp-block-list\">\n<li>Busque atenci\u00f3n m\u00e9dica. Aseg\u00farese de seguir las \u00f3rdenes de su m\u00e9dico con respecto al tratamiento m\u00e9dico.<\/li>\n<\/ul>\n\n\n\n<ul class=\"wp-block-list\">\n<li>Informa de tu lesi\u00f3n a tu jefe o supervisor.<\/li>\n<\/ul>\n\n\n\n<ul class=\"wp-block-list\">\n<li>Hable con un abogado especializado en indemnizaciones laborales. Si cree que UPS le est\u00e1 tratando injustamente o no le est\u00e1 dando las prestaciones que se merece, es posible que necesite ayuda legal.<\/li>\n<\/ul>\n<\/div><\/div>\n\n\n\n<p><strong>Consulte a un abogado especializado en lesiones laborales Chicago<\/strong><\/p>\n\n\n\n<p>Aunque tenga una reclamaci\u00f3n leg\u00edtima de indemnizaci\u00f3n por accidente laboral, obtener las prestaciones que merece no siempre es tan sencillo como deber\u00eda. A menudo existen plazos para presentar una reclamaci\u00f3n. Si es usted un trabajador de UPS en la zona Chicago que ha sufrido lesiones en un accidente laboral, p\u00f3ngase en contacto con Briskman Briskman &amp; Greenberg. Nuestros abogados de indemnizaci\u00f3n por accidente laboral de Chicago buscar\u00e1n beneficios para usted y, si es necesario, emprender\u00e1n acciones legales contra terceros que puedan ser responsables de sus lesiones.<\/p>\n\n\n\n<p>Llame al Briskman Briskman &amp; Greenberg al (312) 222-0010 para un&nbsp;<a href=\"https:\/\/www.briskmanandbriskman.com\/es\/abogados-de-accidentes-de-camiones-en-chicago-2\/\">consulta gratuita<\/a>.<\/p>\n\n\n\n<h3 class=\"wp-block-heading\">Abogados con experiencia para cualquier accidente laboral<\/h3>\n\n\n\n<ul class=\"wp-block-list\">\n<li><a href=\"https:\/\/www.briskmanandbriskman.com\/es\/areas-de-practica\/indemnizacion-por-accidente-laboral\/rotura-de-huesos-en-el-trabajo\/\">Huesos rotos en el trabajo<\/a><\/li>\n\n\n\n<li><a href=\"https:\/\/www.briskmanandbriskman.com\/es\/areas-de-practica\/indemnizacion-por-accidente-laboral\/chicago-accidente-de-coche-en-el-trabajo-abogados\/\">Accidente de coche en el trabajo Abogados<\/a><\/li>\n\n\n\n<li><a href=\"https:\/\/www.briskmanandbriskman.com\/es\/areas-de-practica\/indemnizacion-por-accidente-laboral\/chicago-lesiones-en-la-cabeza-y-los-trabajadores-abogados-de-compensacion\/\">Traumatismo craneal en el trabajo<\/a><\/li>\n\n\n\n<li><a href=\"https:\/\/www.briskmanandbriskman.com\/es\/areas-de-practica\/indemnizacion-por-accidente-laboral\/abogados-de-chicago-especializados-en-caidas-de-escaleras-y-compensacion-laboral\/\">Ca\u00eddas de Escalera y Abogados de Compensaci\u00f3n de Trabajadores<\/a><\/li>\n\n\n\n<li><a href=\"https:\/\/www.briskmanandbriskman.com\/es\/areas-de-practica\/indemnizacion-por-accidente-laboral\/los-abogados-de-lesiones-de-chicago-ayudan-a-los-mecanicos-lesionados-a-obtener-una-indemnizacion-por-sus-lesiones-laborales\/\">Chicago Mec\u00e1nico Abogados de Lesiones<\/a><\/li>\n\n\n\n<li><a href=\"https:\/\/www.briskmanandbriskman.com\/es\/areas-de-practica\/indemnizacion-por-accidente-laboral\/abogados-de-lesiones-en-el-lugar-de-trabajo-del-almacen-de-chicago\/\">Chicago Abogados de accidentes laborales en almacenes<\/a><\/li>\n\n\n\n<li><a href=\"https:\/\/www.briskmanandbriskman.com\/es\/areas-de-practica\/indemnizacion-por-accidente-laboral\/chicago-abogado-de-accidentes-de-trabajo-para-los-trabajadores-de-almacen-amazon\/\">Chicago Abogado de accidentes de trabajo para los trabajadores del almac\u00e9n de Amazon<\/a><\/li>\n\n\n\n<li><a href=\"https:\/\/www.briskmanandbriskman.com\/es\/areas-de-practica\/indemnizacion-por-accidente-laboral\/chicago-abogados-de-accidentes-de-trabajo-para-los-trabajadores-de-entrega-de-amazon\/\">Chicago Abogados de lesiones de trabajo para los trabajadores de entrega de Amazon<\/a><\/li>\n\n\n\n<li><a href=\"https:\/\/www.briskmanandbriskman.com\/es\/areas-de-practica\/indemnizacion-por-accidente-laboral\/chicago-abogados-de-compensacion-a-los-trabajadores-por-caidas-desde-andamios\/\">Chicago Abogados de indemnizaci\u00f3n laboral por ca\u00eddas desde andamios<\/a><\/li>\n\n\n\n<li><a href=\"https:\/\/www.briskmanandbriskman.com\/es\/areas-de-practica\/indemnizacion-por-accidente-laboral\/abogados-de-compensacion-laboral-de-chicago-para-trabajadores-de-fedex-lesionados\/\">Chicago Compensaci\u00f3n de los Trabajadores Abogados para los trabajadores lesionados FedEx<\/a><\/li>\n\n\n\n<li><a href=\"https:\/\/www.briskmanandbriskman.com\/es\/areas-de-practica\/indemnizacion-por-accidente-laboral\/chicago-workplace-injury-lawyers-firm-represent-injured-delivery-drivers\/\">Chicago Abogados de lesiones de trabajo representan conductores de entrega lesionados<\/a><\/li>\n\n\n\n<li><a href=\"https:\/\/www.briskmanandbriskman.com\/es\/areas-de-practica\/indemnizacion-por-accidente-laboral\/electrocucion-en-el-trabajo\/\">Electrocuci\u00f3n en el trabajo<\/a><\/li>\n\n\n\n<li><a href=\"https:\/\/www.briskmanandbriskman.com\/es\/areas-de-practica\/indemnizacion-por-accidente-laboral\/lesionado-mientras-trabajaba-en-ups-nuestros-abogados-de-compensacion-de-trabajadores-pueden-ayudar-a\/\">Abogados especializados en indemnizaciones laborales de UPS<\/a><\/li>\n\n\n\n<li><a href=\"https:\/\/www.briskmanandbriskman.com\/es\/areas-de-practica\/indemnizacion-por-accidente-laboral\/lesiones-de-cuello-y-espalda-en-el-trabajo\/\">Lesiones de cuello y espalda en el trabajo<\/a><\/li>\n\n\n\n<li><a href=\"https:\/\/www.briskmanandbriskman.com\/es\/areas-de-practica\/indemnizacion-por-accidente-laboral\/resbalon-y-caida-en-el-trabajo\/\">Resbalones y ca\u00eddas en el trabajo<\/a><\/li>\n\n\n\n<li><a href=\"https:\/\/www.briskmanandbriskman.com\/es\/areas-de-practica\/indemnizacion-por-accidente-laboral\/\">Chicago Abogados de accidentes de trabajo en aerol\u00edneas y aeropuertos<\/a><\/li>\n\n\n\n<li><a href=\"https:\/\/www.briskmanandbriskman.com\/es\/areas-de-practica\/indemnizacion-por-accidente-laboral\/chicago-aircraft-mechanic-injury-lawyers\/\">Chicago Abogados especializados en lesiones de mec\u00e1nicos de aeronaves<\/a><\/li>\n\n\n\n<li><a href=\"https:\/\/www.briskmanandbriskman.com\/es\/areas-de-practica\/indemnizacion-por-accidente-laboral\/chicago-airline-baggage-handler-injury-lawyer\/\">Chicago Abogado especializado en lesiones de tripulantes de equipajes de l\u00edneas a\u00e9reas<\/a><\/li>\n\n\n\n<li><a href=\"https:\/\/www.briskmanandbriskman.com\/es\/areas-de-practica\/indemnizacion-por-accidente-laboral\/chicago-airline-food-service-worker-injury-attorney\/\">Chicago Abogado de Lesiones de Trabajadores de Servicios de Alimentaci\u00f3n de Aerol\u00edneas<\/a><\/li>\n\n\n\n<li><a href=\"https:\/\/www.briskmanandbriskman.com\/es\/areas-de-practica\/indemnizacion-por-accidente-laboral\/chicago-flight-attendant-injury-lawyers\/\">Chicago Auxiliar de vuelo Abogados de Lesiones de Trabajo<\/a><\/li>\n<\/ul>","protected":false},"excerpt":{"rendered":"<p>United Parcel Service (UPS) es conocida por sus r\u00e1pidos servicios de recogida y entrega. La empresa, con sede en Atlanta (Georgia), entrega casi 22 millones de paquetes y sobres cada d\u00eda a destinos de todo el mundo. Como una de las mayores empresas de log\u00edstica de entrega y env\u00edo de paquetes del mundo, UPS emplea a miles de...<\/p>","protected":false},"author":1,"featured_media":11105,"parent":64,"menu_order":0,"comment_status":"closed","ping_status":"closed","template":"","meta":{"_acf_changed":false,"footnotes":""},"class_list":["post-10409","page","type-page","status-publish","has-post-thumbnail","hentry"],"acf":[],"_links":{"self":[{"href":"https:\/\/www.briskmanandbriskman.com\/es\/wp-json\/wp\/v2\/pages\/10409","targetHints":{"allow":["GET"]}}],"collection":[{"href":"https:\/\/www.briskmanandbriskman.com\/es\/wp-json\/wp\/v2\/pages"}],"about":[{"href":"https:\/\/www.briskmanandbriskman.com\/es\/wp-json\/wp\/v2\/types\/page"}],"author":[{"embeddable":true,"href":"https:\/\/www.briskmanandbriskman.com\/es\/wp-json\/wp\/v2\/users\/1"}],"replies":[{"embeddable":true,"href":"https:\/\/www.briskmanandbriskman.com\/es\/wp-json\/wp\/v2\/comments?post=10409"}],"version-history":[{"count":4,"href":"https:\/\/www.briskmanandbriskman.com\/es\/wp-json\/wp\/v2\/pages\/10409\/revisions"}],"predecessor-version":[{"id":15354,"href":"https:\/\/www.briskmanandbriskman.com\/es\/wp-json\/wp\/v2\/pages\/10409\/revisions\/15354"}],"up":[{"embeddable":true,"href":"https:\/\/www.briskmanandbriskman.com\/es\/wp-json\/wp\/v2\/pages\/64"}],"wp:featuredmedia":[{"embeddable":true,"href":"https:\/\/www.briskmanandbriskman.com\/es\/wp-json\/wp\/v2\/media\/11105"}],"wp:attachment":[{"href":"https:\/\/www.briskmanandbriskman.com\/es\/wp-json\/wp\/v2\/media?parent=10409"}],"curies":[{"name":"wp","href":"https:\/\/api.w.org\/{rel}","templated":true}]}}