{"id":10407,"date":"2024-02-14T22:46:47","date_gmt":"2024-02-14T22:46:47","guid":{"rendered":"https:\/\/bbg.mystagingwebsite.com\/?page_id=10407"},"modified":"2024-05-23T23:22:16","modified_gmt":"2024-05-23T23:22:16","slug":"electrocucion-en-el-trabajo","status":"publish","type":"page","link":"https:\/\/www.briskmanandbriskman.com\/es\/practice-areas\/workers-compensation\/electrocution-at-work\/","title":{"rendered":"Chicago Electrocuci\u00f3n Trabajo Lesiones Abogados"},"content":{"rendered":"<p>Los accidentes por electrocuci\u00f3n se producen en todo el pa\u00eds y afectan principalmente a personas que trabajan en los sectores de los servicios p\u00fablicos y la construcci\u00f3n. Seg\u00fan el Instituto Nacional de Seguridad y Salud en el Trabajo (NIOSH) de los Centros para el Control y la Prevenci\u00f3n de Enfermedades (CDC), el sector de la construcci\u00f3n representa alrededor del ocho por ciento de la mano de obra estadounidense. Sin embargo, representa el 44% de las muertes que se producen en el trabajo.<\/p>\n\n\n\n<p>Entre los trabajadores estadounidenses, los riesgos el\u00e9ctricos son responsables de m\u00e1s de 300 muertes y 4.000 lesiones cada a\u00f1o. Y la electrocuci\u00f3n ocupa el sexto lugar entre las causas de mortalidad laboral en Estados Unidos. Entre 2003 y 2007, los dos principales grupos de trabajadores que sufrieron el mayor n\u00famero de accidentes mortales por electrocuci\u00f3n en el trabajo fueron los que trabajaban en oficios de la construcci\u00f3n y en instalaci\u00f3n, mantenimiento y reparaci\u00f3n.<\/p>\n\n\n\n<p><strong>El uso de equipos pesados<\/strong><br>Seg\u00fan un estudio realizado por los CDC, el sector de la electrocuci\u00f3n es responsable del 52% de todas las electrocuciones en el lugar de trabajo, muchas de las cuales implican el uso de equipos pesados, incluidos contactos a\u00e9reos de l\u00edneas el\u00e9ctricas, gr\u00faas, plataformas de perforaci\u00f3n, camiones volquete, camiones cubo y retroexcavadoras. M\u00e1s del 90% de los accidentes por contacto con l\u00edneas el\u00e9ctricas est\u00e1n asociados a conductores de distribuci\u00f3n a\u00e9reos.<\/p>\n\n\n\n<p>Adem\u00e1s de los operadores de equipos pesados, entre los oficios laborales que tienen una exposici\u00f3n significativa al riesgo se encuentran:<\/p>\n\n\n\n<ul class=\"wp-block-list\">\n<li>Contratistas de tejados, fachadas y chapas met\u00e1licas<\/li>\n\n\n\n<li>Contratistas de poda de \u00e1rboles,<\/li>\n\n\n\n<li>Personal de agua\/alcantarillado\/tuber\u00edas y contratistas de comunicaciones<\/li>\n\n\n\n<li>Contratistas de pintura<\/li>\n<\/ul>\n\n\n\n<p><strong>Corrientes el\u00e9ctricas<\/strong><br>Cuando las corrientes el\u00e9ctricas golpean el cuerpo pueden producirse muchos tipos de lesiones. Debido al impacto que la electricidad tiene en el coraz\u00f3n, los m\u00fasculos y los nervios, puede producirse un paro card\u00edaco. La corriente puede causar da\u00f1os en los tejidos, o el contacto entre el cuerpo y una fuente el\u00e9ctrica puede provocar quemaduras t\u00e9rmicas. La gravedad de las lesiones depende del voltaje de la electricidad, el estado de salud de la persona, la forma en que la corriente se desplaza por el cuerpo y la rapidez con que se obtiene asistencia m\u00e9dica.<\/p>\n\n\n\n<p>Seg\u00fan los Institutos Nacionales de Salud (NIH), en Estados Unidos se producen 1.000 muertes al a\u00f1o por descargas el\u00e9ctricas. Varios de estos incidentes se producen en el lugar de trabajo, y van desde el uso de alargadores viejos por parte de los oficinistas hasta los trabajadores de la construcci\u00f3n alcanzados por un rayo. Los alargadores pueden producir quemaduras y descargas el\u00e9ctricas cuando tienen cables al descubierto. Pueden sufrir da\u00f1os en una obra y desgastarse con el tiempo.<\/p>\n\n\n\n<p><strong>Los accidentes por electrocuci\u00f3n se pueden prevenir<\/strong><br>Muchos accidentes de electrocuci\u00f3n podr\u00edan evitarse si los empresarios y las empresas de servicios p\u00fablicos utilizaran las pr\u00e1cticas m\u00e1s eficaces de mantenimiento preventivo, inspecci\u00f3n y reparaci\u00f3n que exige la ley. Por ejemplo, los empresarios pueden inspeccionar los lugares de trabajo y asegurarse de que los alargadores est\u00e1n en buen estado. Si los cables est\u00e1n desgastados, agrietados o deshilachados, deben sustituirse.<\/p>\n\n\n\n<p><strong>C\u00f3mo puede ayudarle un abogado especialista en accidentes laborales<\/strong><br>Si se ha lesionado en el trabajo, llame al <a href=\"https:\/\/www.briskmanandbriskman.com\/es\/areas-de-practica\/indemnizacion-por-accidente-laboral\/\">abogados de accidentes laborales<\/a> en el Briskman Briskman &amp; Greenberg. Evaluaremos los hechos de su caso y le asesoraremos sobre sus derechos. Debido a que s\u00f3lo manejamos estos casos sobre una base de contingencia, el pago se requiere s\u00f3lo si prevalecemos en la obtenci\u00f3n de una indemnizaci\u00f3n para usted.<\/p>\n\n\n\n<h3 class=\"wp-block-heading\">Abogados con experiencia para cualquier accidente laboral<\/h3>\n\n\n\n<ul class=\"wp-block-list\">\n<li><a href=\"https:\/\/www.briskmanandbriskman.com\/es\/areas-de-practica\/indemnizacion-por-accidente-laboral\/rotura-de-huesos-en-el-trabajo\/\">Huesos rotos en el trabajo<\/a><\/li>\n\n\n\n<li><a href=\"https:\/\/www.briskmanandbriskman.com\/es\/areas-de-practica\/indemnizacion-por-accidente-laboral\/chicago-accidente-de-coche-en-el-trabajo-abogados\/\">Accidente de coche en el trabajo Abogados<\/a><\/li>\n\n\n\n<li><a href=\"https:\/\/www.briskmanandbriskman.com\/es\/areas-de-practica\/indemnizacion-por-accidente-laboral\/chicago-lesiones-en-la-cabeza-y-los-trabajadores-abogados-de-compensacion\/\">Traumatismo craneal en el trabajo<\/a><\/li>\n\n\n\n<li><a href=\"https:\/\/www.briskmanandbriskman.com\/es\/areas-de-practica\/indemnizacion-por-accidente-laboral\/abogados-de-chicago-especializados-en-caidas-de-escaleras-y-compensacion-laboral\/\">Ca\u00eddas de Escalera y Abogados de Compensaci\u00f3n de Trabajadores<\/a><\/li>\n\n\n\n<li><a href=\"https:\/\/www.briskmanandbriskman.com\/es\/areas-de-practica\/indemnizacion-por-accidente-laboral\/los-abogados-de-lesiones-de-chicago-ayudan-a-los-mecanicos-lesionados-a-obtener-una-indemnizacion-por-sus-lesiones-laborales\/\">Chicago Mec\u00e1nico Abogados de Lesiones<\/a><\/li>\n\n\n\n<li><a href=\"https:\/\/www.briskmanandbriskman.com\/es\/areas-de-practica\/indemnizacion-por-accidente-laboral\/abogados-de-lesiones-en-el-lugar-de-trabajo-del-almacen-de-chicago\/\">Chicago Abogados de accidentes laborales en almacenes<\/a><\/li>\n\n\n\n<li><a href=\"https:\/\/www.briskmanandbriskman.com\/es\/areas-de-practica\/indemnizacion-por-accidente-laboral\/chicago-abogado-de-accidentes-de-trabajo-para-los-trabajadores-de-almacen-amazon\/\">Chicago Abogado de accidentes de trabajo para los trabajadores del almac\u00e9n de Amazon<\/a><\/li>\n\n\n\n<li><a href=\"https:\/\/www.briskmanandbriskman.com\/es\/areas-de-practica\/indemnizacion-por-accidente-laboral\/chicago-abogados-de-accidentes-de-trabajo-para-los-trabajadores-de-entrega-de-amazon\/\">Chicago Abogados de lesiones de trabajo para los trabajadores de entrega de Amazon<\/a><\/li>\n\n\n\n<li><a href=\"https:\/\/www.briskmanandbriskman.com\/es\/areas-de-practica\/indemnizacion-por-accidente-laboral\/chicago-abogados-de-compensacion-a-los-trabajadores-por-caidas-desde-andamios\/\">Chicago Abogados de indemnizaci\u00f3n laboral por ca\u00eddas desde andamios<\/a><\/li>\n\n\n\n<li><a href=\"https:\/\/www.briskmanandbriskman.com\/es\/areas-de-practica\/indemnizacion-por-accidente-laboral\/abogados-de-compensacion-laboral-de-chicago-para-trabajadores-de-fedex-lesionados\/\">Chicago Compensaci\u00f3n de los Trabajadores Abogados para los trabajadores lesionados FedEx<\/a><\/li>\n\n\n\n<li><a href=\"https:\/\/www.briskmanandbriskman.com\/es\/areas-de-practica\/indemnizacion-por-accidente-laboral\/chicago-workplace-injury-lawyers-firm-represent-injured-delivery-drivers\/\">Chicago Abogados de lesiones de trabajo representan conductores de entrega lesionados<\/a><\/li>\n\n\n\n<li><a href=\"https:\/\/www.briskmanandbriskman.com\/es\/areas-de-practica\/indemnizacion-por-accidente-laboral\/electrocucion-en-el-trabajo\/\">Electrocuci\u00f3n en el trabajo<\/a><\/li>\n\n\n\n<li><a href=\"https:\/\/www.briskmanandbriskman.com\/es\/areas-de-practica\/indemnizacion-por-accidente-laboral\/lesionado-mientras-trabajaba-en-ups-nuestros-abogados-de-compensacion-de-trabajadores-pueden-ayudar-a\/\">Abogados especializados en indemnizaciones laborales de UPS<\/a><\/li>\n\n\n\n<li><a href=\"https:\/\/www.briskmanandbriskman.com\/es\/areas-de-practica\/indemnizacion-por-accidente-laboral\/lesiones-de-cuello-y-espalda-en-el-trabajo\/\">Lesiones de cuello y espalda en el trabajo<\/a><\/li>\n\n\n\n<li><a href=\"https:\/\/www.briskmanandbriskman.com\/es\/areas-de-practica\/indemnizacion-por-accidente-laboral\/resbalon-y-caida-en-el-trabajo\/\">Resbalones y ca\u00eddas en el trabajo<\/a><\/li>\n\n\n\n<li><a href=\"https:\/\/www.briskmanandbriskman.com\/es\/areas-de-practica\/indemnizacion-por-accidente-laboral\/\">Chicago Abogados de accidentes de trabajo en aerol\u00edneas y aeropuertos<\/a><\/li>\n\n\n\n<li><a href=\"https:\/\/www.briskmanandbriskman.com\/es\/areas-de-practica\/indemnizacion-por-accidente-laboral\/chicago-aircraft-mechanic-injury-lawyers\/\">Chicago Abogados especializados en lesiones de mec\u00e1nicos de aeronaves<\/a><\/li>\n\n\n\n<li><a href=\"https:\/\/www.briskmanandbriskman.com\/es\/areas-de-practica\/indemnizacion-por-accidente-laboral\/chicago-airline-baggage-handler-injury-lawyer\/\">Chicago Abogado especializado en lesiones de tripulantes de equipajes de l\u00edneas a\u00e9reas<\/a><\/li>\n\n\n\n<li><a href=\"https:\/\/www.briskmanandbriskman.com\/es\/areas-de-practica\/indemnizacion-por-accidente-laboral\/chicago-airline-food-service-worker-injury-attorney\/\">Chicago Abogado de Lesiones de Trabajadores de Servicios de Alimentaci\u00f3n de Aerol\u00edneas<\/a><\/li>\n\n\n\n<li><a href=\"https:\/\/www.briskmanandbriskman.com\/es\/areas-de-practica\/indemnizacion-por-accidente-laboral\/chicago-flight-attendant-injury-lawyers\/\">Chicago Auxiliar de vuelo Abogados de Lesiones de Trabajo<\/a><\/li>\n<\/ul>","protected":false},"excerpt":{"rendered":"<p>Los accidentes por electrocuci\u00f3n se producen en todo el pa\u00eds y afectan principalmente a personas que trabajan en los sectores de los servicios p\u00fablicos y la construcci\u00f3n. Seg\u00fan el Instituto Nacional de Seguridad y Salud en el Trabajo (NIOSH) de los Centros para el Control y la Prevenci\u00f3n de Enfermedades (CDC), el sector de la construcci\u00f3n representa alrededor del ocho por ciento de la mano de obra estadounidense. Sin embargo, representa el 44 por ciento...<\/p>","protected":false},"author":1,"featured_media":11082,"parent":64,"menu_order":0,"comment_status":"closed","ping_status":"closed","template":"","meta":{"_acf_changed":false,"footnotes":""},"class_list":["post-10407","page","type-page","status-publish","has-post-thumbnail","hentry"],"acf":[],"_links":{"self":[{"href":"https:\/\/www.briskmanandbriskman.com\/es\/wp-json\/wp\/v2\/pages\/10407","targetHints":{"allow":["GET"]}}],"collection":[{"href":"https:\/\/www.briskmanandbriskman.com\/es\/wp-json\/wp\/v2\/pages"}],"about":[{"href":"https:\/\/www.briskmanandbriskman.com\/es\/wp-json\/wp\/v2\/types\/page"}],"author":[{"embeddable":true,"href":"https:\/\/www.briskmanandbriskman.com\/es\/wp-json\/wp\/v2\/users\/1"}],"replies":[{"embeddable":true,"href":"https:\/\/www.briskmanandbriskman.com\/es\/wp-json\/wp\/v2\/comments?post=10407"}],"version-history":[{"count":2,"href":"https:\/\/www.briskmanandbriskman.com\/es\/wp-json\/wp\/v2\/pages\/10407\/revisions"}],"predecessor-version":[{"id":13179,"href":"https:\/\/www.briskmanandbriskman.com\/es\/wp-json\/wp\/v2\/pages\/10407\/revisions\/13179"}],"up":[{"embeddable":true,"href":"https:\/\/www.briskmanandbriskman.com\/es\/wp-json\/wp\/v2\/pages\/64"}],"wp:featuredmedia":[{"embeddable":true,"href":"https:\/\/www.briskmanandbriskman.com\/es\/wp-json\/wp\/v2\/media\/11082"}],"wp:attachment":[{"href":"https:\/\/www.briskmanandbriskman.com\/es\/wp-json\/wp\/v2\/media?parent=10407"}],"curies":[{"name":"wp","href":"https:\/\/api.w.org\/{rel}","templated":true}]}}