{"id":10405,"date":"2024-02-14T22:45:53","date_gmt":"2024-02-14T22:45:53","guid":{"rendered":"https:\/\/bbg.mystagingwebsite.com\/?page_id=10405"},"modified":"2024-05-23T23:21:52","modified_gmt":"2024-05-23T23:21:52","slug":"chicago-workplace-injury-lawyers-firm-represent-injured-delivery-drivers","status":"publish","type":"page","link":"https:\/\/www.briskmanandbriskman.com\/es\/practice-areas\/workers-compensation\/chicago-workplace-injury-lawyers-firm-represent-injured-delivery-drivers\/","title":{"rendered":"Chicago Trabajo Lesiones Abogados Representar lesionados conductores de reparto"},"content":{"rendered":"<p>En la \u00faltima d\u00e9cada, el n\u00famero de personas que compran por Internet ha aumentado espectacularmente. Ahora los clientes pueden pedir casi cualquier cosa que necesiten por Internet y, en muchos casos, recibirla en pocas horas. Esto ofrece a los clientes una comodidad inigualable que no ser\u00eda posible sin conductores de reparto.<\/p>\n\n\n\n<p>Los conductores de reparto se enfrentan a muchos riesgos en el desempe\u00f1o de su trabajo. Los conductores de reparto lesionados pueden plantearse muchas preguntas. \u00bfQui\u00e9n fue responsable de mi accidente? \u00bfPuedo hacer algo para exigir responsabilidades? \u00bfY si no puedo volver al trabajo debido a mis lesiones? Todas estas preguntas son comunes. En Briskman Briskman &amp; Greenberg, nuestro equipo de abogados especializados en accidentes de conductores de reparto trabaja estrechamente con nuestros clientes para ayudarles a obtener una indemnizaci\u00f3n por sus lesiones laborales. Con m\u00e1s de 30 a\u00f1os de experiencia ofreciendo a los trabajadores de todas las industrias la representaci\u00f3n agresiva que se merecen, estamos especialmente cualificados para ayudarle con su reclamaci\u00f3n.<\/p>\n\n\n\n<p><strong>Lesiones de repartidores<\/strong><\/p>\n\n\n\n<p>Chicago conductores de entrega se enfrentan a una variedad de riesgos graves cada vez que comienzan un turno. Algunos de los accidentes m\u00e1s comunes que hemos manejado en nombre de los conductores de entrega incluyen:<\/p>\n\n\n\n<p><em><strong>Accidentes de tr\u00e1fico<\/strong><\/em><strong>:<\/strong> Los conductores de reparto pasan la mayor parte del tiempo en la carretera haciendo entregas. Por supuesto, esto les expone a un mayor riesgo de sufrir un accidente de tr\u00e1fico.<\/p>\n\n\n\n<p><em><strong>Resbalones y ca\u00eddas<\/strong><\/em><strong>:<\/strong> Los propietarios de viviendas y las empresas son responsables de mantener sus zonas de paso libres de peligros no se\u00f1alizados e injustificadamente peligrosos. As\u00ed, por ejemplo, si un repartidor resbala y cae en un pasillo helado, un pavimento da\u00f1ado o unas escaleras defectuosas, puede exigir responsabilidades al propietario por sus lesiones.<\/p>\n\n\n\n<p><em><strong>Mordeduras de perro<\/strong><\/em><strong>:<\/strong> Los propietarios de viviendas que tienen perros en su propiedad deben tomar las medidas necesarias para garantizar que los conductores de entrega no est\u00e1n sujetos a riesgos innecesarios planteados por sus mascotas. Illinois es un estado de responsabilidad objetiva en lo que respecta a las leyes sobre mordeduras de perro. Esto significa que un conductor de reparto no necesita demostrar que el propietario fue negligente o sab\u00eda que su animal era peligroso.<\/p>\n\n\n\n<p>Independientemente de c\u00f3mo se produjo el accidente, usted puede tener derecho a una indemnizaci\u00f3n. Los conductores de entrega lesionados deben ponerse en contacto con uno de los abogados con experiencia en lesiones en el lugar de trabajo en Briskman Briskman &amp; Greenberg para aprender m\u00e1s acerca de sus opciones.<\/p>\n\n\n\n<p><strong>Chicago Indemnizaciones por accidentes laborales frente a demandas por da\u00f1os corporales<\/strong><\/p>\n\n\n\n<p>Uno de los retos a los que se enfrentan los repartidores Chicago a la hora de reclamar por sus lesiones es determinar el tipo de reclamaci\u00f3n adecuado. En Illinois, los trabajadores lesionados pueden presentar normalmente uno de estos dos tipos de demandas: una demanda de indemnizaci\u00f3n por accidente laboral o una demanda por lesiones personales. Entender las diferencias entre estos dos tipos de casos es crucial.<\/p>\n\n\n\n<p>El \u00fanico remedio para los empleados lesionados en el trabajo suele ser una reclamaci\u00f3n de indemnizaci\u00f3n por accidente laboral. Sin embargo, las reclamaciones de indemnizaci\u00f3n s\u00f3lo est\u00e1n disponibles para los empleados, y muchos conductores de reparto son considerados legalmente contratistas independientes. Muchos repartidores no tienen derecho a percibir indemnizaciones por accidente laboral. Por supuesto, los conductores de reparto que son empleados oficiales pueden obtener prestaciones de compensaci\u00f3n laboral.<\/p>\n\n\n\n<p>Los conductores de reparto que son contratistas independientes, pueden presentar una demanda por lesiones personales contra la persona o entidad responsable de sus lesiones. En algunos casos, puede tratarse de la empresa de reparto; sin embargo, lo m\u00e1s frecuente es que la parte responsable sea otro automovilista, empresa o propietario de una vivienda.<\/p>\n\n\n\n<p>Determinar qu\u00e9 tipo de demanda por accidente laboral presentar no siempre es sencillo. En Briskman Briskman &amp; Greenberg, podemos ayudarle a entender las diferencias entre estas reclamaciones. Independientemente del tipo de reclamaci\u00f3n que mejor se adapte a su situaci\u00f3n, le ayudaremos a obtener la indemnizaci\u00f3n que se merece para ayudarle a seguir adelante con su vida.<\/p>\n\n\n\n<p><strong>C\u00f3mo puede ayudar Briskman Briskman &amp; Greenberg<\/strong><\/p>\n\n\n\n<p>En Briskman Briskman &amp; Greenberg, tenemos un equipo de abogados dedicados a ayudar a los conductores de entrega lesionados a recuperar la compensaci\u00f3n por sus lesiones relacionadas con el trabajo. Representamos a empleados lesionados de las siguientes empresas:<\/p>\n\n\n\n<ul class=\"wp-block-list\">\n<li>Amazon<\/li>\n\n\n\n<li>UPS<\/li>\n\n\n\n<li>Fed Ex<\/li>\n\n\n\n<li>Salpicadero<\/li>\n\n\n\n<li>Instacart<\/li>\n\n\n\n<li>Uber Eats<\/li>\n\n\n\n<li>Grub Hub<\/li>\n\n\n\n<li>Postmates<\/li>\n<\/ul>\n\n\n\n<p>Cuando incorpore a Briskman Briskman &amp; Greenberg a su equipo, nos ocuparemos de todo lo relacionado con su siniestro, para que usted pueda centrarse en su recuperaci\u00f3n. A continuaci\u00f3n se muestra una lista parcial de las cosas que hacemos para maximizar sus posibilidades de recuperaci\u00f3n al tiempo que reduce el estr\u00e9s asociado con el proceso de recuperaci\u00f3n:<\/p>\n\n\n\n<ul class=\"wp-block-list\">\n<li><em><strong>Explicarlo todo<\/strong><\/em><strong>:<\/strong> Comenzamos cada relaci\u00f3n con el cliente con una consulta gratuita. Durante nuestra reuni\u00f3n inicial, vamos a repasar tanto las reclamaciones de indemnizaci\u00f3n de los trabajadores, as\u00ed como los casos de lesiones personales, tomando todo el tiempo que sea necesario para asegurarse de que entiende cada tipo de reclamaci\u00f3n. Tambi\u00e9n responderemos a todas sus preguntas sobre el proceso de recuperaci\u00f3n.<\/li>\n\n\n\n<li><em><strong>Investigaci\u00f3n de su reclamaci\u00f3n:<\/strong><\/em> Despu\u00e9s de hablar con usted, tendremos una comprensi\u00f3n clara de su trabajo, c\u00f3mo se lesion\u00f3, y lo que es importante para usted. Comenzaremos una investigaci\u00f3n en profundidad de su caso, buscando todas las posibles teor\u00edas de responsabilidad para asegurarnos de que tiene la mejor oportunidad de conseguir la m\u00e1xima indemnizaci\u00f3n por sus lesiones.<\/li>\n\n\n\n<li><em><strong>Presentar su reclamaci\u00f3n<\/strong><\/em><strong>:<\/strong> No nos demoraremos en presentar su reclamaci\u00f3n para que pueda obtener las prestaciones que se merece lo antes posible<\/li>\n\n\n\n<li><em><strong>Negociaciones<\/strong><\/em><strong>:<\/strong> Cuando usted contrata a Briskman Briskman &amp; Greenberg para llevar su caso, nosotros nos encargamos de toda la comunicaci\u00f3n con su empresa y con las compa\u00f1\u00edas de seguros. Las compa\u00f1\u00edas de seguros rara vez tienen los intereses de nuestros clientes en el coraz\u00f3n y, a menudo tratan de empujar ofertas bajas en los trabajadores lesionados. Nos aseguraremos de que cualquier oferta que acepte sea justa y le compense equitativamente.<\/li>\n\n\n\n<li><em><strong>Litigios<\/strong><\/em><strong>:<\/strong> La mayor\u00eda de los casos de lesiones laborales Chicago se resuelven sin necesidad de juicio. Sin embargo, si la compa\u00f1\u00eda de seguros se niega a ofrecerle una compensaci\u00f3n justa, no dudaremos en llevar su caso a juicio para maximizar su indemnizaci\u00f3n por da\u00f1os y perjuicios.<\/li>\n<\/ul>\n\n\n\n<p><strong>Comun\u00edquese con nuestro equipo de abogados expertos en lesiones laborales del condado de Cook<\/strong><\/p>\n\n\n\n<p>Si recientemente ha sufrido una lesi\u00f3n como conductor de reparto, los abogados especializados en lesiones personales de Illinois pueden ayudarle. Nuestros abogados representan a los empleados lesionados y sus familias en lesiones personales y reclamaciones de indemnizaci\u00f3n de los trabajadores. Tenemos m\u00e1s de 30 a\u00f1os de experiencia en la defensa de los trabajadores Chicago, y sabemos lo que se necesita para tener \u00e9xito en nombre de nuestros clientes. Como parte de la Garant\u00eda Briskman, manejamos todos los casos sobre una base de contingencia, lo que significa que s\u00f3lo aceptaremos el pago si tenemos \u00e9xito en la obtenci\u00f3n de una indemnizaci\u00f3n para usted o su familia. Para obtener m\u00e1s informaci\u00f3n, llame al 1-877-595-4878 para programar una consulta gratuita hoy.<\/p>\n\n\n\n<h3 class=\"wp-block-heading\">Abogados con experiencia para cualquier accidente laboral<\/h3>\n\n\n\n<ul class=\"wp-block-list\">\n<li><a href=\"https:\/\/www.briskmanandbriskman.com\/es\/areas-de-practica\/indemnizacion-por-accidente-laboral\/rotura-de-huesos-en-el-trabajo\/\">Huesos rotos en el trabajo<\/a><\/li>\n\n\n\n<li><a href=\"https:\/\/www.briskmanandbriskman.com\/es\/areas-de-practica\/indemnizacion-por-accidente-laboral\/chicago-accidente-de-coche-en-el-trabajo-abogados\/\">Accidente de coche en el trabajo Abogados<\/a><\/li>\n\n\n\n<li><a href=\"https:\/\/www.briskmanandbriskman.com\/es\/areas-de-practica\/indemnizacion-por-accidente-laboral\/chicago-lesiones-en-la-cabeza-y-los-trabajadores-abogados-de-compensacion\/\">Traumatismo craneal en el trabajo<\/a><\/li>\n\n\n\n<li><a href=\"https:\/\/www.briskmanandbriskman.com\/es\/areas-de-practica\/indemnizacion-por-accidente-laboral\/abogados-de-chicago-especializados-en-caidas-de-escaleras-y-compensacion-laboral\/\">Ca\u00eddas de Escalera y Abogados de Compensaci\u00f3n de Trabajadores<\/a><\/li>\n\n\n\n<li><a href=\"https:\/\/www.briskmanandbriskman.com\/es\/areas-de-practica\/indemnizacion-por-accidente-laboral\/los-abogados-de-lesiones-de-chicago-ayudan-a-los-mecanicos-lesionados-a-obtener-una-indemnizacion-por-sus-lesiones-laborales\/\">Chicago Mec\u00e1nico Abogados de Lesiones<\/a><\/li>\n\n\n\n<li><a href=\"https:\/\/www.briskmanandbriskman.com\/es\/areas-de-practica\/indemnizacion-por-accidente-laboral\/abogados-de-lesiones-en-el-lugar-de-trabajo-del-almacen-de-chicago\/\">Chicago Abogados de accidentes laborales en almacenes<\/a><\/li>\n\n\n\n<li><a href=\"https:\/\/www.briskmanandbriskman.com\/es\/areas-de-practica\/indemnizacion-por-accidente-laboral\/chicago-abogado-de-accidentes-de-trabajo-para-los-trabajadores-de-almacen-amazon\/\">Chicago Abogado de accidentes de trabajo para los trabajadores del almac\u00e9n de Amazon<\/a><\/li>\n\n\n\n<li><a href=\"https:\/\/www.briskmanandbriskman.com\/es\/areas-de-practica\/indemnizacion-por-accidente-laboral\/chicago-abogados-de-accidentes-de-trabajo-para-los-trabajadores-de-entrega-de-amazon\/\">Chicago Abogados de lesiones de trabajo para los trabajadores de entrega de Amazon<\/a><\/li>\n\n\n\n<li><a href=\"https:\/\/www.briskmanandbriskman.com\/es\/areas-de-practica\/indemnizacion-por-accidente-laboral\/chicago-abogados-de-compensacion-a-los-trabajadores-por-caidas-desde-andamios\/\">Chicago Abogados de indemnizaci\u00f3n laboral por ca\u00eddas desde andamios<\/a><\/li>\n\n\n\n<li><a href=\"https:\/\/www.briskmanandbriskman.com\/es\/areas-de-practica\/indemnizacion-por-accidente-laboral\/abogados-de-compensacion-laboral-de-chicago-para-trabajadores-de-fedex-lesionados\/\">Chicago Compensaci\u00f3n de los Trabajadores Abogados para los trabajadores lesionados FedEx<\/a><\/li>\n\n\n\n<li><a href=\"https:\/\/www.briskmanandbriskman.com\/es\/areas-de-practica\/indemnizacion-por-accidente-laboral\/chicago-workplace-injury-lawyers-firm-represent-injured-delivery-drivers\/\">Chicago Abogados de lesiones de trabajo representan conductores de entrega lesionados<\/a><\/li>\n\n\n\n<li><a href=\"https:\/\/www.briskmanandbriskman.com\/es\/areas-de-practica\/indemnizacion-por-accidente-laboral\/electrocucion-en-el-trabajo\/\">Electrocuci\u00f3n en el trabajo<\/a><\/li>\n\n\n\n<li><a href=\"https:\/\/www.briskmanandbriskman.com\/es\/areas-de-practica\/indemnizacion-por-accidente-laboral\/lesionado-mientras-trabajaba-en-ups-nuestros-abogados-de-compensacion-de-trabajadores-pueden-ayudar-a\/\">Abogados especializados en indemnizaciones laborales de UPS<\/a><\/li>\n\n\n\n<li><a href=\"https:\/\/www.briskmanandbriskman.com\/es\/areas-de-practica\/indemnizacion-por-accidente-laboral\/lesiones-de-cuello-y-espalda-en-el-trabajo\/\">Lesiones de cuello y espalda en el trabajo<\/a><\/li>\n\n\n\n<li><a href=\"https:\/\/www.briskmanandbriskman.com\/es\/areas-de-practica\/indemnizacion-por-accidente-laboral\/resbalon-y-caida-en-el-trabajo\/\">Resbalones y ca\u00eddas en el trabajo<\/a><\/li>\n\n\n\n<li><a href=\"https:\/\/www.briskmanandbriskman.com\/es\/areas-de-practica\/indemnizacion-por-accidente-laboral\/\">Chicago Abogados de accidentes de trabajo en aerol\u00edneas y aeropuertos<\/a><\/li>\n\n\n\n<li><a href=\"https:\/\/www.briskmanandbriskman.com\/es\/areas-de-practica\/indemnizacion-por-accidente-laboral\/chicago-aircraft-mechanic-injury-lawyers\/\">Chicago Abogados especializados en lesiones de mec\u00e1nicos de aeronaves<\/a><\/li>\n\n\n\n<li><a href=\"https:\/\/www.briskmanandbriskman.com\/es\/areas-de-practica\/indemnizacion-por-accidente-laboral\/chicago-airline-baggage-handler-injury-lawyer\/\">Chicago Abogado especializado en lesiones de tripulantes de equipajes de l\u00edneas a\u00e9reas<\/a><\/li>\n\n\n\n<li><a href=\"https:\/\/www.briskmanandbriskman.com\/es\/areas-de-practica\/indemnizacion-por-accidente-laboral\/chicago-airline-food-service-worker-injury-attorney\/\">Chicago Abogado de Lesiones de Trabajadores de Servicios de Alimentaci\u00f3n de Aerol\u00edneas<\/a><\/li>\n\n\n\n<li><a href=\"https:\/\/www.briskmanandbriskman.com\/es\/areas-de-practica\/indemnizacion-por-accidente-laboral\/chicago-flight-attendant-injury-lawyers\/\">Chicago Auxiliar de vuelo Abogados de Lesiones de Trabajo<\/a><\/li>\n<\/ul>","protected":false},"excerpt":{"rendered":"<p>En la \u00faltima d\u00e9cada, el n\u00famero de personas que compran por Internet ha aumentado espectacularmente. Ahora los clientes pueden pedir casi cualquier cosa que necesiten por Internet y, en muchos casos, recibirla en pocas horas. Esto ofrece a los clientes una comodidad inigualable que no ser\u00eda posible sin los conductores de reparto. Los conductores de reparto se enfrentan a muchos riesgos al realizar...<\/p>","protected":false},"author":1,"featured_media":11105,"parent":64,"menu_order":0,"comment_status":"closed","ping_status":"closed","template":"","meta":{"_acf_changed":false,"footnotes":""},"class_list":["post-10405","page","type-page","status-publish","has-post-thumbnail","hentry"],"acf":[],"_links":{"self":[{"href":"https:\/\/www.briskmanandbriskman.com\/es\/wp-json\/wp\/v2\/pages\/10405","targetHints":{"allow":["GET"]}}],"collection":[{"href":"https:\/\/www.briskmanandbriskman.com\/es\/wp-json\/wp\/v2\/pages"}],"about":[{"href":"https:\/\/www.briskmanandbriskman.com\/es\/wp-json\/wp\/v2\/types\/page"}],"author":[{"embeddable":true,"href":"https:\/\/www.briskmanandbriskman.com\/es\/wp-json\/wp\/v2\/users\/1"}],"replies":[{"embeddable":true,"href":"https:\/\/www.briskmanandbriskman.com\/es\/wp-json\/wp\/v2\/comments?post=10405"}],"version-history":[{"count":3,"href":"https:\/\/www.briskmanandbriskman.com\/es\/wp-json\/wp\/v2\/pages\/10405\/revisions"}],"predecessor-version":[{"id":13178,"href":"https:\/\/www.briskmanandbriskman.com\/es\/wp-json\/wp\/v2\/pages\/10405\/revisions\/13178"}],"up":[{"embeddable":true,"href":"https:\/\/www.briskmanandbriskman.com\/es\/wp-json\/wp\/v2\/pages\/64"}],"wp:featuredmedia":[{"embeddable":true,"href":"https:\/\/www.briskmanandbriskman.com\/es\/wp-json\/wp\/v2\/media\/11105"}],"wp:attachment":[{"href":"https:\/\/www.briskmanandbriskman.com\/es\/wp-json\/wp\/v2\/media?parent=10405"}],"curies":[{"name":"wp","href":"https:\/\/api.w.org\/{rel}","templated":true}]}}