{"id":10391,"date":"2024-02-14T22:29:08","date_gmt":"2024-02-14T22:29:08","guid":{"rendered":"https:\/\/bbg.mystagingwebsite.com\/?page_id=10391"},"modified":"2024-05-23T23:20:44","modified_gmt":"2024-05-23T23:20:44","slug":"chicago-abogado-de-accidentes-de-trabajo-para-los-trabajadores-de-almacen-amazon","status":"publish","type":"page","link":"https:\/\/www.briskmanandbriskman.com\/es\/practice-areas\/workers-compensation\/chicago-work-injury-lawyer-for-amazon-warehouse-workers\/","title":{"rendered":"Abogados de accidentes de trabajo en almacenes de Amazon en Chicago"},"content":{"rendered":"<p>Amazon ha cambiado para siempre la forma en que compramos por Internet al proporcionar un c\u00f3modo acceso a una gran variedad de productos. Para satisfacer los pedidos de los clientes con rapidez y eficacia, la empresa dispone de almacenes en todo el mundo en los que los trabajadores gestionan miles de millones de art\u00edculos que se env\u00edan cada a\u00f1o.<\/p>\n\n\n\n<p>Amazon gestiona m\u00faltiples instalaciones en Illinois, incluidos centros de distribuci\u00f3n y cumplimiento en Chicago, Joliet, Waukegan y Naperville, entre otras ubicaciones. A lo largo de los a\u00f1os, los almacenes Chicago de la empresa han sido noticia por los accidentes laborales provocados por las condiciones de trabajo de alta presi\u00f3n y el sobreesfuerzo de los empleados.<\/p>\n\n\n\n<p>El trabajo de almac\u00e9n es arriesgado por naturaleza, incluso cuando los trabajadores realizan tareas sencillas y cotidianas. Los trabajadores de Amazon manejan a menudo cargas pesadas y levantan cajas, lo que puede provocar lesiones de espalda. Los accidentes pueden deberse a ca\u00eddas de objetos, accidentes con carretillas elevadoras, derrames de inventario y equipos defectuosos.<\/p>\n\n\n\n<p>Los peligros de trabajar en un almac\u00e9n se agravan cuando los empleados trabajan muchas horas en un entorno ajetreado y exigente que valora la eficiencia por encima de la seguridad. Los trabajadores de los almacenes de Amazon tienen que trabajar con rapidez para cumplir los plazos de entrega, lo que les hace vulnerables a los accidentes derivados del cansancio y la fatiga.<\/p>\n\n\n\n<p>La ley Illinois otorga a los trabajadores el derecho legal a obtener prestaciones por sus lesiones en el trabajo mediante la presentaci\u00f3n de una reclamaci\u00f3n de indemnizaci\u00f3n por accidente laboral. Briskman Briskman &amp; Greenberg se encarga de las reclamaciones por lesiones laborales de los empleados de Amazon en Chicago y alrededores. Si se lesion\u00f3 mientras trabajaba en un centro de cumplimiento o distribuci\u00f3n de Amazon, nuestros abogados pueden ayudarle a obtener la compensaci\u00f3n que merece.<\/p>\n\n\n\n<p><strong>Peligros de trabajar en un almac\u00e9n de Amazon<\/strong><\/p>\n\n\n\n<p>Las lesiones de espalda son frecuentes entre los trabajadores de los almacenes de Amazon, ya que su trabajo consiste en empaquetar y mover cajas todo el d\u00eda. Muchos empleados tambi\u00e9n denuncian lesiones que surgen con el tiempo por movimientos repetitivos.<\/p>\n\n\n\n<p>Hay muchos otros tipos de accidentes. Por ejemplo, resbalar y caer sobre un suelo de hormig\u00f3n mojado puede provocar fracturas en las extremidades o traumatismos craneoencef\u00e1licos. Estos son otros escenarios en los que los trabajadores de los almacenes de Amazon pueden sufrir lesiones graves:<\/p>\n\n\n\n<ul class=\"wp-block-list\">\n<li>Ser golpeado por objetos cuando se caen las cargas o el equipo funciona mal.<\/li>\n\n\n\n<li>Tropiezos y ca\u00eddas con pal\u00e9s vac\u00edos, contenedores, escombros o inventario derramado.<\/li>\n\n\n\n<li>El uso de carretillas elevadoras para cargar y descargar camiones puede crear situaciones peligrosas cuando los empleados trabajan sin ninguna protecci\u00f3n.<\/li>\n\n\n\n<li>El levantamiento manual de objetos pesados somete al cuerpo a un esfuerzo considerable y puede provocar lesiones por sobreesfuerzo.<\/li>\n<\/ul>\n\n\n\n<p><strong>Indemnizaci\u00f3n por accidente laboral para los empleados de Amazon<\/strong><\/p>\n\n\n\n<p>Seg\u00fan la ley Illinois, las grandes empresas como Amazon est\u00e1n obligadas a participar en el programa estatal de seguro de indemnizaci\u00f3n por accidentes laborales. El programa protege la salud y el bienestar de los empleados que se lesionan en un accidente laboral o sufren una enfermedad relacionada con el trabajo.<\/p>\n\n\n\n<p>Si eres empleado de un almac\u00e9n de Amazon y te has lesionado en el lugar de trabajo o durante el transcurso de tu empleo, es posible que tengas derecho a una indemnizaci\u00f3n por accidente laboral que te ayude a recuperarte. Dependiendo de las circunstancias y el alcance de sus lesiones, usted puede estar calificado para recibir uno o m\u00e1s de los siguientes beneficios:<\/p>\n\n\n\n<ul class=\"wp-block-list\">\n<li>Asistencia m\u00e9dica<\/li>\n\n\n\n<li>Rehabilitaci\u00f3n<\/li>\n\n\n\n<li>Pagos por incapacidad temporal<\/li>\n\n\n\n<li>Indemnizaciones por incapacidad permanente<\/li>\n\n\n\n<li>P\u00e9rdida de ingresos al faltar al trabajo por lesiones<\/li>\n\n\n\n<li>Recualificaci\u00f3n profesional<\/li>\n<\/ul>\n\n\n\n<p><strong>Los trabajadores de Amazon y las reclamaciones de terceros<\/strong><\/p>\n\n\n\n<p>Un trabajador lesionado no necesita demostrar la culpa al presentar una reclamaci\u00f3n de indemnizaci\u00f3n por accidente laboral. Sin embargo, al solicitar prestaciones, un empleado normalmente no puede presentar una demanda contra su empleador por dolor y sufrimiento, angustia emocional, p\u00e9rdida de consorcio y otros da\u00f1os.<\/p>\n\n\n\n<p>En algunos casos, puede ser posible demandar a otra persona o empresa que tenga la culpa de su accidente laboral. Un tercero, como un proveedor externo, un fabricante de carretillas elevadoras o una empresa de limpieza, puede haber sido parcial o totalmente responsable de causar una situaci\u00f3n peligrosa que provoc\u00f3 su lesi\u00f3n.<\/p>\n\n\n\n<p>Mientras que los beneficios de compensaci\u00f3n de los trabajadores se limitan a las p\u00e9rdidas econ\u00f3micas, una demanda por lesiones personales le permite recuperar los beneficios no econ\u00f3micos que abordan el alcance total de sus p\u00e9rdidas. Lo mejor es discutir su caso con un abogado experto en lesiones de trabajo para determinar el mejor curso de acci\u00f3n legal.<\/p>\n\n\n\n<p><strong>Pasos a seguir tras lesionarse en un almac\u00e9n de Amazon<\/strong><\/p>\n\n\n\n<ul class=\"wp-block-list\">\n<li>Notifique a su empresario el accidente de trabajo y la lesi\u00f3n lo antes posible. Obt\u00e9n una copia del informe del accidente.<\/li>\n\n\n\n<li>Anota los nombres de todos los testigos del accidente.<\/li>\n\n\n\n<li>Haz fotos del lugar del accidente y de tus lesiones. Pide ayuda a un compa\u00f1ero de trabajo o a un amigo si no puedes hacerlo.<\/li>\n\n\n\n<li>Busca atenci\u00f3n m\u00e9dica de inmediato. Aseg\u00farate de seguir las \u00f3rdenes del m\u00e9dico.<\/li>\n\n\n\n<li>Hable con un abogado especializado en accidentes laborales de Amazon sobre su derecho legal a una indemnizaci\u00f3n.<\/li>\n<\/ul>\n\n\n\n<p><strong>P\u00f3ngase en contacto hoy mismo con Briskman Briskman &amp; Greenberg<\/strong><\/p>\n\n\n\n<p>En Briskman Briskman &amp; Greenberg, entendemos los riesgos laborales a los que se enfrenta como trabajador de almac\u00e9n de Amazon. Nuestros abogados especializados en lesiones laborales tienen experiencia en negociar con las compa\u00f1\u00edas de seguros y obtener el apoyo financiero que necesita para recuperarse. Investigaremos tu lesi\u00f3n laboral en Amazon y nos aseguraremos de que cumplas todos los plazos para presentar una reclamaci\u00f3n.<\/p>\n\n\n\n<p>Si se lesion\u00f3 mientras trabajaba en un almac\u00e9n de Amazon, llame a Briskman Briskman &amp; Greenberg al (312) 222-0010 para una\u00a0<a href=\"https:\/\/www.briskmanandbriskman.com\/es\/abogados-de-accidentes-de-camiones-en-chicago-2\/\">consulta gratuita<\/a>\u00a0con un abogado.<\/p>\n\n\n\n<h3 class=\"wp-block-heading\">Abogados con experiencia para cualquier accidente laboral<\/h3>\n\n\n\n<ul class=\"wp-block-list\">\n<li><a href=\"https:\/\/www.briskmanandbriskman.com\/es\/areas-de-practica\/indemnizacion-por-accidente-laboral\/rotura-de-huesos-en-el-trabajo\/\">Huesos rotos en el trabajo<\/a><\/li>\n\n\n\n<li><a href=\"https:\/\/www.briskmanandbriskman.com\/es\/areas-de-practica\/indemnizacion-por-accidente-laboral\/chicago-accidente-de-coche-en-el-trabajo-abogados\/\">Accidente de coche en el trabajo Abogados<\/a><\/li>\n\n\n\n<li><a href=\"https:\/\/www.briskmanandbriskman.com\/es\/areas-de-practica\/indemnizacion-por-accidente-laboral\/chicago-lesiones-en-la-cabeza-y-los-trabajadores-abogados-de-compensacion\/\">Traumatismo craneal en el trabajo<\/a><\/li>\n\n\n\n<li><a href=\"https:\/\/www.briskmanandbriskman.com\/es\/areas-de-practica\/indemnizacion-por-accidente-laboral\/abogados-de-chicago-especializados-en-caidas-de-escaleras-y-compensacion-laboral\/\">Ca\u00eddas de Escalera y Abogados de Compensaci\u00f3n de Trabajadores<\/a><\/li>\n\n\n\n<li><a href=\"https:\/\/www.briskmanandbriskman.com\/es\/areas-de-practica\/indemnizacion-por-accidente-laboral\/los-abogados-de-lesiones-de-chicago-ayudan-a-los-mecanicos-lesionados-a-obtener-una-indemnizacion-por-sus-lesiones-laborales\/\">Chicago Mec\u00e1nico Abogados de Lesiones<\/a><\/li>\n\n\n\n<li><a href=\"https:\/\/www.briskmanandbriskman.com\/es\/areas-de-practica\/indemnizacion-por-accidente-laboral\/abogados-de-lesiones-en-el-lugar-de-trabajo-del-almacen-de-chicago\/\">Chicago Abogados de accidentes laborales en almacenes<\/a><\/li>\n\n\n\n<li><a href=\"https:\/\/www.briskmanandbriskman.com\/es\/areas-de-practica\/indemnizacion-por-accidente-laboral\/chicago-abogado-de-accidentes-de-trabajo-para-los-trabajadores-de-almacen-amazon\/\">Chicago Abogado de accidentes de trabajo para los trabajadores del almac\u00e9n de Amazon<\/a><\/li>\n\n\n\n<li><a href=\"https:\/\/www.briskmanandbriskman.com\/es\/areas-de-practica\/indemnizacion-por-accidente-laboral\/chicago-abogados-de-accidentes-de-trabajo-para-los-trabajadores-de-entrega-de-amazon\/\">Chicago Abogados de lesiones de trabajo para los trabajadores de entrega de Amazon<\/a><\/li>\n\n\n\n<li><a href=\"https:\/\/www.briskmanandbriskman.com\/es\/areas-de-practica\/indemnizacion-por-accidente-laboral\/chicago-abogados-de-compensacion-a-los-trabajadores-por-caidas-desde-andamios\/\">Chicago Abogados de indemnizaci\u00f3n laboral por ca\u00eddas desde andamios<\/a><\/li>\n\n\n\n<li><a href=\"https:\/\/www.briskmanandbriskman.com\/es\/areas-de-practica\/indemnizacion-por-accidente-laboral\/abogados-de-compensacion-laboral-de-chicago-para-trabajadores-de-fedex-lesionados\/\">Chicago Compensaci\u00f3n de los Trabajadores Abogados para los trabajadores lesionados FedEx<\/a><\/li>\n\n\n\n<li><a href=\"https:\/\/www.briskmanandbriskman.com\/es\/areas-de-practica\/indemnizacion-por-accidente-laboral\/chicago-workplace-injury-lawyers-firm-represent-injured-delivery-drivers\/\">Chicago Abogados de lesiones de trabajo representan conductores de entrega lesionados<\/a><\/li>\n\n\n\n<li><a href=\"https:\/\/www.briskmanandbriskman.com\/es\/areas-de-practica\/indemnizacion-por-accidente-laboral\/electrocucion-en-el-trabajo\/\">Electrocuci\u00f3n en el trabajo<\/a><\/li>\n\n\n\n<li><a href=\"https:\/\/www.briskmanandbriskman.com\/es\/areas-de-practica\/indemnizacion-por-accidente-laboral\/lesionado-mientras-trabajaba-en-ups-nuestros-abogados-de-compensacion-de-trabajadores-pueden-ayudar-a\/\">Abogados especializados en indemnizaciones laborales de UPS<\/a><\/li>\n\n\n\n<li><a href=\"https:\/\/www.briskmanandbriskman.com\/es\/areas-de-practica\/indemnizacion-por-accidente-laboral\/lesiones-de-cuello-y-espalda-en-el-trabajo\/\">Lesiones de cuello y espalda en el trabajo<\/a><\/li>\n\n\n\n<li><a href=\"https:\/\/www.briskmanandbriskman.com\/es\/areas-de-practica\/indemnizacion-por-accidente-laboral\/resbalon-y-caida-en-el-trabajo\/\">Resbalones y ca\u00eddas en el trabajo<\/a><\/li>\n\n\n\n<li><a href=\"https:\/\/www.briskmanandbriskman.com\/es\/areas-de-practica\/indemnizacion-por-accidente-laboral\/\">Chicago Abogados de accidentes de trabajo en aerol\u00edneas y aeropuertos<\/a><\/li>\n\n\n\n<li><a href=\"https:\/\/www.briskmanandbriskman.com\/es\/areas-de-practica\/indemnizacion-por-accidente-laboral\/chicago-aircraft-mechanic-injury-lawyers\/\">Chicago Abogados especializados en lesiones de mec\u00e1nicos de aeronaves<\/a><\/li>\n\n\n\n<li><a href=\"https:\/\/www.briskmanandbriskman.com\/es\/areas-de-practica\/indemnizacion-por-accidente-laboral\/chicago-airline-baggage-handler-injury-lawyer\/\">Chicago Abogado especializado en lesiones de tripulantes de equipajes de l\u00edneas a\u00e9reas<\/a><\/li>\n\n\n\n<li><a href=\"https:\/\/www.briskmanandbriskman.com\/es\/areas-de-practica\/indemnizacion-por-accidente-laboral\/chicago-airline-food-service-worker-injury-attorney\/\">Chicago Abogado de Lesiones de Trabajadores de Servicios de Alimentaci\u00f3n de Aerol\u00edneas<\/a><\/li>\n\n\n\n<li><a href=\"https:\/\/www.briskmanandbriskman.com\/es\/areas-de-practica\/indemnizacion-por-accidente-laboral\/chicago-flight-attendant-injury-lawyers\/\">Chicago Auxiliar de vuelo Abogados de Lesiones de Trabajo<\/a><\/li>\n<\/ul>","protected":false},"excerpt":{"rendered":"<p>Amazon ha cambiado para siempre la forma en que compramos por Internet al proporcionar un c\u00f3modo acceso a una gran variedad de productos. Para cumplir con los pedidos de los clientes de forma r\u00e1pida y eficiente, la compa\u00f1\u00eda opera almacenes en todo el mundo en los que los trabajadores manejan miles de millones de art\u00edculos que se env\u00edan cada a\u00f1o. Amazon cuenta con m\u00faltiples instalaciones en todo el mundo, incluidos centros de distribuci\u00f3n y...<\/p>","protected":false},"author":1,"featured_media":11099,"parent":64,"menu_order":0,"comment_status":"closed","ping_status":"closed","template":"","meta":{"_acf_changed":false,"footnotes":""},"class_list":["post-10391","page","type-page","status-publish","has-post-thumbnail","hentry"],"acf":[],"_links":{"self":[{"href":"https:\/\/www.briskmanandbriskman.com\/es\/wp-json\/wp\/v2\/pages\/10391","targetHints":{"allow":["GET"]}}],"collection":[{"href":"https:\/\/www.briskmanandbriskman.com\/es\/wp-json\/wp\/v2\/pages"}],"about":[{"href":"https:\/\/www.briskmanandbriskman.com\/es\/wp-json\/wp\/v2\/types\/page"}],"author":[{"embeddable":true,"href":"https:\/\/www.briskmanandbriskman.com\/es\/wp-json\/wp\/v2\/users\/1"}],"replies":[{"embeddable":true,"href":"https:\/\/www.briskmanandbriskman.com\/es\/wp-json\/wp\/v2\/comments?post=10391"}],"version-history":[{"count":2,"href":"https:\/\/www.briskmanandbriskman.com\/es\/wp-json\/wp\/v2\/pages\/10391\/revisions"}],"predecessor-version":[{"id":13174,"href":"https:\/\/www.briskmanandbriskman.com\/es\/wp-json\/wp\/v2\/pages\/10391\/revisions\/13174"}],"up":[{"embeddable":true,"href":"https:\/\/www.briskmanandbriskman.com\/es\/wp-json\/wp\/v2\/pages\/64"}],"wp:featuredmedia":[{"embeddable":true,"href":"https:\/\/www.briskmanandbriskman.com\/es\/wp-json\/wp\/v2\/media\/11099"}],"wp:attachment":[{"href":"https:\/\/www.briskmanandbriskman.com\/es\/wp-json\/wp\/v2\/media?parent=10391"}],"curies":[{"name":"wp","href":"https:\/\/api.w.org\/{rel}","templated":true}]}}