{"id":10387,"date":"2024-02-14T22:26:53","date_gmt":"2024-02-14T22:26:53","guid":{"rendered":"https:\/\/bbg.mystagingwebsite.com\/?page_id=10387"},"modified":"2024-05-23T23:19:28","modified_gmt":"2024-05-23T23:19:28","slug":"abogados-de-chicago-especializados-en-caidas-de-escaleras-y-compensacion-laboral","status":"publish","type":"page","link":"https:\/\/www.briskmanandbriskman.com\/es\/practice-areas\/workers-compensation\/chicago-ladder-falls-and-workers-compensation-lawyers\/","title":{"rendered":"Chicago Ca\u00eddas de escaleras y abogados de indemnizaci\u00f3n laboral"},"content":{"rendered":"<p>Los trabajadores de las obras de construcci\u00f3n en torno al Chicago a menudo tienen que utilizar escaleras como parte de su trabajo. Aunque los empresarios son responsables de proporcionar un entorno de trabajo seguro a los empleados que se suben a dichas estructuras, las escaleras pueden ser peligrosas, ya que su altura y su naturaleza inestable pueden provocar ca\u00eddas y otros accidentes graves. Los trabajadores que se caen de una escalera pueden sufrir lesiones graves e incluso mortales.<\/p>\n\n\n\n<p>En <a href=\"https:\/\/www.briskmanandbriskman.com\/es\/areas-de-practica\/accidentes-en-la-construccion\/\">el sector de la construcci\u00f3n es intr\u00ednsecamente peligroso<\/a> ya que plantea numerosos problemas de seguridad que ponen a los trabajadores en riesgo de sufrir lesiones. Seg\u00fan el Instituto Nacional de Seguridad y Salud en el Trabajo, las ca\u00eddas son una de las principales causas de accidentes laborales. Los trabajadores de la construcci\u00f3n, en particular, corren el riesgo de sufrir lesiones por ca\u00eddas de escaleras. Se calcula que representan el 81% de las lesiones por ca\u00eddas tratadas en los servicios de urgencias del pa\u00eds. Seg\u00fan el Centro de Investigaci\u00f3n y Formaci\u00f3n de la Construcci\u00f3n, los contratistas de tejados residenciales, que a menudo trabajan con escaleras, representaron el 46,7% de las muertes relacionadas con la construcci\u00f3n en 2012.<br><strong>Causas comunes de las ca\u00eddas de escaleras<\/strong><\/p>\n\n\n\n<p>Los accidentes de escalera pueden producirse por varias razones. Las causas m\u00e1s comunes incluyen:<\/p>\n\n\n\n<ul class=\"wp-block-list\">\n<li>Superficies mojadas y resbaladizas debido al tiempo lluvioso o a un descuido<\/li>\n\n\n\n<li>Montaje deficiente o estructura defectuosa<\/li>\n\n\n\n<li>Ca\u00edda de objetos o escombros<\/li>\n\n\n\n<li>Electrocuci\u00f3n por contacto con una l\u00ednea el\u00e9ctrica<\/li>\n\n\n\n<li>Escalera movida o desestabilizada<\/li>\n<\/ul>\n\n\n\n<p>Las ca\u00eddas de escaleras pueden provocar lesiones muy diversas, desde peque\u00f1os cortes y contusiones hasta fracturas \u00f3seas, lesiones cerebrales y par\u00e1lisis. En casos extremos, estas lesiones pueden incluso ser mortales. Las personas que han sido heridas debido a una ca\u00edda desde una escalera deben hablar con un abogado con experiencia en compensaci\u00f3n de trabajadores tan pronto como sea posible para aprender acerca de sus opciones.<br><strong>Indemnizaci\u00f3n por accidente de escalera<\/strong><\/p>\n\n\n\n<p>Seg\u00fan las leyes de indemnizaci\u00f3n de los trabajadores Illinois, los trabajadores lesionados tienen derecho a prestaciones independientemente de qui\u00e9n haya tenido la culpa de su accidente. Si la culpa es del trabajador o del empresario, la p\u00f3liza de indemnizaci\u00f3n de este \u00faltimo pagar\u00e1 al trabajador lesionado los salarios perdidos y los gastos m\u00e9dicos, as\u00ed como las prestaciones por incapacidad si no puede trabajar temporal o permanentemente.<\/p>\n\n\n\n<p>Adem\u00e1s de recibir prestaciones de su empresa, un empleado lesionado tambi\u00e9n puede interponer una demanda por lesiones personales contra un tercero que pueda haber sido culpable del accidente, como un fabricante de equipos o un subcontratista en el lugar de trabajo. Por ejemplo, si el trabajador se cay\u00f3 de una escalera defectuosa, la empresa que se la proporcion\u00f3 podr\u00eda ser responsable del accidente. Antes de que una v\u00edctima de ca\u00edda de escalera reclame una indemnizaci\u00f3n, debe realizarse una investigaci\u00f3n para determinar la causa de la ca\u00edda.<\/p>\n\n\n\n<p>En Briskman Briskman &amp; Greenberg, nos esforzamos por ayudar a nuestros clientes a navegar por las complejidades de <a href=\"https:\/\/www.briskmanandbriskman.com\/es\/areas-de-practica\/chicago-lugar-de-trabajo-lesiones-abogados\/\">lesi\u00f3n laboral<\/a> casos. <a href=\"https:\/\/www.briskmanandbriskman.com\/es\/abogados-de-accidentes-de-camiones-en-chicago-2\/\">P\u00f3ngase en contacto con nosotros<\/a> para una consulta gratuita en la que uno de nuestros abogados evaluar\u00e1 los hechos de su situaci\u00f3n y le ayudar\u00e1 a entender sus derechos legales.<\/p>\n\n\n\n<h3 class=\"wp-block-heading\">Abogados con experiencia para cualquier accidente laboral<\/h3>\n\n\n\n<ul class=\"wp-block-list\">\n<li><a href=\"https:\/\/www.briskmanandbriskman.com\/es\/areas-de-practica\/indemnizacion-por-accidente-laboral\/rotura-de-huesos-en-el-trabajo\/\">Huesos rotos en el trabajo<\/a><\/li>\n\n\n\n<li><a href=\"https:\/\/www.briskmanandbriskman.com\/es\/areas-de-practica\/indemnizacion-por-accidente-laboral\/chicago-accidente-de-coche-en-el-trabajo-abogados\/\">Accidente de coche en el trabajo Abogados<\/a><\/li>\n\n\n\n<li><a href=\"https:\/\/www.briskmanandbriskman.com\/es\/areas-de-practica\/indemnizacion-por-accidente-laboral\/chicago-lesiones-en-la-cabeza-y-los-trabajadores-abogados-de-compensacion\/\">Traumatismo craneal en el trabajo<\/a><\/li>\n\n\n\n<li><a href=\"https:\/\/www.briskmanandbriskman.com\/es\/areas-de-practica\/indemnizacion-por-accidente-laboral\/abogados-de-chicago-especializados-en-caidas-de-escaleras-y-compensacion-laboral\/\">Ca\u00eddas de Escalera y Abogados de Compensaci\u00f3n de Trabajadores<\/a><\/li>\n\n\n\n<li><a href=\"https:\/\/www.briskmanandbriskman.com\/es\/areas-de-practica\/indemnizacion-por-accidente-laboral\/los-abogados-de-lesiones-de-chicago-ayudan-a-los-mecanicos-lesionados-a-obtener-una-indemnizacion-por-sus-lesiones-laborales\/\">Chicago Mec\u00e1nico Abogados de Lesiones<\/a><\/li>\n\n\n\n<li><a href=\"https:\/\/www.briskmanandbriskman.com\/es\/areas-de-practica\/indemnizacion-por-accidente-laboral\/abogados-de-lesiones-en-el-lugar-de-trabajo-del-almacen-de-chicago\/\">Chicago Abogados de accidentes laborales en almacenes<\/a><\/li>\n\n\n\n<li><a href=\"https:\/\/www.briskmanandbriskman.com\/es\/areas-de-practica\/indemnizacion-por-accidente-laboral\/chicago-abogado-de-accidentes-de-trabajo-para-los-trabajadores-de-almacen-amazon\/\">Chicago Abogado de accidentes de trabajo para los trabajadores del almac\u00e9n de Amazon<\/a><\/li>\n\n\n\n<li><a href=\"https:\/\/www.briskmanandbriskman.com\/es\/areas-de-practica\/indemnizacion-por-accidente-laboral\/chicago-abogados-de-accidentes-de-trabajo-para-los-trabajadores-de-entrega-de-amazon\/\">Chicago Abogados de lesiones de trabajo para los trabajadores de entrega de Amazon<\/a><\/li>\n\n\n\n<li><a href=\"https:\/\/www.briskmanandbriskman.com\/es\/areas-de-practica\/indemnizacion-por-accidente-laboral\/chicago-abogados-de-compensacion-a-los-trabajadores-por-caidas-desde-andamios\/\">Chicago Abogados de indemnizaci\u00f3n laboral por ca\u00eddas desde andamios<\/a><\/li>\n\n\n\n<li><a href=\"https:\/\/www.briskmanandbriskman.com\/es\/areas-de-practica\/indemnizacion-por-accidente-laboral\/abogados-de-compensacion-laboral-de-chicago-para-trabajadores-de-fedex-lesionados\/\">Chicago Compensaci\u00f3n de los Trabajadores Abogados para los trabajadores lesionados FedEx<\/a><\/li>\n\n\n\n<li><a href=\"https:\/\/www.briskmanandbriskman.com\/es\/areas-de-practica\/indemnizacion-por-accidente-laboral\/chicago-workplace-injury-lawyers-firm-represent-injured-delivery-drivers\/\">Chicago Abogados de lesiones de trabajo representan conductores de entrega lesionados<\/a><\/li>\n\n\n\n<li><a href=\"https:\/\/www.briskmanandbriskman.com\/es\/areas-de-practica\/indemnizacion-por-accidente-laboral\/electrocucion-en-el-trabajo\/\">Electrocuci\u00f3n en el trabajo<\/a><\/li>\n\n\n\n<li><a href=\"https:\/\/www.briskmanandbriskman.com\/es\/areas-de-practica\/indemnizacion-por-accidente-laboral\/lesionado-mientras-trabajaba-en-ups-nuestros-abogados-de-compensacion-de-trabajadores-pueden-ayudar-a\/\">Abogados especializados en indemnizaciones laborales de UPS<\/a><\/li>\n\n\n\n<li><a href=\"https:\/\/www.briskmanandbriskman.com\/es\/areas-de-practica\/indemnizacion-por-accidente-laboral\/lesiones-de-cuello-y-espalda-en-el-trabajo\/\">Lesiones de cuello y espalda en el trabajo<\/a><\/li>\n\n\n\n<li><a href=\"https:\/\/www.briskmanandbriskman.com\/es\/areas-de-practica\/indemnizacion-por-accidente-laboral\/resbalon-y-caida-en-el-trabajo\/\">Resbalones y ca\u00eddas en el trabajo<\/a><\/li>\n\n\n\n<li><a href=\"https:\/\/www.briskmanandbriskman.com\/es\/areas-de-practica\/indemnizacion-por-accidente-laboral\/\">Chicago Abogados de accidentes de trabajo en aerol\u00edneas y aeropuertos<\/a><\/li>\n\n\n\n<li><a href=\"https:\/\/www.briskmanandbriskman.com\/es\/areas-de-practica\/indemnizacion-por-accidente-laboral\/chicago-aircraft-mechanic-injury-lawyers\/\">Chicago Abogados especializados en lesiones de mec\u00e1nicos de aeronaves<\/a><\/li>\n\n\n\n<li><a href=\"https:\/\/www.briskmanandbriskman.com\/es\/areas-de-practica\/indemnizacion-por-accidente-laboral\/chicago-airline-baggage-handler-injury-lawyer\/\">Chicago Abogado especializado en lesiones de tripulantes de equipajes de l\u00edneas a\u00e9reas<\/a><\/li>\n\n\n\n<li><a href=\"https:\/\/www.briskmanandbriskman.com\/es\/areas-de-practica\/indemnizacion-por-accidente-laboral\/chicago-airline-food-service-worker-injury-attorney\/\">Chicago Abogado de Lesiones de Trabajadores de Servicios de Alimentaci\u00f3n de Aerol\u00edneas<\/a><\/li>\n\n\n\n<li><a href=\"https:\/\/www.briskmanandbriskman.com\/es\/areas-de-practica\/indemnizacion-por-accidente-laboral\/chicago-flight-attendant-injury-lawyers\/\">Chicago Auxiliar de vuelo Abogados de Lesiones de Trabajo<\/a><\/li>\n<\/ul>","protected":false},"excerpt":{"rendered":"<p>Los trabajadores de las obras de construcci\u00f3n en torno al Chicago a menudo tienen que utilizar escaleras como parte de su trabajo. Aunque los empresarios son responsables de proporcionar un entorno de trabajo seguro a los empleados que se suben a dichas estructuras, las escaleras pueden ser peligrosas, ya que su altura y su naturaleza inestable pueden provocar ca\u00eddas y otros accidentes graves. Los trabajadores que caen de escaleras...<\/p>","protected":false},"author":1,"featured_media":13170,"parent":64,"menu_order":0,"comment_status":"closed","ping_status":"closed","template":"","meta":{"_acf_changed":false,"footnotes":""},"class_list":["post-10387","page","type-page","status-publish","has-post-thumbnail","hentry"],"acf":[],"_links":{"self":[{"href":"https:\/\/www.briskmanandbriskman.com\/es\/wp-json\/wp\/v2\/pages\/10387","targetHints":{"allow":["GET"]}}],"collection":[{"href":"https:\/\/www.briskmanandbriskman.com\/es\/wp-json\/wp\/v2\/pages"}],"about":[{"href":"https:\/\/www.briskmanandbriskman.com\/es\/wp-json\/wp\/v2\/types\/page"}],"author":[{"embeddable":true,"href":"https:\/\/www.briskmanandbriskman.com\/es\/wp-json\/wp\/v2\/users\/1"}],"replies":[{"embeddable":true,"href":"https:\/\/www.briskmanandbriskman.com\/es\/wp-json\/wp\/v2\/comments?post=10387"}],"version-history":[{"count":3,"href":"https:\/\/www.briskmanandbriskman.com\/es\/wp-json\/wp\/v2\/pages\/10387\/revisions"}],"predecessor-version":[{"id":13171,"href":"https:\/\/www.briskmanandbriskman.com\/es\/wp-json\/wp\/v2\/pages\/10387\/revisions\/13171"}],"up":[{"embeddable":true,"href":"https:\/\/www.briskmanandbriskman.com\/es\/wp-json\/wp\/v2\/pages\/64"}],"wp:featuredmedia":[{"embeddable":true,"href":"https:\/\/www.briskmanandbriskman.com\/es\/wp-json\/wp\/v2\/media\/13170"}],"wp:attachment":[{"href":"https:\/\/www.briskmanandbriskman.com\/es\/wp-json\/wp\/v2\/media?parent=10387"}],"curies":[{"name":"wp","href":"https:\/\/api.w.org\/{rel}","templated":true}]}}