{"id":10367,"date":"2024-02-14T22:11:02","date_gmt":"2024-02-14T22:11:02","guid":{"rendered":"https:\/\/bbg.mystagingwebsite.com\/?page_id=10367"},"modified":"2024-04-11T17:20:58","modified_gmt":"2024-04-11T17:20:58","slug":"abogados-de-reclamaciones-de-responsabilidad-civil-de-chicago","status":"publish","type":"page","link":"https:\/\/www.briskmanandbriskman.com\/es\/practice-areas\/chicago-third-party-liability-claims-lawyers\/","title":{"rendered":"Chicago Abogados especialistas en reclamaciones de responsabilidad civil"},"content":{"rendered":"<h3 class=\"wp-block-heading\">\u00bfLesionado por Negligencia de Terceros? Estamos de su lado<\/h3>\n\n\n\n<p>Servimos a clientes en Chicago, Joliet, Waukegan y en todo el condado de Cook, Lake County y el condado de Will.<\/p>\n\n\n\n<p>En la mayor\u00eda de los casos, las personas que sufren lesiones relacionadas con el trabajo reciben prestaciones de compensaci\u00f3n laboral para cubrir la atenci\u00f3n m\u00e9dica y una parte de los salarios perdidos. Sin embargo, <a href=\"https:\/\/www.briskmanandbriskman.com\/es\/areas-de-practica\/abogados-de-reclamaciones-de-responsabilidad-civil-de-chicago\/\">indemnizaci\u00f3n por accidente laboral<\/a> no compensa plenamente a las v\u00edctimas de accidentes por sus p\u00e9rdidas econ\u00f3micas o su dolor y sufrimiento. Reclamar la responsabilidad de terceros puede ser la soluci\u00f3n para conseguir una compensaci\u00f3n econ\u00f3mica completa y justa.<\/p>\n\n\n\n<blockquote class=\"wp-block-quote is-layout-flow wp-block-quote-is-layout-flow\">\n<p>En el bufete de abogados del \u00e1rea Chicago de Briskman Briskman &amp; Greenberg, estamos de su lado. Nuestros abogados de lesiones personales tienen d\u00e9cadas de experiencia ayudando a las personas lesionadas en el trabajo a determinar si tienen un reclamo de responsabilidad de terceros, adem\u00e1s de su reclamo de compensaci\u00f3n de trabajadores.<\/p>\n<\/blockquote>\n\n\n\n<p>Aunque nuestro objetivo es ayudarle a obtener la compensaci\u00f3n que necesita para seguir adelante despu\u00e9s de un accidente de trabajo y lesiones, nuestra atenci\u00f3n se centra en usted, nuestro cliente. Nos tomamos el tiempo necesario para entender realmente sus necesidades y c\u00f3mo podemos representar mejor sus intereses. P\u00f3ngase en contacto con nosotros para programar una consulta gratuita para discutir su caso. Representamos a clientes en todo Chicagoland, incluyendo las ciudades de Joliet, Waukegan y Zion, y los condados de Cook, Lake y Will.<\/p>\n\n\n\n<h3 class=\"wp-block-heading\">\u00bfQu\u00e9 es la responsabilidad civil?<\/h3>\n\n\n\n<p>Una reclamaci\u00f3n de responsabilidad civil es una demanda que responsabiliza a alguien, adem\u00e1s de a su empresario, de su accidente laboral. A diferencia de una demanda de indemnizaci\u00f3n por accidente de trabajo, una demanda a terceros a menudo le permite cobrar el reembolso total de los salarios y una indemnizaci\u00f3n por su dolor y sufrimiento. Una demanda de responsabilidad civil tambi\u00e9n puede hacer posible que usted vea al m\u00e9dico de su elecci\u00f3n en lugar de uno obligado por la compensaci\u00f3n de los trabajadores.<\/p>\n\n\n\n<h3 class=\"wp-block-heading\">\u00bfCu\u00e1ndo se aplica la responsabilidad civil?<\/h3>\n\n\n\n<p>Determinar qui\u00e9n es el responsable \u00faltimo de su <a href=\"https:\/\/www.briskmanandbriskman.com\/es\/areas-de-practica\/chicago-lugar-de-trabajo-lesiones-abogados\/\">accidente laboral<\/a> puede ser complejo. Nuestros abogados examinan cuidadosamente lo que ocurri\u00f3 para establecer la responsabilidad por sus lesiones. Adem\u00e1s de su empleador, un tercero puede ser responsable en situaciones similares a las siguientes:<\/p>\n\n\n\n<ul class=\"wp-block-list\">\n<li><a href=\"https:\/\/www.briskmanandbriskman.com\/es\/areas-de-practica\/abogados-de-accidentes-de-camiones-en-chicago-2\/\">Lesiones en accidente de tr\u00e1fico<\/a>accidente de cami\u00f3n o de peat\u00f3n durante su trabajo<\/li>\n\n\n\n<li>Lesiones en un accidente de construcci\u00f3n causado por un contratista<\/li>\n\n\n\n<li>Lesiones laborales derivadas del uso de un producto defectuoso o defectuoso<\/li>\n\n\n\n<li>Lesiones por un accidente de resbal\u00f3n y ca\u00edda causado por un mantenimiento inadecuado del lugar de trabajo<\/li>\n<\/ul>\n\n\n\n<h2 class=\"wp-block-heading\">Contact A Chicago Personal Injury Attorney Now For Free Consultations - Calls Answered 24\/7 - Se habla espa\u00f1ol<\/h2>\n\n\n\n<p>Para programar una consulta gratuita sobre su caso, ll\u00e1menos gratis al 877-595-HURT (4878) o <a href=\"https:\/\/www.briskmanandbriskman.com\/es\/areas-de-practica\/abogados-de-reclamaciones-de-responsabilidad-civil-de-chicago\/\">env\u00ede un correo electr\u00f3nico a nuestros abogados especializados en responsabilidad civil<\/a>.<\/p>","protected":false},"excerpt":{"rendered":"<p>\u00bfLastimado por Negligencia de Terceros? Estamos de su lado Servimos a clientes en Chicago, Joliet, Waukegan y en todo el condado de Cook, Lake County y el condado de Will. En la mayor\u00eda de los casos, las personas que sufren lesiones relacionadas con el trabajo recibir\u00e1n beneficios de compensaci\u00f3n laboral para cubrir la atenci\u00f3n m\u00e9dica y una parte de los salarios perdidos. Sin embargo, la compensaci\u00f3n de los trabajadores no compensa totalmente accidente....<\/p>","protected":false},"author":1,"featured_media":11110,"parent":54,"menu_order":0,"comment_status":"closed","ping_status":"closed","template":"","meta":{"_acf_changed":false,"footnotes":""},"class_list":["post-10367","page","type-page","status-publish","has-post-thumbnail","hentry"],"acf":[],"_links":{"self":[{"href":"https:\/\/www.briskmanandbriskman.com\/es\/wp-json\/wp\/v2\/pages\/10367","targetHints":{"allow":["GET"]}}],"collection":[{"href":"https:\/\/www.briskmanandbriskman.com\/es\/wp-json\/wp\/v2\/pages"}],"about":[{"href":"https:\/\/www.briskmanandbriskman.com\/es\/wp-json\/wp\/v2\/types\/page"}],"author":[{"embeddable":true,"href":"https:\/\/www.briskmanandbriskman.com\/es\/wp-json\/wp\/v2\/users\/1"}],"replies":[{"embeddable":true,"href":"https:\/\/www.briskmanandbriskman.com\/es\/wp-json\/wp\/v2\/comments?post=10367"}],"version-history":[{"count":4,"href":"https:\/\/www.briskmanandbriskman.com\/es\/wp-json\/wp\/v2\/pages\/10367\/revisions"}],"predecessor-version":[{"id":12763,"href":"https:\/\/www.briskmanandbriskman.com\/es\/wp-json\/wp\/v2\/pages\/10367\/revisions\/12763"}],"up":[{"embeddable":true,"href":"https:\/\/www.briskmanandbriskman.com\/es\/wp-json\/wp\/v2\/pages\/54"}],"wp:featuredmedia":[{"embeddable":true,"href":"https:\/\/www.briskmanandbriskman.com\/es\/wp-json\/wp\/v2\/media\/11110"}],"wp:attachment":[{"href":"https:\/\/www.briskmanandbriskman.com\/es\/wp-json\/wp\/v2\/media?parent=10367"}],"curies":[{"name":"wp","href":"https:\/\/api.w.org\/{rel}","templated":true}]}}