{"id":10326,"date":"2024-02-14T02:24:13","date_gmt":"2024-02-14T02:24:13","guid":{"rendered":"https:\/\/bbg.mystagingwebsite.com\/?page_id=10326"},"modified":"2024-04-09T18:42:22","modified_gmt":"2024-04-09T18:42:22","slug":"abogados-de-responsabilidad-civil-de-locales-de-chicago","status":"publish","type":"page","link":"https:\/\/www.briskmanandbriskman.com\/es\/practice-areas\/chicago-premises-liability-attorneys\/","title":{"rendered":"Chicago Abogados de Responsabilidad de Locales"},"content":{"rendered":"<h3 class=\"wp-block-heading\">\u00bfNecesita un abogado para una reclamaci\u00f3n por responsabilidad de los locales en Chicago o en las \u00e1reas circundantes?<\/h3>\n\n\n\n<p>Servir a los clientes en todo el Condado de Cook, Lake County y el Condado de Will<\/p>\n\n\n\n<p>En el <a href=\"https:\/\/www.briskmanandbriskman.com\/es\/\">Chicago bufete de responsabilidad civil<\/a> de Briskman Briskman &amp; Greenberg, nuestros abogados se dedican a utilizar nuestras d\u00e9cadas de experiencia para ayudar a las v\u00edctimas de accidentes a obtener una indemnizaci\u00f3n en casos de responsabilidad de locales.<\/p>\n\n\n\n<p>Cuando decimos que estamos de su lado, lo decimos en serio. Usted ver\u00e1 desde el principio que creemos en la importancia de proporcionar atenci\u00f3n personal a usted como perseguimos una compensaci\u00f3n justa para las facturas m\u00e9dicas, dolor y sufrimiento, salarios perdidos y otros costos.<\/p>\n\n\n\n<h3 class=\"wp-block-heading\">\u00bfEn qu\u00e9 tipo de accidente est\u00e1 involucrado su caso de responsabilidad de local?<\/h3>\n\n\n\n<p>Nuestros abogados tienen la habilidad para manejar todo tipo de casos de responsabilidad de locales, desde el caso m\u00e1s simple de resbal\u00f3n y ca\u00edda hasta la disputa m\u00e1s desafiante entre propietario e inquilino. Podemos manejar:<\/p>\n\n\n\n<ul class=\"wp-block-list\">\n<li><a href=\"https:\/\/www.briskmanandbriskman.com\/es\/areas-de-practica\/abogados-de-responsabilidad-civil-de-locales-de-chicago\/\">Accidentes por resbalones y ca\u00eddas<\/a><\/li>\n\n\n\n<li><a href=\"https:\/\/www.briskmanandbriskman.com\/es\/areas-de-practica\/abogados-de-responsabilidad-civil-de-locales-de-chicago\/\">Mordeduras de perro<\/a><\/li>\n\n\n\n<li>Seguridad negligente<\/li>\n\n\n\n<li>Accidentes por escaleras defectuosas<\/li>\n\n\n\n<li>Accidentes en piscinas<\/li>\n<\/ul>\n\n\n\n<p>Podemos manejar casos de accidentes que ocurren en cualquier local, incluyendo propiedades comerciales como tiendas de comestibles, restaurantes, gasolineras, centros comerciales y tiendas al por menor. Tambi\u00e9n podemos manejar los casos que involucran a los propietarios privados, tales como mordeduras de perro en patios y accidentes de la piscina del patio trasero.<\/p>\n\n\n\n<h3 class=\"wp-block-heading\">Responsabilidad civil y accidentes laborales<\/h3>\n\n\n\n<p>En los casos t\u00edpicos de responsabilidad de las instalaciones, la reclamaci\u00f3n se dirige contra la compa\u00f1\u00eda de seguros del propietario. Sin embargo, si usted estaba trabajando en una propiedad que no es de su empleador cuando ocurri\u00f3 el accidente, es posible que tenga tanto una reclamaci\u00f3n por responsabilidad de las instalaciones como una reclamaci\u00f3n por responsabilidad civil. <a href=\"https:\/\/www.briskmanandbriskman.com\/es\/areas-de-practica\/indemnizacion-por-accidente-laboral\/\">reclamaci\u00f3n de indemnizaci\u00f3n por accidente laboral<\/a>.<\/p>\n\n\n\n<p>Un ejemplo: Si una persona trabaja para una empresa que se dedica a la limpieza de edificios de oficinas y esa persona resulta herida debido a una escalera defectuosa en uno de esos edificios de oficinas.<\/p>\n\n\n\n<p>Nos aseguraremos de que se sigan todas las v\u00edas de indemnizaci\u00f3n para maximizar sus resultados.<\/p>\n\n\n\n<h5 class=\"wp-block-heading\">Sin honorarios a menos que su caso tenga \u00e9xito<\/h5>\n\n\n\n<p>Todos los casos de responsabilidad de las premisas se manejan sobre una base de contingencia, lo que significa que s\u00f3lo aceptar\u00e1 el pago si tenemos \u00e9xito en conseguir que la indemnizaci\u00f3n.<\/p>\n\n\n\n<h5 class=\"wp-block-heading\">Consultas gratuitas - Llamadas atendidas 24\/7 - Se habla espa\u00f1ol<\/h5>\n\n\n\n<p>Nuestro equipo legal est\u00e1 disponible para servir a las personas en Chicago, en todo Illinois, y en Wisconsin.<\/p>\n\n\n\n<h2 class=\"wp-block-heading\">P\u00f3ngase en contacto con un abogado de responsabilidad de locales Chicago y un abogado de lesiones personales Chicago ahora.<\/h2>\n\n\n\n<p>Para programar una consulta gratuita sobre su caso, ll\u00e1menos gratis al 877-595-HURT (4878) o env\u00ede nuestro <a href=\"https:\/\/www.briskmanandbriskman.com\/es\/abogados-de-accidentes-de-camiones-en-chicago-2\/\">Chicago abogados de responsabilidad de locales un correo electr\u00f3nico<\/a>.<\/p>","protected":false},"excerpt":{"rendered":"<p>\u00bfNecesita un abogado para una demanda de responsabilidad de locales en Chicago o las \u00e1reas circundantes? Servir a los clientes en todo el Condado de Cook, Lake County y el Condado de Will En el bufete de abogados de responsabilidad de las premisas Chicago de Briskman Briskman &amp; Greenberg, nuestros abogados se dedican a usar nuestras d\u00e9cadas de experiencia para ayudar a las v\u00edctimas de accidentes a obtener una indemnizaci\u00f3n...<\/p>","protected":false},"author":1,"featured_media":11466,"parent":54,"menu_order":0,"comment_status":"closed","ping_status":"closed","template":"","meta":{"_acf_changed":false,"footnotes":""},"class_list":["post-10326","page","type-page","status-publish","has-post-thumbnail","hentry"],"acf":[],"_links":{"self":[{"href":"https:\/\/www.briskmanandbriskman.com\/es\/wp-json\/wp\/v2\/pages\/10326","targetHints":{"allow":["GET"]}}],"collection":[{"href":"https:\/\/www.briskmanandbriskman.com\/es\/wp-json\/wp\/v2\/pages"}],"about":[{"href":"https:\/\/www.briskmanandbriskman.com\/es\/wp-json\/wp\/v2\/types\/page"}],"author":[{"embeddable":true,"href":"https:\/\/www.briskmanandbriskman.com\/es\/wp-json\/wp\/v2\/users\/1"}],"replies":[{"embeddable":true,"href":"https:\/\/www.briskmanandbriskman.com\/es\/wp-json\/wp\/v2\/comments?post=10326"}],"version-history":[{"count":3,"href":"https:\/\/www.briskmanandbriskman.com\/es\/wp-json\/wp\/v2\/pages\/10326\/revisions"}],"predecessor-version":[{"id":12750,"href":"https:\/\/www.briskmanandbriskman.com\/es\/wp-json\/wp\/v2\/pages\/10326\/revisions\/12750"}],"up":[{"embeddable":true,"href":"https:\/\/www.briskmanandbriskman.com\/es\/wp-json\/wp\/v2\/pages\/54"}],"wp:featuredmedia":[{"embeddable":true,"href":"https:\/\/www.briskmanandbriskman.com\/es\/wp-json\/wp\/v2\/media\/11466"}],"wp:attachment":[{"href":"https:\/\/www.briskmanandbriskman.com\/es\/wp-json\/wp\/v2\/media?parent=10326"}],"curies":[{"name":"wp","href":"https:\/\/api.w.org\/{rel}","templated":true}]}}