{"id":10322,"date":"2024-02-14T02:20:37","date_gmt":"2024-02-14T02:20:37","guid":{"rendered":"https:\/\/bbg.mystagingwebsite.com\/?page_id=10322"},"modified":"2024-03-11T22:26:50","modified_gmt":"2024-03-11T22:26:50","slug":"como-instalar-cadenas-de-neumaticos","status":"publish","type":"page","link":"https:\/\/www.briskmanandbriskman.com\/es\/practice-areas\/personal-injury\/winter-safety-frequently-asked-questions\/how-do-i-install-tire-chains\/","title":{"rendered":"\u00bfC\u00f3mo se instalan las cadenas?"},"content":{"rendered":"<p>Instalar cadenas para neum\u00e1ticos en un veh\u00edculo puede ser todo un reto. Al comprar cadenas para neum\u00e1ticos, es importante asegurarse de que se ajustan a los neum\u00e1ticos del veh\u00edculo. La mayor\u00eda de los embalajes de cadenas para neum\u00e1ticos contienen una gu\u00eda con informaci\u00f3n sobre los tipos de neum\u00e1ticos en los que encajan las cadenas. Las cadenas deben colocarse en los neum\u00e1ticos delanteros de un veh\u00edculo de tracci\u00f3n delantera y en los neum\u00e1ticos traseros de un veh\u00edculo de tracci\u00f3n trasera.<\/p>\n\n\n\n<p>Despu\u00e9s de aparcar el coche, accionar el freno de mano y poner la marcha, coloque la cadena en el neum\u00e1tico. Sujete la cadena por la parte superior y aseg\u00farese de que est\u00e1 colocada uniformemente sobre la rueda. La parte inferior de la cadena no puede cubrir la parte del neum\u00e1tico que hace contacto con la carretera. A continuaci\u00f3n, coloque el resto de la cadena sobre la rueda.<\/p>\n\n\n\n<p>Hay algunas cadenas que constan de anillas que se colocan en el interior de la rueda y ayudan a dirigir las cadenas en su sitio. Cuando utilice este tipo de cadenas, aseg\u00farese de que la conexi\u00f3n abierta se encuentra en la parte inferior de la rueda. Despu\u00e9s de colocar las cadenas en el neum\u00e1tico y la anilla en el interior de la rueda, conecte la parte inferior de la anilla. Para ello, normalmente hay que colocarse debajo del coche, junto al neum\u00e1tico.<\/p>\n\n\n\n<h2 class=\"wp-block-heading\">Otras preguntas frecuentes sobre seguridad invernal:<\/h2>\n\n\n<ul class=\"list-pages-shortcode sibling-pages\"><li class=\"page_item page-item-10319\"><a href=\"https:\/\/www.briskmanandbriskman.com\/es\/practice-areas\/personal-injury\/winter-safety-frequently-asked-questions\/how-can-i-stay-safe-on-the-sidewalks-during-the-winter\/\">\u00bfC\u00f3mo puedo estar seguro en las aceras durante el invierno?<\/a><\/li>\n<li class=\"page_item page-item-10322\"><a href=\"https:\/\/www.briskmanandbriskman.com\/es\/practice-areas\/personal-injury\/winter-safety-frequently-asked-questions\/how-do-i-install-tire-chains\/\">\u00bfC\u00f3mo se instalan las cadenas?<\/a><\/li>\n<li class=\"page_item page-item-10324\"><a href=\"https:\/\/www.briskmanandbriskman.com\/es\/practice-areas\/personal-injury\/winter-safety-frequently-asked-questions\/what-should-be-in-my-cars-first-aid-kit-for-the-winter\/\">\u00bfQu\u00e9 debe haber en el botiqu\u00edn de mi coche para el invierno?<\/a><\/li>\n<\/ul>","protected":false},"excerpt":{"rendered":"<p>Instalar cadenas para neum\u00e1ticos en un veh\u00edculo puede ser todo un reto. Al comprar cadenas para neum\u00e1ticos, es importante asegurarse de que se ajustan a los neum\u00e1ticos del veh\u00edculo. La mayor\u00eda de los embalajes de cadenas para neum\u00e1ticos contienen una gu\u00eda con informaci\u00f3n sobre los tipos de neum\u00e1ticos en los que encajan las cadenas. Las cadenas deben colocarse en el...<\/p>","protected":false},"author":1,"featured_media":11524,"parent":10317,"menu_order":0,"comment_status":"closed","ping_status":"closed","template":"","meta":{"_acf_changed":false,"footnotes":""},"class_list":["post-10322","page","type-page","status-publish","has-post-thumbnail","hentry"],"acf":[],"_links":{"self":[{"href":"https:\/\/www.briskmanandbriskman.com\/es\/wp-json\/wp\/v2\/pages\/10322","targetHints":{"allow":["GET"]}}],"collection":[{"href":"https:\/\/www.briskmanandbriskman.com\/es\/wp-json\/wp\/v2\/pages"}],"about":[{"href":"https:\/\/www.briskmanandbriskman.com\/es\/wp-json\/wp\/v2\/types\/page"}],"author":[{"embeddable":true,"href":"https:\/\/www.briskmanandbriskman.com\/es\/wp-json\/wp\/v2\/users\/1"}],"replies":[{"embeddable":true,"href":"https:\/\/www.briskmanandbriskman.com\/es\/wp-json\/wp\/v2\/comments?post=10322"}],"version-history":[{"count":1,"href":"https:\/\/www.briskmanandbriskman.com\/es\/wp-json\/wp\/v2\/pages\/10322\/revisions"}],"predecessor-version":[{"id":10725,"href":"https:\/\/www.briskmanandbriskman.com\/es\/wp-json\/wp\/v2\/pages\/10322\/revisions\/10725"}],"up":[{"embeddable":true,"href":"https:\/\/www.briskmanandbriskman.com\/es\/wp-json\/wp\/v2\/pages\/10317"}],"wp:featuredmedia":[{"embeddable":true,"href":"https:\/\/www.briskmanandbriskman.com\/es\/wp-json\/wp\/v2\/media\/11524"}],"wp:attachment":[{"href":"https:\/\/www.briskmanandbriskman.com\/es\/wp-json\/wp\/v2\/media?parent=10322"}],"curies":[{"name":"wp","href":"https:\/\/api.w.org\/{rel}","templated":true}]}}